{"id":22462,"date":"2019-10-30T09:24:51","date_gmt":"2019-10-30T09:24:51","guid":{"rendered":"https:\/\/cet10.com\/lligues-kids\/"},"modified":"2025-10-16T16:35:00","modified_gmt":"2025-10-16T14:35:00","slug":"ligas-kids","status":"publish","type":"page","link":"https:\/\/cet10.com\/es\/ligas-kids\/","title":{"rendered":"Ligas kids"},"content":{"rendered":"<div class=\"wpb-content-wrapper\"><p>[vc_row][vc_column][vc_custom_heading text=\u00bbLigas kids de baloncesto y f\u00fatbol sala\u00bb font_container=\u00bbtag:h1|text_align:left|color:%2361b4e4&#8243; google_fonts=\u00bbfont_family:Roboto%3A100%2C100italic%2C300%2C300italic%2Cregular%2Citalic%2C500%2C500italic%2C700%2C700italic%2C900%2C900italic|font_style:700%20bold%20regular%3A700%3Anormal\u00bb][vc_separator][vc_row_inner][vc_column_inner offset=\u00bbvc_hidden-lg vc_hidden-md vc_hidden-sm\u00bb][vc_single_image image=\u00bb86771&#8243; img_size=\u00bbfull\u00bb][\/vc_column_inner][\/vc_row_inner][vc_row_inner][vc_column_inner width=\u00bb2\/3&#8243;][vc_column_text css=\u00bb\u00bb]\u00bfPreparados para la siguiente temporada de f\u00fatbol sala y baloncesto con las ligas kids?<\/p>\n<p><strong>Estas ligas constan de un encuentro mensual de los equipos de baloncesto y de f\u00fatbol sala de I5 a 2\u00ba de Primaria, <\/strong>que entrenan en las diferentes escuelas donde participa la Fundaci\u00f3 CET10, con la idea de que, jugadores y jugadoras, personal t\u00e9cnico, tutores y tutoras de juego y familiares, compartimos una ma\u00f1ana, disfrutando alrededor del deporte preferido de nuestros\/as ni\u00f1os\/as.<\/p>\n<p>En esta secci\u00f3n encontrar\u00e1s toda la informaci\u00f3n que necesitas para que los ni\u00f1os\/as inscritos\/as disfruten de esta temporada: normativa de juego, lugar, fechas, horarios y equipos, entre otros aspectos importantes.<\/p>\n<p>Esta temporada, las ligas kids de baloncesto y f\u00fatbol sala de la Fundaci\u00f3 CET10 tendr\u00e1n lugar, entre los meses de octubre de 2025 y mayo de 2026, en el Pabell\u00f3n del CEM Bac de Roda (c\/ Espronceda, 280, esquina con Rambla de Guip\u00fazcoa).<\/p>\n<p>La entrada y la salida de los jugadores y jugadoras se har\u00e1 por la calle Espronceda.<\/p>\n<p>Deseamos que os divirt\u00e1is jugando. Suerte y&#8230; \u00a1Que gane todo el mundo![\/vc_column_text][vc_custom_heading text=\u00bbLigas kids: f\u00fatbol sala\u00bb font_container=\u00bbtag:h2|text_align:left|color:%2361b4e4&#8243; google_fonts=\u00bbfont_family:Roboto%3A100%2C100italic%2C300%2C300italic%2Cregular%2Citalic%2C500%2C500italic%2C700%2C700italic%2C900%2C900italic|font_style:700%20bold%20regular%3A700%3Anormal\u00bb css=\u00bb.vc_custom_1760623924744{margin-top: 5px !important;margin-bottom: 16px !important;}\u00bb][vc_column_text css=\u00bb.vc_custom_1698328251276{margin-bottom: 20px !important;}\u00bb]<strong>ESCUELAS Y CLUBS PARTICIPANTES<\/strong>[\/vc_column_text][\/vc_column_inner][vc_column_inner width=\u00bb1\/3&#8243; offset=\u00bbvc_hidden-xs\u00bb][vc_single_image image=\u00bb86771&#8243; img_size=\u00bbfull\u00bb][\/vc_column_inner][\/vc_row_inner][\/vc_column][\/vc_row][vc_row][vc_column][vc_row_inner][vc_column_inner width=\u00bb1\/3&#8243;]<div class=\"standard-arrow list-divider bullet-top\"><ul>\n<li>Art\u00f3s Sports Club.<\/li>\n<li>CEM Bac de Roda.<\/li>\n<li>CE. Montseny.<\/li>\n<li>Colegio Cor de Maria Sabastida.<\/li>\n<\/ul>\n<hr id=\"campus-linea\" \/>\n<\/div>[\/vc_column_inner][vc_column_inner width=\u00bb1\/3&#8243;]<div class=\"standard-arrow list-divider bullet-top\"><ul>\n<li>Colegio Escol\u00e0pies Ll\u00faria.<\/li>\n<li>Escuela Brasil.<\/li>\n<li>Escuela Bogatell.<\/li>\n<li>Escuela Futbol Sala Poblenou (CEM Bogatell).<\/li>\n<\/ul>\n<hr id=\"campus-linea\" \/>\n<\/div>[\/vc_column_inner][vc_column_inner width=\u00bb1\/3&#8243;]<div class=\"standard-arrow list-divider bullet-top\"><ul>\n<li>Escuela Els Porxos.<\/li>\n<li>Escuela La Farigola del Clot.<\/li>\n<li>Escuela La Palmera.<\/li>\n<li>Escuela Rambleta del Clot.<\/li>\n<\/ul>\n<\/div>[\/vc_column_inner][\/vc_row_inner][vc_column_text css=\u00bb.vc_custom_1698329677745{margin-bottom: 20px !important;}\u00bb]<strong>CALENDARIO DE PARTIDOS<\/strong>[\/vc_column_text][vc_row_inner][vc_column_inner width=\u00bb1\/3&#8243;]<div class=\"standard-arrow list-divider bullet-top\"><ul>\n<li>Jornada 1: 18 de octubre.<\/li>\n<li>Jornada 2: 15 de noviembre.<\/li>\n<li>Jornada 3: 13 de diciembre.<\/li>\n<\/ul>\n<hr id=\"campus-linea\" \/>\n<\/div>[\/vc_column_inner][vc_column_inner width=\u00bb1\/3&#8243;]<div class=\"standard-arrow list-divider bullet-top\"><ul>\n<li>Jornada 4: 24 de enero.<\/li>\n<li>Jornada 5: 21 de febrero.<\/li>\n<li>Jornada 6: 14 de marzo.<\/li>\n<\/ul>\n<hr id=\"campus-linea\" \/>\n<\/div>[\/vc_column_inner][vc_column_inner width=\u00bb1\/3&#8243;]<div class=\"standard-arrow list-divider bullet-top\"><ul>\n<li>Jornada 7: 18 de abril.<\/li>\n<li>Jornada 8 : Festival Interescolar 2026: 30 de mayo.<\/li>\n<\/ul>\n<\/div>[\/vc_column_inner][\/vc_row_inner][vc_empty_space height=\u00bb5px\u00bb][vc_custom_heading text=\u00bbLigas kids: baloncesto\u00bb font_container=\u00bbtag:h2|text_align:left|color:%2361b4e4&#8243; google_fonts=\u00bbfont_family:Roboto%3A100%2C100italic%2C300%2C300italic%2Cregular%2Citalic%2C500%2C500italic%2C700%2C700italic%2C900%2C900italic|font_style:700%20bold%20regular%3A700%3Anormal\u00bb css=\u00bb.vc_custom_1760623837653{margin-top: 10px !important;margin-bottom: 16px !important;}\u00bb][vc_column_text css=\u00bb.vc_custom_1698328494795{margin-bottom: 20px !important;}\u00bb]<strong>ESCUELAS PARTICIPANTES<\/strong>[\/vc_column_text][vc_row_inner][vc_column_inner width=\u00bb1\/3&#8243;]<div class=\"standard-arrow list-divider bullet-top\"><ul>\n<li>CE. Montseny.<\/li>\n<li>Colegio Escol\u00e0pies Ll\u00faria.<\/li>\n<li>Escuela Bogatell.<\/li>\n<\/ul>\n<hr id=\"campus-linea\" \/>\n<\/div>[\/vc_column_inner][vc_column_inner width=\u00bb1\/3&#8243;]<div class=\"standard-arrow list-divider bullet-top\"><ul>\n<li>Escuela Casas.<\/li>\n<li>Escuela Farigola del Clot.<\/li>\n<\/ul>\n<hr id=\"campus-linea\" \/>\n<\/div>[\/vc_column_inner][vc_column_inner width=\u00bb1\/3&#8243;]<div class=\"standard-arrow list-divider bullet-top\"><ul>\n<li>Escuela Pere IV.<\/li>\n<li>Escuela Proven\u00e7als.<\/li>\n<\/ul>\n<\/div>[\/vc_column_inner][\/vc_row_inner][vc_column_text css=\u00bb.vc_custom_1698329677745{margin-bottom: 20px !important;}\u00bb]<strong>CALENDARIO DE PARTIDOS<\/strong>[\/vc_column_text][vc_row_inner css=\u00bb.vc_custom_1760624023750{margin-bottom: 20px !important;}\u00bb][vc_column_inner width=\u00bb1\/3&#8243;]<div class=\"standard-arrow list-divider bullet-top\"><ul>\n<li>Jornada 1: 25 de octubre (de 8:45 a 10:30 h).<\/li>\n<li>Jornada 2: 29 de noviembre (de 8:45 a 10:30 h).<\/li>\n<li>Jornada 3: 17 de enero (de 8:45 a 10:30 h).<\/li>\n<\/ul>\n<hr id=\"campus-linea\" \/>\n<\/div>[\/vc_column_inner][vc_column_inner width=\u00bb1\/3&#8243;]<div class=\"standard-arrow list-divider bullet-top\"><ul>\n<li>Jornada 4: 8 de febrero (de 8:45 a 10:30 h).<\/li>\n<li>Jornada 5: 15 de marzo (de 8:45 a 10:30 h).<\/li>\n<li>Jornada 6: 26 de abril (de 8:45 a 10:30 h).<\/li>\n<\/ul>\n<hr id=\"campus-linea\" \/>\n<\/div>[\/vc_column_inner][vc_column_inner width=\u00bb1\/3&#8243;]<div class=\"standard-arrow list-divider bullet-top\"><ul>\n<li>Jornada 7: Festival Interescolar 2026: 30 de mayo.<\/li>\n<\/ul>\n<\/div>[\/vc_column_inner][\/vc_row_inner][vc_custom_heading text=\u00bbDocumentos\u00bb font_container=\u00bbtag:h2|text_align:left|color:%2361b4e4&#8243; google_fonts=\u00bbfont_family:Roboto%3A100%2C100italic%2C300%2C300italic%2Cregular%2Citalic%2C500%2C500italic%2C700%2C700italic%2C900%2C900italic|font_style:700%20bold%20regular%3A700%3Anormal\u00bb css=\u00bb.vc_custom_1760624140122{margin-bottom: 15px !important;}\u00bb][vc_column_text css=\u00bb.vc_custom_1760623670848{margin-bottom: 20px !important;}\u00bb]A continuaci\u00f3n, ten\u00e9is informaci\u00f3n m\u00e1s detallada sobre las ligas kids 25-26:[\/vc_column_text]<style type=\"text\/css\" data-type=\"the7_shortcodes-inline-css\">#default-btn-54b13b652e483163bb5858fe9cfbd8f5 {\n  border-radius: 0px;\n  font-size: 15px;\n  line-height: 17px;\n}\n.btn-shadow#default-btn-54b13b652e483163bb5858fe9cfbd8f5 {\n  box-shadow: 0 1px 6px rgba(0,0,0,0.12);\n  transition: box-shadow 0.2s ease-out, opacity 0.45s;\n}\n.btn-shadow#default-btn-54b13b652e483163bb5858fe9cfbd8f5:hover {\n  box-shadow: 0 5px 11px 0 rgba(0,0,0,0.18), 0 4px 15px 0 rgba(0,0,0,0.15);\n}\n.btn-3d#default-btn-54b13b652e483163bb5858fe9cfbd8f5 {\n  box-shadow: 0px 2px 0px 0px #ae7013;\n}\n.btn-3d#default-btn-54b13b652e483163bb5858fe9cfbd8f5:hover {\n  box-shadow: 0px 2px 0px 0px #9e6112;\n}\n.btn-flat#default-btn-54b13b652e483163bb5858fe9cfbd8f5 {\n  box-shadow: none;\n}\n.btn-flat#default-btn-54b13b652e483163bb5858fe9cfbd8f5:hover {\n  box-shadow: none;\n}\n#default-btn-54b13b652e483163bb5858fe9cfbd8f5.ico-right-side > i {\n  margin-right: 0px;\n  margin-left: 8px;\n}\n#default-btn-54b13b652e483163bb5858fe9cfbd8f5 > i {\n  margin-right: 8px;\n  font-size: 0px;\n}\n#default-btn-54b13b652e483163bb5858fe9cfbd8f5:not(:hover) {\n  border-width: 0px;\n  background: #ff9900 !important;\n  padding: 15px 18px 15px 18px;\n}\n#default-btn-54b13b652e483163bb5858fe9cfbd8f5:hover {\n  border-width: 0px;\n  background: #ed8600 !important;\n  padding: 15px 18px 15px 18px;\n}\n#default-btn-54b13b652e483163bb5858fe9cfbd8f5.ico-right-side > i {\n  margin-right: 0px;\n  margin-left: 8px;\n}\n#default-btn-54b13b652e483163bb5858fe9cfbd8f5 > i {\n  margin-right: 8px;\n}<\/style><div class=\"btn-align-center\"><a href=\"https:\/\/cet10.com\/wp-content\/uploads\/sites\/36\/2025\/10\/FUND25_Lliga-Kids_Dossier_Generic_25-26.pdf\" class=\"default-btn-shortcode dt-btn link-hover-off btn-flat  vc_custom_1760623718128\" id=\"default-btn-54b13b652e483163bb5858fe9cfbd8f5\" style=\"width:550px;\"><span>PRESENTACI\u00d3N LIGA KIDS<\/span><\/a><\/div><style type=\"text\/css\" data-type=\"the7_shortcodes-inline-css\">#default-btn-bbf955e0d946fc004f9b7935aaccc99e {\n  border-radius: 0px;\n  font-size: 15px;\n  line-height: 17px;\n}\n.btn-shadow#default-btn-bbf955e0d946fc004f9b7935aaccc99e {\n  box-shadow: 0 1px 6px rgba(0,0,0,0.12);\n  transition: box-shadow 0.2s ease-out, opacity 0.45s;\n}\n.btn-shadow#default-btn-bbf955e0d946fc004f9b7935aaccc99e:hover {\n  box-shadow: 0 5px 11px 0 rgba(0,0,0,0.18), 0 4px 15px 0 rgba(0,0,0,0.15);\n}\n.btn-3d#default-btn-bbf955e0d946fc004f9b7935aaccc99e {\n  box-shadow: 0px 2px 0px 0px #ae7013;\n}\n.btn-3d#default-btn-bbf955e0d946fc004f9b7935aaccc99e:hover {\n  box-shadow: 0px 2px 0px 0px #9e6112;\n}\n.btn-flat#default-btn-bbf955e0d946fc004f9b7935aaccc99e {\n  box-shadow: none;\n}\n.btn-flat#default-btn-bbf955e0d946fc004f9b7935aaccc99e:hover {\n  box-shadow: none;\n}\n#default-btn-bbf955e0d946fc004f9b7935aaccc99e.ico-right-side > i {\n  margin-right: 0px;\n  margin-left: 8px;\n}\n#default-btn-bbf955e0d946fc004f9b7935aaccc99e > i {\n  margin-right: 8px;\n  font-size: 0px;\n}\n#default-btn-bbf955e0d946fc004f9b7935aaccc99e:not(:hover) {\n  border-width: 0px;\n  background: #ff9900 !important;\n  padding: 15px 18px 15px 18px;\n}\n#default-btn-bbf955e0d946fc004f9b7935aaccc99e:hover {\n  border-width: 0px;\n  background: #ed8600 !important;\n  padding: 15px 18px 15px 18px;\n}\n#default-btn-bbf955e0d946fc004f9b7935aaccc99e.ico-right-side > i {\n  margin-right: 0px;\n  margin-left: 8px;\n}\n#default-btn-bbf955e0d946fc004f9b7935aaccc99e > i {\n  margin-right: 8px;\n}<\/style><div class=\"btn-align-center\"><a href=\"https:\/\/cet10.com\/wp-content\/uploads\/sites\/36\/2025\/10\/Dossier_especific_Lliga_Kids_Futsal_25-26.pdf\" class=\"default-btn-shortcode dt-btn link-hover-off btn-flat  vc_custom_1760623685192\" id=\"default-btn-bbf955e0d946fc004f9b7935aaccc99e\" style=\"width:550px;\"><span>LIGA KIDS F\u00daTBOL SALA<\/span><\/a><\/div><style type=\"text\/css\" data-type=\"the7_shortcodes-inline-css\">#default-btn-bc63227d6883538a081fab42be36b6e8 {\n  border-radius: 0px;\n  font-size: 15px;\n  line-height: 17px;\n}\n.btn-shadow#default-btn-bc63227d6883538a081fab42be36b6e8 {\n  box-shadow: 0 1px 6px rgba(0,0,0,0.12);\n  transition: box-shadow 0.2s ease-out, opacity 0.45s;\n}\n.btn-shadow#default-btn-bc63227d6883538a081fab42be36b6e8:hover {\n  box-shadow: 0 5px 11px 0 rgba(0,0,0,0.18), 0 4px 15px 0 rgba(0,0,0,0.15);\n}\n.btn-3d#default-btn-bc63227d6883538a081fab42be36b6e8 {\n  box-shadow: 0px 2px 0px 0px #ae7013;\n}\n.btn-3d#default-btn-bc63227d6883538a081fab42be36b6e8:hover {\n  box-shadow: 0px 2px 0px 0px #9e6112;\n}\n.btn-flat#default-btn-bc63227d6883538a081fab42be36b6e8 {\n  box-shadow: none;\n}\n.btn-flat#default-btn-bc63227d6883538a081fab42be36b6e8:hover {\n  box-shadow: none;\n}\n#default-btn-bc63227d6883538a081fab42be36b6e8.ico-right-side > i {\n  margin-right: 0px;\n  margin-left: 8px;\n}\n#default-btn-bc63227d6883538a081fab42be36b6e8 > i {\n  margin-right: 8px;\n  font-size: 0px;\n}\n#default-btn-bc63227d6883538a081fab42be36b6e8:not(:hover) {\n  border-width: 0px;\n  background: #ff9900 !important;\n  padding: 15px 18px 15px 18px;\n}\n#default-btn-bc63227d6883538a081fab42be36b6e8:hover {\n  border-width: 0px;\n  background: #ed8600 !important;\n  padding: 15px 18px 15px 18px;\n}\n#default-btn-bc63227d6883538a081fab42be36b6e8.ico-right-side > i {\n  margin-right: 0px;\n  margin-left: 8px;\n}\n#default-btn-bc63227d6883538a081fab42be36b6e8 > i {\n  margin-right: 8px;\n}<\/style><div class=\"btn-align-center\"><a href=\"https:\/\/cet10.com\/wp-content\/uploads\/sites\/36\/2025\/10\/Dossier_especific_Lliga_kids_basquet_25-26.pdf\" class=\"default-btn-shortcode dt-btn link-hover-off btn-flat  vc_custom_1760623700137\" id=\"default-btn-bc63227d6883538a081fab42be36b6e8\" style=\"width:550px;\"><span>LIGA KIDS BALONCESTO<\/span><\/a><\/div>[vc_empty_space height=\u00bb5px\u00bb][vc_column_text css=\u00bb.vc_custom_1728628148791{margin-top: 20px !important;margin-bottom: 10px !important;}\u00bb]Que la alegr\u00eda y la deportividad os hagan pasar una muy buena estancia a lo largo de los diferentes encuentros, durante este curso.[\/vc_column_text][\/vc_column][\/vc_row][vc_row type=\u00bbvc_default\u00bb disable_element=\u00bbyes\u00bb][vc_column][vc_custom_heading text=\u00bbTorneig Lligues Kids 20-21 maig\u00bb font_container=\u00bbtag:h2|text_align:left|color:%2361b4e4&#8243; css=\u00bb.vc_custom_1671038582649{margin-bottom: 25px !important;}\u00bb][vc_column_text css=\u00bb.vc_custom_1671038689282{margin-top: -10px !important;}\u00bb]Voleu passar un cap de setmana inoblidable d&#8217;esport i conviv\u00e8ncia a la Cerdanya?[\/vc_column_text][vc_btn title=\u00bbINSCRIPCIONS DEL TORNEIG AQU\u00cd\u00bb style=\u00bbflat\u00bb shape=\u00bbsquare\u00bb color=\u00bbwarning\u00bb size=\u00bblg\u00bb align=\u00bbcenter\u00bb css=\u00bb.vc_custom_1675506682652{margin-top: -25px !important;margin-bottom: 40px !important;}\u00bb button_block=\u00bbtrue\u00bb link=\u00bburl:https%3A%2F%2Fcet10esportilleure.deporsite.net%2F\u00bb][vc_btn title=\u00bbM\u00c9S INFORMACI\u00d3 DEL TORNEIG AQU\u00cd\u00bb style=\u00bbflat\u00bb shape=\u00bbsquare\u00bb color=\u00bbinverse\u00bb size=\u00bblg\u00bb align=\u00bbcenter\u00bb css=\u00bb.vc_custom_1675332690184{margin-top: -25px !important;margin-bottom: 40px !important;}\u00bb button_block=\u00bbtrue\u00bb link=\u00bburl:https%3A%2F%2Fcet10.com%2Fwp-content%2Fuploads%2Fsites%2F36%2F2022%2F12%2FFUND22_Dossier_Lliga-Kids-Bellver-Cerdanya-web.pdf\u00bb][\/vc_column][\/vc_row][vc_row][vc_column offset=\u00bbvc_hidden-md vc_hidden-sm vc_hidden-xs\u00bb][\/vc_column][\/vc_row]<\/p>\n<\/div>","protected":false},"excerpt":{"rendered":"<p>[vc_row][vc_column][vc_custom_heading text=\u00bbLigas kids de baloncesto y f\u00fatbol sala\u00bb font_container=\u00bbtag:h1|text_align:left|color:%2361b4e4&#8243; google_fonts=\u00bbfont_family:Roboto%3A100%2C100italic%2C300%2C300italic%2Cregular%2Citalic%2C500%2C500italic%2C700%2C700italic%2C900%2C900italic|font_style:700%20bold%20regular%3A700%3Anormal\u00bb][vc_separator][vc_row_inner][vc_column_inner offset=\u00bbvc_hidden-lg vc_hidden-md vc_hidden-sm\u00bb][vc_single_image image=\u00bb86771&#8243; img_size=\u00bbfull\u00bb][\/vc_column_inner][\/vc_row_inner][vc_row_inner][vc_column_inner width=\u00bb2\/3&#8243;][vc_column_text css=\u00bb\u00bb]\u00bfPreparados para la siguiente temporada de f\u00fatbol sala y baloncesto con las ligas kids? Estas ligas constan de un encuentro mensual de los equipos de baloncesto y de f\u00fatbol sala de I5 a 2\u00ba de Primaria, que entrenan en&hellip;<\/p>\n","protected":false},"author":4,"featured_media":0,"parent":0,"menu_order":0,"comment_status":"closed","ping_status":"closed","template":"","meta":{"footnotes":""},"class_list":["post-22462","page","type-page","status-publish","hentry","description-off"],"yoast_head":"<!-- This site is optimized with the Yoast SEO plugin v26.8 - https:\/\/yoast.com\/product\/yoast-seo-wordpress\/ -->\n<title>Ligas kids de baloncesto y f\u00fatbol sala de la Fundaci\u00f3 CET10<\/title>\n<meta name=\"description\" content=\"Ligas kids: vuelven las ligas de f\u00fatbol y baloncesto. Estas ligas constan de un encuentro de los equipos de Baloncesto y de F\u00fatbol Sala en...\" \/>\n<meta name=\"robots\" content=\"index, follow, max-snippet:-1, max-image-preview:large, max-video-preview:-1\" \/>\n<link rel=\"canonical\" href=\"https:\/\/cet10.com\/es\/ligas-kids\/\" \/>\n<meta property=\"og:locale\" content=\"es_ES\" \/>\n<meta property=\"og:type\" content=\"article\" \/>\n<meta property=\"og:title\" content=\"Ligas kids de baloncesto y f\u00fatbol sala de la Fundaci\u00f3 CET10\" \/>\n<meta property=\"og:description\" content=\"Ligas kids: vuelven las ligas de f\u00fatbol y baloncesto. Estas ligas constan de un encuentro de los equipos de Baloncesto y de F\u00fatbol Sala en...\" \/>\n<meta property=\"og:url\" content=\"https:\/\/cet10.com\/es\/ligas-kids\/\" \/>\n<meta property=\"og:site_name\" content=\"CET10 - Col\u00b7lectiu d&#039;Esports per a Tothom 10\" \/>\n<meta property=\"article:modified_time\" content=\"2025-10-16T14:35:00+00:00\" \/>\n<meta name=\"twitter:card\" content=\"summary_large_image\" \/>\n<meta name=\"twitter:label1\" content=\"Tiempo de lectura\" \/>\n\t<meta name=\"twitter:data1\" content=\"4 minutos\" \/>\n<script type=\"application\/ld+json\" class=\"yoast-schema-graph\">{\"@context\":\"https:\/\/schema.org\",\"@graph\":[{\"@type\":\"WebPage\",\"@id\":\"https:\/\/cet10.com\/es\/ligas-kids\/\",\"url\":\"https:\/\/cet10.com\/es\/ligas-kids\/\",\"name\":\"Ligas kids de baloncesto y f\u00fatbol sala de la Fundaci\u00f3 CET10\",\"isPartOf\":{\"@id\":\"https:\/\/cet10.com\/es\/#website\"},\"datePublished\":\"2019-10-30T09:24:51+00:00\",\"dateModified\":\"2025-10-16T14:35:00+00:00\",\"description\":\"Ligas kids: vuelven las ligas de f\u00fatbol y baloncesto. Estas ligas constan de un encuentro de los equipos de Baloncesto y de F\u00fatbol Sala en...\",\"breadcrumb\":{\"@id\":\"https:\/\/cet10.com\/es\/ligas-kids\/#breadcrumb\"},\"inLanguage\":\"es\",\"potentialAction\":[{\"@type\":\"ReadAction\",\"target\":[\"https:\/\/cet10.com\/es\/ligas-kids\/\"]}]},{\"@type\":\"BreadcrumbList\",\"@id\":\"https:\/\/cet10.com\/es\/ligas-kids\/#breadcrumb\",\"itemListElement\":[{\"@type\":\"ListItem\",\"position\":1,\"name\":\"Portada\",\"item\":\"https:\/\/cet10.com\/es\/\"},{\"@type\":\"ListItem\",\"position\":2,\"name\":\"Ligas kids\"}]},{\"@type\":\"WebSite\",\"@id\":\"https:\/\/cet10.com\/es\/#website\",\"url\":\"https:\/\/cet10.com\/es\/\",\"name\":\"CET10 - Col\u00b7lectiu d&#039;Esports per a Tothom 10\",\"description\":\"CET10 Esport per a tothom\",\"publisher\":{\"@id\":\"https:\/\/cet10.com\/es\/#organization\"},\"potentialAction\":[{\"@type\":\"SearchAction\",\"target\":{\"@type\":\"EntryPoint\",\"urlTemplate\":\"https:\/\/cet10.com\/es\/?s={search_term_string}\"},\"query-input\":{\"@type\":\"PropertyValueSpecification\",\"valueRequired\":true,\"valueName\":\"search_term_string\"}}],\"inLanguage\":\"es\"},{\"@type\":\"Organization\",\"@id\":\"https:\/\/cet10.com\/es\/#organization\",\"name\":\"CET10\",\"url\":\"https:\/\/cet10.com\/es\/\",\"logo\":{\"@type\":\"ImageObject\",\"inLanguage\":\"es\",\"@id\":\"https:\/\/cet10.com\/es\/#\/schema\/logo\/image\/\",\"url\":\"https:\/\/cet10.com\/wp-content\/uploads\/sites\/36\/2021\/06\/CET10.png\",\"contentUrl\":\"https:\/\/cet10.com\/wp-content\/uploads\/sites\/36\/2021\/06\/CET10.png\",\"width\":210,\"height\":67,\"caption\":\"CET10\"},\"image\":{\"@id\":\"https:\/\/cet10.com\/es\/#\/schema\/logo\/image\/\"}}]}<\/script>\n<!-- \/ Yoast SEO plugin. -->","yoast_head_json":{"title":"Ligas kids de baloncesto y f\u00fatbol sala de la Fundaci\u00f3 CET10","description":"Ligas kids: vuelven las ligas de f\u00fatbol y baloncesto. Estas ligas constan de un encuentro de los equipos de Baloncesto y de F\u00fatbol Sala en...","robots":{"index":"index","follow":"follow","max-snippet":"max-snippet:-1","max-image-preview":"max-image-preview:large","max-video-preview":"max-video-preview:-1"},"canonical":"https:\/\/cet10.com\/es\/ligas-kids\/","og_locale":"es_ES","og_type":"article","og_title":"Ligas kids de baloncesto y f\u00fatbol sala de la Fundaci\u00f3 CET10","og_description":"Ligas kids: vuelven las ligas de f\u00fatbol y baloncesto. Estas ligas constan de un encuentro de los equipos de Baloncesto y de F\u00fatbol Sala en...","og_url":"https:\/\/cet10.com\/es\/ligas-kids\/","og_site_name":"CET10 - Col\u00b7lectiu d&#039;Esports per a Tothom 10","article_modified_time":"2025-10-16T14:35:00+00:00","twitter_card":"summary_large_image","twitter_misc":{"Tiempo de lectura":"4 minutos"},"schema":{"@context":"https:\/\/schema.org","@graph":[{"@type":"WebPage","@id":"https:\/\/cet10.com\/es\/ligas-kids\/","url":"https:\/\/cet10.com\/es\/ligas-kids\/","name":"Ligas kids de baloncesto y f\u00fatbol sala de la Fundaci\u00f3 CET10","isPartOf":{"@id":"https:\/\/cet10.com\/es\/#website"},"datePublished":"2019-10-30T09:24:51+00:00","dateModified":"2025-10-16T14:35:00+00:00","description":"Ligas kids: vuelven las ligas de f\u00fatbol y baloncesto. Estas ligas constan de un encuentro de los equipos de Baloncesto y de F\u00fatbol Sala en...","breadcrumb":{"@id":"https:\/\/cet10.com\/es\/ligas-kids\/#breadcrumb"},"inLanguage":"es","potentialAction":[{"@type":"ReadAction","target":["https:\/\/cet10.com\/es\/ligas-kids\/"]}]},{"@type":"BreadcrumbList","@id":"https:\/\/cet10.com\/es\/ligas-kids\/#breadcrumb","itemListElement":[{"@type":"ListItem","position":1,"name":"Portada","item":"https:\/\/cet10.com\/es\/"},{"@type":"ListItem","position":2,"name":"Ligas kids"}]},{"@type":"WebSite","@id":"https:\/\/cet10.com\/es\/#website","url":"https:\/\/cet10.com\/es\/","name":"CET10 - Col\u00b7lectiu d&#039;Esports per a Tothom 10","description":"CET10 Esport per a tothom","publisher":{"@id":"https:\/\/cet10.com\/es\/#organization"},"potentialAction":[{"@type":"SearchAction","target":{"@type":"EntryPoint","urlTemplate":"https:\/\/cet10.com\/es\/?s={search_term_string}"},"query-input":{"@type":"PropertyValueSpecification","valueRequired":true,"valueName":"search_term_string"}}],"inLanguage":"es"},{"@type":"Organization","@id":"https:\/\/cet10.com\/es\/#organization","name":"CET10","url":"https:\/\/cet10.com\/es\/","logo":{"@type":"ImageObject","inLanguage":"es","@id":"https:\/\/cet10.com\/es\/#\/schema\/logo\/image\/","url":"https:\/\/cet10.com\/wp-content\/uploads\/sites\/36\/2021\/06\/CET10.png","contentUrl":"https:\/\/cet10.com\/wp-content\/uploads\/sites\/36\/2021\/06\/CET10.png","width":210,"height":67,"caption":"CET10"},"image":{"@id":"https:\/\/cet10.com\/es\/#\/schema\/logo\/image\/"}}]}},"_links":{"self":[{"href":"https:\/\/cet10.com\/es\/wp-json\/wp\/v2\/pages\/22462","targetHints":{"allow":["GET"]}}],"collection":[{"href":"https:\/\/cet10.com\/es\/wp-json\/wp\/v2\/pages"}],"about":[{"href":"https:\/\/cet10.com\/es\/wp-json\/wp\/v2\/types\/page"}],"author":[{"embeddable":true,"href":"https:\/\/cet10.com\/es\/wp-json\/wp\/v2\/users\/4"}],"replies":[{"embeddable":true,"href":"https:\/\/cet10.com\/es\/wp-json\/wp\/v2\/comments?post=22462"}],"version-history":[{"count":0,"href":"https:\/\/cet10.com\/es\/wp-json\/wp\/v2\/pages\/22462\/revisions"}],"wp:attachment":[{"href":"https:\/\/cet10.com\/es\/wp-json\/wp\/v2\/media?parent=22462"}],"curies":[{"name":"wp","href":"https:\/\/api.w.org\/{rel}","templated":true}]}}