{"id":38564,"date":"2021-02-16T11:11:28","date_gmt":"2021-02-16T11:11:28","guid":{"rendered":"https:\/\/cet10.com\/estades-tecnificacio-esportiva\/"},"modified":"2026-02-23T18:17:02","modified_gmt":"2026-02-23T17:17:02","slug":"stage-tecnificacion-deportiva","status":"publish","type":"page","link":"https:\/\/cet10.com\/es\/stage-tecnificacion-deportiva\/","title":{"rendered":"Stages de tecnificaci\u00f3n deportiva &#8211; P\u00e1gina gen\u00e9rica"},"content":{"rendered":"<div class=\"wpb-content-wrapper\"><p>[vc_row type=\u00bbvc_default\u00bb full_width=\u00bbstretch_row_content_no_spaces\u00bb css=\u00bb.vc_custom_1708597624003{margin-bottom: -30px !important;background-position: center !important;background-repeat: no-repeat !important;background-size: cover !important;}\u00bb][vc_column offset=\u00bbvc_hidden-lg vc_hidden-md vc_hidden-sm\u00bb css=\u00bb.vc_custom_1771866896150{margin-top: -80px !important;margin-bottom: -10px !important;}\u00bb][vc_single_image image=\u00bb182040&#8243; img_size=\u00bbfull\u00bb onclick=\u00bbcustom_link\u00bb css=\u00bb\u00bb link=\u00bbhttps:\/\/cet10.com\/estades-esportives-fi-de-curs\/\u00bb][\/vc_column][\/vc_row][vc_row type=\u00bbvc_default\u00bb css=\u00bb.vc_custom_1708597673449{margin-bottom: 35px !important;background-position: center !important;background-repeat: no-repeat !important;background-size: cover !important;}\u00bb][vc_column offset=\u00bbvc_hidden-xs\u00bb css=\u00bb.vc_custom_1771866927521{margin-top: 15px !important;margin-bottom: -50px !important;}\u00bb][vc_single_image image=\u00bb182043&#8243; img_size=\u00bbfull\u00bb onclick=\u00bbcustom_link\u00bb css=\u00bb.vc_custom_1771866921185{margin-top: -20px !important;}\u00bb link=\u00bbhttps:\/\/cet10.com\/estades-esportives-fi-de-curs\/\u00bb][\/vc_column][\/vc_row][vc_row type=\u00bbvc_default\u00bb full_width=\u00bbstretch_row_content_no_spaces\u00bb css=\u00bb.vc_custom_1698166564146{margin-bottom: 35px !important;background-image: url(https:\/\/cet10.com\/wp-content\/uploads\/sites\/36\/2023\/10\/estadas.webp?id=86652) !important;background-position: center !important;background-repeat: no-repeat !important;background-size: cover !important;}\u00bb][vc_column offset=\u00bbvc_hidden-lg vc_hidden-md vc_hidden-sm vc_hidden-xs\u00bb][vc_custom_heading text=\u00bbStages de tecnificaci\u00f3n deportiva\u00bb font_container=\u00bbtag:h1|font_size:50px|text_align:center|color:%23ffffff|line_height:60px\u00bb use_theme_fonts=\u00bbyes\u00bb css=\u00bb.vc_custom_1698166549772{padding-top: 151px !important;padding-bottom: 160px !important;}\u00bb][\/vc_column][\/vc_row][vc_row type=\u00bbvc_default\u00bb full_width=\u00bbstretch_row_content_no_spaces\u00bb css=\u00bb.vc_custom_1698166585338{margin-bottom: -30px !important;background-image: url(https:\/\/cet10.com\/wp-content\/uploads\/sites\/36\/2023\/10\/estadas.webp?id=86652) !important;background-position: center !important;background-repeat: no-repeat !important;background-size: cover !important;}\u00bb][vc_column offset=\u00bbvc_hidden-lg vc_hidden-md vc_hidden-sm vc_hidden-xs\u00bb css=\u00bb.vc_custom_1708597607743{margin-bottom: -30px !important;}\u00bb][vc_column_text css=\u00bb.vc_custom_1698166543116{padding-top: 90px !important;padding-bottom: 90px !important;}\u00bb]<\/p>\n<p style=\"text-align: center; font-family: Roboto; font-size: 35px; line-height: 40px;\"><span style=\"color: #ffffff;\"><strong>Stages de<br \/>\ntecnificaci\u00f3n deportiva<br \/>\n<\/strong><\/span><\/p>\n<p>[\/vc_column_text][\/vc_column][\/vc_row][vc_row][vc_column css=\u00bb.vc_custom_1708598550420{margin-top: -20px !important;}\u00bb][vc_custom_heading text=\u00bbStages durante todo el a\u00f1o\u00bb use_theme_fonts=\u00bbyes\u00bb el_id=\u00bbstages\u00bb][vc_separator][\/vc_column][\/vc_row][vc_row type=\u00bbvc_default\u00bb disable_element=\u00bbyes\u00bb][vc_column offset=\u00bbvc_hidden-xs\u00bb][vc_single_image image=\u00bb57756&#8243; img_size=\u00bbfull\u00bb onclick=\u00bbcustom_link\u00bb link=\u00bbhttps:\/\/cet10.com\/estades-esportives-fi-de-curs\/\u00bb][\/vc_column][\/vc_row][vc_row type=\u00bbvc_default\u00bb disable_element=\u00bbyes\u00bb][vc_column offset=\u00bbvc_hidden-lg vc_hidden-md vc_hidden-sm\u00bb][vc_single_image image=\u00bb57760&#8243; img_size=\u00bbfull\u00bb onclick=\u00bbcustom_link\u00bb link=\u00bbhttps:\/\/cet10.com\/estades-esportives-fi-de-curs\/\u00bb][\/vc_column][\/vc_row][vc_row][vc_column][vc_column_text]\u00bfConoces los <em>Stages<\/em> de tecnificaci\u00f3n deportiva de CET10? Para nosotros, el tiempo de convivencias es un espacio educativo clave en el crecimiento de nuestros ni\u00f1os, ni\u00f1as y j\u00f3venes.<\/p>\n<p><strong>La uni\u00f3n de convivencias y deporte, potencia los beneficios de ambas actividades y genera un impacto positivo en el rendimiento del ni\u00f1o\/a y\/o del\/ de la joven deportista.<\/strong><\/p>\n<p>La pr\u00e1ctica deportiva en un entorno diferente del habitual, permite, adem\u00e1s, trabajar de forma transversal, tanto aspectos propios de la disciplina deportiva en s\u00ed, como otros vinculados a los valores educativos que el deporte promueve, tales como: el respeto, la cooperaci\u00f3n, la igualdad de oportunidades; consider\u00e1ndolos base pedag\u00f3gica de una educaci\u00f3n integral.<\/p>\n<p>Nos gusta hacer propuestas a medida como los <em>s<span class=\"hiddenSpellError\">tages<\/span> <\/em>de rendimiento deportivo de diferentes modalidades deportivas, <em>stage <\/em><span class=\"hiddenSpellError\">multideportivo<\/span> (que incluyen la pr\u00e1ctica transversal de diferentes deportes), <em>stage<\/em> en la nieve (pr\u00e1ctica de deportes de invierno como el esqu\u00ed y el <em><span class=\"hiddenSpellError\">snow<\/span><\/em>), y <em>stages<\/em> de deportes de aventura en la naturaleza, por ejemplo. Tambi\u00e9n <strong>ofrecemos la posibilidad de combinar entre diferentes propuestas, consiguiendo as\u00ed un amplio abanico de acciones educativas.<\/strong>[\/vc_column_text][\/vc_column][\/vc_row][vc_row type=\u00bbvc_default\u00bb bg_type=\u00bbbg_color\u00bb bg_override=\u00bbfull\u00bb bg_color_value=\u00bb#f5f5f5&#8243;][vc_column width=\u00bb1\/3&#8243;][vc_single_image image=\u00bb38604&#8243; img_size=\u00bbfull\u00bb css=\u00bb.vc_custom_1614086454276{margin-bottom: 10px !important;}\u00bb][\/vc_column][vc_column width=\u00bb2\/3&#8243;][vc_custom_heading text=\u00bbObjetivos educativos\u00bb use_theme_fonts=\u00bbyes\u00bb css=\u00bb.vc_custom_1723455360376{margin-bottom: 15px !important;}\u00bb]<div class=\"standard-arrow list-divider bullet-top\"><ul>\n<li><strong>Establecer un espacio de convivencia para reforzar el v\u00ednculo dentro de los diferentes grupos,<\/strong> buscando la cohesi\u00f3n entre los y las participantes y el equipo t\u00e9cnico.<\/li>\n<li>Profundizar en la <strong>mejora de la t\u00e9cnica individual y colectiva de los deportes<\/strong> en los cuales participan.<\/li>\n<li>Promover la <strong>introducci\u00f3n de nuevas disciplinas deportivas y actividades,<\/strong> aprovechando las oportunidades que nos da el entorno en que se realizan los <em>stages<\/em>.<\/li>\n<li><strong>Desarrollar habilidades cognitivas<\/strong> que mejoren aspectos como la atenci\u00f3n, la concentraci\u00f3n y la imaginaci\u00f3n, que permitan al\/la deportista llegar a un \u00f3ptimo rendimiento.<\/li>\n<\/ul>\n<\/div>[\/vc_column][\/vc_row][vc_row][vc_column][vc_custom_heading text=\u00bbAspectos pedag\u00f3gicos\u00bb use_theme_fonts=\u00bbyes\u00bb css=\u00bb.vc_custom_1723455367137{margin-bottom: 15px !important;}\u00bb]<div class=\"standard-arrow list-divider bullet-top\"><ul>\n<li><strong>El contacto entre personas:<\/strong> las relaciones entre los ni\u00f1os\/as y j\u00f3venes e influencias mutuas son un aspecto importante en el proceso educativo teniendo presente los dos elementos clave: el\/la monitor\/a y el grupo de educadores y educadoras.<\/li>\n<li><strong>La intencionalidad educativa:<\/strong> el equipo educativo trabaja para conseguir una educaci\u00f3n en el tiempo libre educativo de calidad que posibilite el m\u00e1ximo de vivencias personales, oportunidades de enriquecimiento y una ocasi\u00f3n para crecer en el \u00e1mbito integral.<\/li>\n<li><strong>La educaci\u00f3n entendida como proceso:<\/strong> para favorecer el desarrollo integral de los ni\u00f1os\/as, el equipo educativo tiene que seguir unos pasos y unas etapas, y la planificaci\u00f3n dir\u00e1 en qu\u00e9 orden y c\u00f3mo se ir\u00e1n trabajando, para lograr los hitos educativos. Por este motivo, en CET10 se da tanta importancia a la programaci\u00f3n y temporizaci\u00f3n de los objetivos y las actividades que est\u00e1n vinculadas.<\/li>\n<li><strong>La solidaridad y el respeto entre las personas:<\/strong> todo ni\u00f1o\/a y joven tiene que estar incluido en un grupo y ser un miembro activo de este. Para conseguirlo, se tendr\u00e1 que fomentar el respeto hacia los otros ni\u00f1os\/as y j\u00f3venes y <span class=\"hiddenGrammarError\">el<\/span> respeto de los ni\u00f1os\/as y j\u00f3venes hacia a ellos y ellas mismas.<\/li>\n<li><strong>La integraci\u00f3n:<\/strong> el derecho a la diferencia y la protecci\u00f3n integral de las necesidades e intereses individuales de los ni\u00f1os\/as y j\u00f3venes. El trabajo b\u00e1sico de este principio es el autoconcepto y la identidad de los ni\u00f1os\/as, j\u00f3venes, trabajando con ellos\/as su globalidad y favoreciendo el desarrollo de sus destrezas y competencia social.<\/li>\n<li><strong>La normalizaci\u00f3n:<\/strong> el trabajo educativo y los recursos de los cuales se disponen para llevar a cabo el proyecto tiene que velar por la igualdad de oportunidades y ofreciendo la misma calidad a cualquier de los ni\u00f1os\/as y j\u00f3venes. Definen a los ni\u00f1os\/as y j\u00f3venes como sujetos con derechos y deberes, favoreciendo el desarrollo de sus capacidades; en esta l\u00ednea, se crea la normativa de convivencia para que todos los miembros del grupo desarrollen el compromiso de voluntariedad, la responsabilidad individual y de grupo\/j\u00f3venes responde al trabajo integral de las dimensiones educables de la persona (social, psicol\u00f3gica, afectiva, motriz, corporal y de relaci\u00f3n con el entorno).<\/li>\n<li><strong>La participaci\u00f3n:<\/strong> los\/as ni\u00f1os\/as y j\u00f3venes tienen que participar democr\u00e1ticamente en la vida del grupo; as\u00ed mismo, deben tener acceso a la informaci\u00f3n, conocer sus necesidades, formular demandas y manifestar inquietudes e intereses y promover la solidaridad.<\/li>\n<\/ul>\n<\/div>[\/vc_column][\/vc_row][vc_row][vc_column width=\u00bb1\/3&#8243;][vc_single_image image=\u00bb38606&#8243; img_size=\u00bbfull\u00bb][\/vc_column][vc_column width=\u00bb1\/3&#8243;][vc_single_image image=\u00bb38608&#8243; img_size=\u00bbfull\u00bb][\/vc_column][vc_column width=\u00bb1\/3&#8243;][vc_single_image image=\u00bb38610&#8243; img_size=\u00bbfull\u00bb][\/vc_column][\/vc_row][vc_row type=\u00bbvc_default\u00bb bg_type=\u00bbbg_color\u00bb bg_override=\u00bbfull\u00bb bg_color_value=\u00bb#f5f5f5&#8243;][vc_column][vc_custom_heading text=\u00bbNuestras propuestas de Stages de tecnificaci\u00f3n deportiva\u00bb use_theme_fonts=\u00bbyes\u00bb css=\u00bb.vc_custom_1723455373867{margin-bottom: 15px !important;}\u00bb]<div class=\"standard-arrow list-divider bullet-top\"><ul>\n<li><strong><em>Stages<\/em> de tecnificaci\u00f3n deportiva de pretemporada (septiembre\/octubre):<\/strong> enfocadas a preparar el inicio de temporada de los diferentes equipos y grupos deportivos, con el objetivo principal de conseguir una adecuada preparaci\u00f3n f\u00edsico-t\u00e9cnica del deportista y trabajar la cohesi\u00f3n de los equipos en el momento inicial de la temporada.<\/li>\n<li><strong><em>Stages<\/em> en la nieve (enero\/febrero):<\/strong> enfocadas a la pr\u00e1ctica de deportes de invierno: esqu\u00ed y <em><span class=\"hiddenSpellError\">snow<\/span><\/em> b\u00e1sicamente, combinados con otras modalidades deportivas como el patinaje sobre hielo, los trineos, las raquetas, etc.<\/li>\n<li><strong><em>Stages<\/em> deportivas (marzo\/mayo):<\/strong> campus de tecnificaci\u00f3n deportiva, donde los y las participantes pueden inscribirse a una o dos modalidades deportivas con el objetivo de mejorar sus destrezas en aquel\/los deporte\/s que realizan a lo largo del a\u00f1o. Se combina la pr\u00e1ctica de los deportes habituales con otras actividades y\/o modalidades deportivas: acu\u00e1ticas, de aventura (<span class=\"hiddenSpellError\">BTT<\/span>, pirag\u00fcismo, vela, etc.).<\/li>\n<li><strong><em>Stages<\/em> deportes de aventura:<\/strong> se hacen propuestas a medida para escuelas e institutos, donde se combina la pr\u00e1ctica de diferentes deportes de aventura en la natura: r\u00e1fting, escalada, pirag\u00fcismo, senderismo, <span class=\"hiddenSpellError\">BTT<\/span>, carreras de orientaci\u00f3n, etc.<\/li>\n<\/ul>\n<\/div>[\/vc_column][\/vc_row][vc_row][vc_column][vc_column_text]<\/p>\n<p class=\"p1\"><span style=\"font-size: 18pt;\">Desde CET10, estamos abiertos\/as al dise\u00f1o de <em>Stages<\/em> deportivos a medida de las necesidades de cada centro o grupo; buscando el entorno m\u00e1s adecuado para hacerlos realidad.<br \/>\n<\/span>[\/vc_column_text][vc_column_text css=\u00bb.vc_custom_1614077391911{margin-bottom: 25px !important;}\u00bb]<strong>Nos ocupamos de todo el proceso de gesti\u00f3n:<\/strong> alojamiento, transporte, dise\u00f1o del programa de actividades, difusi\u00f3n e inscripci\u00f3n de las familias, aportaci\u00f3n del equipo de trabajo, el cual es titulado y est\u00e1 inscrito en el Registro Oficial de Profesionales del Deporte (<span class=\"hiddenSpellError\">ROPEC<\/span>).<\/p>\n<p>\u00bfQuieres\u00a0m\u00e1s informaci\u00f3n?[\/vc_column_text]<style type=\"text\/css\" data-type=\"the7_shortcodes-inline-css\">#default-btn-31a75004c8187e53711f679210e64a93 {\n  border-radius: 0px;\n  font-size: 15px;\n  line-height: 17px;\n}\n.btn-shadow#default-btn-31a75004c8187e53711f679210e64a93 {\n  box-shadow: 0 1px 6px rgba(0,0,0,0.12);\n  transition: box-shadow 0.2s ease-out, opacity 0.45s;\n}\n.btn-shadow#default-btn-31a75004c8187e53711f679210e64a93:hover {\n  box-shadow: 0 5px 11px 0 rgba(0,0,0,0.18), 0 4px 15px 0 rgba(0,0,0,0.15);\n}\n.btn-3d#default-btn-31a75004c8187e53711f679210e64a93 {\n  box-shadow: 0px 2px 0px 0px #323232;\n}\n.btn-3d#default-btn-31a75004c8187e53711f679210e64a93:hover {\n  box-shadow: 0px 2px 0px 0px #000000;\n}\n.btn-flat#default-btn-31a75004c8187e53711f679210e64a93 {\n  box-shadow: none;\n}\n.btn-flat#default-btn-31a75004c8187e53711f679210e64a93:hover {\n  box-shadow: none;\n}\n#default-btn-31a75004c8187e53711f679210e64a93.ico-right-side > i {\n  margin-right: 0px;\n  margin-left: 8px;\n}\n#default-btn-31a75004c8187e53711f679210e64a93 > i {\n  margin-right: 8px;\n  font-size: 0px;\n}\n#default-btn-31a75004c8187e53711f679210e64a93:not(:hover) {\n  border-width: 0px;\n  background: #515151 !important;\n  padding: 15px 18px 15px 18px;\n}\n#default-btn-31a75004c8187e53711f679210e64a93:hover {\n  border-width: 0px;\n  background: #000000 !important;\n  padding: 15px 18px 15px 18px;\n}\n#default-btn-31a75004c8187e53711f679210e64a93.ico-right-side > i {\n  margin-right: 0px;\n  margin-left: 8px;\n}\n#default-btn-31a75004c8187e53711f679210e64a93 > i {\n  margin-right: 8px;\n}<\/style><div class=\"btn-align-center\"><a href=\"mailto:xredon@cet10.com?subject=Informaci\u00f3n sobre las stages de tecnificaci\u00f3n deportiva\" class=\"default-btn-shortcode dt-btn link-hover-off btn-flat  vc_custom_1691066611337\" id=\"default-btn-31a75004c8187e53711f679210e64a93\" style=\"width:550px;\"><span>ENV\u00cdANOS UN CORREO ELECTR\u00d3NICO<\/span><\/a><\/div>[vc_column_text]Te informaremos sin ning\u00fan compromiso. \u00a1Te esperamos![\/vc_column_text][\/vc_column][\/vc_row][vc_row type=\u00bbvc_default\u00bb disable_element=\u00bbyes\u00bb][vc_column][vc_raw_html css=\u00bb\u00bb]JTNDYSUyMGhyZWYlM0QlMjJodHRwcyUzQSUyRiUyRmFwaS53aGF0c2FwcC5jb20lMkZzZW5kJTNGcGhvbmUlM0QzNDY0NTE0Mzk5OSUyMiUyMGNsYXNzJTNEJTIyZmxvYXQtd2ElMjIlMjAlM0UlMEElM0NpbWclMjBzcmMlM0QlMjJodHRwcyUzQSUyRiUyRmNldDEwLmNvbSUyRndwLWNvbnRlbnQlMkZ1cGxvYWRzJTJGc2l0ZXMlMkYzNiUyRjIwMjUlMkYwNCUyRndoYXRzYXBwLTEuc3ZnJTIyJTIwJTNFJTBBJTNDJTJGYSUzRSUwQQ==[\/vc_raw_html][\/vc_column][\/vc_row]<\/p>\n<\/div>","protected":false},"excerpt":{"rendered":"<p>[vc_row type=\u00bbvc_default\u00bb full_width=\u00bbstretch_row_content_no_spaces\u00bb css=\u00bb.vc_custom_1708597624003{margin-bottom: -30px !important;background-position: center !important;background-repeat: no-repeat !important;background-size: cover !important;}\u00bb][vc_column offset=\u00bbvc_hidden-lg vc_hidden-md vc_hidden-sm\u00bb css=\u00bb.vc_custom_1771866896150{margin-top: -80px !important;margin-bottom: -10px !important;}\u00bb][vc_single_image image=\u00bb182040&#8243; img_size=\u00bbfull\u00bb onclick=\u00bbcustom_link\u00bb css=\u00bb\u00bb link=\u00bbhttps:\/\/cet10.com\/estades-esportives-fi-de-curs\/\u00bb][\/vc_column][\/vc_row][vc_row type=\u00bbvc_default\u00bb css=\u00bb.vc_custom_1708597673449{margin-bottom: 35px !important;background-position: center !important;background-repeat: no-repeat !important;background-size: cover !important;}\u00bb][vc_column offset=\u00bbvc_hidden-xs\u00bb css=\u00bb.vc_custom_1771866927521{margin-top: 15px !important;margin-bottom: -50px !important;}\u00bb][vc_single_image image=\u00bb182043&#8243; img_size=\u00bbfull\u00bb onclick=\u00bbcustom_link\u00bb css=\u00bb.vc_custom_1771866921185{margin-top: -20px !important;}\u00bb link=\u00bbhttps:\/\/cet10.com\/estades-esportives-fi-de-curs\/\u00bb][\/vc_column][\/vc_row][vc_row type=\u00bbvc_default\u00bb full_width=\u00bbstretch_row_content_no_spaces\u00bb css=\u00bb.vc_custom_1698166564146{margin-bottom: 35px !important;background-image: url(https:\/\/cet10.com\/wp-content\/uploads\/sites\/36\/2023\/10\/estadas.webp?id=86652) !important;background-position:&hellip;<\/p>\n","protected":false},"author":4,"featured_media":0,"parent":0,"menu_order":0,"comment_status":"closed","ping_status":"closed","template":"","meta":{"footnotes":""},"class_list":["post-38564","page","type-page","status-publish","hentry","description-off"],"yoast_head":"<!-- This site is optimized with the Yoast SEO plugin v26.8 - https:\/\/yoast.com\/product\/yoast-seo-wordpress\/ -->\n<title>Stages de tecnificaci\u00f3n deportiva - CET10 - \u00a1Conoce nuestras propuestas!<\/title>\n<meta name=\"description\" content=\"Stages de tecnificaci\u00f3n deportiva: el tiempo de convivencias es un espacio educativo clave en el crecimiento de los ni\u00f1os y j\u00f3venes...\" \/>\n<meta name=\"robots\" content=\"index, follow, max-snippet:-1, max-image-preview:large, max-video-preview:-1\" \/>\n<link rel=\"canonical\" href=\"https:\/\/cet10.com\/es\/stage-tecnificacion-deportiva\/\" \/>\n<meta property=\"og:locale\" content=\"es_ES\" \/>\n<meta property=\"og:type\" content=\"article\" \/>\n<meta property=\"og:title\" content=\"Stages de tecnificaci\u00f3n deportiva - CET10 - \u00a1Conoce nuestras propuestas!\" \/>\n<meta property=\"og:description\" content=\"Stages de tecnificaci\u00f3n deportiva: el tiempo de convivencias es un espacio educativo clave en el crecimiento de los ni\u00f1os y j\u00f3venes...\" \/>\n<meta property=\"og:url\" content=\"https:\/\/cet10.com\/es\/stage-tecnificacion-deportiva\/\" \/>\n<meta property=\"og:site_name\" content=\"CET10 - Col\u00b7lectiu d&#039;Esports per a Tothom 10\" \/>\n<meta property=\"article:modified_time\" content=\"2026-02-23T17:17:02+00:00\" \/>\n<meta name=\"twitter:card\" content=\"summary_large_image\" \/>\n<meta name=\"twitter:label1\" content=\"Tiempo de lectura\" \/>\n\t<meta name=\"twitter:data1\" content=\"6 minutos\" \/>\n<script type=\"application\/ld+json\" class=\"yoast-schema-graph\">{\"@context\":\"https:\/\/schema.org\",\"@graph\":[{\"@type\":\"WebPage\",\"@id\":\"https:\/\/cet10.com\/es\/stage-tecnificacion-deportiva\/\",\"url\":\"https:\/\/cet10.com\/es\/stage-tecnificacion-deportiva\/\",\"name\":\"Stages de tecnificaci\u00f3n deportiva - CET10 - \u00a1Conoce nuestras propuestas!\",\"isPartOf\":{\"@id\":\"https:\/\/cet10.com\/es\/#website\"},\"datePublished\":\"2021-02-16T11:11:28+00:00\",\"dateModified\":\"2026-02-23T17:17:02+00:00\",\"description\":\"Stages de tecnificaci\u00f3n deportiva: el tiempo de convivencias es un espacio educativo clave en el crecimiento de los ni\u00f1os y j\u00f3venes...\",\"breadcrumb\":{\"@id\":\"https:\/\/cet10.com\/es\/stage-tecnificacion-deportiva\/#breadcrumb\"},\"inLanguage\":\"es\",\"potentialAction\":[{\"@type\":\"ReadAction\",\"target\":[\"https:\/\/cet10.com\/es\/stage-tecnificacion-deportiva\/\"]}]},{\"@type\":\"BreadcrumbList\",\"@id\":\"https:\/\/cet10.com\/es\/stage-tecnificacion-deportiva\/#breadcrumb\",\"itemListElement\":[{\"@type\":\"ListItem\",\"position\":1,\"name\":\"Portada\",\"item\":\"https:\/\/cet10.com\/es\/\"},{\"@type\":\"ListItem\",\"position\":2,\"name\":\"Stages de tecnificaci\u00f3n deportiva &#8211; P\u00e1gina gen\u00e9rica\"}]},{\"@type\":\"WebSite\",\"@id\":\"https:\/\/cet10.com\/es\/#website\",\"url\":\"https:\/\/cet10.com\/es\/\",\"name\":\"CET10 - Col\u00b7lectiu d&#039;Esports per a Tothom 10\",\"description\":\"CET10 Esport per a tothom\",\"publisher\":{\"@id\":\"https:\/\/cet10.com\/es\/#organization\"},\"potentialAction\":[{\"@type\":\"SearchAction\",\"target\":{\"@type\":\"EntryPoint\",\"urlTemplate\":\"https:\/\/cet10.com\/es\/?s={search_term_string}\"},\"query-input\":{\"@type\":\"PropertyValueSpecification\",\"valueRequired\":true,\"valueName\":\"search_term_string\"}}],\"inLanguage\":\"es\"},{\"@type\":\"Organization\",\"@id\":\"https:\/\/cet10.com\/es\/#organization\",\"name\":\"CET10\",\"url\":\"https:\/\/cet10.com\/es\/\",\"logo\":{\"@type\":\"ImageObject\",\"inLanguage\":\"es\",\"@id\":\"https:\/\/cet10.com\/es\/#\/schema\/logo\/image\/\",\"url\":\"https:\/\/cet10.com\/wp-content\/uploads\/sites\/36\/2021\/06\/CET10.png\",\"contentUrl\":\"https:\/\/cet10.com\/wp-content\/uploads\/sites\/36\/2021\/06\/CET10.png\",\"width\":210,\"height\":67,\"caption\":\"CET10\"},\"image\":{\"@id\":\"https:\/\/cet10.com\/es\/#\/schema\/logo\/image\/\"}}]}<\/script>\n<!-- \/ Yoast SEO plugin. -->","yoast_head_json":{"title":"Stages de tecnificaci\u00f3n deportiva - CET10 - \u00a1Conoce nuestras propuestas!","description":"Stages de tecnificaci\u00f3n deportiva: el tiempo de convivencias es un espacio educativo clave en el crecimiento de los ni\u00f1os y j\u00f3venes...","robots":{"index":"index","follow":"follow","max-snippet":"max-snippet:-1","max-image-preview":"max-image-preview:large","max-video-preview":"max-video-preview:-1"},"canonical":"https:\/\/cet10.com\/es\/stage-tecnificacion-deportiva\/","og_locale":"es_ES","og_type":"article","og_title":"Stages de tecnificaci\u00f3n deportiva - CET10 - \u00a1Conoce nuestras propuestas!","og_description":"Stages de tecnificaci\u00f3n deportiva: el tiempo de convivencias es un espacio educativo clave en el crecimiento de los ni\u00f1os y j\u00f3venes...","og_url":"https:\/\/cet10.com\/es\/stage-tecnificacion-deportiva\/","og_site_name":"CET10 - Col\u00b7lectiu d&#039;Esports per a Tothom 10","article_modified_time":"2026-02-23T17:17:02+00:00","twitter_card":"summary_large_image","twitter_misc":{"Tiempo de lectura":"6 minutos"},"schema":{"@context":"https:\/\/schema.org","@graph":[{"@type":"WebPage","@id":"https:\/\/cet10.com\/es\/stage-tecnificacion-deportiva\/","url":"https:\/\/cet10.com\/es\/stage-tecnificacion-deportiva\/","name":"Stages de tecnificaci\u00f3n deportiva - CET10 - \u00a1Conoce nuestras propuestas!","isPartOf":{"@id":"https:\/\/cet10.com\/es\/#website"},"datePublished":"2021-02-16T11:11:28+00:00","dateModified":"2026-02-23T17:17:02+00:00","description":"Stages de tecnificaci\u00f3n deportiva: el tiempo de convivencias es un espacio educativo clave en el crecimiento de los ni\u00f1os y j\u00f3venes...","breadcrumb":{"@id":"https:\/\/cet10.com\/es\/stage-tecnificacion-deportiva\/#breadcrumb"},"inLanguage":"es","potentialAction":[{"@type":"ReadAction","target":["https:\/\/cet10.com\/es\/stage-tecnificacion-deportiva\/"]}]},{"@type":"BreadcrumbList","@id":"https:\/\/cet10.com\/es\/stage-tecnificacion-deportiva\/#breadcrumb","itemListElement":[{"@type":"ListItem","position":1,"name":"Portada","item":"https:\/\/cet10.com\/es\/"},{"@type":"ListItem","position":2,"name":"Stages de tecnificaci\u00f3n deportiva &#8211; P\u00e1gina gen\u00e9rica"}]},{"@type":"WebSite","@id":"https:\/\/cet10.com\/es\/#website","url":"https:\/\/cet10.com\/es\/","name":"CET10 - Col\u00b7lectiu d&#039;Esports per a Tothom 10","description":"CET10 Esport per a tothom","publisher":{"@id":"https:\/\/cet10.com\/es\/#organization"},"potentialAction":[{"@type":"SearchAction","target":{"@type":"EntryPoint","urlTemplate":"https:\/\/cet10.com\/es\/?s={search_term_string}"},"query-input":{"@type":"PropertyValueSpecification","valueRequired":true,"valueName":"search_term_string"}}],"inLanguage":"es"},{"@type":"Organization","@id":"https:\/\/cet10.com\/es\/#organization","name":"CET10","url":"https:\/\/cet10.com\/es\/","logo":{"@type":"ImageObject","inLanguage":"es","@id":"https:\/\/cet10.com\/es\/#\/schema\/logo\/image\/","url":"https:\/\/cet10.com\/wp-content\/uploads\/sites\/36\/2021\/06\/CET10.png","contentUrl":"https:\/\/cet10.com\/wp-content\/uploads\/sites\/36\/2021\/06\/CET10.png","width":210,"height":67,"caption":"CET10"},"image":{"@id":"https:\/\/cet10.com\/es\/#\/schema\/logo\/image\/"}}]}},"_links":{"self":[{"href":"https:\/\/cet10.com\/es\/wp-json\/wp\/v2\/pages\/38564","targetHints":{"allow":["GET"]}}],"collection":[{"href":"https:\/\/cet10.com\/es\/wp-json\/wp\/v2\/pages"}],"about":[{"href":"https:\/\/cet10.com\/es\/wp-json\/wp\/v2\/types\/page"}],"author":[{"embeddable":true,"href":"https:\/\/cet10.com\/es\/wp-json\/wp\/v2\/users\/4"}],"replies":[{"embeddable":true,"href":"https:\/\/cet10.com\/es\/wp-json\/wp\/v2\/comments?post=38564"}],"version-history":[{"count":2,"href":"https:\/\/cet10.com\/es\/wp-json\/wp\/v2\/pages\/38564\/revisions"}],"predecessor-version":[{"id":182045,"href":"https:\/\/cet10.com\/es\/wp-json\/wp\/v2\/pages\/38564\/revisions\/182045"}],"wp:attachment":[{"href":"https:\/\/cet10.com\/es\/wp-json\/wp\/v2\/media?parent=38564"}],"curies":[{"name":"wp","href":"https:\/\/api.w.org\/{rel}","templated":true}]}}