{"id":42088,"date":"2021-04-28T11:33:18","date_gmt":"2021-04-28T09:33:18","guid":{"rendered":"https:\/\/cet10.com\/gym-online\/"},"modified":"2023-04-14T13:28:56","modified_gmt":"2023-04-14T11:28:56","slug":"gym-online","status":"publish","type":"page","link":"https:\/\/cet10.com\/es\/gym-online\/","title":{"rendered":"Gym online &#8211; Cambio de plataforma"},"content":{"rendered":"<div class=\"wpb-content-wrapper\"><p>[vc_row][vc_column offset=\u00bbvc_hidden-xs\u00bb][vc_single_image image=\u00bb42004&#8243; img_size=\u00bbfull\u00bb alignment=\u00bbcenter\u00bb css=\u00bb.vc_custom_1619687941384{margin-bottom: 10px !important;}\u00bb][vc_separator][\/vc_column][\/vc_row][vc_row][vc_column offset=\u00bbvc_hidden-lg vc_hidden-md vc_hidden-sm\u00bb][vc_single_image image=\u00bb42077&#8243; img_size=\u00bbfull\u00bb alignment=\u00bbcenter\u00bb css=\u00bb.vc_custom_1619695276184{margin-bottom: 10px !important;}\u00bb][vc_separator][\/vc_column][\/vc_row][vc_row][vc_column width=\u00bb2\/3&#8243;][vc_row_inner][vc_column_inner offset=\u00bbvc_hidden-xs\u00bb][vc_custom_heading text=\u00bbNuevo gym online\u00bb font_container=\u00bbtag:h1|font_size:30px|text_align:left|line_height:32px\u00bb css=\u00bb.vc_custom_1619706244513{margin-bottom: 15px !important;}\u00bb][\/vc_column_inner][\/vc_row_inner][vc_row_inner][vc_column_inner offset=\u00bbvc_hidden-lg vc_hidden-md vc_hidden-sm\u00bb][vc_custom_heading text=\u00bbNuevo gym online\u00bb font_container=\u00bbtag:h1|font_size:40px|text_align:center|line_height:38px\u00bb css=\u00bb.vc_custom_1619706256671{margin-bottom: 15px !important;}\u00bb][\/vc_column_inner][\/vc_row_inner][vc_row_inner][vc_column_inner offset=\u00bbvc_hidden-lg vc_hidden-md vc_hidden-sm\u00bb][vc_single_image image=\u00bb42009&#8243; img_size=\u00bbfull\u00bb css=\u00bb.vc_custom_1619612462338{margin-top: 20px !important;}\u00bb][\/vc_column_inner][\/vc_row_inner][vc_column_text]El gym online de CET10 ha cambiado de plataforma y, por este motivo, <strong>el usuario y contrase\u00f1a que utilizabas hasta ahora ya no son v\u00e1lidos.<\/strong><\/p>\n<p>Para poder acceder al nuevo gym online, introduce el <strong>correo electr\u00f3nico que facilitaste en el momento de inscribirte en tu centro deportivo y configura tu contrase\u00f1a en el enlace \u201cOlvid\u00e9 mi contrase\u00f1a\u201d.<\/strong> Si el correo est\u00e1 dado de alta en nuestro sistema, se te enviar\u00e1 un email con el enlace para poder establecer tu contrase\u00f1a.[\/vc_column_text][vc_row_inner][vc_column_inner offset=\u00bbvc_hidden-xs\u00bb][vc_btn title=\u00bbACCEDE AQU\u00cd AL NUEVO GYM ONLINE\u00bb shape=\u00bbsquare\u00bb color=\u00bbwarning\u00bb align=\u00bbleft\u00bb link=\u00bburl:https%3A%2F%2Fcet10.codev8.info%2F\u00bb][\/vc_column_inner][\/vc_row_inner][vc_row_inner][vc_column_inner offset=\u00bbvc_hidden-lg vc_hidden-md vc_hidden-sm\u00bb][vc_btn title=\u00bbACCEDE AQU\u00cd AL NUEVO GYM ONLINE\u00bb shape=\u00bbsquare\u00bb color=\u00bbwarning\u00bb align=\u00bbcenter\u00bb button_block=\u00bbtrue\u00bb link=\u00bburl:https%3A%2F%2Fcet10.codev8.info%2F\u00bb][\/vc_column_inner][\/vc_row_inner][\/vc_column][vc_column width=\u00bb1\/3&#8243; offset=\u00bbvc_hidden-xs\u00bb][vc_single_image image=\u00bb42012&#8243; img_size=\u00bbfull\u00bb][\/vc_column][\/vc_row]<\/p>\n<\/div>","protected":false},"excerpt":{"rendered":"<p>[vc_row][vc_column offset=\u00bbvc_hidden-xs\u00bb][vc_single_image image=\u00bb42004&#8243; img_size=\u00bbfull\u00bb alignment=\u00bbcenter\u00bb css=\u00bb.vc_custom_1619687941384{margin-bottom: 10px !important;}\u00bb][vc_separator][\/vc_column][\/vc_row][vc_row][vc_column offset=\u00bbvc_hidden-lg vc_hidden-md vc_hidden-sm\u00bb][vc_single_image image=\u00bb42077&#8243; img_size=\u00bbfull\u00bb alignment=\u00bbcenter\u00bb css=\u00bb.vc_custom_1619695276184{margin-bottom: 10px !important;}\u00bb][vc_separator][\/vc_column][\/vc_row][vc_row][vc_column width=\u00bb2\/3&#8243;][vc_row_inner][vc_column_inner offset=\u00bbvc_hidden-xs\u00bb][vc_custom_heading text=\u00bbNuevo gym online\u00bb font_container=\u00bbtag:h1|font_size:30px|text_align:left|line_height:32px\u00bb css=\u00bb.vc_custom_1619706244513{margin-bottom: 15px !important;}\u00bb][\/vc_column_inner][\/vc_row_inner][vc_row_inner][vc_column_inner offset=\u00bbvc_hidden-lg vc_hidden-md vc_hidden-sm\u00bb][vc_custom_heading text=\u00bbNuevo gym online\u00bb font_container=\u00bbtag:h1|font_size:40px|text_align:center|line_height:38px\u00bb css=\u00bb.vc_custom_1619706256671{margin-bottom: 15px !important;}\u00bb][\/vc_column_inner][\/vc_row_inner][vc_row_inner][vc_column_inner offset=\u00bbvc_hidden-lg vc_hidden-md vc_hidden-sm\u00bb][vc_single_image image=\u00bb42009&#8243; img_size=\u00bbfull\u00bb css=\u00bb.vc_custom_1619612462338{margin-top: 20px !important;}\u00bb][\/vc_column_inner][\/vc_row_inner][vc_column_text]El gym online de CET10 ha cambiado de plataforma y, por este&hellip;<\/p>\n","protected":false},"author":4,"featured_media":0,"parent":0,"menu_order":0,"comment_status":"closed","ping_status":"closed","template":"","meta":{"footnotes":""},"class_list":["post-42088","page","type-page","status-publish","hentry","description-off"],"yoast_head":"<!-- This site is optimized with the Yoast SEO plugin v26.8 - https:\/\/yoast.com\/product\/yoast-seo-wordpress\/ -->\n<title>Gym online CET10 - Cambio de plataforma - Aviso informativo<\/title>\n<meta name=\"description\" content=\"El gym online de CET10 ha cambiado de plataforma y, por este motivo, el usuario y contrase\u00f1a que utilizabas hasta ahora ya no son v\u00e1lidos.\" \/>\n<meta name=\"robots\" content=\"noindex, nofollow\" \/>\n<meta property=\"og:locale\" content=\"es_ES\" \/>\n<meta property=\"og:type\" content=\"article\" \/>\n<meta property=\"og:title\" content=\"Gym online CET10 - Cambio de plataforma - Aviso informativo\" \/>\n<meta property=\"og:description\" content=\"El gym online de CET10 ha cambiado de plataforma y, por este motivo, el usuario y contrase\u00f1a que utilizabas hasta ahora ya no son v\u00e1lidos.\" \/>\n<meta property=\"og:url\" content=\"https:\/\/cet10.com\/es\/gym-online\/\" \/>\n<meta property=\"og:site_name\" content=\"CET10 - Col\u00b7lectiu d&#039;Esports per a Tothom 10\" \/>\n<meta property=\"article:modified_time\" content=\"2023-04-14T11:28:56+00:00\" \/>\n<meta name=\"twitter:card\" content=\"summary_large_image\" \/>\n<meta name=\"twitter:label1\" content=\"Tiempo de lectura\" \/>\n\t<meta name=\"twitter:data1\" content=\"1 minuto\" \/>\n<script type=\"application\/ld+json\" class=\"yoast-schema-graph\">{\"@context\":\"https:\/\/schema.org\",\"@graph\":[{\"@type\":\"WebPage\",\"@id\":\"https:\/\/cet10.com\/es\/gym-online\/\",\"url\":\"https:\/\/cet10.com\/es\/gym-online\/\",\"name\":\"Gym online CET10 - Cambio de plataforma - Aviso informativo\",\"isPartOf\":{\"@id\":\"https:\/\/cet10.com\/es\/#website\"},\"datePublished\":\"2021-04-28T09:33:18+00:00\",\"dateModified\":\"2023-04-14T11:28:56+00:00\",\"description\":\"El gym online de CET10 ha cambiado de plataforma y, por este motivo, el usuario y contrase\u00f1a que utilizabas hasta ahora ya no son v\u00e1lidos.\",\"breadcrumb\":{\"@id\":\"https:\/\/cet10.com\/es\/gym-online\/#breadcrumb\"},\"inLanguage\":\"es\",\"potentialAction\":[{\"@type\":\"ReadAction\",\"target\":[\"https:\/\/cet10.com\/es\/gym-online\/\"]}]},{\"@type\":\"BreadcrumbList\",\"@id\":\"https:\/\/cet10.com\/es\/gym-online\/#breadcrumb\",\"itemListElement\":[{\"@type\":\"ListItem\",\"position\":1,\"name\":\"Portada\",\"item\":\"https:\/\/cet10.com\/es\/\"},{\"@type\":\"ListItem\",\"position\":2,\"name\":\"Gym online &#8211; Cambio de plataforma\"}]},{\"@type\":\"WebSite\",\"@id\":\"https:\/\/cet10.com\/es\/#website\",\"url\":\"https:\/\/cet10.com\/es\/\",\"name\":\"CET10 - Col\u00b7lectiu d&#039;Esports per a Tothom 10\",\"description\":\"CET10 Esport per a tothom\",\"publisher\":{\"@id\":\"https:\/\/cet10.com\/es\/#organization\"},\"potentialAction\":[{\"@type\":\"SearchAction\",\"target\":{\"@type\":\"EntryPoint\",\"urlTemplate\":\"https:\/\/cet10.com\/es\/?s={search_term_string}\"},\"query-input\":{\"@type\":\"PropertyValueSpecification\",\"valueRequired\":true,\"valueName\":\"search_term_string\"}}],\"inLanguage\":\"es\"},{\"@type\":\"Organization\",\"@id\":\"https:\/\/cet10.com\/es\/#organization\",\"name\":\"CET10\",\"url\":\"https:\/\/cet10.com\/es\/\",\"logo\":{\"@type\":\"ImageObject\",\"inLanguage\":\"es\",\"@id\":\"https:\/\/cet10.com\/es\/#\/schema\/logo\/image\/\",\"url\":\"https:\/\/cet10.com\/wp-content\/uploads\/sites\/36\/2021\/06\/CET10.png\",\"contentUrl\":\"https:\/\/cet10.com\/wp-content\/uploads\/sites\/36\/2021\/06\/CET10.png\",\"width\":210,\"height\":67,\"caption\":\"CET10\"},\"image\":{\"@id\":\"https:\/\/cet10.com\/es\/#\/schema\/logo\/image\/\"}}]}<\/script>\n<!-- \/ Yoast SEO plugin. -->","yoast_head_json":{"title":"Gym online CET10 - Cambio de plataforma - Aviso informativo","description":"El gym online de CET10 ha cambiado de plataforma y, por este motivo, el usuario y contrase\u00f1a que utilizabas hasta ahora ya no son v\u00e1lidos.","robots":{"index":"noindex","follow":"nofollow"},"og_locale":"es_ES","og_type":"article","og_title":"Gym online CET10 - Cambio de plataforma - Aviso informativo","og_description":"El gym online de CET10 ha cambiado de plataforma y, por este motivo, el usuario y contrase\u00f1a que utilizabas hasta ahora ya no son v\u00e1lidos.","og_url":"https:\/\/cet10.com\/es\/gym-online\/","og_site_name":"CET10 - Col\u00b7lectiu d&#039;Esports per a Tothom 10","article_modified_time":"2023-04-14T11:28:56+00:00","twitter_card":"summary_large_image","twitter_misc":{"Tiempo de lectura":"1 minuto"},"schema":{"@context":"https:\/\/schema.org","@graph":[{"@type":"WebPage","@id":"https:\/\/cet10.com\/es\/gym-online\/","url":"https:\/\/cet10.com\/es\/gym-online\/","name":"Gym online CET10 - Cambio de plataforma - Aviso informativo","isPartOf":{"@id":"https:\/\/cet10.com\/es\/#website"},"datePublished":"2021-04-28T09:33:18+00:00","dateModified":"2023-04-14T11:28:56+00:00","description":"El gym online de CET10 ha cambiado de plataforma y, por este motivo, el usuario y contrase\u00f1a que utilizabas hasta ahora ya no son v\u00e1lidos.","breadcrumb":{"@id":"https:\/\/cet10.com\/es\/gym-online\/#breadcrumb"},"inLanguage":"es","potentialAction":[{"@type":"ReadAction","target":["https:\/\/cet10.com\/es\/gym-online\/"]}]},{"@type":"BreadcrumbList","@id":"https:\/\/cet10.com\/es\/gym-online\/#breadcrumb","itemListElement":[{"@type":"ListItem","position":1,"name":"Portada","item":"https:\/\/cet10.com\/es\/"},{"@type":"ListItem","position":2,"name":"Gym online &#8211; Cambio de plataforma"}]},{"@type":"WebSite","@id":"https:\/\/cet10.com\/es\/#website","url":"https:\/\/cet10.com\/es\/","name":"CET10 - Col\u00b7lectiu d&#039;Esports per a Tothom 10","description":"CET10 Esport per a tothom","publisher":{"@id":"https:\/\/cet10.com\/es\/#organization"},"potentialAction":[{"@type":"SearchAction","target":{"@type":"EntryPoint","urlTemplate":"https:\/\/cet10.com\/es\/?s={search_term_string}"},"query-input":{"@type":"PropertyValueSpecification","valueRequired":true,"valueName":"search_term_string"}}],"inLanguage":"es"},{"@type":"Organization","@id":"https:\/\/cet10.com\/es\/#organization","name":"CET10","url":"https:\/\/cet10.com\/es\/","logo":{"@type":"ImageObject","inLanguage":"es","@id":"https:\/\/cet10.com\/es\/#\/schema\/logo\/image\/","url":"https:\/\/cet10.com\/wp-content\/uploads\/sites\/36\/2021\/06\/CET10.png","contentUrl":"https:\/\/cet10.com\/wp-content\/uploads\/sites\/36\/2021\/06\/CET10.png","width":210,"height":67,"caption":"CET10"},"image":{"@id":"https:\/\/cet10.com\/es\/#\/schema\/logo\/image\/"}}]}},"_links":{"self":[{"href":"https:\/\/cet10.com\/es\/wp-json\/wp\/v2\/pages\/42088","targetHints":{"allow":["GET"]}}],"collection":[{"href":"https:\/\/cet10.com\/es\/wp-json\/wp\/v2\/pages"}],"about":[{"href":"https:\/\/cet10.com\/es\/wp-json\/wp\/v2\/types\/page"}],"author":[{"embeddable":true,"href":"https:\/\/cet10.com\/es\/wp-json\/wp\/v2\/users\/4"}],"replies":[{"embeddable":true,"href":"https:\/\/cet10.com\/es\/wp-json\/wp\/v2\/comments?post=42088"}],"version-history":[{"count":0,"href":"https:\/\/cet10.com\/es\/wp-json\/wp\/v2\/pages\/42088\/revisions"}],"wp:attachment":[{"href":"https:\/\/cet10.com\/es\/wp-json\/wp\/v2\/media?parent=42088"}],"curies":[{"name":"wp","href":"https:\/\/api.w.org\/{rel}","templated":true}]}}