{"id":60679,"date":"2022-05-02T08:03:55","date_gmt":"2022-05-02T06:03:55","guid":{"rendered":"https:\/\/cet10.com\/?page_id=60679"},"modified":"2023-09-05T09:22:23","modified_gmt":"2023-09-05T07:22:23","slug":"apariciones-capacitadd","status":"publish","type":"page","link":"https:\/\/cet10.com\/es\/apariciones-capacitadd\/","title":{"rendered":"Apariciones Capacit&#8217;add"},"content":{"rendered":"<div class=\"wpb-content-wrapper\"><p>[vc_row][vc_column][vc_custom_heading text=\u00bbNoticias de Capacit&#8217;add\u00bb font_container=\u00bbtag:h1|text_align:left\u00bb][vc_separator][\/vc_column][\/vc_row][vc_row type=\u00bbvc_default\u00bb gap=\u00bb20&#8243;][vc_column width=\u00bb1\/4&#8243; css=\u00bb.vc_custom_1642524376950{background-color: #f2f2f2 !important;}\u00bb][vc_single_image image=\u00bb49509&#8243; img_size=\u00bbfull\u00bb alignment=\u00bbcenter\u00bb css=\u00bb.vc_custom_1642579612717{margin-top: -6% !important;}\u00bb][vc_column_text css=\u00bb.vc_custom_1642705258590{margin-top: -10px !important;margin-bottom: 20px !important;}\u00bb]<\/p>\n<p>Monitores que rompen barreras.<\/p>\n<p><strong>Marcet Inteligent Football<\/strong>[\/vc_column_text]<style type=\"text\/css\" data-type=\"the7_shortcodes-inline-css\">#default-btn-0e3ea5a5eb89b0087bb9c19bcf04b225 {\n  border-radius: 0px;\n  font-size: 15px;\n  line-height: 17px;\n}\n.btn-shadow#default-btn-0e3ea5a5eb89b0087bb9c19bcf04b225 {\n  box-shadow: 0 1px 6px rgba(0,0,0,0.12);\n  transition: box-shadow 0.2s ease-out, opacity 0.45s;\n}\n.btn-shadow#default-btn-0e3ea5a5eb89b0087bb9c19bcf04b225:hover {\n  box-shadow: 0 5px 11px 0 rgba(0,0,0,0.18), 0 4px 15px 0 rgba(0,0,0,0.15);\n}\n.btn-3d#default-btn-0e3ea5a5eb89b0087bb9c19bcf04b225 {\n  box-shadow: 0px 2px 0px 0px #ae7013;\n}\n.btn-3d#default-btn-0e3ea5a5eb89b0087bb9c19bcf04b225:hover {\n  box-shadow: 0px 2px 0px 0px #9e6112;\n}\n.btn-flat#default-btn-0e3ea5a5eb89b0087bb9c19bcf04b225 {\n  box-shadow: none;\n}\n.btn-flat#default-btn-0e3ea5a5eb89b0087bb9c19bcf04b225:hover {\n  box-shadow: none;\n}\n#default-btn-0e3ea5a5eb89b0087bb9c19bcf04b225.ico-right-side > i {\n  margin-right: 0px;\n  margin-left: 8px;\n}\n#default-btn-0e3ea5a5eb89b0087bb9c19bcf04b225 > i {\n  margin-right: 8px;\n  font-size: 0px;\n}\n#default-btn-0e3ea5a5eb89b0087bb9c19bcf04b225:not(:hover) {\n  border-width: 0px;\n  background: #ff9900 !important;\n  padding: 15px 18px 15px 18px;\n}\n#default-btn-0e3ea5a5eb89b0087bb9c19bcf04b225:hover {\n  border-width: 0px;\n  background: #ed8600 !important;\n  padding: 15px 18px 15px 18px;\n}\n#default-btn-0e3ea5a5eb89b0087bb9c19bcf04b225.ico-right-side > i {\n  margin-right: 0px;\n  margin-left: 8px;\n}\n#default-btn-0e3ea5a5eb89b0087bb9c19bcf04b225 > i {\n  margin-right: 8px;\n}<\/style><div class=\"btn-align-center\"><a href=\"https:\/\/marcetfootball.com\/es\/monitores-que-rompen-barreras\/\" class=\"default-btn-shortcode dt-btn link-hover-off btn-flat  vc_custom_1693898059084\" id=\"default-btn-0e3ea5a5eb89b0087bb9c19bcf04b225\" style=\"width:550px;\"><span>VER NOTICIA<\/span><\/a><\/div>[\/vc_column][vc_column width=\u00bb1\/4&#8243; css=\u00bb.vc_custom_1642525109503{background-color: #f2f2f2 !important;}\u00bb][vc_single_image image=\u00bb49520&#8243; img_size=\u00bbfull\u00bb alignment=\u00bbcenter\u00bb css=\u00bb.vc_custom_1642581438389{margin-top: -6% !important;}\u00bb][vc_column_text css=\u00bb.vc_custom_1642705279743{margin-top: -10px !important;margin-bottom: 20px !important;}\u00bb]<\/p>\n<p>Ciutat Solid\u00e0ria &#8211; Fundaci\u00f3 CET10.<\/p>\n<p><strong>R\u00e0dio Onda Cero<\/strong>[\/vc_column_text]<style type=\"text\/css\" data-type=\"the7_shortcodes-inline-css\">#default-btn-2125b686f932d82082aea6c0292c7792 {\n  border-radius: 0px;\n  font-size: 15px;\n  line-height: 17px;\n}\n.btn-shadow#default-btn-2125b686f932d82082aea6c0292c7792 {\n  box-shadow: 0 1px 6px rgba(0,0,0,0.12);\n  transition: box-shadow 0.2s ease-out, opacity 0.45s;\n}\n.btn-shadow#default-btn-2125b686f932d82082aea6c0292c7792:hover {\n  box-shadow: 0 5px 11px 0 rgba(0,0,0,0.18), 0 4px 15px 0 rgba(0,0,0,0.15);\n}\n.btn-3d#default-btn-2125b686f932d82082aea6c0292c7792 {\n  box-shadow: 0px 2px 0px 0px #ae7013;\n}\n.btn-3d#default-btn-2125b686f932d82082aea6c0292c7792:hover {\n  box-shadow: 0px 2px 0px 0px #9e6112;\n}\n.btn-flat#default-btn-2125b686f932d82082aea6c0292c7792 {\n  box-shadow: none;\n}\n.btn-flat#default-btn-2125b686f932d82082aea6c0292c7792:hover {\n  box-shadow: none;\n}\n#default-btn-2125b686f932d82082aea6c0292c7792.ico-right-side > i {\n  margin-right: 0px;\n  margin-left: 8px;\n}\n#default-btn-2125b686f932d82082aea6c0292c7792 > i {\n  margin-right: 8px;\n  font-size: 0px;\n}\n#default-btn-2125b686f932d82082aea6c0292c7792:not(:hover) {\n  border-width: 0px;\n  background: #ff9900 !important;\n  padding: 15px 18px 15px 18px;\n}\n#default-btn-2125b686f932d82082aea6c0292c7792:hover {\n  border-width: 0px;\n  background: #ed8600 !important;\n  padding: 15px 18px 15px 18px;\n}\n#default-btn-2125b686f932d82082aea6c0292c7792.ico-right-side > i {\n  margin-right: 0px;\n  margin-left: 8px;\n}\n#default-btn-2125b686f932d82082aea6c0292c7792 > i {\n  margin-right: 8px;\n}<\/style><div class=\"btn-align-center\"><a href=\"https:\/\/www.ondacero.es\/emisoras\/catalunya\/audios-podcast\/ciutat\/ciutat-solidaria-fundacio-cet10-06062018_201806065b17d57a0cf2792cab5fa514.html\" class=\"default-btn-shortcode dt-btn link-hover-off btn-flat  vc_custom_1693898077190\" id=\"default-btn-2125b686f932d82082aea6c0292c7792\" style=\"width:550px;\"><span>VER NOTICIA<\/span><\/a><\/div>[\/vc_column][vc_column width=\u00bb1\/4&#8243; css=\u00bb.vc_custom_1642525249471{background-color: #f2f2f2 !important;}\u00bb][vc_single_image image=\u00bb49514&#8243; img_size=\u00bbfull\u00bb alignment=\u00bbcenter\u00bb css=\u00bb.vc_custom_1642580351465{margin-top: -6% !important;}\u00bb][vc_column_text css=\u00bb.vc_custom_1642705305703{margin-top: -10px !important;margin-bottom: 20px !important;}\u00bb]<\/p>\n<p>De monitor s\u00ed que ho puc ser.<\/p>\n<p><strong>El Peri\u00f3dico<\/strong>[\/vc_column_text]<style type=\"text\/css\" data-type=\"the7_shortcodes-inline-css\">#default-btn-075063b90419741c506d61b6e9eb4fa5 {\n  border-radius: 0px;\n  font-size: 15px;\n  line-height: 17px;\n}\n.btn-shadow#default-btn-075063b90419741c506d61b6e9eb4fa5 {\n  box-shadow: 0 1px 6px rgba(0,0,0,0.12);\n  transition: box-shadow 0.2s ease-out, opacity 0.45s;\n}\n.btn-shadow#default-btn-075063b90419741c506d61b6e9eb4fa5:hover {\n  box-shadow: 0 5px 11px 0 rgba(0,0,0,0.18), 0 4px 15px 0 rgba(0,0,0,0.15);\n}\n.btn-3d#default-btn-075063b90419741c506d61b6e9eb4fa5 {\n  box-shadow: 0px 2px 0px 0px #ae7013;\n}\n.btn-3d#default-btn-075063b90419741c506d61b6e9eb4fa5:hover {\n  box-shadow: 0px 2px 0px 0px #9e6112;\n}\n.btn-flat#default-btn-075063b90419741c506d61b6e9eb4fa5 {\n  box-shadow: none;\n}\n.btn-flat#default-btn-075063b90419741c506d61b6e9eb4fa5:hover {\n  box-shadow: none;\n}\n#default-btn-075063b90419741c506d61b6e9eb4fa5.ico-right-side > i {\n  margin-right: 0px;\n  margin-left: 8px;\n}\n#default-btn-075063b90419741c506d61b6e9eb4fa5 > i {\n  margin-right: 8px;\n  font-size: 0px;\n}\n#default-btn-075063b90419741c506d61b6e9eb4fa5:not(:hover) {\n  border-width: 0px;\n  background: #ff9900 !important;\n  padding: 15px 18px 15px 18px;\n}\n#default-btn-075063b90419741c506d61b6e9eb4fa5:hover {\n  border-width: 0px;\n  background: #ed8600 !important;\n  padding: 15px 18px 15px 18px;\n}\n#default-btn-075063b90419741c506d61b6e9eb4fa5.ico-right-side > i {\n  margin-right: 0px;\n  margin-left: 8px;\n}\n#default-btn-075063b90419741c506d61b6e9eb4fa5 > i {\n  margin-right: 8px;\n}<\/style><div class=\"btn-align-center\"><a href=\"https:\/\/www.elperiodico.cat\/ca\/barcelona\/20170802\/quan-la-llico-la-donen-els-nens-6184784\" class=\"default-btn-shortcode dt-btn link-hover-off btn-flat  vc_custom_1693898093923\" id=\"default-btn-075063b90419741c506d61b6e9eb4fa5\" style=\"width:550px;\"><span>VER NOTICIA<\/span><\/a><\/div>[\/vc_column][vc_column width=\u00bb1\/4&#8243; css=\u00bb.vc_custom_1642525262426{background-color: #f2f2f2 !important;}\u00bb][vc_single_image image=\u00bb49518&#8243; img_size=\u00bbfull\u00bb alignment=\u00bbcenter\u00bb css=\u00bb.vc_custom_1642581121167{margin-top: -6% !important;}\u00bb][vc_column_text css=\u00bb.vc_custom_1642705384639{margin-top: -10px !important;margin-bottom: 20px !important;}\u00bb]<\/p>\n<p>Una inserci\u00f3 laboral real.<\/p>\n<p><strong>Ara Criatures<\/strong>[\/vc_column_text]<style type=\"text\/css\" data-type=\"the7_shortcodes-inline-css\">#default-btn-081ea23d220f7ecb74c7aadd8d3777ea {\n  border-radius: 0px;\n  font-size: 15px;\n  line-height: 17px;\n}\n.btn-shadow#default-btn-081ea23d220f7ecb74c7aadd8d3777ea {\n  box-shadow: 0 1px 6px rgba(0,0,0,0.12);\n  transition: box-shadow 0.2s ease-out, opacity 0.45s;\n}\n.btn-shadow#default-btn-081ea23d220f7ecb74c7aadd8d3777ea:hover {\n  box-shadow: 0 5px 11px 0 rgba(0,0,0,0.18), 0 4px 15px 0 rgba(0,0,0,0.15);\n}\n.btn-3d#default-btn-081ea23d220f7ecb74c7aadd8d3777ea {\n  box-shadow: 0px 2px 0px 0px #ae7013;\n}\n.btn-3d#default-btn-081ea23d220f7ecb74c7aadd8d3777ea:hover {\n  box-shadow: 0px 2px 0px 0px #9e6112;\n}\n.btn-flat#default-btn-081ea23d220f7ecb74c7aadd8d3777ea {\n  box-shadow: none;\n}\n.btn-flat#default-btn-081ea23d220f7ecb74c7aadd8d3777ea:hover {\n  box-shadow: none;\n}\n#default-btn-081ea23d220f7ecb74c7aadd8d3777ea.ico-right-side > i {\n  margin-right: 0px;\n  margin-left: 8px;\n}\n#default-btn-081ea23d220f7ecb74c7aadd8d3777ea > i {\n  margin-right: 8px;\n  font-size: 0px;\n}\n#default-btn-081ea23d220f7ecb74c7aadd8d3777ea:not(:hover) {\n  border-width: 0px;\n  background: #ff9900 !important;\n  padding: 15px 18px 15px 18px;\n}\n#default-btn-081ea23d220f7ecb74c7aadd8d3777ea:hover {\n  border-width: 0px;\n  background: #ed8600 !important;\n  padding: 15px 18px 15px 18px;\n}\n#default-btn-081ea23d220f7ecb74c7aadd8d3777ea.ico-right-side > i {\n  margin-right: 0px;\n  margin-left: 8px;\n}\n#default-btn-081ea23d220f7ecb74c7aadd8d3777ea > i {\n  margin-right: 8px;\n}<\/style><div class=\"btn-align-center\"><a href=\"https:\/\/criatures.ara.cat\/adolescencia\/insercio-laboral-real-joves-discapacitat-intellectual_0_1996600331.html?utm_medium=social&amp;utm_source=mail&amp;utm_campaign=ara\" class=\"default-btn-shortcode dt-btn link-hover-off btn-flat  vc_custom_1693898112243\" id=\"default-btn-081ea23d220f7ecb74c7aadd8d3777ea\" style=\"width:550px;\"><span>VER NOTICIA<\/span><\/a><\/div>[\/vc_column][\/vc_row][vc_row type=\u00bbvc_default\u00bb gap=\u00bb20&#8243; css=\u00bb.vc_custom_1642582634876{margin-bottom: 10% !important;}\u00bb][vc_column width=\u00bb1\/4&#8243; css=\u00bb.vc_custom_1642524376950{background-color: #f2f2f2 !important;}\u00bb][vc_single_image image=\u00bb49512&#8243; img_size=\u00bbfull\u00bb alignment=\u00bbcenter\u00bb css=\u00bb.vc_custom_1642580135475{margin-top: -6% !important;}\u00bb][vc_column_text css=\u00bb.vc_custom_1642705448918{margin-top: -10px !important;margin-bottom: 20px !important;}\u00bb]<\/p>\n<p>Joves amb diversitat intel\u00b7lectual aprenen a ensenyar.<\/p>\n<p><strong>Betev\u00e9<\/strong>[\/vc_column_text]<style type=\"text\/css\" data-type=\"the7_shortcodes-inline-css\">#default-btn-95b1fdea25357d5ebff0af65c62ccf43 {\n  border-radius: 0px;\n  font-size: 15px;\n  line-height: 17px;\n}\n.btn-shadow#default-btn-95b1fdea25357d5ebff0af65c62ccf43 {\n  box-shadow: 0 1px 6px rgba(0,0,0,0.12);\n  transition: box-shadow 0.2s ease-out, opacity 0.45s;\n}\n.btn-shadow#default-btn-95b1fdea25357d5ebff0af65c62ccf43:hover {\n  box-shadow: 0 5px 11px 0 rgba(0,0,0,0.18), 0 4px 15px 0 rgba(0,0,0,0.15);\n}\n.btn-3d#default-btn-95b1fdea25357d5ebff0af65c62ccf43 {\n  box-shadow: 0px 2px 0px 0px #ae7013;\n}\n.btn-3d#default-btn-95b1fdea25357d5ebff0af65c62ccf43:hover {\n  box-shadow: 0px 2px 0px 0px #9e6112;\n}\n.btn-flat#default-btn-95b1fdea25357d5ebff0af65c62ccf43 {\n  box-shadow: none;\n}\n.btn-flat#default-btn-95b1fdea25357d5ebff0af65c62ccf43:hover {\n  box-shadow: none;\n}\n#default-btn-95b1fdea25357d5ebff0af65c62ccf43.ico-right-side > i {\n  margin-right: 0px;\n  margin-left: 8px;\n}\n#default-btn-95b1fdea25357d5ebff0af65c62ccf43 > i {\n  margin-right: 8px;\n  font-size: 0px;\n}\n#default-btn-95b1fdea25357d5ebff0af65c62ccf43:not(:hover) {\n  border-width: 0px;\n  background: #ff9900 !important;\n  padding: 15px 18px 15px 18px;\n}\n#default-btn-95b1fdea25357d5ebff0af65c62ccf43:hover {\n  border-width: 0px;\n  background: #ed8600 !important;\n  padding: 15px 18px 15px 18px;\n}\n#default-btn-95b1fdea25357d5ebff0af65c62ccf43.ico-right-side > i {\n  margin-right: 0px;\n  margin-left: 8px;\n}\n#default-btn-95b1fdea25357d5ebff0af65c62ccf43 > i {\n  margin-right: 8px;\n}<\/style><div class=\"btn-align-center\"><a href=\"https:\/\/beteve.cat\/la-familia-barris\/fundacio-cet10\/\" class=\"default-btn-shortcode dt-btn link-hover-off btn-flat  vc_custom_1693898129690\" id=\"default-btn-95b1fdea25357d5ebff0af65c62ccf43\" style=\"width:550px;\"><span>VER NOTICIA<\/span><\/a><\/div>[\/vc_column][vc_column width=\u00bb1\/4&#8243; css=\u00bb.vc_custom_1642525109503{background-color: #f2f2f2 !important;}\u00bb][vc_single_image image=\u00bb49522&#8243; img_size=\u00bbfull\u00bb alignment=\u00bbcenter\u00bb css=\u00bb.vc_custom_1642581750325{margin-top: -6% !important;}\u00bb][vc_column_text css_animation=\u00bbnone\u00bb css=\u00bb.vc_custom_1642705505111{margin-top: -10px !important;margin-bottom: 20px !important;}\u00bb]<\/p>\n<p>CET10 i el programa Capacit&#8217;add. L&#8217;esport i l&#8217;educaci\u00f3 en el lleure.<\/p>\n<p><strong>Ara.cat<\/strong>[\/vc_column_text]<style type=\"text\/css\" data-type=\"the7_shortcodes-inline-css\">#default-btn-42af3ce5712b4fb6a43e3c25bfd8b089 {\n  border-radius: 0px;\n  font-size: 15px;\n  line-height: 17px;\n}\n.btn-shadow#default-btn-42af3ce5712b4fb6a43e3c25bfd8b089 {\n  box-shadow: 0 1px 6px rgba(0,0,0,0.12);\n  transition: box-shadow 0.2s ease-out, opacity 0.45s;\n}\n.btn-shadow#default-btn-42af3ce5712b4fb6a43e3c25bfd8b089:hover {\n  box-shadow: 0 5px 11px 0 rgba(0,0,0,0.18), 0 4px 15px 0 rgba(0,0,0,0.15);\n}\n.btn-3d#default-btn-42af3ce5712b4fb6a43e3c25bfd8b089 {\n  box-shadow: 0px 2px 0px 0px #ae7013;\n}\n.btn-3d#default-btn-42af3ce5712b4fb6a43e3c25bfd8b089:hover {\n  box-shadow: 0px 2px 0px 0px #9e6112;\n}\n.btn-flat#default-btn-42af3ce5712b4fb6a43e3c25bfd8b089 {\n  box-shadow: none;\n}\n.btn-flat#default-btn-42af3ce5712b4fb6a43e3c25bfd8b089:hover {\n  box-shadow: none;\n}\n#default-btn-42af3ce5712b4fb6a43e3c25bfd8b089.ico-right-side > i {\n  margin-right: 0px;\n  margin-left: 8px;\n}\n#default-btn-42af3ce5712b4fb6a43e3c25bfd8b089 > i {\n  margin-right: 8px;\n  font-size: 0px;\n}\n#default-btn-42af3ce5712b4fb6a43e3c25bfd8b089:not(:hover) {\n  border-width: 0px;\n  background: #ff9900 !important;\n  padding: 15px 18px 15px 18px;\n}\n#default-btn-42af3ce5712b4fb6a43e3c25bfd8b089:hover {\n  border-width: 0px;\n  background: #ed8600 !important;\n  padding: 15px 18px 15px 18px;\n}\n#default-btn-42af3ce5712b4fb6a43e3c25bfd8b089.ico-right-side > i {\n  margin-right: 0px;\n  margin-left: 8px;\n}\n#default-btn-42af3ce5712b4fb6a43e3c25bfd8b089 > i {\n  margin-right: 8px;\n}<\/style><div class=\"btn-align-center\"><a href=\"https:\/\/cet10.com\/wp-content\/uploads\/sites\/36\/2019\/12\/2019-12-3-DISCAPACITATS-pag-20.pdf\" class=\"default-btn-shortcode dt-btn link-hover-off btn-flat  vc_custom_1693898157715\" id=\"default-btn-42af3ce5712b4fb6a43e3c25bfd8b089\" style=\"width:550px;\"><span>VER NOTICIA<\/span><\/a><\/div>[\/vc_column][vc_column width=\u00bb1\/4&#8243; css=\u00bb.vc_custom_1642582243752{background-color: #f2f2f2 !important;}\u00bb][vc_single_image image=\u00bb49526&#8243; img_size=\u00bbfull\u00bb alignment=\u00bbcenter\u00bb css=\u00bb.vc_custom_1642582456513{margin-top: -6% !important;}\u00bb][vc_column_text css_animation=\u00bbnone\u00bb css=\u00bb.vc_custom_1642705531991{margin-top: -10px !important;margin-bottom: 20px !important;}\u00bb]<\/p>\n<p>Alumnos que son maestros. Formando a monitores de ocio.<\/p>\n<p><strong>La Vanguardia<\/strong>[\/vc_column_text]<style type=\"text\/css\" data-type=\"the7_shortcodes-inline-css\">#default-btn-5ffca59612ab4db74aae135f06337d2d {\n  border-radius: 0px;\n  font-size: 15px;\n  line-height: 17px;\n}\n.btn-shadow#default-btn-5ffca59612ab4db74aae135f06337d2d {\n  box-shadow: 0 1px 6px rgba(0,0,0,0.12);\n  transition: box-shadow 0.2s ease-out, opacity 0.45s;\n}\n.btn-shadow#default-btn-5ffca59612ab4db74aae135f06337d2d:hover {\n  box-shadow: 0 5px 11px 0 rgba(0,0,0,0.18), 0 4px 15px 0 rgba(0,0,0,0.15);\n}\n.btn-3d#default-btn-5ffca59612ab4db74aae135f06337d2d {\n  box-shadow: 0px 2px 0px 0px #ae7013;\n}\n.btn-3d#default-btn-5ffca59612ab4db74aae135f06337d2d:hover {\n  box-shadow: 0px 2px 0px 0px #9e6112;\n}\n.btn-flat#default-btn-5ffca59612ab4db74aae135f06337d2d {\n  box-shadow: none;\n}\n.btn-flat#default-btn-5ffca59612ab4db74aae135f06337d2d:hover {\n  box-shadow: none;\n}\n#default-btn-5ffca59612ab4db74aae135f06337d2d.ico-right-side > i {\n  margin-right: 0px;\n  margin-left: 8px;\n}\n#default-btn-5ffca59612ab4db74aae135f06337d2d > i {\n  margin-right: 8px;\n  font-size: 0px;\n}\n#default-btn-5ffca59612ab4db74aae135f06337d2d:not(:hover) {\n  border-width: 0px;\n  background: #ff9900 !important;\n  padding: 15px 18px 15px 18px;\n}\n#default-btn-5ffca59612ab4db74aae135f06337d2d:hover {\n  border-width: 0px;\n  background: #ed8600 !important;\n  padding: 15px 18px 15px 18px;\n}\n#default-btn-5ffca59612ab4db74aae135f06337d2d.ico-right-side > i {\n  margin-right: 0px;\n  margin-left: 8px;\n}\n#default-btn-5ffca59612ab4db74aae135f06337d2d > i {\n  margin-right: 8px;\n}<\/style><div class=\"btn-align-center\"><a href=\"https:\/\/cet10.com\/wp-content\/uploads\/sites\/36\/2018\/06\/alumnos-que-son-maestros-capacitadd.jpg\" class=\"default-btn-shortcode dt-btn link-hover-off btn-flat  vc_custom_1693898177954\" id=\"default-btn-5ffca59612ab4db74aae135f06337d2d\" style=\"width:550px;\"><span>VER NOTICIA<\/span><\/a><\/div>[\/vc_column][vc_column width=\u00bb1\/4&#8243;][\/vc_column][\/vc_row]<\/p>\n<\/div>","protected":false},"excerpt":{"rendered":"<p>[vc_row][vc_column][vc_custom_heading text=\u00bbNoticias de Capacit&#8217;add\u00bb font_container=\u00bbtag:h1|text_align:left\u00bb][vc_separator][\/vc_column][\/vc_row][vc_row type=\u00bbvc_default\u00bb gap=\u00bb20&#8243;][vc_column width=\u00bb1\/4&#8243; css=\u00bb.vc_custom_1642524376950{background-color: #f2f2f2 !important;}\u00bb][vc_single_image image=\u00bb49509&#8243; img_size=\u00bbfull\u00bb alignment=\u00bbcenter\u00bb css=\u00bb.vc_custom_1642579612717{margin-top: -6% !important;}\u00bb][vc_column_text css=\u00bb.vc_custom_1642705258590{margin-top: -10px !important;margin-bottom: 20px !important;}\u00bb] Monitores que rompen barreras. Marcet Inteligent Football[\/vc_column_text][\/vc_column][vc_column width=\u00bb1\/4&#8243; css=\u00bb.vc_custom_1642525109503{background-color: #f2f2f2 !important;}\u00bb][vc_single_image image=\u00bb49520&#8243; img_size=\u00bbfull\u00bb alignment=\u00bbcenter\u00bb css=\u00bb.vc_custom_1642581438389{margin-top: -6% !important;}\u00bb][vc_column_text css=\u00bb.vc_custom_1642705279743{margin-top: -10px !important;margin-bottom: 20px !important;}\u00bb] Ciutat Solid\u00e0ria &#8211; Fundaci\u00f3 CET10. R\u00e0dio Onda Cero[\/vc_column_text][\/vc_column][vc_column width=\u00bb1\/4&#8243; css=\u00bb.vc_custom_1642525249471{background-color: #f2f2f2&hellip;<\/p>\n","protected":false},"author":4,"featured_media":0,"parent":0,"menu_order":0,"comment_status":"closed","ping_status":"closed","template":"","meta":{"footnotes":""},"class_list":["post-60679","page","type-page","status-publish","hentry","description-off"],"yoast_head":"<!-- This site is optimized with the Yoast SEO plugin v26.8 - https:\/\/yoast.com\/product\/yoast-seo-wordpress\/ -->\n<title>Apariciones Capacit&#039;add - CET10 - Col\u00b7lectiu d&#039;Esports per a Tothom 10<\/title>\n<meta name=\"description\" content=\"Noticias de Capacit&#039;add: Art\u00edculos del Blog de la Fundaci\u00f3 CET10. Conoce todas nuestras apariciones en prensa.\" \/>\n<meta name=\"robots\" content=\"index, follow, max-snippet:-1, max-image-preview:large, max-video-preview:-1\" \/>\n<link rel=\"canonical\" href=\"https:\/\/cet10.com\/es\/formacion-inclusion-discapacidad-intelectual\/\" \/>\n<meta property=\"og:locale\" content=\"es_ES\" \/>\n<meta property=\"og:type\" content=\"article\" \/>\n<meta property=\"og:title\" content=\"Apariciones Capacit&#039;add - CET10 - Col\u00b7lectiu d&#039;Esports per a Tothom 10\" \/>\n<meta property=\"og:description\" content=\"Noticias de Capacit&#039;add: Art\u00edculos del Blog de la Fundaci\u00f3 CET10. Conoce todas nuestras apariciones en prensa.\" \/>\n<meta property=\"og:url\" content=\"https:\/\/cet10.com\/es\/formacion-inclusion-discapacidad-intelectual\/\" \/>\n<meta property=\"og:site_name\" content=\"CET10 - Col\u00b7lectiu d&#039;Esports per a Tothom 10\" \/>\n<meta property=\"article:modified_time\" content=\"2023-09-05T07:22:23+00:00\" \/>\n<meta name=\"twitter:card\" content=\"summary_large_image\" \/>\n<meta name=\"twitter:label1\" content=\"Tiempo de lectura\" \/>\n\t<meta name=\"twitter:data1\" content=\"3 minutos\" \/>\n<script type=\"application\/ld+json\" class=\"yoast-schema-graph\">{\"@context\":\"https:\/\/schema.org\",\"@graph\":[{\"@type\":\"WebPage\",\"@id\":\"https:\/\/cet10.com\/es\/apariciones-capacitadd\/\",\"url\":\"https:\/\/cet10.com\/es\/formacion-inclusion-discapacidad-intelectual\/\",\"name\":\"Apariciones Capacit'add - CET10 - Col\u00b7lectiu d&#039;Esports per a Tothom 10\",\"isPartOf\":{\"@id\":\"https:\/\/cet10.com\/es\/#website\"},\"datePublished\":\"2022-05-02T06:03:55+00:00\",\"dateModified\":\"2023-09-05T07:22:23+00:00\",\"description\":\"Noticias de Capacit'add: Art\u00edculos del Blog de la Fundaci\u00f3 CET10. Conoce todas nuestras apariciones en prensa.\",\"breadcrumb\":{\"@id\":\"https:\/\/cet10.com\/es\/formacion-inclusion-discapacidad-intelectual\/#breadcrumb\"},\"inLanguage\":\"es\",\"potentialAction\":[{\"@type\":\"ReadAction\",\"target\":[\"https:\/\/cet10.com\/es\/formacion-inclusion-discapacidad-intelectual\/\"]}]},{\"@type\":\"BreadcrumbList\",\"@id\":\"https:\/\/cet10.com\/es\/formacion-inclusion-discapacidad-intelectual\/#breadcrumb\",\"itemListElement\":[{\"@type\":\"ListItem\",\"position\":1,\"name\":\"Portada\",\"item\":\"https:\/\/cet10.com\/es\/\"},{\"@type\":\"ListItem\",\"position\":2,\"name\":\"Apariciones Capacit&#8217;add\"}]},{\"@type\":\"WebSite\",\"@id\":\"https:\/\/cet10.com\/es\/#website\",\"url\":\"https:\/\/cet10.com\/es\/\",\"name\":\"CET10 - Col\u00b7lectiu d&#039;Esports per a Tothom 10\",\"description\":\"CET10 Esport per a tothom\",\"publisher\":{\"@id\":\"https:\/\/cet10.com\/es\/#organization\"},\"potentialAction\":[{\"@type\":\"SearchAction\",\"target\":{\"@type\":\"EntryPoint\",\"urlTemplate\":\"https:\/\/cet10.com\/es\/?s={search_term_string}\"},\"query-input\":{\"@type\":\"PropertyValueSpecification\",\"valueRequired\":true,\"valueName\":\"search_term_string\"}}],\"inLanguage\":\"es\"},{\"@type\":\"Organization\",\"@id\":\"https:\/\/cet10.com\/es\/#organization\",\"name\":\"CET10\",\"url\":\"https:\/\/cet10.com\/es\/\",\"logo\":{\"@type\":\"ImageObject\",\"inLanguage\":\"es\",\"@id\":\"https:\/\/cet10.com\/es\/#\/schema\/logo\/image\/\",\"url\":\"https:\/\/cet10.com\/wp-content\/uploads\/sites\/36\/2021\/06\/CET10.png\",\"contentUrl\":\"https:\/\/cet10.com\/wp-content\/uploads\/sites\/36\/2021\/06\/CET10.png\",\"width\":210,\"height\":67,\"caption\":\"CET10\"},\"image\":{\"@id\":\"https:\/\/cet10.com\/es\/#\/schema\/logo\/image\/\"}}]}<\/script>\n<!-- \/ Yoast SEO plugin. -->","yoast_head_json":{"title":"Apariciones Capacit'add - CET10 - Col\u00b7lectiu d&#039;Esports per a Tothom 10","description":"Noticias de Capacit'add: Art\u00edculos del Blog de la Fundaci\u00f3 CET10. Conoce todas nuestras apariciones en prensa.","robots":{"index":"index","follow":"follow","max-snippet":"max-snippet:-1","max-image-preview":"max-image-preview:large","max-video-preview":"max-video-preview:-1"},"canonical":"https:\/\/cet10.com\/es\/formacion-inclusion-discapacidad-intelectual\/","og_locale":"es_ES","og_type":"article","og_title":"Apariciones Capacit'add - CET10 - Col\u00b7lectiu d&#039;Esports per a Tothom 10","og_description":"Noticias de Capacit'add: Art\u00edculos del Blog de la Fundaci\u00f3 CET10. Conoce todas nuestras apariciones en prensa.","og_url":"https:\/\/cet10.com\/es\/formacion-inclusion-discapacidad-intelectual\/","og_site_name":"CET10 - Col\u00b7lectiu d&#039;Esports per a Tothom 10","article_modified_time":"2023-09-05T07:22:23+00:00","twitter_card":"summary_large_image","twitter_misc":{"Tiempo de lectura":"3 minutos"},"schema":{"@context":"https:\/\/schema.org","@graph":[{"@type":"WebPage","@id":"https:\/\/cet10.com\/es\/apariciones-capacitadd\/","url":"https:\/\/cet10.com\/es\/formacion-inclusion-discapacidad-intelectual\/","name":"Apariciones Capacit'add - CET10 - Col\u00b7lectiu d&#039;Esports per a Tothom 10","isPartOf":{"@id":"https:\/\/cet10.com\/es\/#website"},"datePublished":"2022-05-02T06:03:55+00:00","dateModified":"2023-09-05T07:22:23+00:00","description":"Noticias de Capacit'add: Art\u00edculos del Blog de la Fundaci\u00f3 CET10. Conoce todas nuestras apariciones en prensa.","breadcrumb":{"@id":"https:\/\/cet10.com\/es\/formacion-inclusion-discapacidad-intelectual\/#breadcrumb"},"inLanguage":"es","potentialAction":[{"@type":"ReadAction","target":["https:\/\/cet10.com\/es\/formacion-inclusion-discapacidad-intelectual\/"]}]},{"@type":"BreadcrumbList","@id":"https:\/\/cet10.com\/es\/formacion-inclusion-discapacidad-intelectual\/#breadcrumb","itemListElement":[{"@type":"ListItem","position":1,"name":"Portada","item":"https:\/\/cet10.com\/es\/"},{"@type":"ListItem","position":2,"name":"Apariciones Capacit&#8217;add"}]},{"@type":"WebSite","@id":"https:\/\/cet10.com\/es\/#website","url":"https:\/\/cet10.com\/es\/","name":"CET10 - Col\u00b7lectiu d&#039;Esports per a Tothom 10","description":"CET10 Esport per a tothom","publisher":{"@id":"https:\/\/cet10.com\/es\/#organization"},"potentialAction":[{"@type":"SearchAction","target":{"@type":"EntryPoint","urlTemplate":"https:\/\/cet10.com\/es\/?s={search_term_string}"},"query-input":{"@type":"PropertyValueSpecification","valueRequired":true,"valueName":"search_term_string"}}],"inLanguage":"es"},{"@type":"Organization","@id":"https:\/\/cet10.com\/es\/#organization","name":"CET10","url":"https:\/\/cet10.com\/es\/","logo":{"@type":"ImageObject","inLanguage":"es","@id":"https:\/\/cet10.com\/es\/#\/schema\/logo\/image\/","url":"https:\/\/cet10.com\/wp-content\/uploads\/sites\/36\/2021\/06\/CET10.png","contentUrl":"https:\/\/cet10.com\/wp-content\/uploads\/sites\/36\/2021\/06\/CET10.png","width":210,"height":67,"caption":"CET10"},"image":{"@id":"https:\/\/cet10.com\/es\/#\/schema\/logo\/image\/"}}]}},"_links":{"self":[{"href":"https:\/\/cet10.com\/es\/wp-json\/wp\/v2\/pages\/60679","targetHints":{"allow":["GET"]}}],"collection":[{"href":"https:\/\/cet10.com\/es\/wp-json\/wp\/v2\/pages"}],"about":[{"href":"https:\/\/cet10.com\/es\/wp-json\/wp\/v2\/types\/page"}],"author":[{"embeddable":true,"href":"https:\/\/cet10.com\/es\/wp-json\/wp\/v2\/users\/4"}],"replies":[{"embeddable":true,"href":"https:\/\/cet10.com\/es\/wp-json\/wp\/v2\/comments?post=60679"}],"version-history":[{"count":0,"href":"https:\/\/cet10.com\/es\/wp-json\/wp\/v2\/pages\/60679\/revisions"}],"wp:attachment":[{"href":"https:\/\/cet10.com\/es\/wp-json\/wp\/v2\/media?parent=60679"}],"curies":[{"name":"wp","href":"https:\/\/api.w.org\/{rel}","templated":true}]}}