{"id":6284,"date":"2018-05-07T08:50:41","date_gmt":"2018-05-07T08:50:41","guid":{"rendered":"https:\/\/cet10.com\/acollida\/"},"modified":"2025-07-25T13:32:11","modified_gmt":"2025-07-25T11:32:11","slug":"acogida","status":"publish","type":"page","link":"https:\/\/cet10.com\/es\/acogida\/","title":{"rendered":"Acogida y Casales de tarde"},"content":{"rendered":"<div class=\"wpb-content-wrapper\"><p>[vc_row type=\u00bbvc_default\u00bb full_width=\u00bbstretch_row_content_no_spaces\u00bb css=\u00bb.vc_custom_1695036289717{margin-bottom: 35px !important;background-image: url(https:\/\/cet10.com\/wp-content\/uploads\/sites\/36\/2023\/09\/CET10-acollida.webp?id=85036) !important;background-position: center !important;background-repeat: no-repeat !important;background-size: cover !important;}\u00bb][vc_column offset=\u00bbvc_hidden-xs\u00bb][vc_custom_heading text=\u00bbAcogida y Casales de tarde\u00bb font_container=\u00bbtag:h1|font_size:50px|text_align:center|color:%23ffffff|line_height:60px\u00bb use_theme_fonts=\u00bbyes\u00bb css=\u00bb.vc_custom_1695036313048{padding-top: 151px !important;padding-bottom: 160px !important;}\u00bb][\/vc_column][\/vc_row][vc_row type=\u00bbvc_default\u00bb full_width=\u00bbstretch_row_content_no_spaces\u00bb css=\u00bb.vc_custom_1695036815018{margin-top: -35px !important;margin-bottom: -30px !important;background-image: url(https:\/\/cet10.com\/wp-content\/uploads\/sites\/36\/2023\/09\/CET10-acollida.webp?id=85036) !important;background-position: center !important;background-repeat: no-repeat !important;background-size: cover !important;}\u00bb][vc_column offset=\u00bbvc_hidden-lg vc_hidden-md vc_hidden-sm\u00bb][vc_column_text css=\u00bb.vc_custom_1695036178722{padding-top: 90px !important;padding-bottom: 90px !important;}\u00bb]<\/p>\n<p style=\"text-align: center; font-family: Roboto; font-size: 35px; line-height: 40px;\"><span style=\"color: #ffffff;\"><strong>Acogida y<br \/>\nCasales de tarde<br \/>\n<\/strong><\/span><\/p>\n<p>[\/vc_column_text][\/vc_column][\/vc_row][vc_row][vc_column offset=\u00bbvc_hidden-lg vc_hidden-md vc_hidden-sm\u00bb][vc_empty_space height=\u00bb30px\u00bb][\/vc_column][\/vc_row][vc_row][vc_column offset=\u00bbvc_hidden-xs\u00bb][vc_empty_space height=\u00bb60px\u00bb][\/vc_column][\/vc_row][vc_row][vc_column][vc_custom_heading text=\u00bbUn espacio l\u00fadico de diversi\u00f3n, juego y aprendizaje\u00bb use_theme_fonts=\u00bbyes\u00bb][vc_separator][\/vc_column][\/vc_row][vc_row][vc_column width=\u00bb2\/3&#8243;][vc_column_text]<\/p>\n<div class=\"page\" title=\"Page 1\">\n<div class=\"layoutArea\">\n<div class=\"column\">\n<p>La acogida matinal y el casal de tarde se plantean como <strong>espacios l\u00fadicos donde el ni\u00f1o\/a se sienta c\u00f3modo y sea el m\u00e1ximo protagonista<\/strong>. Son servicios dirigidos a las familias de la escuela que, por varios motivos, necesitan la acogida de sus hijos e hijas antes de la entrada y despu\u00e9s de la salida de las clases. Tanto en la acogida, como en el casal de tarde, hay ni\u00f1os\/as que necesitan que este espacio sea un espacio libre y otros en cambio, que se los gusta participar en una actividad dirigida.<\/p>\n<p>A continuaci\u00f3n os mostramos el listado de escuelas donde ofrecemos el <strong>servicio de inscripci\u00f3n online de estos servicios.<\/strong><\/p>\n<p>Para realizar la inscripci\u00f3n online, hay que clicar al link de la escuela y seguir los pasos dentro del \u00e1rea de cliente.<\/p>\n<p>Para m\u00e1s informaci\u00f3n pod\u00e9is dirigiros a la persona coordinadora de vuestro centro.<\/p>\n<\/div>\n<\/div>\n<\/div>\n<p>[\/vc_column_text][vc_row_inner][vc_column_inner width=\u00bb1\/3&#8243;]<div class=\"standard-arrow bullet-top\"><ul>\n<li><strong><a href=\"http:\/\/bacderoda.afagest.com\">Escuela Bac de Roda<\/a><\/strong><\/li>\n<li><strong><a href=\"http:\/\/canfabra.afagest.com\">Escuela Can Fabra<\/a><\/strong><\/li>\n<li><strong><a href=\"http:\/\/escolacasas.afagest.com\">Escuela Casas<\/a><\/strong><\/li>\n<\/ul>\n<\/div>[\/vc_column_inner][vc_column_inner width=\u00bb1\/3&#8243;]<div class=\"standard-arrow bullet-top\"><ul>\n<li><strong><a href=\"http:\/\/escolaentenca.afagest.com\">Escuela Enten\u00e7a<\/a><\/strong><\/li>\n<li><strong><a href=\"http:\/\/larcdesantmarti.afagest.com\">Escuela L&#8217;Arc de Sant Mart\u00ed<\/a><\/strong><\/li>\n<li><strong><a href=\"mailto:dalfonso@cet10.com?subject=Solicitud%20informaci\u00f3n%20escuela%20Pere%20IV\">Escuela Pere IV<\/a><\/strong><\/li>\n<\/ul>\n<\/div>[\/vc_column_inner][vc_column_inner width=\u00bb1\/3&#8243;]<div class=\"standard-arrow bullet-top\"><ul>\n<li><strong><a href=\"http:\/\/proven.afagest.com\">Escuela Proven\u00e7als<\/a><\/strong><\/li>\n<li><strong><a href=\"http:\/\/rambleta.afagest.com\">Escuela Rambleta del Clot<\/a><\/strong><\/li>\n<li><strong><a href=\"http:\/\/escolasplai.afagest.com\">Escuela Splai<\/a><\/strong><\/li>\n<\/ul>\n<\/div>[\/vc_column_inner][\/vc_row_inner][vc_empty_space height=\u00bb20px\u00bb]<div id=\"ultimate-heading-49269dce5c3222bd\" class=\"uvc-heading ult-adjust-bottom-margin ultimate-heading-49269dce5c3222bd uvc-7724  uvc-heading-default-font-sizes\" data-hspacer=\"no_spacer\"  data-halign=\"left\" style=\"text-align:left\"><div class=\"uvc-heading-spacer no_spacer\" style=\"top\"><\/div><div class=\"uvc-main-heading ult-responsive\"  data-ultimate-target='.uvc-heading.ultimate-heading-49269dce5c3222bd h2'  data-responsive-json-new='{\"font-size\":\"\",\"line-height\":\"\"}' ><h2 style=\"--font-weight:theme;\">Objetivos<\/h2><\/div><\/div>[vc_empty_space height=\u00bb20px\u00bb]<div class=\"standard-arrow list-divider bullet-top\"><div class=\"page\" title=\"Page 1\">\n<div class=\"layoutArea\">\n<div class=\"column\">\n<ul>\n<li id=\"tw-target-text\" class=\"tw-data-text tw-ta tw-text-small\"><span lang=\"es\">Favorecer el protagonismo de los ni\u00f1os y ni\u00f1as.<\/span><\/li>\n<li class=\"tw-data-text tw-ta tw-text-small\"><span lang=\"es\">Dise\u00f1ar espacios de actividades donde los peque\u00f1os puedan sentirse c\u00f3modos durante el tiempo de la acogida. <\/span><\/li>\n<li class=\"tw-data-text tw-ta tw-text-small\"><span lang=\"es\">Descubrir nuevas destrezas manuales. <\/span><\/li>\n<li class=\"tw-data-text tw-ta tw-text-small\"><span lang=\"es\">Disfrutar de un espacio relajado donde poder realizar actividades l\u00fadicas con otros ni\u00f1os y ni\u00f1as.<\/span><\/li>\n<\/ul>\n<\/div>\n<\/div>\n<\/div>\n<\/div>[vc_empty_space height=\u00bb15px\u00bb][\/vc_column][vc_column width=\u00bb1\/3&#8243;][vc_single_image image=\u00bb6285&#8243; img_size=\u00bbfull\u00bb][\/vc_column][\/vc_row][vc_row type=\u00bbvc_default\u00bb bg_type=\u00bbbg_color\u00bb bg_override=\u00bbfull\u00bb bg_color_value=\u00bb#f5f5f5&#8243;][vc_column][vc_column_text]<\/p>\n<h2 style=\"text-align: center;\"><span style=\"font-size: 18pt;\">La acogida y el casal de tarde contribuyen a la conciliaci\u00f3n de la vida familiar y laboral<\/span><\/h2>\n<p>[\/vc_column_text][\/vc_column][\/vc_row][vc_row][vc_column]<div id=\"ultimate-heading-621869dce5c322368\" class=\"uvc-heading ult-adjust-bottom-margin ultimate-heading-621869dce5c322368 uvc-4746  uvc-heading-default-font-sizes\" data-hspacer=\"no_spacer\"  data-halign=\"left\" style=\"text-align:left\"><div class=\"uvc-heading-spacer no_spacer\" style=\"top\"><\/div><div class=\"uvc-main-heading ult-responsive\"  data-ultimate-target='.uvc-heading.ultimate-heading-621869dce5c322368 h2'  data-responsive-json-new='{\"font-size\":\"\",\"line-height\":\"\"}' ><h2 style=\"--font-weight:theme;\">Espacios y actividades<\/h2><\/div><\/div>[vc_empty_space height=\u00bb15px\u00bb][vc_column_text]<\/p>\n<div class=\"page\" title=\"Page 1\">\n<div class=\"layoutArea\">\n<div class=\"column\">\n<p>Para poder dar respuesta a los diferentes intereses y, teniendo presente las necesidades de los ni\u00f1os y ni\u00f1as, de manera peri\u00f3dica se realiza una peque\u00f1a asamblea con los ni\u00f1os para decidir el funcionamiento del d\u00eda a d\u00eda. Encontramos varios espacios diferenciados y adaptados a los niveles evolutivos:<\/p>\n<\/div>\n<\/div>\n<\/div>\n<p>[\/vc_column_text]<div class=\"standard-arrow list-divider bullet-top\"><div class=\"page\" title=\"Page 2\">\n<div class=\"layoutArea\">\n<div class=\"column\">\n<ul>\n<li><strong>Espacio de juegos de mesa<\/strong>: para educaci\u00f3n infantil, utilizamos puzzles de dificultad baja, juegos de cartas con im\u00e1genes de animales, juegos de \u00abchinchetas\u00bb y memorys, entre otros. Para educaci\u00f3n primaria, contamos con ajedrez, parch\u00eds, juego de la oca, juegos de cartas, mister mind, puzzles de dificultad media y mucho m\u00e1s.<\/li>\n<li><strong>Espacio de creaci\u00f3n art\u00edstica<\/strong>: este espacio est\u00e1 dirigido al desarrollo de la creatividad y las destrezas manuales. Se llevar\u00e1 a cabo una manualidad que previamente habr\u00e1 sido decidida por los ni\u00f1os en funci\u00f3n de la tem\u00e1tica del mes.<\/li>\n<li><strong>Espacio de construcciones<\/strong>: espacio donde los ni\u00f1os encontrar\u00e1n diferentes materiales para poder realizar construcciones y crear formas abstractas con las propuestas de juegos que iremos proponiendo.<\/li>\n<li><strong>Espacio de juego simb\u00f3lico<\/strong>: los ni\u00f1os encontrar\u00e1n juguetes para poder crear o construir circuitos de coches, parkings, entre otros. Tambi\u00e9n podr\u00e1n crear un restaurante o una cocinita con alimentos y utensilios de cocina.<\/li>\n<li><strong>Espacio de libre experimentaci\u00f3n o espacio calma<\/strong>: los ni\u00f1os y ni\u00f1as m\u00e1s grandes les gusta tener un espacio donde poder jugar a sus cartas, cromos o bien, con el cubo de Rubik. Podr\u00e1n jugar y experimentar libremente con sus compa\u00f1eros.<\/li>\n<\/ul>\n<\/div>\n<\/div>\n<\/div>\n<\/div>[\/vc_column][\/vc_row][vc_row type=\u00bbvc_default\u00bb disable_element=\u00bbyes\u00bb][vc_column][vc_raw_html css=\u00bb\u00bb]JTNDYSUyMGhyZWYlM0QlMjJodHRwcyUzQSUyRiUyRmFwaS53aGF0c2FwcC5jb20lMkZzZW5kJTNGcGhvbmUlM0QzNDY0NTE0Mzk5OSUyMiUyMGNsYXNzJTNEJTIyZmxvYXQtd2ElMjIlMjAlM0UlMEElM0NpbWclMjBzcmMlM0QlMjJodHRwcyUzQSUyRiUyRmNldDEwLmNvbSUyRndwLWNvbnRlbnQlMkZ1cGxvYWRzJTJGc2l0ZXMlMkYzNiUyRjIwMjUlMkYwNCUyRndoYXRzYXBwLTEuc3ZnJTIyJTIwJTNFJTBBJTNDJTJGYSUzRQ==[\/vc_raw_html][\/vc_column][\/vc_row]<\/p>\n<\/div>","protected":false},"excerpt":{"rendered":"<p>[vc_row type=\u00bbvc_default\u00bb full_width=\u00bbstretch_row_content_no_spaces\u00bb css=\u00bb.vc_custom_1695036289717{margin-bottom: 35px !important;background-image: url(https:\/\/cet10.com\/wp-content\/uploads\/sites\/36\/2023\/09\/CET10-acollida.webp?id=85036) !important;background-position: center !important;background-repeat: no-repeat !important;background-size: cover !important;}\u00bb][vc_column offset=\u00bbvc_hidden-xs\u00bb][vc_custom_heading text=\u00bbAcogida y Casales de tarde\u00bb font_container=\u00bbtag:h1|font_size:50px|text_align:center|color:%23ffffff|line_height:60px\u00bb use_theme_fonts=\u00bbyes\u00bb css=\u00bb.vc_custom_1695036313048{padding-top: 151px !important;padding-bottom: 160px !important;}\u00bb][\/vc_column][\/vc_row][vc_row type=\u00bbvc_default\u00bb full_width=\u00bbstretch_row_content_no_spaces\u00bb css=\u00bb.vc_custom_1695036815018{margin-top: -35px !important;margin-bottom: -30px !important;background-image: url(https:\/\/cet10.com\/wp-content\/uploads\/sites\/36\/2023\/09\/CET10-acollida.webp?id=85036) !important;background-position: center !important;background-repeat: no-repeat !important;background-size: cover !important;}\u00bb][vc_column offset=\u00bbvc_hidden-lg vc_hidden-md vc_hidden-sm\u00bb][vc_column_text css=\u00bb.vc_custom_1695036178722{padding-top: 90px !important;padding-bottom: 90px !important;}\u00bb] Acogida y Casales de tarde&hellip;<\/p>\n","protected":false},"author":4,"featured_media":0,"parent":0,"menu_order":0,"comment_status":"closed","ping_status":"closed","template":"","meta":{"footnotes":""},"class_list":["post-6284","page","type-page","status-publish","hentry","description-off"],"yoast_head":"<!-- This site is optimized with the Yoast SEO plugin v26.8 - https:\/\/yoast.com\/product\/yoast-seo-wordpress\/ -->\n<title>Acogida ma\u00f1anas. El ni\u00f1o o ni\u00f1a es el gran protagonista<\/title>\n<meta name=\"description\" content=\"Acogida ma\u00f1anas: un espacio l\u00fadico donde el ni\u00f1o\/a es el m\u00e1ximo protagonista. Un servicio antes de la entrada a clases.\" \/>\n<meta name=\"robots\" content=\"index, follow, max-snippet:-1, max-image-preview:large, max-video-preview:-1\" \/>\n<link rel=\"canonical\" href=\"https:\/\/cet10.com\/es\/acogida\/\" \/>\n<meta property=\"og:locale\" content=\"es_ES\" \/>\n<meta property=\"og:type\" content=\"article\" \/>\n<meta property=\"og:title\" content=\"Acogida ma\u00f1anas. El ni\u00f1o o ni\u00f1a es el gran protagonista\" \/>\n<meta property=\"og:description\" content=\"Acogida ma\u00f1anas: un espacio l\u00fadico donde el ni\u00f1o\/a es el m\u00e1ximo protagonista. Un servicio antes de la entrada a clases.\" \/>\n<meta property=\"og:url\" content=\"https:\/\/cet10.com\/es\/acogida\/\" \/>\n<meta property=\"og:site_name\" content=\"CET10 - Col\u00b7lectiu d&#039;Esports per a Tothom 10\" \/>\n<meta property=\"article:modified_time\" content=\"2025-07-25T11:32:11+00:00\" \/>\n<meta name=\"twitter:card\" content=\"summary_large_image\" \/>\n<meta name=\"twitter:label1\" content=\"Tiempo de lectura\" \/>\n\t<meta name=\"twitter:data1\" content=\"3 minutos\" \/>\n<script type=\"application\/ld+json\" class=\"yoast-schema-graph\">{\"@context\":\"https:\/\/schema.org\",\"@graph\":[{\"@type\":\"WebPage\",\"@id\":\"https:\/\/cet10.com\/es\/acogida\/\",\"url\":\"https:\/\/cet10.com\/es\/acogida\/\",\"name\":\"Acogida ma\u00f1anas. El ni\u00f1o o ni\u00f1a es el gran protagonista\",\"isPartOf\":{\"@id\":\"https:\/\/cet10.com\/es\/#website\"},\"datePublished\":\"2018-05-07T08:50:41+00:00\",\"dateModified\":\"2025-07-25T11:32:11+00:00\",\"description\":\"Acogida ma\u00f1anas: un espacio l\u00fadico donde el ni\u00f1o\/a es el m\u00e1ximo protagonista. Un servicio antes de la entrada a clases.\",\"breadcrumb\":{\"@id\":\"https:\/\/cet10.com\/es\/acogida\/#breadcrumb\"},\"inLanguage\":\"es\",\"potentialAction\":[{\"@type\":\"ReadAction\",\"target\":[\"https:\/\/cet10.com\/es\/acogida\/\"]}]},{\"@type\":\"BreadcrumbList\",\"@id\":\"https:\/\/cet10.com\/es\/acogida\/#breadcrumb\",\"itemListElement\":[{\"@type\":\"ListItem\",\"position\":1,\"name\":\"Portada\",\"item\":\"https:\/\/cet10.com\/es\/\"},{\"@type\":\"ListItem\",\"position\":2,\"name\":\"Acogida y Casales de tarde\"}]},{\"@type\":\"WebSite\",\"@id\":\"https:\/\/cet10.com\/es\/#website\",\"url\":\"https:\/\/cet10.com\/es\/\",\"name\":\"CET10 - Col\u00b7lectiu d&#039;Esports per a Tothom 10\",\"description\":\"CET10 Esport per a tothom\",\"publisher\":{\"@id\":\"https:\/\/cet10.com\/es\/#organization\"},\"potentialAction\":[{\"@type\":\"SearchAction\",\"target\":{\"@type\":\"EntryPoint\",\"urlTemplate\":\"https:\/\/cet10.com\/es\/?s={search_term_string}\"},\"query-input\":{\"@type\":\"PropertyValueSpecification\",\"valueRequired\":true,\"valueName\":\"search_term_string\"}}],\"inLanguage\":\"es\"},{\"@type\":\"Organization\",\"@id\":\"https:\/\/cet10.com\/es\/#organization\",\"name\":\"CET10\",\"url\":\"https:\/\/cet10.com\/es\/\",\"logo\":{\"@type\":\"ImageObject\",\"inLanguage\":\"es\",\"@id\":\"https:\/\/cet10.com\/es\/#\/schema\/logo\/image\/\",\"url\":\"https:\/\/cet10.com\/wp-content\/uploads\/sites\/36\/2021\/06\/CET10.png\",\"contentUrl\":\"https:\/\/cet10.com\/wp-content\/uploads\/sites\/36\/2021\/06\/CET10.png\",\"width\":210,\"height\":67,\"caption\":\"CET10\"},\"image\":{\"@id\":\"https:\/\/cet10.com\/es\/#\/schema\/logo\/image\/\"}}]}<\/script>\n<!-- \/ Yoast SEO plugin. -->","yoast_head_json":{"title":"Acogida ma\u00f1anas. El ni\u00f1o o ni\u00f1a es el gran protagonista","description":"Acogida ma\u00f1anas: un espacio l\u00fadico donde el ni\u00f1o\/a es el m\u00e1ximo protagonista. Un servicio antes de la entrada a clases.","robots":{"index":"index","follow":"follow","max-snippet":"max-snippet:-1","max-image-preview":"max-image-preview:large","max-video-preview":"max-video-preview:-1"},"canonical":"https:\/\/cet10.com\/es\/acogida\/","og_locale":"es_ES","og_type":"article","og_title":"Acogida ma\u00f1anas. El ni\u00f1o o ni\u00f1a es el gran protagonista","og_description":"Acogida ma\u00f1anas: un espacio l\u00fadico donde el ni\u00f1o\/a es el m\u00e1ximo protagonista. Un servicio antes de la entrada a clases.","og_url":"https:\/\/cet10.com\/es\/acogida\/","og_site_name":"CET10 - Col\u00b7lectiu d&#039;Esports per a Tothom 10","article_modified_time":"2025-07-25T11:32:11+00:00","twitter_card":"summary_large_image","twitter_misc":{"Tiempo de lectura":"3 minutos"},"schema":{"@context":"https:\/\/schema.org","@graph":[{"@type":"WebPage","@id":"https:\/\/cet10.com\/es\/acogida\/","url":"https:\/\/cet10.com\/es\/acogida\/","name":"Acogida ma\u00f1anas. El ni\u00f1o o ni\u00f1a es el gran protagonista","isPartOf":{"@id":"https:\/\/cet10.com\/es\/#website"},"datePublished":"2018-05-07T08:50:41+00:00","dateModified":"2025-07-25T11:32:11+00:00","description":"Acogida ma\u00f1anas: un espacio l\u00fadico donde el ni\u00f1o\/a es el m\u00e1ximo protagonista. Un servicio antes de la entrada a clases.","breadcrumb":{"@id":"https:\/\/cet10.com\/es\/acogida\/#breadcrumb"},"inLanguage":"es","potentialAction":[{"@type":"ReadAction","target":["https:\/\/cet10.com\/es\/acogida\/"]}]},{"@type":"BreadcrumbList","@id":"https:\/\/cet10.com\/es\/acogida\/#breadcrumb","itemListElement":[{"@type":"ListItem","position":1,"name":"Portada","item":"https:\/\/cet10.com\/es\/"},{"@type":"ListItem","position":2,"name":"Acogida y Casales de tarde"}]},{"@type":"WebSite","@id":"https:\/\/cet10.com\/es\/#website","url":"https:\/\/cet10.com\/es\/","name":"CET10 - Col\u00b7lectiu d&#039;Esports per a Tothom 10","description":"CET10 Esport per a tothom","publisher":{"@id":"https:\/\/cet10.com\/es\/#organization"},"potentialAction":[{"@type":"SearchAction","target":{"@type":"EntryPoint","urlTemplate":"https:\/\/cet10.com\/es\/?s={search_term_string}"},"query-input":{"@type":"PropertyValueSpecification","valueRequired":true,"valueName":"search_term_string"}}],"inLanguage":"es"},{"@type":"Organization","@id":"https:\/\/cet10.com\/es\/#organization","name":"CET10","url":"https:\/\/cet10.com\/es\/","logo":{"@type":"ImageObject","inLanguage":"es","@id":"https:\/\/cet10.com\/es\/#\/schema\/logo\/image\/","url":"https:\/\/cet10.com\/wp-content\/uploads\/sites\/36\/2021\/06\/CET10.png","contentUrl":"https:\/\/cet10.com\/wp-content\/uploads\/sites\/36\/2021\/06\/CET10.png","width":210,"height":67,"caption":"CET10"},"image":{"@id":"https:\/\/cet10.com\/es\/#\/schema\/logo\/image\/"}}]}},"_links":{"self":[{"href":"https:\/\/cet10.com\/es\/wp-json\/wp\/v2\/pages\/6284","targetHints":{"allow":["GET"]}}],"collection":[{"href":"https:\/\/cet10.com\/es\/wp-json\/wp\/v2\/pages"}],"about":[{"href":"https:\/\/cet10.com\/es\/wp-json\/wp\/v2\/types\/page"}],"author":[{"embeddable":true,"href":"https:\/\/cet10.com\/es\/wp-json\/wp\/v2\/users\/4"}],"replies":[{"embeddable":true,"href":"https:\/\/cet10.com\/es\/wp-json\/wp\/v2\/comments?post=6284"}],"version-history":[{"count":0,"href":"https:\/\/cet10.com\/es\/wp-json\/wp\/v2\/pages\/6284\/revisions"}],"wp:attachment":[{"href":"https:\/\/cet10.com\/es\/wp-json\/wp\/v2\/media?parent=6284"}],"curies":[{"name":"wp","href":"https:\/\/api.w.org\/{rel}","templated":true}]}}