{"id":6682,"date":"2018-04-23T15:54:37","date_gmt":"2018-04-23T15:54:37","guid":{"rendered":"https:\/\/cet10.com\/fundacio-cet10\/"},"modified":"2025-07-25T13:51:56","modified_gmt":"2025-07-25T11:51:56","slug":"fundacion-cet10","status":"publish","type":"page","link":"https:\/\/cet10.com\/es\/fundacion-cet10\/","title":{"rendered":"Fundaci\u00f3n CET10"},"content":{"rendered":"<div class=\"wpb-content-wrapper\"><p>[vc_row type=\u00bbvc_default\u00bb full_width=\u00bbstretch_row_content_no_spaces\u00bb css=\u00bb.vc_custom_1695220248404{background-image: url(https:\/\/cet10.com\/wp-content\/uploads\/sites\/36\/2023\/09\/CET10-fundacio-mobile.webp?id=85148) !important;background-position: center !important;background-repeat: no-repeat !important;background-size: cover !important;}\u00bb][vc_column offset=\u00bbvc_hidden-lg vc_hidden-md vc_hidden-sm\u00bb][vc_column_text css=\u00bb.vc_custom_1695216958974{padding-top: 90px !important;padding-bottom: 90px !important;}\u00bb]<\/p>\n<p style=\"text-align: center; font-family: Roboto; font-size: 35px; line-height: 40px;\"><span style=\"color: #ffffff;\"><strong>Fundaci\u00f3 CET10<\/strong><\/span><\/p>\n<p>[\/vc_column_text][\/vc_column][\/vc_row][vc_row type=\u00bbvc_default\u00bb full_width=\u00bbstretch_row_content_no_spaces\u00bb css=\u00bb.vc_custom_1695220233625{margin-bottom: 35px !important;background-image: url(https:\/\/cet10.com\/wp-content\/uploads\/sites\/36\/2023\/09\/CET10-fundacio.webp?id=85146) !important;background-position: center !important;background-repeat: no-repeat !important;background-size: cover !important;}\u00bb][vc_column offset=\u00bbvc_hidden-xs\u00bb][vc_custom_heading text=\u00bbFundaci\u00f3 CET10&#8243; font_container=\u00bbtag:h1|font_size:50px|text_align:center|color:%23ffffff|line_height:60px\u00bb use_theme_fonts=\u00bbyes\u00bb css=\u00bb.vc_custom_1695216949822{padding-top: 151px !important;padding-bottom: 160px !important;}\u00bb][\/vc_column][\/vc_row][vc_row][vc_column css=\u00bb.vc_custom_1695220286403{margin-top: -30px !important;}\u00bb][vc_custom_heading text=\u00bbHaciendo un paso m\u00e1s all\u00e1\u00bb use_theme_fonts=\u00bbyes\u00bb][vc_separator][\/vc_column][\/vc_row][vc_row][vc_column][vc_column_text]El proyecto nace en 1994 con el convencimiento que el deporte y el ocio educativo son herramientas que trabajan a favor del crecimiento de las personas, de los ni\u00f1os\/as y de la juventud, a la vez que representan un potente veh\u00edculo\u00a0socializador\u00a0y generador de cohesi\u00f3n.\u00a0<strong>Nuestro objetivo es impulsar el deporte y el tiempo libre como herramienta educativa de gran valor a la sociedad.<\/strong><\/p>\n<p>El proyecto\u00a0CET10\u00a0es una historia de \u00e9xito: hemos crecido sin perder nunca de vista nuestra visi\u00f3n inicial y siendo siempre fieles. Esto nos da la oportunidad de llevar nuestro proyecto un paso m\u00e1s all\u00e1 con la Fundaci\u00f3 CET10: una herramienta que nos permite traer nuestro sentido social fundacional a nuevas cotas, para continuar trabajando con las escuelas como hasta ahora, con las administraciones p\u00fablicas y entidades del sector educativo, s\u00ed, pero tambi\u00e9n para ampliar nuestra tarea hasta otros proyectos y agentes sociales donde haga falta la promoci\u00f3n deportiva y el tiempo libre en favor de la infancia y los j\u00f3venes.[\/vc_column_text][\/vc_column][\/vc_row][vc_row type=\u00bbvc_default\u00bb bg_type=\u00bbbg_color\u00bb bg_override=\u00bbfull\u00bb bg_color_value=\u00bb#f5f5f5&#8243;][vc_column][vc_column_text]<\/p>\n<h2 style=\"text-align: center;\"><span style=\"font-size: 18pt;\">Inclusi\u00f3n, educar y hacer crecer con el deporte y el tiempo libre.<\/span><\/h2>\n<p>[\/vc_column_text][\/vc_column][\/vc_row][vc_row][vc_column width=\u00bb2\/3&#8243;]<div id=\"ultimate-heading-190669dcf9538f34e\" class=\"uvc-heading ult-adjust-bottom-margin ultimate-heading-190669dcf9538f34e uvc-7789 \" data-hspacer=\"no_spacer\"  data-halign=\"left\" style=\"text-align:left\"><div class=\"uvc-heading-spacer no_spacer\" style=\"top\"><\/div><div class=\"uvc-main-heading ult-responsive\"  data-ultimate-target='.uvc-heading.ultimate-heading-190669dcf9538f34e h2'  data-responsive-json-new='{\"font-size\":\"desktop:20px;\",\"line-height\":\"\"}' ><h2 style=\"--font-weight:theme;color:#f7a941;\">L\u00edneas principales<\/h2><\/div><\/div>[vc_empty_space height=\u00bb15px\u00bb]<div class=\"standard-arrow list-divider bullet-top\"><ul>\n<li><strong><a href=\"\/?page_id=3569\">Servicios a Ni\u00f1os\/as y J\u00f3venes<\/a><\/strong><\/li>\n<li><strong><a href=\"https:\/\/cet10.com\/es\/esport-en-edat-escolar\/\">Deporte en Edad Escolar<\/a><\/strong><\/li>\n<li><strong><a href=\"https:\/\/cet10.com\/es\/clubs-deportivos\/\">Secciones deportivas<\/a><\/strong><\/li>\n<li><strong><a href=\"\/?page_id=3388\">Cap Infant Sense Esport<\/a><\/strong><\/li>\n<li><strong><a href=\"https:\/\/cet10.com\/es\/formacio-inclusio-curs-capacitadd\/\">Formaci\u00f3n para la Inclusi\u00f3n: Capacit&#8217;Add<\/a><\/strong><\/li>\n<\/ul>\n<\/div>[vc_empty_space height=\u00bb15px\u00bb][\/vc_column][vc_column width=\u00bb1\/3&#8243;][vc_single_image image=\u00bb6683&#8243; img_size=\u00bbfull\u00bb][\/vc_column][\/vc_row][vc_row][vc_column]<div id=\"ultimate-heading-120069dcf9538f42b\" class=\"uvc-heading ult-adjust-bottom-margin ultimate-heading-120069dcf9538f42b uvc-365 \" data-hspacer=\"no_spacer\"  data-halign=\"left\" style=\"text-align:left\"><div class=\"uvc-heading-spacer no_spacer\" style=\"top\"><\/div><div class=\"uvc-main-heading ult-responsive\"  data-ultimate-target='.uvc-heading.ultimate-heading-120069dcf9538f42b h2'  data-responsive-json-new='{\"font-size\":\"desktop:20px;\",\"line-height\":\"\"}' ><h2 style=\"--font-weight:theme;color:#f7a941;\">Un programa deportivo \u00fanico<\/h2><\/div><\/div>[vc_empty_space height=\u00bb15px\u00bb][vc_column_text]<\/p>\n<div class=\"traductor-textarea form-group\">\n<div class=\"textarea-desti col-xs-12 col-sm-6\">\n<div class=\"form-control second-textarea\">\n<p>El<strong> programa y modelo deportivo<\/strong> aplicado por la Fundaci\u00f3 CET10\u00a0es \u00fanico y est\u00e1 siempre adaptado a las necesidades y caracter\u00edsticas de cada edad, en la etapa evolutiva de los ni\u00f1os\/as y j\u00f3venes y a su momento\u00a0madurativo psicomotriz y cognitivo. Tambi\u00e9n est\u00e1 adaptado al entorno, al deporte y al nivel deportivo de cada persona.<\/p>\n<p>El modelo de la\u00a0Fundaci\u00f3 CET10\u00a0fomenta la pr\u00e1ctica deportiva y la actividad f\u00edsica como medio educativo y un estilo que potencia la educaci\u00f3n deportiva para ofrecer una educaci\u00f3n integral a las personas. Desarrollamos programaciones t\u00e9cnicas espec\u00edficas para garantizar procesos de ense\u00f1anza y aprendizaje.<\/p>\n<p>Tambi\u00e9n utilizamos la competici\u00f3n como herramienta pedag\u00f3gica en los procesos de aprendizaje, para potenciar y favorecer la coeducaci\u00f3n, as\u00ed como desarrollar y estimular la cooperaci\u00f3n, deportividad, solidaridad y compa\u00f1\u00eda. El deporte es una pr\u00e1ctica de vital importancia para el desarrollo integral de la persona tanto f\u00edsica como psicol\u00f3gicamente, emocionalmente, socialmente y cognitivamente.<\/p>\n<\/div>\n<\/div>\n<\/div>\n<div class=\"traductor-checkbox form-group\">\n<div class=\"row\"><\/div>\n<\/div>\n<p><strong>La\u00a0pr\u00e1ctica del deporte hace crecer la autoestima y el esp\u00edritu de\u00a0superaci\u00f3n y fomenta los h\u00e1bitos saludables<\/strong> que, con una alta\u00a0probabilidad, se mantendr\u00e1n en la edad adulta.<\/p>\n<p>Te invitamos a descubrir todo el que hacemos en nuestro d\u00eda a d\u00eda \ud83d\ude09 .[\/vc_column_text][\/vc_column][\/vc_row][vc_row type=\u00bbvc_default\u00bb disable_element=\u00bbyes\u00bb][vc_column][vc_raw_html css=\u00bb\u00bb]JTNDYSUyMGhyZWYlM0QlMjJodHRwcyUzQSUyRiUyRmFwaS53aGF0c2FwcC5jb20lMkZzZW5kJTNGcGhvbmUlM0QzNDY0NTE0Mzk5OSUyMiUyMGNsYXNzJTNEJTIyZmxvYXQtd2ElMjIlMjAlM0UlMEElM0NpbWclMjBzcmMlM0QlMjJodHRwcyUzQSUyRiUyRmNldDEwLmNvbSUyRndwLWNvbnRlbnQlMkZ1cGxvYWRzJTJGc2l0ZXMlMkYzNiUyRjIwMjUlMkYwNCUyRndoYXRzYXBwLTEuc3ZnJTIyJTIwJTNFJTBBJTNDJTJGYSUzRSUwQQ==[\/vc_raw_html][\/vc_column][\/vc_row]<\/p>\n<\/div>","protected":false},"excerpt":{"rendered":"<p>[vc_row type=\u00bbvc_default\u00bb full_width=\u00bbstretch_row_content_no_spaces\u00bb css=\u00bb.vc_custom_1695220248404{background-image: url(https:\/\/cet10.com\/wp-content\/uploads\/sites\/36\/2023\/09\/CET10-fundacio-mobile.webp?id=85148) !important;background-position: center !important;background-repeat: no-repeat !important;background-size: cover !important;}\u00bb][vc_column offset=\u00bbvc_hidden-lg vc_hidden-md vc_hidden-sm\u00bb][vc_column_text css=\u00bb.vc_custom_1695216958974{padding-top: 90px !important;padding-bottom: 90px !important;}\u00bb] Fundaci\u00f3 CET10 [\/vc_column_text][\/vc_column][\/vc_row][vc_row type=\u00bbvc_default\u00bb full_width=\u00bbstretch_row_content_no_spaces\u00bb css=\u00bb.vc_custom_1695220233625{margin-bottom: 35px !important;background-image: url(https:\/\/cet10.com\/wp-content\/uploads\/sites\/36\/2023\/09\/CET10-fundacio.webp?id=85146) !important;background-position: center !important;background-repeat: no-repeat !important;background-size: cover !important;}\u00bb][vc_column offset=\u00bbvc_hidden-xs\u00bb][vc_custom_heading text=\u00bbFundaci\u00f3 CET10&#8243; font_container=\u00bbtag:h1|font_size:50px|text_align:center|color:%23ffffff|line_height:60px\u00bb use_theme_fonts=\u00bbyes\u00bb css=\u00bb.vc_custom_1695216949822{padding-top: 151px !important;padding-bottom: 160px !important;}\u00bb][\/vc_column][\/vc_row][vc_row][vc_column css=\u00bb.vc_custom_1695220286403{margin-top: -30px !important;}\u00bb][vc_custom_heading text=\u00bbHaciendo un paso m\u00e1s all\u00e1\u00bb use_theme_fonts=\u00bbyes\u00bb][vc_separator][\/vc_column][\/vc_row][vc_row][vc_column][vc_column_text]El&hellip;<\/p>\n","protected":false},"author":4,"featured_media":0,"parent":0,"menu_order":0,"comment_status":"closed","ping_status":"closed","template":"","meta":{"footnotes":""},"class_list":["post-6682","page","type-page","status-publish","hentry","description-off"],"yoast_head":"<!-- This site is optimized with the Yoast SEO plugin v26.8 - https:\/\/yoast.com\/product\/yoast-seo-wordpress\/ -->\n<title>Fundaci\u00f3n CET10 - Inclusi\u00f3n, educar y hacer crecer con deporte.<\/title>\n<meta name=\"description\" content=\"El proyeco nace el a\u00f1o 1994 con la idea de que el deporte es la herramienta que trabaja a favor del crecimiento de las personas y que representa un potente veh\u00edculo socializador.\" \/>\n<meta name=\"robots\" content=\"index, follow, max-snippet:-1, max-image-preview:large, max-video-preview:-1\" \/>\n<link rel=\"canonical\" href=\"https:\/\/cet10.com\/es\/fundacion-cet10\/\" \/>\n<meta property=\"og:locale\" content=\"es_ES\" \/>\n<meta property=\"og:type\" content=\"article\" \/>\n<meta property=\"og:title\" content=\"Fundaci\u00f3n CET10 - Inclusi\u00f3n, educar y hacer crecer con deporte.\" \/>\n<meta property=\"og:description\" content=\"El proyeco nace el a\u00f1o 1994 con la idea de que el deporte es la herramienta que trabaja a favor del crecimiento de las personas y que representa un potente veh\u00edculo socializador.\" \/>\n<meta property=\"og:url\" content=\"https:\/\/cet10.com\/es\/fundacion-cet10\/\" \/>\n<meta property=\"og:site_name\" content=\"CET10 - Col\u00b7lectiu d&#039;Esports per a Tothom 10\" \/>\n<meta property=\"article:modified_time\" content=\"2025-07-25T11:51:56+00:00\" \/>\n<meta name=\"twitter:card\" content=\"summary_large_image\" \/>\n<meta name=\"twitter:label1\" content=\"Tiempo de lectura\" \/>\n\t<meta name=\"twitter:data1\" content=\"3 minutos\" \/>\n<script type=\"application\/ld+json\" class=\"yoast-schema-graph\">{\"@context\":\"https:\/\/schema.org\",\"@graph\":[{\"@type\":\"WebPage\",\"@id\":\"https:\/\/cet10.com\/es\/fundacion-cet10\/\",\"url\":\"https:\/\/cet10.com\/es\/fundacion-cet10\/\",\"name\":\"Fundaci\u00f3n CET10 - Inclusi\u00f3n, educar y hacer crecer con deporte.\",\"isPartOf\":{\"@id\":\"https:\/\/cet10.com\/es\/#website\"},\"datePublished\":\"2018-04-23T15:54:37+00:00\",\"dateModified\":\"2025-07-25T11:51:56+00:00\",\"description\":\"El proyeco nace el a\u00f1o 1994 con la idea de que el deporte es la herramienta que trabaja a favor del crecimiento de las personas y que representa un potente veh\u00edculo socializador.\",\"breadcrumb\":{\"@id\":\"https:\/\/cet10.com\/es\/fundacion-cet10\/#breadcrumb\"},\"inLanguage\":\"es\",\"potentialAction\":[{\"@type\":\"ReadAction\",\"target\":[\"https:\/\/cet10.com\/es\/fundacion-cet10\/\"]}]},{\"@type\":\"BreadcrumbList\",\"@id\":\"https:\/\/cet10.com\/es\/fundacion-cet10\/#breadcrumb\",\"itemListElement\":[{\"@type\":\"ListItem\",\"position\":1,\"name\":\"Portada\",\"item\":\"https:\/\/cet10.com\/es\/\"},{\"@type\":\"ListItem\",\"position\":2,\"name\":\"Fundaci\u00f3n CET10\"}]},{\"@type\":\"WebSite\",\"@id\":\"https:\/\/cet10.com\/es\/#website\",\"url\":\"https:\/\/cet10.com\/es\/\",\"name\":\"CET10 - Col\u00b7lectiu d&#039;Esports per a Tothom 10\",\"description\":\"CET10 Esport per a tothom\",\"publisher\":{\"@id\":\"https:\/\/cet10.com\/es\/#organization\"},\"potentialAction\":[{\"@type\":\"SearchAction\",\"target\":{\"@type\":\"EntryPoint\",\"urlTemplate\":\"https:\/\/cet10.com\/es\/?s={search_term_string}\"},\"query-input\":{\"@type\":\"PropertyValueSpecification\",\"valueRequired\":true,\"valueName\":\"search_term_string\"}}],\"inLanguage\":\"es\"},{\"@type\":\"Organization\",\"@id\":\"https:\/\/cet10.com\/es\/#organization\",\"name\":\"CET10\",\"url\":\"https:\/\/cet10.com\/es\/\",\"logo\":{\"@type\":\"ImageObject\",\"inLanguage\":\"es\",\"@id\":\"https:\/\/cet10.com\/es\/#\/schema\/logo\/image\/\",\"url\":\"https:\/\/cet10.com\/wp-content\/uploads\/sites\/36\/2021\/06\/CET10.png\",\"contentUrl\":\"https:\/\/cet10.com\/wp-content\/uploads\/sites\/36\/2021\/06\/CET10.png\",\"width\":210,\"height\":67,\"caption\":\"CET10\"},\"image\":{\"@id\":\"https:\/\/cet10.com\/es\/#\/schema\/logo\/image\/\"}}]}<\/script>\n<!-- \/ Yoast SEO plugin. -->","yoast_head_json":{"title":"Fundaci\u00f3n CET10 - Inclusi\u00f3n, educar y hacer crecer con deporte.","description":"El proyeco nace el a\u00f1o 1994 con la idea de que el deporte es la herramienta que trabaja a favor del crecimiento de las personas y que representa un potente veh\u00edculo socializador.","robots":{"index":"index","follow":"follow","max-snippet":"max-snippet:-1","max-image-preview":"max-image-preview:large","max-video-preview":"max-video-preview:-1"},"canonical":"https:\/\/cet10.com\/es\/fundacion-cet10\/","og_locale":"es_ES","og_type":"article","og_title":"Fundaci\u00f3n CET10 - Inclusi\u00f3n, educar y hacer crecer con deporte.","og_description":"El proyeco nace el a\u00f1o 1994 con la idea de que el deporte es la herramienta que trabaja a favor del crecimiento de las personas y que representa un potente veh\u00edculo socializador.","og_url":"https:\/\/cet10.com\/es\/fundacion-cet10\/","og_site_name":"CET10 - Col\u00b7lectiu d&#039;Esports per a Tothom 10","article_modified_time":"2025-07-25T11:51:56+00:00","twitter_card":"summary_large_image","twitter_misc":{"Tiempo de lectura":"3 minutos"},"schema":{"@context":"https:\/\/schema.org","@graph":[{"@type":"WebPage","@id":"https:\/\/cet10.com\/es\/fundacion-cet10\/","url":"https:\/\/cet10.com\/es\/fundacion-cet10\/","name":"Fundaci\u00f3n CET10 - Inclusi\u00f3n, educar y hacer crecer con deporte.","isPartOf":{"@id":"https:\/\/cet10.com\/es\/#website"},"datePublished":"2018-04-23T15:54:37+00:00","dateModified":"2025-07-25T11:51:56+00:00","description":"El proyeco nace el a\u00f1o 1994 con la idea de que el deporte es la herramienta que trabaja a favor del crecimiento de las personas y que representa un potente veh\u00edculo socializador.","breadcrumb":{"@id":"https:\/\/cet10.com\/es\/fundacion-cet10\/#breadcrumb"},"inLanguage":"es","potentialAction":[{"@type":"ReadAction","target":["https:\/\/cet10.com\/es\/fundacion-cet10\/"]}]},{"@type":"BreadcrumbList","@id":"https:\/\/cet10.com\/es\/fundacion-cet10\/#breadcrumb","itemListElement":[{"@type":"ListItem","position":1,"name":"Portada","item":"https:\/\/cet10.com\/es\/"},{"@type":"ListItem","position":2,"name":"Fundaci\u00f3n CET10"}]},{"@type":"WebSite","@id":"https:\/\/cet10.com\/es\/#website","url":"https:\/\/cet10.com\/es\/","name":"CET10 - Col\u00b7lectiu d&#039;Esports per a Tothom 10","description":"CET10 Esport per a tothom","publisher":{"@id":"https:\/\/cet10.com\/es\/#organization"},"potentialAction":[{"@type":"SearchAction","target":{"@type":"EntryPoint","urlTemplate":"https:\/\/cet10.com\/es\/?s={search_term_string}"},"query-input":{"@type":"PropertyValueSpecification","valueRequired":true,"valueName":"search_term_string"}}],"inLanguage":"es"},{"@type":"Organization","@id":"https:\/\/cet10.com\/es\/#organization","name":"CET10","url":"https:\/\/cet10.com\/es\/","logo":{"@type":"ImageObject","inLanguage":"es","@id":"https:\/\/cet10.com\/es\/#\/schema\/logo\/image\/","url":"https:\/\/cet10.com\/wp-content\/uploads\/sites\/36\/2021\/06\/CET10.png","contentUrl":"https:\/\/cet10.com\/wp-content\/uploads\/sites\/36\/2021\/06\/CET10.png","width":210,"height":67,"caption":"CET10"},"image":{"@id":"https:\/\/cet10.com\/es\/#\/schema\/logo\/image\/"}}]}},"_links":{"self":[{"href":"https:\/\/cet10.com\/es\/wp-json\/wp\/v2\/pages\/6682","targetHints":{"allow":["GET"]}}],"collection":[{"href":"https:\/\/cet10.com\/es\/wp-json\/wp\/v2\/pages"}],"about":[{"href":"https:\/\/cet10.com\/es\/wp-json\/wp\/v2\/types\/page"}],"author":[{"embeddable":true,"href":"https:\/\/cet10.com\/es\/wp-json\/wp\/v2\/users\/4"}],"replies":[{"embeddable":true,"href":"https:\/\/cet10.com\/es\/wp-json\/wp\/v2\/comments?post=6682"}],"version-history":[{"count":0,"href":"https:\/\/cet10.com\/es\/wp-json\/wp\/v2\/pages\/6682\/revisions"}],"wp:attachment":[{"href":"https:\/\/cet10.com\/es\/wp-json\/wp\/v2\/media?parent=6682"}],"curies":[{"name":"wp","href":"https:\/\/api.w.org\/{rel}","templated":true}]}}