{"id":6695,"date":"2018-03-23T10:56:57","date_gmt":"2018-03-23T10:56:57","guid":{"rendered":"https:\/\/cet10.com\/cap-infant-sense-esport\/"},"modified":"2025-07-25T12:23:35","modified_gmt":"2025-07-25T10:23:35","slug":"cap-infant-sense-esport","status":"publish","type":"page","link":"https:\/\/cet10.com\/es\/cap-infant-sense-esport\/","title":{"rendered":"Cap Infant Sense Esport"},"content":{"rendered":"<div class=\"wpb-content-wrapper\"><p>[vc_row type=\u00bbvc_default\u00bb full_width=\u00bbstretch_row_content_no_spaces\u00bb css=\u00bb.vc_custom_1697803191411{margin-bottom: 35px !important;background-image: url(https:\/\/cet10.com\/wp-content\/uploads\/sites\/36\/2023\/10\/CET10-cap-infant-sense-esport.webp?id=86493) !important;background-position: center !important;background-repeat: no-repeat !important;background-size: cover !important;}\u00bb][vc_column offset=\u00bbvc_hidden-xs\u00bb][vc_custom_heading text=\u00bbTrabajamos a favor a de la infancia\u00bb font_container=\u00bbtag:h1|font_size:50px|text_align:center|color:%23ffffff|line_height:60px\u00bb use_theme_fonts=\u00bbyes\u00bb css=\u00bb.vc_custom_1697804435937{padding-top: 151px !important;padding-bottom: 160px !important;}\u00bb][\/vc_column][\/vc_row][vc_row type=\u00bbvc_default\u00bb full_width=\u00bbstretch_row_content_no_spaces\u00bb css=\u00bb.vc_custom_1697801625642{margin-bottom: -30px !important;background-image: url(https:\/\/cet10.com\/wp-content\/uploads\/sites\/36\/2023\/10\/CET10-cap-infant-sense-esport.webp?id=86493) !important;background-position: center !important;background-repeat: no-repeat !important;background-size: cover !important;}\u00bb][vc_column offset=\u00bbvc_hidden-lg vc_hidden-md vc_hidden-sm\u00bb][vc_column_text css=\u00bb.vc_custom_1697804416290{padding-top: 90px !important;padding-bottom: 90px !important;}\u00bb]<\/p>\n<p style=\"text-align: center; font-family: Roboto; font-size: 35px; line-height: 40px;\"><span style=\"color: #ffffff;\"><strong>Trabajamos a favor<br \/>\nde la infancia<br \/>\n<\/strong><\/span><\/p>\n<p>[\/vc_column_text][\/vc_column][\/vc_row][vc_row css=\u00bb.vc_custom_1697802412028{margin-top: -30px !important;}\u00bb][vc_column offset=\u00bbvc_hidden-lg vc_hidden-md vc_hidden-sm\u00bb][vc_empty_space height=\u00bb50px\u00bb][\/vc_column][\/vc_row][vc_row css=\u00bb.vc_custom_1697802412028{margin-top: -30px !important;}\u00bb][vc_column offset=\u00bbvc_hidden-xs\u00bb][vc_empty_space height=\u00bb50px\u00bb][\/vc_column][\/vc_row][vc_row css=\u00bb.vc_custom_1697802412028{margin-top: -30px !important;}\u00bb][vc_column css=\u00bb.vc_custom_1697802437779{margin-top: -30px !important;}\u00bb][vc_custom_heading text=\u00bbCap Infant Sense Esport\u00bb use_theme_fonts=\u00bbyes\u00bb][vc_separator][\/vc_column][\/vc_row][vc_row][vc_column][vc_column_text]<strong>Cap Infant Sense Esport<\/strong> es un proyecto de acci\u00f3n social de la Fundaci\u00f3 CET10\u00a0que tiene como objetivo prioritario trabajar a favor de la infancia, haciendo llegar los beneficios de la pr\u00e1ctica deportiva y del ocio educativo a todos los menores.<\/p>\n<p>El proyecto promueve el deporte entre todos los ni\u00f1os, ni\u00f1as y j\u00f3venes que no tienen acceso por motivos de salud y\/o discriminaci\u00f3n.<\/p>\n<p>Desde Cap Infant Sense Esport trabajamos los 3 ejes de actuaci\u00f3n siguientes.[\/vc_column_text][\/vc_column][\/vc_row][vc_row type=\u00bbvc_default\u00bb bg_type=\u00bbbg_color\u00bb bg_override=\u00bbfull\u00bb bg_color_value=\u00bb#f5f5f5&#8243;][vc_column width=\u00bb1\/3&#8243;]<div id=\"ultimate-heading-945769d3f9c0eb846\" class=\"uvc-heading ult-adjust-bottom-margin ultimate-heading-945769d3f9c0eb846 uvc-2066 \" data-hspacer=\"no_spacer\"  data-halign=\"left\" style=\"text-align:left\"><div class=\"uvc-heading-spacer no_spacer\" style=\"top\"><\/div><div class=\"uvc-main-heading ult-responsive\"  data-ultimate-target='.uvc-heading.ultimate-heading-945769d3f9c0eb846 h2'  data-responsive-json-new='{\"font-size\":\"desktop:20px;\",\"line-height\":\"\"}' ><h2 style=\"--font-weight:theme;color:#32303d;\">Actividad f\u00edsica y deporte para ni\u00f1os y ni\u00f1as con enfermedades infantiles<\/h2><\/div><\/div>[vc_empty_space height=\u00bb15px\u00bb][vc_column_text]Desde la <strong>Fundaci\u00f3 CET10<\/strong>, dentro de Cap Infant Sense Esport, impulsamos programas y acciones deportivas destinadas a ni\u00f1os, ni\u00f1as y j\u00f3venes con problemas de salud.[\/vc_column_text][\/vc_column][vc_column width=\u00bb1\/3&#8243;]<div id=\"ultimate-heading-828569d3f9c0eb8a8\" class=\"uvc-heading ult-adjust-bottom-margin ultimate-heading-828569d3f9c0eb8a8 uvc-9864 \" data-hspacer=\"no_spacer\"  data-halign=\"left\" style=\"text-align:left\"><div class=\"uvc-heading-spacer no_spacer\" style=\"top\"><\/div><div class=\"uvc-main-heading ult-responsive\"  data-ultimate-target='.uvc-heading.ultimate-heading-828569d3f9c0eb8a8 h2'  data-responsive-json-new='{\"font-size\":\"desktop:20px;\",\"line-height\":\"\"}' ><h2 style=\"--font-weight:theme;color:#32303d;\">Integraci\u00f3n social mediante el deporte y el ocio educativo<\/h2><\/div><\/div>[vc_empty_space height=\u00bb15px\u00bb][vc_column_text]Muchas familias con pocos recursos econ\u00f3micos o con riesgo de exclusi\u00f3n social no disponen de un espacio cercano donde sus ni\u00f1os y j\u00f3venes puedan disfrutar de los beneficios de un tiempo de ocio y\/o deportivo. Nuestro proyecto quiere paliar esta realidad ofreci\u00e9ndolos en todos un espacio de la misma escuela o centro deportivo en el cual se los pueda acoger y ofrecer una alternativa l\u00fadica y educativa.[\/vc_column_text][\/vc_column][vc_column width=\u00bb1\/3&#8243;]<div id=\"ultimate-heading-451969d3f9c0eb8e3\" class=\"uvc-heading ult-adjust-bottom-margin ultimate-heading-451969d3f9c0eb8e3 uvc-4798 \" data-hspacer=\"no_spacer\"  data-halign=\"left\" style=\"text-align:left\"><div class=\"uvc-heading-spacer no_spacer\" style=\"top\"><\/div><div class=\"uvc-main-heading ult-responsive\"  data-ultimate-target='.uvc-heading.ultimate-heading-451969d3f9c0eb8e3 h2'  data-responsive-json-new='{\"font-size\":\"desktop:20px;\",\"line-height\":\"\"}' ><h2 style=\"--font-weight:theme;color:#32303d;\">Formaci\u00f3n y promoci\u00f3n del deporte para todo el mundo<\/h2><\/div><\/div>[vc_empty_space height=\u00bb15px\u00bb][vc_column_text]Abrimos proyectos de cooperaci\u00f3n internacional a trav\u00e9s de los cuales se pretende hacer llegar los valores del deporte para todo el mundo y de nuestro modelo deportivo a otras comunidades.[\/vc_column_text][\/vc_column][\/vc_row][vc_row][vc_column][vc_custom_heading text=\u00bbProyectos actuales\u00bb use_theme_fonts=\u00bbyes\u00bb][vc_empty_space height=\u00bb10px\u00bb][vc_column_text css=\u00bb.vc_custom_1537373474703{margin-bottom: 15px !important;}\u00bb]Actualmente estamos trabajando diferentes proyectos sociales dirigidos a ni\u00f1os\/as y familias.[\/vc_column_text][vc_separator][\/vc_column][\/vc_row][vc_row][vc_column]<div id=\"ultimate-heading-21169d3f9c0eb917\" class=\"uvc-heading ult-adjust-bottom-margin ultimate-heading-21169d3f9c0eb917 uvc-1904 \" data-hspacer=\"no_spacer\"  data-halign=\"left\" style=\"text-align:left\"><div class=\"uvc-heading-spacer no_spacer\" style=\"top\"><\/div><div class=\"uvc-main-heading ult-responsive\"  data-ultimate-target='.uvc-heading.ultimate-heading-21169d3f9c0eb917 h2'  data-responsive-json-new='{\"font-size\":\"desktop:20px;\",\"line-height\":\"\"}' ><h2 style=\"--font-weight:theme;color:#32303d;\">Proyecto Tardes Educativas<\/h2><\/div><\/div>[vc_empty_space height=\u00bb10px\u00bb][vc_column_text]En las <strong>escuelas del Barrio del Bes\u00f2s<\/strong>, la poblaci\u00f3n infantil procedente de diferentes culturas y religiones sufre a menudo problemas de integraci\u00f3n. La Fundaci\u00f3 CET10\u00a0ha implementado en dos de estas escuelas, desde el inicio del curso 2013-14, un <strong>proyecto social que ha conseguido mejorar la convivencia entre los ni\u00f1os\/as, velar por su calidad de vida y despertar su amor para aprender<\/strong>. Se realizan una serie de actividades deportivas y de apoyo a la escuela, como psicomotricidad, juegos cooperativos, bailes y danzas. El deporte es una herramienta clave para favorecer la integraci\u00f3n social de los ni\u00f1os\/as, puesto que permite tratar la diversidad cultural como un hecho enriquecedor. La actividad se practica por las tardes, cuando los ni\u00f1os y ni\u00f1as han acabado el horario lectivo del centro, para dar continuidad a las actividades educativas fuera del horario escolar.[\/vc_column_text][\/vc_column][\/vc_row][vc_row type=\u00bbvc_default\u00bb bg_type=\u00bbbg_color\u00bb bg_override=\u00bbfull\u00bb bg_color_value=\u00bb#f5f5f5&#8243;][vc_column][vc_custom_heading text=\u00bbConsejo asesor\u00bb use_theme_fonts=\u00bbyes\u00bb][vc_empty_space height=\u00bb20px\u00bb][vc_row_inner][vc_column_inner width=\u00bb1\/3&#8243;][vc_single_image image=\u00bb3407&#8243; img_size=\u00bbfull\u00bb][vc_column_text css=\u00bb.vc_custom_1533627633555{margin-top: -10px !important;}\u00bb]<span style=\"font-size: 15pt;\"><em>El Consejo Asesor de la Fundaci\u00f3 CET10\u00a0est\u00e1 formado por una serie de expertos del sector deportivo y el tiempo libre que apoyan y aportan su experiencia al proyecto.<\/em><\/span>[\/vc_column_text][\/vc_column_inner][vc_column_inner width=\u00bb2\/3&#8243;]<div class=\"standard-arrow list-divider bullet-top\"><ul>\n<li><strong>Tate\u00a0Bonany:<\/strong>\u00a0presidenta de la Asociaci\u00f3n\u00a0Jocviu y especialista en deporte adaptado.<\/li>\n<li><strong>Roberto\u00a0Due\u00f1as:<\/strong>\u00a0ex-jugador profesional de baloncesto y actual responsable del baloncesto base del FC Barcelona.<\/li>\n<li><strong>Xesco\u00a0Espar:<\/strong>\u00a0ex-entrenador profesional de balonmano, profesor del\u00a0INEFC\u00a0y\u00a0coach.<\/li>\n<li><strong>Carles Gonz\u00e1lez:<\/strong>\u00a0profesor titular. Profesor del Departamento de Educaci\u00f3n F\u00edsica de l\u2018INEFC.<\/li>\n<li><strong>Virgilio Lerma:<\/strong>\u00a0consultor econ\u00f3mico. Directivo de entidad financiera.<\/li>\n<li><strong>Teresa\u00a0Lleix\u00e0:<\/strong>\u00a0licenciada en Educaci\u00f3n F\u00edsica y Pedagog\u00eda. Dra. En Ciencias de la Educaci\u00f3n de la Universitat de Barcelona. Profesora del Departamento de Did\u00e1ctica de la Universitat de Barcelona.<\/li>\n<li><strong>Xavi Pascual:<\/strong>\u00a0entrenador del FC Barcelona Regal.<\/li>\n<li><strong>Miquel Torres:<\/strong>\u00a0responsable del Servicio de Medicina Interna de la Fundaci\u00f3n Hospital de l&#8217;Esperit Sant.\u00a0Profesor agregado de medicina de la Universitat de Barcelona.<\/li>\n<\/ul>\n<\/div>[\/vc_column_inner][\/vc_row_inner][vc_empty_space height=\u00bb20px\u00bb][\/vc_column][\/vc_row][vc_row type=\u00bbvc_default\u00bb disable_element=\u00bbyes\u00bb][vc_column][vc_raw_html css=\u00bb\u00bb]JTNDYSUyMGhyZWYlM0QlMjJodHRwcyUzQSUyRiUyRmFwaS53aGF0c2FwcC5jb20lMkZzZW5kJTNGcGhvbmUlM0QzNDY0NTE0Mzk5OSUyMiUyMGNsYXNzJTNEJTIyZmxvYXQtd2ElMjIlMjAlM0UlMEElM0NpbWclMjBzcmMlM0QlMjJodHRwcyUzQSUyRiUyRmNldDEwLmNvbSUyRndwLWNvbnRlbnQlMkZ1cGxvYWRzJTJGc2l0ZXMlMkYzNiUyRjIwMjUlMkYwNCUyRndoYXRzYXBwLTEuc3ZnJTIyJTIwJTNFJTBBJTNDJTJGYSUzRQ==[\/vc_raw_html][\/vc_column][\/vc_row]<\/p>\n<\/div>","protected":false},"excerpt":{"rendered":"<p>[vc_row type=\u00bbvc_default\u00bb full_width=\u00bbstretch_row_content_no_spaces\u00bb css=\u00bb.vc_custom_1697803191411{margin-bottom: 35px !important;background-image: url(https:\/\/cet10.com\/wp-content\/uploads\/sites\/36\/2023\/10\/CET10-cap-infant-sense-esport.webp?id=86493) !important;background-position: center !important;background-repeat: no-repeat !important;background-size: cover !important;}\u00bb][vc_column offset=\u00bbvc_hidden-xs\u00bb][vc_custom_heading text=\u00bbTrabajamos a favor a de la infancia\u00bb font_container=\u00bbtag:h1|font_size:50px|text_align:center|color:%23ffffff|line_height:60px\u00bb use_theme_fonts=\u00bbyes\u00bb css=\u00bb.vc_custom_1697804435937{padding-top: 151px !important;padding-bottom: 160px !important;}\u00bb][\/vc_column][\/vc_row][vc_row type=\u00bbvc_default\u00bb full_width=\u00bbstretch_row_content_no_spaces\u00bb css=\u00bb.vc_custom_1697801625642{margin-bottom: -30px !important;background-image: url(https:\/\/cet10.com\/wp-content\/uploads\/sites\/36\/2023\/10\/CET10-cap-infant-sense-esport.webp?id=86493) !important;background-position: center !important;background-repeat: no-repeat !important;background-size: cover !important;}\u00bb][vc_column offset=\u00bbvc_hidden-lg vc_hidden-md vc_hidden-sm\u00bb][vc_column_text css=\u00bb.vc_custom_1697804416290{padding-top: 90px !important;padding-bottom: 90px !important;}\u00bb] Trabajamos a favor de la&hellip;<\/p>\n","protected":false},"author":4,"featured_media":0,"parent":0,"menu_order":0,"comment_status":"closed","ping_status":"closed","template":"","meta":{"footnotes":""},"class_list":["post-6695","page","type-page","status-publish","hentry","description-off"],"yoast_head":"<!-- This site is optimized with the Yoast SEO plugin v26.8 - https:\/\/yoast.com\/product\/yoast-seo-wordpress\/ -->\n<title>Ning\u00fan Ni\u00f1o Sin Deporte - Fundaci\u00f3n CET10 - Deporte para Todos<\/title>\n<meta name=\"description\" content=\"Proyecto de acci\u00f3n social que tiene como objetivo trabajar a favor de la infancia, haciendo llegar los beneficios de practicar deporte y del tiempo libre.\" \/>\n<meta name=\"robots\" content=\"index, follow, max-snippet:-1, max-image-preview:large, max-video-preview:-1\" \/>\n<link rel=\"canonical\" href=\"https:\/\/cet10.com\/es\/cap-infant-sense-esport\/\" \/>\n<meta property=\"og:locale\" content=\"es_ES\" \/>\n<meta property=\"og:type\" content=\"article\" \/>\n<meta property=\"og:title\" content=\"Ning\u00fan Ni\u00f1o Sin Deporte - Fundaci\u00f3n CET10 - Deporte para Todos\" \/>\n<meta property=\"og:description\" content=\"Proyecto de acci\u00f3n social que tiene como objetivo trabajar a favor de la infancia, haciendo llegar los beneficios de practicar deporte y del tiempo libre.\" \/>\n<meta property=\"og:url\" content=\"https:\/\/cet10.com\/es\/cap-infant-sense-esport\/\" \/>\n<meta property=\"og:site_name\" content=\"CET10 - Col\u00b7lectiu d&#039;Esports per a Tothom 10\" \/>\n<meta property=\"article:modified_time\" content=\"2025-07-25T10:23:35+00:00\" \/>\n<meta name=\"twitter:card\" content=\"summary_large_image\" \/>\n<meta name=\"twitter:label1\" content=\"Tiempo de lectura\" \/>\n\t<meta name=\"twitter:data1\" content=\"3 minutos\" \/>\n<script type=\"application\/ld+json\" class=\"yoast-schema-graph\">{\"@context\":\"https:\/\/schema.org\",\"@graph\":[{\"@type\":\"WebPage\",\"@id\":\"https:\/\/cet10.com\/es\/cap-infant-sense-esport\/\",\"url\":\"https:\/\/cet10.com\/es\/cap-infant-sense-esport\/\",\"name\":\"Ning\u00fan Ni\u00f1o Sin Deporte - Fundaci\u00f3n CET10 - Deporte para Todos\",\"isPartOf\":{\"@id\":\"https:\/\/cet10.com\/es\/#website\"},\"datePublished\":\"2018-03-23T10:56:57+00:00\",\"dateModified\":\"2025-07-25T10:23:35+00:00\",\"description\":\"Proyecto de acci\u00f3n social que tiene como objetivo trabajar a favor de la infancia, haciendo llegar los beneficios de practicar deporte y del tiempo libre.\",\"breadcrumb\":{\"@id\":\"https:\/\/cet10.com\/es\/cap-infant-sense-esport\/#breadcrumb\"},\"inLanguage\":\"es\",\"potentialAction\":[{\"@type\":\"ReadAction\",\"target\":[\"https:\/\/cet10.com\/es\/cap-infant-sense-esport\/\"]}]},{\"@type\":\"BreadcrumbList\",\"@id\":\"https:\/\/cet10.com\/es\/cap-infant-sense-esport\/#breadcrumb\",\"itemListElement\":[{\"@type\":\"ListItem\",\"position\":1,\"name\":\"Portada\",\"item\":\"https:\/\/cet10.com\/es\/\"},{\"@type\":\"ListItem\",\"position\":2,\"name\":\"Cap Infant Sense Esport\"}]},{\"@type\":\"WebSite\",\"@id\":\"https:\/\/cet10.com\/es\/#website\",\"url\":\"https:\/\/cet10.com\/es\/\",\"name\":\"CET10 - Col\u00b7lectiu d&#039;Esports per a Tothom 10\",\"description\":\"CET10 Esport per a tothom\",\"publisher\":{\"@id\":\"https:\/\/cet10.com\/es\/#organization\"},\"potentialAction\":[{\"@type\":\"SearchAction\",\"target\":{\"@type\":\"EntryPoint\",\"urlTemplate\":\"https:\/\/cet10.com\/es\/?s={search_term_string}\"},\"query-input\":{\"@type\":\"PropertyValueSpecification\",\"valueRequired\":true,\"valueName\":\"search_term_string\"}}],\"inLanguage\":\"es\"},{\"@type\":\"Organization\",\"@id\":\"https:\/\/cet10.com\/es\/#organization\",\"name\":\"CET10\",\"url\":\"https:\/\/cet10.com\/es\/\",\"logo\":{\"@type\":\"ImageObject\",\"inLanguage\":\"es\",\"@id\":\"https:\/\/cet10.com\/es\/#\/schema\/logo\/image\/\",\"url\":\"https:\/\/cet10.com\/wp-content\/uploads\/sites\/36\/2021\/06\/CET10.png\",\"contentUrl\":\"https:\/\/cet10.com\/wp-content\/uploads\/sites\/36\/2021\/06\/CET10.png\",\"width\":210,\"height\":67,\"caption\":\"CET10\"},\"image\":{\"@id\":\"https:\/\/cet10.com\/es\/#\/schema\/logo\/image\/\"}}]}<\/script>\n<!-- \/ Yoast SEO plugin. -->","yoast_head_json":{"title":"Ning\u00fan Ni\u00f1o Sin Deporte - Fundaci\u00f3n CET10 - Deporte para Todos","description":"Proyecto de acci\u00f3n social que tiene como objetivo trabajar a favor de la infancia, haciendo llegar los beneficios de practicar deporte y del tiempo libre.","robots":{"index":"index","follow":"follow","max-snippet":"max-snippet:-1","max-image-preview":"max-image-preview:large","max-video-preview":"max-video-preview:-1"},"canonical":"https:\/\/cet10.com\/es\/cap-infant-sense-esport\/","og_locale":"es_ES","og_type":"article","og_title":"Ning\u00fan Ni\u00f1o Sin Deporte - Fundaci\u00f3n CET10 - Deporte para Todos","og_description":"Proyecto de acci\u00f3n social que tiene como objetivo trabajar a favor de la infancia, haciendo llegar los beneficios de practicar deporte y del tiempo libre.","og_url":"https:\/\/cet10.com\/es\/cap-infant-sense-esport\/","og_site_name":"CET10 - Col\u00b7lectiu d&#039;Esports per a Tothom 10","article_modified_time":"2025-07-25T10:23:35+00:00","twitter_card":"summary_large_image","twitter_misc":{"Tiempo de lectura":"3 minutos"},"schema":{"@context":"https:\/\/schema.org","@graph":[{"@type":"WebPage","@id":"https:\/\/cet10.com\/es\/cap-infant-sense-esport\/","url":"https:\/\/cet10.com\/es\/cap-infant-sense-esport\/","name":"Ning\u00fan Ni\u00f1o Sin Deporte - Fundaci\u00f3n CET10 - Deporte para Todos","isPartOf":{"@id":"https:\/\/cet10.com\/es\/#website"},"datePublished":"2018-03-23T10:56:57+00:00","dateModified":"2025-07-25T10:23:35+00:00","description":"Proyecto de acci\u00f3n social que tiene como objetivo trabajar a favor de la infancia, haciendo llegar los beneficios de practicar deporte y del tiempo libre.","breadcrumb":{"@id":"https:\/\/cet10.com\/es\/cap-infant-sense-esport\/#breadcrumb"},"inLanguage":"es","potentialAction":[{"@type":"ReadAction","target":["https:\/\/cet10.com\/es\/cap-infant-sense-esport\/"]}]},{"@type":"BreadcrumbList","@id":"https:\/\/cet10.com\/es\/cap-infant-sense-esport\/#breadcrumb","itemListElement":[{"@type":"ListItem","position":1,"name":"Portada","item":"https:\/\/cet10.com\/es\/"},{"@type":"ListItem","position":2,"name":"Cap Infant Sense Esport"}]},{"@type":"WebSite","@id":"https:\/\/cet10.com\/es\/#website","url":"https:\/\/cet10.com\/es\/","name":"CET10 - Col\u00b7lectiu d&#039;Esports per a Tothom 10","description":"CET10 Esport per a tothom","publisher":{"@id":"https:\/\/cet10.com\/es\/#organization"},"potentialAction":[{"@type":"SearchAction","target":{"@type":"EntryPoint","urlTemplate":"https:\/\/cet10.com\/es\/?s={search_term_string}"},"query-input":{"@type":"PropertyValueSpecification","valueRequired":true,"valueName":"search_term_string"}}],"inLanguage":"es"},{"@type":"Organization","@id":"https:\/\/cet10.com\/es\/#organization","name":"CET10","url":"https:\/\/cet10.com\/es\/","logo":{"@type":"ImageObject","inLanguage":"es","@id":"https:\/\/cet10.com\/es\/#\/schema\/logo\/image\/","url":"https:\/\/cet10.com\/wp-content\/uploads\/sites\/36\/2021\/06\/CET10.png","contentUrl":"https:\/\/cet10.com\/wp-content\/uploads\/sites\/36\/2021\/06\/CET10.png","width":210,"height":67,"caption":"CET10"},"image":{"@id":"https:\/\/cet10.com\/es\/#\/schema\/logo\/image\/"}}]}},"_links":{"self":[{"href":"https:\/\/cet10.com\/es\/wp-json\/wp\/v2\/pages\/6695","targetHints":{"allow":["GET"]}}],"collection":[{"href":"https:\/\/cet10.com\/es\/wp-json\/wp\/v2\/pages"}],"about":[{"href":"https:\/\/cet10.com\/es\/wp-json\/wp\/v2\/types\/page"}],"author":[{"embeddable":true,"href":"https:\/\/cet10.com\/es\/wp-json\/wp\/v2\/users\/4"}],"replies":[{"embeddable":true,"href":"https:\/\/cet10.com\/es\/wp-json\/wp\/v2\/comments?post=6695"}],"version-history":[{"count":0,"href":"https:\/\/cet10.com\/es\/wp-json\/wp\/v2\/pages\/6695\/revisions"}],"wp:attachment":[{"href":"https:\/\/cet10.com\/es\/wp-json\/wp\/v2\/media?parent=6695"}],"curies":[{"name":"wp","href":"https:\/\/api.w.org\/{rel}","templated":true}]}}