{"id":6700,"date":"2018-06-06T18:24:13","date_gmt":"2018-06-06T18:24:13","guid":{"rendered":"https:\/\/cet10.com\/el-gran-repte\/"},"modified":"2025-04-22T18:00:23","modified_gmt":"2025-04-22T16:00:23","slug":"el-gran-reto","status":"publish","type":"page","link":"https:\/\/cet10.com\/es\/el-gran-reto\/","title":{"rendered":"Proyecto El Gran Repte"},"content":{"rendered":"<div class=\"wpb-content-wrapper\"><p>[vc_row type=\u00bbvc_default\u00bb full_width=\u00bbstretch_row_content_no_spaces\u00bb css=\u00bb.vc_custom_1698916047202{margin-bottom: 35px !important;background-image: url(https:\/\/cet10.com\/wp-content\/uploads\/sites\/36\/2023\/11\/CET10-repte.webp?id=86948) !important;background-position: center !important;background-repeat: no-repeat !important;background-size: cover !important;}\u00bb][vc_column offset=\u00bbvc_hidden-xs\u00bb][vc_custom_heading text=\u00bbEl Gran Repte\u00bb font_container=\u00bbtag:h1|font_size:50px|text_align:center|color:%23ffffff|line_height:60px\u00bb use_theme_fonts=\u00bbyes\u00bb css=\u00bb.vc_custom_1698915971799{padding-top: 151px !important;padding-bottom: 160px !important;}\u00bb][\/vc_column][\/vc_row][vc_row type=\u00bbvc_default\u00bb full_width=\u00bbstretch_row_content_no_spaces\u00bb css=\u00bb.vc_custom_1698916063309{margin-bottom: -30px !important;background-image: url(https:\/\/cet10.com\/wp-content\/uploads\/sites\/36\/2023\/11\/CET10-repte.webp?id=86948) !important;background-position: center !important;background-repeat: no-repeat !important;background-size: cover !important;}\u00bb][vc_column offset=\u00bbvc_hidden-lg vc_hidden-md vc_hidden-sm\u00bb css=\u00bb.vc_custom_1689929929147{margin-bottom: -30px !important;}\u00bb][vc_column_text css=\u00bb.vc_custom_1698915979886{padding-top: 90px !important;padding-bottom: 90px !important;}\u00bb]<\/p>\n<p style=\"text-align: center; font-family: Roboto; font-size: 35px; line-height: 40px;\"><span style=\"color: #ffffff;\"><strong>El Gran Repte<br \/>\n<\/strong><\/span><\/p>\n<p>[\/vc_column_text][\/vc_column][\/vc_row][vc_row][vc_column]<div id=\"ultimate-heading-776069dd2238ce582\" class=\"uvc-heading ult-adjust-bottom-margin ultimate-heading-776069dd2238ce582 uvc-1840 espai uvc-heading-default-font-sizes\" data-hspacer=\"no_spacer\"  data-halign=\"left\" style=\"text-align:left\"><div class=\"uvc-heading-spacer no_spacer\" style=\"top\"><\/div><div class=\"uvc-main-heading ult-responsive\"  data-ultimate-target='.uvc-heading.ultimate-heading-776069dd2238ce582 h2'  data-responsive-json-new='{\"font-size\":\"\",\"line-height\":\"\"}' ><h2 style=\"--font-weight:theme;color:#61b4e4;\">Nuestro proyecto<\/h2><\/div><\/div>[vc_empty_space height=\u00bb15px\u00bb][vc_column_text]<strong>El Gran Repte<\/strong> es un proyecto de la Fundaci\u00f3 CET10, en colaboraci\u00f3n con el <strong><a href=\"http:\/\/ajuntament.barcelona.cat\/ca\/\" target=\"_blank\" rel=\"noopener\">Ayuntamiento de Barcelona<\/a><\/strong>, <strong>dise\u00f1ado\u00a0por los adolescentes y para los\u00a0mismos\u00a0adolescentes<\/strong>.\u00a0Ellos han elegido lo qu\u00e9 quer\u00edan y lo que no quer\u00edan incluir en esta innovadora y din\u00e1mica propuesta, en que la actividad f\u00edsica es el motor para transmitir valores y fomentar h\u00e1bitos saludables.<\/p>\n<p>La adolescencia es la etapa formativa donde hay m\u00e1s abandono deportivo. As\u00ed pues, El Gran Repte tiene como objetivos<strong> incrementar la pr\u00e1ctica deportiva en el colectivo adolescente<\/strong> y, adem\u00e1s, ofrecer continuidad en esta pr\u00e1ctica hasta la edad adulta. Se quieren mejorar las habilidades y destrezas motrices de los participantes, ayudarlos a hacerse m\u00e1s aut\u00f3nomos y educarlos en valores y h\u00e1bitos saludables mediante la actividad f\u00edsica.<\/p>\n<p>El proyecto se concreta en una oferta de <strong>deportes y actividades poco habituales en el curr\u00edculum<\/strong> <strong>de deporte escolar<\/strong> y que, en la mayor\u00eda de los casos, son desconocidos por los futuros y futuras practicantes; partiendo entonces estos\/as sin ninguna diferenciaci\u00f3n ni, por cuestiones de g\u00e9nero, habilidades motrices previas y\/o condici\u00f3n social. Todo pensado para el colectivo adolescente de la ciudad de Barcelona.[\/vc_column_text][\/vc_column][\/vc_row][vc_row type=\u00bbvc_default\u00bb bg_type=\u00bbbg_color\u00bb bg_override=\u00bbfull\u00bb bg_color_value=\u00bb#f5f5f5&#8243;][vc_column]<div id=\"ultimate-heading-637569dd2238ce5e2\" class=\"uvc-heading ult-adjust-bottom-margin ultimate-heading-637569dd2238ce5e2 uvc-5740  uvc-heading-default-font-sizes\" data-hspacer=\"no_spacer\"  data-halign=\"left\" style=\"text-align:left\"><div class=\"uvc-heading-spacer no_spacer\" style=\"top\"><\/div><div class=\"uvc-main-heading ult-responsive\"  data-ultimate-target='.uvc-heading.ultimate-heading-637569dd2238ce5e2 h2'  data-responsive-json-new='{\"font-size\":\"\",\"line-height\":\"\"}' ><h2 style=\"--font-weight:theme;color:#61b4e4;\">Objetivos generales<\/h2><\/div><\/div>[vc_empty_space height=\u00bb15px\u00bb][vc_row_inner][vc_column_inner width=\u00bb1\/3&#8243;]<div class=\"standard-arrow list-divider bullet-top\"><div class=\"traductor-textarea form-group\">\n<div class=\"textarea-desti col-xs-12 col-sm-6\">\n<ul>\n<li class=\"form-control second-textarea\">Aumentar el volumen de participantes practicantes de la actividad deportiva en el colectivo adolescente.<\/li>\n<li class=\"form-control second-textarea\">Potenciar la pr\u00e1ctica deportiva adolescente del g\u00e9nero femenino en la Fundaci\u00f3 CET10.<\/li>\n<li class=\"form-control second-textarea\">Ofrecer continuidad de la pr\u00e1ctica deportiva independientemente del g\u00e9nero, cultura, nivel, &#8230; en la etapa de la adolescencia.<\/li>\n<li class=\"form-control second-textarea\">Concebir a los y las adolescentes como principales protagonistas de su tiempo libre y de este modo ayudar al desarrollo de su autonom\u00eda.<\/li>\n<\/ul>\n<\/div>\n<\/div>\n<div class=\"traductor-checkbox form-group\">\n<div class=\"row\"><\/div>\n<\/div>\n<\/div>[\/vc_column_inner][vc_column_inner width=\u00bb1\/3&#8243;]<div class=\"standard-arrow list-divider bullet-top\"><ul>\n<li>Mejorar las habilidades y destrezas motrices de los participantes para crear un h\u00e1bito saludable c\u00f3mo es el de realizar actividad f\u00edsica en su tiempo libre.<\/li>\n<li>Aprovechar el car\u00e1cter l\u00fadico y motivar la pr\u00e1ctica deportiva para trabajar valores y h\u00e1bitos saludables.<\/li>\n<li>Dar continuidad a la participaci\u00f3n activa de los adolescentes favoreciendo que este colectivo acontezca el m\u00e1ximo protagonista.<\/li>\n<li>Generar alternativas de deportes y actividades de educaci\u00f3n en el ocio por el colectivo adolescente.<\/li>\n<\/ul>\n<\/div>[\/vc_column_inner][vc_column_inner width=\u00bb1\/3&#8243;][vc_single_image image=\u00bb6701&#8243; img_size=\u00bbfull\u00bb alignment=\u00bbcenter\u00bb][\/vc_column_inner][\/vc_row_inner][\/vc_column][\/vc_row][vc_row][vc_column]<div id=\"ultimate-heading-840169dd2238ce6f7\" class=\"uvc-heading ult-adjust-bottom-margin ultimate-heading-840169dd2238ce6f7 uvc-9942  uvc-heading-default-font-sizes\" data-hspacer=\"no_spacer\"  data-halign=\"left\" style=\"text-align:left\"><div class=\"uvc-heading-spacer no_spacer\" style=\"top\"><\/div><div class=\"uvc-main-heading ult-responsive\"  data-ultimate-target='.uvc-heading.ultimate-heading-840169dd2238ce6f7 h2'  data-responsive-json-new='{\"font-size\":\"\",\"line-height\":\"\"}' ><h2 style=\"--font-weight:theme;color:#61b4e4;\">Una muestra de los deportes y actividades<\/h2><\/div><\/div>[vc_empty_space height=\u00bb20px\u00bb][vc_row_inner][vc_column_inner width=\u00bb1\/3&#8243;][vc_video link=\u00bbhttps:\/\/youtu.be\/O1Oj3e4sNeA\u00bb][vc_video link=\u00bbhttps:\/\/youtu.be\/PaIwGIIfETc\u00bb][\/vc_column_inner][vc_column_inner width=\u00bb1\/3&#8243;][vc_video link=\u00bbhttps:\/\/youtu.be\/GMz-fjR5Pdw\u00bb][vc_video link=\u00bbhttps:\/\/youtu.be\/UNtVjHoV-s8&#8243;][\/vc_column_inner][vc_column_inner width=\u00bb1\/3&#8243;][vc_video link=\u00bbhttps:\/\/youtu.be\/BWwiMFFlFgs\u00bb][vc_video link=\u00bbhttps:\/\/youtu.be\/OvRM7ymoi2k\u00bb][\/vc_column_inner][\/vc_row_inner][vc_column_text]\u00bfQuieres ver m\u00e1s v\u00eddeos sobre #elgranrepte? \u00a1Entra a nuestro canal de\u00a0<strong><a href=\"https:\/\/www.youtube.com\/channel\/UCJxn0IrnJTT9ezNgKe5KSnA\">Youtube<\/a>!<\/strong>\u00a0Y tampoco te pierdas nuestra p\u00e1gina de\u00a0<strong><a href=\"https:\/\/www.facebook.com\/elgranrepte\/\">Facebook<\/a><\/strong>\u00a0e <strong><a href=\"https:\/\/www.instagram.com\/elgranrepte_fcet10\/\" target=\"_blank\" rel=\"noopener\">Instagram<\/a>.<\/strong>[\/vc_column_text][\/vc_column][\/vc_row][vc_row type=\u00bbvc_default\u00bb bg_type=\u00bbbg_color\u00bb bg_override=\u00bbfull\u00bb bg_color_value=\u00bb#f5f5f5&#8243;][vc_column]<div id=\"ultimate-heading-940869dd2238ce730\" class=\"uvc-heading ult-adjust-bottom-margin ultimate-heading-940869dd2238ce730 uvc-6433  uvc-heading-default-font-sizes\" data-hspacer=\"no_spacer\"  data-halign=\"left\" style=\"text-align:left\"><div class=\"uvc-heading-spacer no_spacer\" style=\"top\"><\/div><div class=\"uvc-main-heading ult-responsive\"  data-ultimate-target='.uvc-heading.ultimate-heading-940869dd2238ce730 h2'  data-responsive-json-new='{\"font-size\":\"\",\"line-height\":\"\"}' ><h2 style=\"--font-weight:theme;color:#61b4e4;\">Los valores presentes en el proyecto<\/h2><\/div><\/div>[vc_empty_space height=\u00bb15px\u00bb]<div class=\"standard-arrow list-divider bullet-top\"><ul>\n<li><strong>Respeto<\/strong>: Aceptaci\u00f3n de las diferencias propias y ajenas, dejando al margen los prejuicios. Respeto al espacio personal y\u00a0privacidad de los otros.<\/li>\n<li><strong>Integraci\u00f3n<\/strong>: Inclusi\u00f3n de todos los y las participantes sin distinci\u00f3n de raza, g\u00e9nero, religi\u00f3n, clase social,&#8230; hasta concebir todo ello c\u00f3mo uno todo homog\u00e9neo.<\/li>\n<li><strong>Solidaridad<\/strong>: Actuaci\u00f3n desinteresada de los y las participantes para mejorar el clima, el d\u00eda a d\u00eda,&#8230; desde una vertiente desinteresada.<\/li>\n<li><strong>Cooperaci\u00f3n<\/strong>: Actuaci\u00f3n conjunta de todos los y las deportistas para lograr un objetivo com\u00fan.<\/li>\n<li><strong>Autonom\u00eda<\/strong>: Favorecer la independencia de los y las alumnas en su comportamiento as\u00ed como a trabajar para que sean los m\u00e1ximos protagonistas.<\/li>\n<li><strong>Participaci\u00f3n<\/strong>: Acceso para que todo el mundo pueda acceder a la pr\u00e1ctica deportiva y disfrutar de las actividades propuestas y lo haga de una manera activa.<\/li>\n<li><strong>Equidad<\/strong>: Oportunidad para acceder a cualquier hito con las mismas condiciones, sin dejar influenciar aspectos vinculados al g\u00e9nero, la raza, la cultura,&#8230;<\/li>\n<li><strong>Esfuerzo y superaci\u00f3n personal<\/strong>:\u00a0Dise\u00f1o y aplicaci\u00f3n de estrategias para ayudar a los j\u00f3venes a avanzar en relaci\u00f3n al \u00e9xito personal y del grupo.<\/li>\n<li><strong>Responsabilidad<\/strong>:\u00a0Llevar a cabo estrategias para trabajar la coherencia de los adolescentes: el hecho de ser consecuente con las acciones realizadas.<\/li>\n<\/ul>\n<\/div>[vc_empty_space height=\u00bb15px\u00bb][\/vc_column][\/vc_row][vc_row][vc_column][vc_raw_html css=\u00bb\u00bb]JTNDYSUyMGhyZWYlM0QlMjJodHRwcyUzQSUyRiUyRmFwaS53aGF0c2FwcC5jb20lMkZzZW5kJTNGcGhvbmUlM0QzNDY0NTE0Mzk5OSUyMiUyMGNsYXNzJTNEJTIyZmxvYXQtd2ElMjIlM0UlMEElM0NpbWclMjBzcmMlM0QlMjJodHRwcyUzQSUyRiUyRmNldDEwLmNvbSUyRndwLWNvbnRlbnQlMkZ1cGxvYWRzJTJGc2l0ZXMlMkYzNiUyRjIwMjUlMkYwNCUyRndoYXRzYXBwLTEuc3ZnJTIyJTIwJTNFJTBBJTNDJTJGYSUzRQ==[\/vc_raw_html][\/vc_column][\/vc_row]<\/p>\n<\/div>","protected":false},"excerpt":{"rendered":"<p>[vc_row type=\u00bbvc_default\u00bb full_width=\u00bbstretch_row_content_no_spaces\u00bb css=\u00bb.vc_custom_1698916047202{margin-bottom: 35px !important;background-image: url(https:\/\/cet10.com\/wp-content\/uploads\/sites\/36\/2023\/11\/CET10-repte.webp?id=86948) !important;background-position: center !important;background-repeat: no-repeat !important;background-size: cover !important;}\u00bb][vc_column offset=\u00bbvc_hidden-xs\u00bb][vc_custom_heading text=\u00bbEl Gran Repte\u00bb font_container=\u00bbtag:h1|font_size:50px|text_align:center|color:%23ffffff|line_height:60px\u00bb use_theme_fonts=\u00bbyes\u00bb css=\u00bb.vc_custom_1698915971799{padding-top: 151px !important;padding-bottom: 160px !important;}\u00bb][\/vc_column][\/vc_row][vc_row type=\u00bbvc_default\u00bb full_width=\u00bbstretch_row_content_no_spaces\u00bb css=\u00bb.vc_custom_1698916063309{margin-bottom: -30px !important;background-image: url(https:\/\/cet10.com\/wp-content\/uploads\/sites\/36\/2023\/11\/CET10-repte.webp?id=86948) !important;background-position: center !important;background-repeat: no-repeat !important;background-size: cover !important;}\u00bb][vc_column offset=\u00bbvc_hidden-lg vc_hidden-md vc_hidden-sm\u00bb css=\u00bb.vc_custom_1689929929147{margin-bottom: -30px !important;}\u00bb][vc_column_text css=\u00bb.vc_custom_1698915979886{padding-top: 90px !important;padding-bottom: 90px !important;}\u00bb] El Gran Repte [\/vc_column_text][\/vc_column][\/vc_row][vc_row][vc_column][vc_empty_space height=\u00bb15px\u00bb][vc_column_text]El Gran&hellip;<\/p>\n","protected":false},"author":4,"featured_media":0,"parent":0,"menu_order":0,"comment_status":"closed","ping_status":"closed","template":"","meta":{"footnotes":""},"class_list":["post-6700","page","type-page","status-publish","hentry","description-off"],"yoast_head":"<!-- This site is optimized with the Yoast SEO plugin v26.8 - https:\/\/yoast.com\/product\/yoast-seo-wordpress\/ -->\n<title>El Gran Reto - Deporte para los adolescentes - Fundaci\u00f3n CET10<\/title>\n<meta name=\"description\" content=\"El Gran Reto es un proyecto de la Fundaci\u00f3n CET10, en colaboraci\u00f3n con el Ayuntamiento de Barcelona, dise\u00f1ado para los adolescentes.\" \/>\n<meta name=\"robots\" content=\"index, follow, max-snippet:-1, max-image-preview:large, max-video-preview:-1\" \/>\n<link rel=\"canonical\" href=\"https:\/\/cet10.com\/es\/el-gran-reto\/\" \/>\n<meta property=\"og:locale\" content=\"es_ES\" \/>\n<meta property=\"og:type\" content=\"article\" \/>\n<meta property=\"og:title\" content=\"El Gran Reto - Deporte para los adolescentes - Fundaci\u00f3n CET10\" \/>\n<meta property=\"og:description\" content=\"El Gran Reto es un proyecto de la Fundaci\u00f3n CET10, en colaboraci\u00f3n con el Ayuntamiento de Barcelona, dise\u00f1ado para los adolescentes.\" \/>\n<meta property=\"og:url\" content=\"https:\/\/cet10.com\/es\/el-gran-reto\/\" \/>\n<meta property=\"og:site_name\" content=\"CET10 - Col\u00b7lectiu d&#039;Esports per a Tothom 10\" \/>\n<meta property=\"article:modified_time\" content=\"2025-04-22T16:00:23+00:00\" \/>\n<meta name=\"twitter:card\" content=\"summary_large_image\" \/>\n<meta name=\"twitter:label1\" content=\"Tiempo de lectura\" \/>\n\t<meta name=\"twitter:data1\" content=\"3 minutos\" \/>\n<script type=\"application\/ld+json\" class=\"yoast-schema-graph\">{\"@context\":\"https:\/\/schema.org\",\"@graph\":[{\"@type\":\"WebPage\",\"@id\":\"https:\/\/cet10.com\/es\/el-gran-reto\/\",\"url\":\"https:\/\/cet10.com\/es\/el-gran-reto\/\",\"name\":\"El Gran Reto - Deporte para los adolescentes - Fundaci\u00f3n CET10\",\"isPartOf\":{\"@id\":\"https:\/\/cet10.com\/es\/#website\"},\"datePublished\":\"2018-06-06T18:24:13+00:00\",\"dateModified\":\"2025-04-22T16:00:23+00:00\",\"description\":\"El Gran Reto es un proyecto de la Fundaci\u00f3n CET10, en colaboraci\u00f3n con el Ayuntamiento de Barcelona, dise\u00f1ado para los adolescentes.\",\"breadcrumb\":{\"@id\":\"https:\/\/cet10.com\/es\/el-gran-reto\/#breadcrumb\"},\"inLanguage\":\"es\",\"potentialAction\":[{\"@type\":\"ReadAction\",\"target\":[\"https:\/\/cet10.com\/es\/el-gran-reto\/\"]}]},{\"@type\":\"BreadcrumbList\",\"@id\":\"https:\/\/cet10.com\/es\/el-gran-reto\/#breadcrumb\",\"itemListElement\":[{\"@type\":\"ListItem\",\"position\":1,\"name\":\"Portada\",\"item\":\"https:\/\/cet10.com\/es\/\"},{\"@type\":\"ListItem\",\"position\":2,\"name\":\"Proyecto El Gran Repte\"}]},{\"@type\":\"WebSite\",\"@id\":\"https:\/\/cet10.com\/es\/#website\",\"url\":\"https:\/\/cet10.com\/es\/\",\"name\":\"CET10 - Col\u00b7lectiu d&#039;Esports per a Tothom 10\",\"description\":\"CET10 Esport per a tothom\",\"publisher\":{\"@id\":\"https:\/\/cet10.com\/es\/#organization\"},\"potentialAction\":[{\"@type\":\"SearchAction\",\"target\":{\"@type\":\"EntryPoint\",\"urlTemplate\":\"https:\/\/cet10.com\/es\/?s={search_term_string}\"},\"query-input\":{\"@type\":\"PropertyValueSpecification\",\"valueRequired\":true,\"valueName\":\"search_term_string\"}}],\"inLanguage\":\"es\"},{\"@type\":\"Organization\",\"@id\":\"https:\/\/cet10.com\/es\/#organization\",\"name\":\"CET10\",\"url\":\"https:\/\/cet10.com\/es\/\",\"logo\":{\"@type\":\"ImageObject\",\"inLanguage\":\"es\",\"@id\":\"https:\/\/cet10.com\/es\/#\/schema\/logo\/image\/\",\"url\":\"https:\/\/cet10.com\/wp-content\/uploads\/sites\/36\/2021\/06\/CET10.png\",\"contentUrl\":\"https:\/\/cet10.com\/wp-content\/uploads\/sites\/36\/2021\/06\/CET10.png\",\"width\":210,\"height\":67,\"caption\":\"CET10\"},\"image\":{\"@id\":\"https:\/\/cet10.com\/es\/#\/schema\/logo\/image\/\"}}]}<\/script>\n<!-- \/ Yoast SEO plugin. -->","yoast_head_json":{"title":"El Gran Reto - Deporte para los adolescentes - Fundaci\u00f3n CET10","description":"El Gran Reto es un proyecto de la Fundaci\u00f3n CET10, en colaboraci\u00f3n con el Ayuntamiento de Barcelona, dise\u00f1ado para los adolescentes.","robots":{"index":"index","follow":"follow","max-snippet":"max-snippet:-1","max-image-preview":"max-image-preview:large","max-video-preview":"max-video-preview:-1"},"canonical":"https:\/\/cet10.com\/es\/el-gran-reto\/","og_locale":"es_ES","og_type":"article","og_title":"El Gran Reto - Deporte para los adolescentes - Fundaci\u00f3n CET10","og_description":"El Gran Reto es un proyecto de la Fundaci\u00f3n CET10, en colaboraci\u00f3n con el Ayuntamiento de Barcelona, dise\u00f1ado para los adolescentes.","og_url":"https:\/\/cet10.com\/es\/el-gran-reto\/","og_site_name":"CET10 - Col\u00b7lectiu d&#039;Esports per a Tothom 10","article_modified_time":"2025-04-22T16:00:23+00:00","twitter_card":"summary_large_image","twitter_misc":{"Tiempo de lectura":"3 minutos"},"schema":{"@context":"https:\/\/schema.org","@graph":[{"@type":"WebPage","@id":"https:\/\/cet10.com\/es\/el-gran-reto\/","url":"https:\/\/cet10.com\/es\/el-gran-reto\/","name":"El Gran Reto - Deporte para los adolescentes - Fundaci\u00f3n CET10","isPartOf":{"@id":"https:\/\/cet10.com\/es\/#website"},"datePublished":"2018-06-06T18:24:13+00:00","dateModified":"2025-04-22T16:00:23+00:00","description":"El Gran Reto es un proyecto de la Fundaci\u00f3n CET10, en colaboraci\u00f3n con el Ayuntamiento de Barcelona, dise\u00f1ado para los adolescentes.","breadcrumb":{"@id":"https:\/\/cet10.com\/es\/el-gran-reto\/#breadcrumb"},"inLanguage":"es","potentialAction":[{"@type":"ReadAction","target":["https:\/\/cet10.com\/es\/el-gran-reto\/"]}]},{"@type":"BreadcrumbList","@id":"https:\/\/cet10.com\/es\/el-gran-reto\/#breadcrumb","itemListElement":[{"@type":"ListItem","position":1,"name":"Portada","item":"https:\/\/cet10.com\/es\/"},{"@type":"ListItem","position":2,"name":"Proyecto El Gran Repte"}]},{"@type":"WebSite","@id":"https:\/\/cet10.com\/es\/#website","url":"https:\/\/cet10.com\/es\/","name":"CET10 - Col\u00b7lectiu d&#039;Esports per a Tothom 10","description":"CET10 Esport per a tothom","publisher":{"@id":"https:\/\/cet10.com\/es\/#organization"},"potentialAction":[{"@type":"SearchAction","target":{"@type":"EntryPoint","urlTemplate":"https:\/\/cet10.com\/es\/?s={search_term_string}"},"query-input":{"@type":"PropertyValueSpecification","valueRequired":true,"valueName":"search_term_string"}}],"inLanguage":"es"},{"@type":"Organization","@id":"https:\/\/cet10.com\/es\/#organization","name":"CET10","url":"https:\/\/cet10.com\/es\/","logo":{"@type":"ImageObject","inLanguage":"es","@id":"https:\/\/cet10.com\/es\/#\/schema\/logo\/image\/","url":"https:\/\/cet10.com\/wp-content\/uploads\/sites\/36\/2021\/06\/CET10.png","contentUrl":"https:\/\/cet10.com\/wp-content\/uploads\/sites\/36\/2021\/06\/CET10.png","width":210,"height":67,"caption":"CET10"},"image":{"@id":"https:\/\/cet10.com\/es\/#\/schema\/logo\/image\/"}}]}},"_links":{"self":[{"href":"https:\/\/cet10.com\/es\/wp-json\/wp\/v2\/pages\/6700","targetHints":{"allow":["GET"]}}],"collection":[{"href":"https:\/\/cet10.com\/es\/wp-json\/wp\/v2\/pages"}],"about":[{"href":"https:\/\/cet10.com\/es\/wp-json\/wp\/v2\/types\/page"}],"author":[{"embeddable":true,"href":"https:\/\/cet10.com\/es\/wp-json\/wp\/v2\/users\/4"}],"replies":[{"embeddable":true,"href":"https:\/\/cet10.com\/es\/wp-json\/wp\/v2\/comments?post=6700"}],"version-history":[{"count":0,"href":"https:\/\/cet10.com\/es\/wp-json\/wp\/v2\/pages\/6700\/revisions"}],"wp:attachment":[{"href":"https:\/\/cet10.com\/es\/wp-json\/wp\/v2\/media?parent=6700"}],"curies":[{"name":"wp","href":"https:\/\/api.w.org\/{rel}","templated":true}]}}