{"id":6709,"date":"2018-05-16T10:24:47","date_gmt":"2018-05-16T10:24:47","guid":{"rendered":"https:\/\/cet10.com\/campus-i-casals\/"},"modified":"2026-03-27T08:18:18","modified_gmt":"2026-03-27T07:18:18","slug":"campus-y-casales","status":"publish","type":"page","link":"https:\/\/cet10.com\/es\/campus-y-casales\/","title":{"rendered":"Campus y casales"},"content":{"rendered":"<div class=\"wpb-content-wrapper\"><p>[vc_row type=\u00bbvc_default\u00bb][vc_column offset=\u00bbvc_hidden-xs\u00bb css=\u00bb.vc_custom_1772436463086{margin-bottom: -80px !important;}\u00bb][vc_single_image image=\u00bb187916&#8243; img_size=\u00bbfull\u00bb onclick=\u00bbcustom_link\u00bb css=\u00bb\u00bb lazy_loading=\u00bbtrue\u00bb link=\u00bbhttps:\/\/cet10.com\/casal-estiu\/\u00bb][\/vc_column][\/vc_row][vc_row type=\u00bbvc_default\u00bb full_width=\u00bbstretch_row_content_no_spaces\u00bb][vc_column offset=\u00bbvc_hidden-lg vc_hidden-md vc_hidden-sm\u00bb][vc_single_image image=\u00bb187918&#8243; img_size=\u00bbfull\u00bb onclick=\u00bbcustom_link\u00bb css=\u00bb.vc_custom_1774595888591{margin-bottom: 13px !important;}\u00bb lazy_loading=\u00bbtrue\u00bb link=\u00bbhttps:\/\/cet10.com\/casal-estiu\/\u00bb][\/vc_column][\/vc_row][vc_row type=\u00bbvc_default\u00bb full_width=\u00bbstretch_row_content_no_spaces\u00bb css=\u00bb.vc_custom_1725608666409{margin-bottom: 35px !important;background-image: url(https:\/\/cet10.com\/wp-content\/uploads\/sites\/36\/2023\/10\/campus-casals.webp?id=86821) !important;background-position: center !important;background-repeat: no-repeat !important;background-size: cover !important;}\u00bb][vc_column offset=\u00bbvc_hidden-lg vc_hidden-md vc_hidden-sm vc_hidden-xs\u00bb][vc_custom_heading text=\u00bbCampus y casales\u00bb font_container=\u00bbtag:h1|font_size:50px|text_align:center|color:%23ffffff|line_height:60px\u00bb use_theme_fonts=\u00bbyes\u00bb css=\u00bb.vc_custom_1698393728425{padding-top: 151px !important;padding-bottom: 160px !important;}\u00bb][\/vc_column][\/vc_row][vc_row type=\u00bbvc_default\u00bb full_width=\u00bbstretch_row_content_no_spaces\u00bb css=\u00bb.vc_custom_1725609033971{margin-top: -40px !important;margin-bottom: -30px !important;background-image: url(https:\/\/cet10.com\/wp-content\/uploads\/sites\/36\/2023\/10\/campus-casals.webp?id=86821) !important;background-position: center !important;background-repeat: no-repeat !important;background-size: cover !important;}\u00bb][vc_column offset=\u00bbvc_hidden-lg vc_hidden-md vc_hidden-sm vc_hidden-xs\u00bb css=\u00bb.vc_custom_1742200169374{margin-bottom: -30px !important;}\u00bb][vc_column_text css=\u00bb.vc_custom_1698393747495{padding-top: 90px !important;padding-bottom: 90px !important;}\u00bb]<\/p>\n<p style=\"text-align: center; font-family: Roboto; font-size: 35px; line-height: 40px;\"><span style=\"color: #ffffff;\"><strong>Campus y<br \/>\ncasales<br \/>\n<\/strong><\/span><\/p>\n<p>[\/vc_column_text][\/vc_column][\/vc_row][vc_row][vc_column][vc_row_inner][vc_column_inner offset=\u00bbvc_hidden-xs\u00bb][vc_empty_space height=\u00bb40px\u00bb][\/vc_column_inner][\/vc_row_inner][vc_custom_heading text=\u00bbCampus y casales: un espacio educativo infantil\u00bb use_theme_fonts=\u00bbyes\u00bb css=\u00bb\u00bb el_id=\u00bbespai\u00bb][vc_separator][\/vc_column][\/vc_row][vc_row][vc_column width=\u00bb2\/3&#8243;][vc_column_text]Para CET10, el tiempo libre es un espacio educativo clave en la formaci\u00f3n y crecimiento de los ni\u00f1os. Se concibe la educaci\u00f3n en el deporte y en el ocio educativo como<strong> veh\u00edculo que favorece la mejora de la calidad del tiempo libre de las personas para que este acontezca enriquecedor, con car\u00e1cter propio y humanizador<\/strong>, en lugar de ser un tiempo alienado y vac\u00edo de contenido pedag\u00f3gico.<\/p>\n<p>Nos gusta hacer propuestas a medida como casales multideportivos (que incluye la pr\u00e1ctica transversal de diferentes deportes, sean tradicionales o alternativos), campus urbano (con modalidades vinculadas al skate y a la zumba) o casales con un componente m\u00e1s art\u00edstico (donde podr\u00e1n poner en acci\u00f3n su parte m\u00e1s creativa), por ejemplo.\u00a0Tambi\u00e9n ofrecemos la <strong>posibilidad de combinar entre diferentes propuestas, consiguiendo as\u00ed un amplio abanico de acciones educativas<\/strong>.[\/vc_column_text][\/vc_column][vc_column width=\u00bb1\/3&#8243;][vc_single_image image=\u00bb11940&#8243; img_size=\u00bbfull\u00bb][\/vc_column][\/vc_row][vc_row type=\u00bbvc_default\u00bb bg_type=\u00bbbg_color\u00bb bg_override=\u00bbfull\u00bb bg_color_value=\u00bb#f5f5f5&#8243;][vc_column]<div id=\"ultimate-heading-817069dd0bbb19559\" class=\"uvc-heading ult-adjust-bottom-margin ultimate-heading-817069dd0bbb19559 uvc-8814  uvc-heading-default-font-sizes\" data-hspacer=\"no_spacer\"  data-halign=\"left\" style=\"text-align:left\"><div class=\"uvc-heading-spacer no_spacer\" style=\"top\"><\/div><div class=\"uvc-main-heading ult-responsive\"  data-ultimate-target='.uvc-heading.ultimate-heading-817069dd0bbb19559 h2'  data-responsive-json-new='{\"font-size\":\"\",\"line-height\":\"\"}' ><h2 style=\"--font-weight:theme;\">Aspectos pedag\u00f3gicos<\/h2><\/div><\/div>[vc_empty_space height=\u00bb15px\u00bb]<div class=\"standard-arrow list-divider bullet-top\"><ul>\n<li><strong>El contacto entre personas<\/strong>: las relaciones entre los ni\u00f1os e influencias mutuas son un aspecto importante en el proceso educativo teniendo presente los dos elementos clave: el monitor\/a y el grupo de educadores.<\/li>\n<li><strong>La intencionalidad educativa<\/strong>: el equipo educativo trabaja para conseguir una educaci\u00f3n en el ocio de calidad que posibilite el m\u00e1ximo de vivencias personales, oportunidades de enriquecimiento y una ocasi\u00f3n para crecer en el \u00e1mbito integral.<\/li>\n<li><strong>La educaci\u00f3n entendida como proceso<\/strong>: para favorecer el desarrollo integral de los ni\u00f1os\/as, el equipo educativo tiene que seguir unos pasos y unas etapas, y la planificaci\u00f3n dir\u00e1 en qu\u00e9 orden y c\u00f3mo se ir\u00e1n trabajando, para lograr los objetivos educativos. Por este motivo, en CET10 se da tanta importancia en la programaci\u00f3n y temporizaci\u00f3n de los objetivos y las actividades que est\u00e1n vinculadas.<\/li>\n<li><strong>La solidaridad y el respeto entre las personas<\/strong>: todo ni\u00f1o tiene que estar incluido en un grupo y ser un miembro activo de este. Para conseguirlo se tendr\u00e1 que fomentar el respeto verso los otros ni\u00f1os y el respeto de los ni\u00f1os verso ellos mismos.<\/li>\n<li><strong>La integraci\u00f3n<\/strong>: el derecho a la diferencia y la protecci\u00f3n integral de las necesidades e intereses individuales de los ni\u00f1os. El trabajo b\u00e1sico de este principio es el autoconcepto y la identidad de los ni\u00f1os\/as, trabajando con ellos\/as su globalidad y favoreciendo el desarrollo de sus destrezas y competencia social.<\/li>\n<li><strong>La normalizaci\u00f3n<\/strong>: el trabajo educativo y los recursos de los cuales se disponen para llevar a cabo el proyecto tiene que velar por la igualdad de oportunidades y ofreciendo la misma calidad a cualquier de los ni\u00f1os\/as. Definen a los ni\u00f1os como sujetos con DERECHOS Y DEBERES, favoreciendo el desarrollo\u00a0 de las capacidades de los ni\u00f1os, en esta l\u00ednea se crea la normativa de convivencia para que todos los miembros del grupo desarrollen el compromiso de voluntariedad, la responsabilidad individual y de grupo.<\/li>\n<li><strong>La globalidad<\/strong>: la atenci\u00f3n a las necesidades globales de los ni\u00f1os responde al trabajo integral de las dimensiones educativas de la persona (social, psicol\u00f3gica, afectiva, motriz, corporal y de relaci\u00f3n con el entorno).<\/li>\n<li><strong>La participaci\u00f3n<\/strong>: los ni\u00f1os tienen que participar democr\u00e1ticamente en la vida de grupo; as\u00ed mismo tienen que tener acceso a la informaci\u00f3n, conocer sus necesidades, formular demandas y manifestar inquietudes e intereses y promover la solidaridad.<\/li>\n<\/ul>\n<\/div>[\/vc_column][\/vc_row][vc_row][vc_column]<div id=\"ultimate-heading-984369dd0bbb19664\" class=\"uvc-heading ult-adjust-bottom-margin ultimate-heading-984369dd0bbb19664 uvc-5153  uvc-heading-default-font-sizes\" data-hspacer=\"no_spacer\"  data-halign=\"left\" style=\"text-align:left\"><div class=\"uvc-heading-spacer no_spacer\" style=\"top\"><\/div><div class=\"uvc-main-heading ult-responsive\"  data-ultimate-target='.uvc-heading.ultimate-heading-984369dd0bbb19664 h2'  data-responsive-json-new='{\"font-size\":\"\",\"line-height\":\"\"}' ><h2 style=\"--font-weight:theme;\">Nuestras propuestas en los casales y campus<\/h2><\/div><\/div>[vc_empty_space height=\u00bb15px\u00bb][vc_row_inner][vc_column_inner width=\u00bb2\/3&#8243;][vc_column_text]En los campus y casales, todas las actividades ir\u00e1n vinculadas a la etapa educativa de cada grupo de ni\u00f1os respetando su ritmo evolutivo y sus necesidades, es decir, diferenciando la tipolog\u00eda de actividad de educaci\u00f3n infantil con educaci\u00f3n primaria, adapt\u00e1ndonos con los intereses que a cada etapa manifiestan.<\/p>\n<p><strong>Para los ni\u00f1os de educaci\u00f3n infantil, se plantea un centro de inter\u00e9s que trabaja un hilo conductor vinculado con la educaci\u00f3n integral<\/strong>, trabajando todas las dimensiones de la persona y, ofreciendo la oportunidad a los ni\u00f1os de poder disfrutar de aprendizajes significativos, puesto que se refuerzan aptitudes de los ni\u00f1os y ni\u00f1as, que los ayudar\u00e1n a hacer frente a problemas de la vida real.<\/p>\n<p>Para los ni\u00f1os de educaci\u00f3n primaria, y siendo concientes de sus intereses y necesidades, <strong>planteamos todo un abanico de posibilidades que se adaptan al perfil del centro<\/strong> donde llevamos a cabo el proyecto, sea una escuela o una instalaci\u00f3n.[\/vc_column_text][\/vc_column_inner][vc_column_inner width=\u00bb1\/3&#8243;][vc_single_image image=\u00bb6710&#8243; img_size=\u00bbfull\u00bb][\/vc_column_inner][\/vc_row_inner][\/vc_column][\/vc_row][vc_row type=\u00bbvc_default\u00bb bg_type=\u00bbbg_color\u00bb bg_override=\u00bbfull\u00bb bg_color_value=\u00bb#f5f5f5&#8243; css=\u00bb.vc_custom_1688982027573{margin-bottom: -20px !important;}\u00bb][vc_column css=\u00bb.vc_custom_1688982062489{margin-bottom: -20px !important;}\u00bb]<div id=\"ultimate-heading-270669dd0bbb196a0\" class=\"uvc-heading ult-adjust-bottom-margin ultimate-heading-270669dd0bbb196a0 uvc-6957  uvc-heading-default-font-sizes\" data-hspacer=\"no_spacer\"  data-halign=\"left\" style=\"text-align:left\"><div class=\"uvc-heading-spacer no_spacer\" style=\"top\"><\/div><div class=\"uvc-main-heading ult-responsive\"  data-ultimate-target='.uvc-heading.ultimate-heading-270669dd0bbb196a0 h2'  data-responsive-json-new='{\"font-size\":\"\",\"line-height\":\"\"}' ><h2 style=\"--font-weight:theme;\">Objetivos educativos<\/h2><\/div><\/div>[vc_empty_space height=\u00bb15px\u00bb][vc_row_inner][vc_column_inner width=\u00bb1\/2&#8243;]<div id=\"ultimate-heading-965669dd0bbb196d4\" class=\"uvc-heading ult-adjust-bottom-margin ultimate-heading-965669dd0bbb196d4 uvc-2949 \" data-hspacer=\"no_spacer\"  data-halign=\"left\" style=\"text-align:left\"><div class=\"uvc-heading-spacer no_spacer\" style=\"top\"><\/div><div class=\"uvc-main-heading ult-responsive\"  data-ultimate-target='.uvc-heading.ultimate-heading-965669dd0bbb196d4 h2'  data-responsive-json-new='{\"font-size\":\"desktop:20px;\",\"line-height\":\"\"}' ><h2 style=\"--font-weight:theme;\">Educaci\u00f3n Infantil<\/h2><\/div><\/div>[vc_empty_space height=\u00bb10px\u00bb]<div class=\"standard-arrow list-divider bullet-top\"><ul>\n<li>Fomentar en los campus y casales valores y normas \u00fatiles por la persona y para la convivencia con los otros, favoreciendo el desarrollo integral de los ni\u00f1os o ni\u00f1as.<\/li>\n<li>Promover el respeto por nuestro entorno y la diversidad social.<\/li>\n<li>Estimular la expresi\u00f3n de los sentimientos.<\/li>\n<li>Descubrir nuevas\u00a0maneras de entretenimiento a trav\u00e9s del juego, la expresi\u00f3n y la convivencia.<\/li>\n<li>Promover aprendizajes significativos y funcionales para favorecer el gusto para aprender cosas nuevas y despertar la curiosidad de los ni\u00f1os.<\/li>\n<li>Incluir aspectos vinculados en la responsabilidad individual y la autonom\u00eda en los aspectos cotidianos del d\u00eda a d\u00eda en el casal o campus.<\/li>\n<li>Favorecer el conocimiento del propio cuerpo, sus capacidades perceptivas y de movimiento, manteniendo una higiene corporal.<\/li>\n<\/ul>\n<\/div>[\/vc_column_inner][vc_column_inner width=\u00bb1\/2&#8243;]<div id=\"ultimate-heading-615369dd0bbb1979d\" class=\"uvc-heading ult-adjust-bottom-margin ultimate-heading-615369dd0bbb1979d uvc-47 \" data-hspacer=\"no_spacer\"  data-halign=\"left\" style=\"text-align:left\"><div class=\"uvc-heading-spacer no_spacer\" style=\"top\"><\/div><div class=\"uvc-main-heading ult-responsive\"  data-ultimate-target='.uvc-heading.ultimate-heading-615369dd0bbb1979d h2'  data-responsive-json-new='{\"font-size\":\"desktop:20px;\",\"line-height\":\"\"}' ><h2 style=\"--font-weight:theme;\">Educaci\u00f3n Primaria<\/h2><\/div><\/div>[vc_empty_space height=\u00bb10px\u00bb]<div class=\"standard-arrow list-divider bullet-top\"><ul>\n<li>Conocer y aceptar el propio cuerpo, como sus posibilidades de movimiento, hasta dominarlo.<\/li>\n<li>Tomar conciencia de la propia situaci\u00f3n motriz en el espacio y en el tiempo en relaci\u00f3n con las otras personas, con los objetos y en diferentes medios.<\/li>\n<li>Utilizar las habilidades y destrezas b\u00e1sicas correspondientes a la acci\u00f3n motriz, usando la observaci\u00f3n, el an\u00e1lisis y la imaginaci\u00f3n en la resoluci\u00f3n de problemas motrices.<\/li>\n<li>Conocer, identificar y utilizar las habilidades y destrezas espec\u00edficas fundamentales de las actividades f\u00edsicas propuestas, las cuales tienen que incluir formas de desplazamiento y de manejo de objetos variadas y diversificadas.<\/li>\n<li>Acceder al comportamiento social que facilite crecimiento individual mediante la participaci\u00f3n solidaria, la responsabilidad y el respecto a las otras personas y, especialmente, la utilizaci\u00f3n de las relaciones de cooperaci\u00f3n indispensables en una actividad f\u00edsica colectiva.<\/li>\n<li>Potenciar habilidades sociales como la comunicaci\u00f3n, la comprensi\u00f3n, la canalizaci\u00f3n de sentimientos, la resoluci\u00f3n de conflictos a trav\u00e9s del di\u00e1logo.<\/li>\n<\/ul>\n<\/div>[\/vc_column_inner][\/vc_row_inner][vc_row_inner][vc_column_inner][vc_empty_space][\/vc_column_inner][\/vc_row_inner][\/vc_column][\/vc_row][vc_row type=\u00bbvc_default\u00bb disable_element=\u00bbyes\u00bb][vc_column][vc_raw_html css=\u00bb\u00bb]JTNDYSUyMGhyZWYlM0QlMjJodHRwcyUzQSUyRiUyRmFwaS53aGF0c2FwcC5jb20lMkZzZW5kJTNGcGhvbmUlM0QzNDY0NTE0Mzk5OSUyMiUyMGNsYXNzJTNEJTIyZmxvYXQtd2ElMjIlMjAlM0UlMEElM0NpbWclMjBzcmMlM0QlMjJodHRwcyUzQSUyRiUyRmNldDEwLmNvbSUyRndwLWNvbnRlbnQlMkZ1cGxvYWRzJTJGc2l0ZXMlMkYzNiUyRjIwMjUlMkYwNCUyRndoYXRzYXBwLTEuc3ZnJTIyJTIwJTNFJTBBJTNDJTJGYSUzRQ==[\/vc_raw_html][\/vc_column][\/vc_row]<\/p>\n<\/div>","protected":false},"excerpt":{"rendered":"<p>[vc_row type=\u00bbvc_default\u00bb][vc_column offset=\u00bbvc_hidden-xs\u00bb css=\u00bb.vc_custom_1772436463086{margin-bottom: -80px !important;}\u00bb][vc_single_image image=\u00bb187916&#8243; img_size=\u00bbfull\u00bb onclick=\u00bbcustom_link\u00bb css=\u00bb\u00bb lazy_loading=\u00bbtrue\u00bb link=\u00bbhttps:\/\/cet10.com\/casal-estiu\/\u00bb][\/vc_column][\/vc_row][vc_row type=\u00bbvc_default\u00bb full_width=\u00bbstretch_row_content_no_spaces\u00bb][vc_column offset=\u00bbvc_hidden-lg vc_hidden-md vc_hidden-sm\u00bb][vc_single_image image=\u00bb187918&#8243; img_size=\u00bbfull\u00bb onclick=\u00bbcustom_link\u00bb css=\u00bb.vc_custom_1774595888591{margin-bottom: 13px !important;}\u00bb lazy_loading=\u00bbtrue\u00bb link=\u00bbhttps:\/\/cet10.com\/casal-estiu\/\u00bb][\/vc_column][\/vc_row][vc_row type=\u00bbvc_default\u00bb full_width=\u00bbstretch_row_content_no_spaces\u00bb css=\u00bb.vc_custom_1725608666409{margin-bottom: 35px !important;background-image: url(https:\/\/cet10.com\/wp-content\/uploads\/sites\/36\/2023\/10\/campus-casals.webp?id=86821) !important;background-position: center !important;background-repeat: no-repeat !important;background-size: cover !important;}\u00bb][vc_column offset=\u00bbvc_hidden-lg vc_hidden-md vc_hidden-sm vc_hidden-xs\u00bb][vc_custom_heading text=\u00bbCampus y casales\u00bb font_container=\u00bbtag:h1|font_size:50px|text_align:center|color:%23ffffff|line_height:60px\u00bb use_theme_fonts=\u00bbyes\u00bb css=\u00bb.vc_custom_1698393728425{padding-top: 151px !important;padding-bottom: 160px !important;}\u00bb][\/vc_column][\/vc_row][vc_row type=\u00bbvc_default\u00bb full_width=\u00bbstretch_row_content_no_spaces\u00bb css=\u00bb.vc_custom_1725609033971{margin-top:&hellip;<\/p>\n","protected":false},"author":4,"featured_media":0,"parent":0,"menu_order":0,"comment_status":"closed","ping_status":"closed","template":"","meta":{"footnotes":""},"class_list":["post-6709","page","type-page","status-publish","hentry","description-off"],"yoast_head":"<!-- This site is optimized with the Yoast SEO plugin v26.8 - https:\/\/yoast.com\/product\/yoast-seo-wordpress\/ -->\n<title>Campus y Casales - CET10 - Colectivo de Deporte para Todos 10<\/title>\n<meta name=\"description\" content=\"Campus y casales: para CET10, el tiempo libre es un espacio educativo clave en la formaci\u00f3n y crecimiento de los ni\u00f1os.\" \/>\n<meta name=\"robots\" content=\"index, follow, max-snippet:-1, max-image-preview:large, max-video-preview:-1\" \/>\n<link rel=\"canonical\" href=\"https:\/\/cet10.com\/es\/campus-y-casales\/\" \/>\n<meta property=\"og:locale\" content=\"es_ES\" \/>\n<meta property=\"og:type\" content=\"article\" \/>\n<meta property=\"og:title\" content=\"Campus y Casales - CET10 - Colectivo de Deporte para Todos 10\" \/>\n<meta property=\"og:description\" content=\"Campus y casales: para CET10, el tiempo libre es un espacio educativo clave en la formaci\u00f3n y crecimiento de los ni\u00f1os.\" \/>\n<meta property=\"og:url\" content=\"https:\/\/cet10.com\/es\/campus-y-casales\/\" \/>\n<meta property=\"og:site_name\" content=\"CET10 - Col\u00b7lectiu d&#039;Esports per a Tothom 10\" \/>\n<meta property=\"article:modified_time\" content=\"2026-03-27T07:18:18+00:00\" \/>\n<meta name=\"twitter:card\" content=\"summary_large_image\" \/>\n<meta name=\"twitter:label1\" content=\"Tiempo de lectura\" \/>\n\t<meta name=\"twitter:data1\" content=\"6 minutos\" \/>\n<script type=\"application\/ld+json\" class=\"yoast-schema-graph\">{\"@context\":\"https:\/\/schema.org\",\"@graph\":[{\"@type\":\"WebPage\",\"@id\":\"https:\/\/cet10.com\/es\/campus-y-casales\/\",\"url\":\"https:\/\/cet10.com\/es\/campus-y-casales\/\",\"name\":\"Campus y Casales - CET10 - Colectivo de Deporte para Todos 10\",\"isPartOf\":{\"@id\":\"https:\/\/cet10.com\/es\/#website\"},\"datePublished\":\"2018-05-16T10:24:47+00:00\",\"dateModified\":\"2026-03-27T07:18:18+00:00\",\"description\":\"Campus y casales: para CET10, el tiempo libre es un espacio educativo clave en la formaci\u00f3n y crecimiento de los ni\u00f1os.\",\"breadcrumb\":{\"@id\":\"https:\/\/cet10.com\/es\/campus-y-casales\/#breadcrumb\"},\"inLanguage\":\"es\",\"potentialAction\":[{\"@type\":\"ReadAction\",\"target\":[\"https:\/\/cet10.com\/es\/campus-y-casales\/\"]}]},{\"@type\":\"BreadcrumbList\",\"@id\":\"https:\/\/cet10.com\/es\/campus-y-casales\/#breadcrumb\",\"itemListElement\":[{\"@type\":\"ListItem\",\"position\":1,\"name\":\"Portada\",\"item\":\"https:\/\/cet10.com\/es\/\"},{\"@type\":\"ListItem\",\"position\":2,\"name\":\"Campus y casales\"}]},{\"@type\":\"WebSite\",\"@id\":\"https:\/\/cet10.com\/es\/#website\",\"url\":\"https:\/\/cet10.com\/es\/\",\"name\":\"CET10 - Col\u00b7lectiu d&#039;Esports per a Tothom 10\",\"description\":\"CET10 Esport per a tothom\",\"publisher\":{\"@id\":\"https:\/\/cet10.com\/es\/#organization\"},\"potentialAction\":[{\"@type\":\"SearchAction\",\"target\":{\"@type\":\"EntryPoint\",\"urlTemplate\":\"https:\/\/cet10.com\/es\/?s={search_term_string}\"},\"query-input\":{\"@type\":\"PropertyValueSpecification\",\"valueRequired\":true,\"valueName\":\"search_term_string\"}}],\"inLanguage\":\"es\"},{\"@type\":\"Organization\",\"@id\":\"https:\/\/cet10.com\/es\/#organization\",\"name\":\"CET10\",\"url\":\"https:\/\/cet10.com\/es\/\",\"logo\":{\"@type\":\"ImageObject\",\"inLanguage\":\"es\",\"@id\":\"https:\/\/cet10.com\/es\/#\/schema\/logo\/image\/\",\"url\":\"https:\/\/cet10.com\/wp-content\/uploads\/sites\/36\/2021\/06\/CET10.png\",\"contentUrl\":\"https:\/\/cet10.com\/wp-content\/uploads\/sites\/36\/2021\/06\/CET10.png\",\"width\":210,\"height\":67,\"caption\":\"CET10\"},\"image\":{\"@id\":\"https:\/\/cet10.com\/es\/#\/schema\/logo\/image\/\"}}]}<\/script>\n<!-- \/ Yoast SEO plugin. -->","yoast_head_json":{"title":"Campus y Casales - CET10 - Colectivo de Deporte para Todos 10","description":"Campus y casales: para CET10, el tiempo libre es un espacio educativo clave en la formaci\u00f3n y crecimiento de los ni\u00f1os.","robots":{"index":"index","follow":"follow","max-snippet":"max-snippet:-1","max-image-preview":"max-image-preview:large","max-video-preview":"max-video-preview:-1"},"canonical":"https:\/\/cet10.com\/es\/campus-y-casales\/","og_locale":"es_ES","og_type":"article","og_title":"Campus y Casales - CET10 - Colectivo de Deporte para Todos 10","og_description":"Campus y casales: para CET10, el tiempo libre es un espacio educativo clave en la formaci\u00f3n y crecimiento de los ni\u00f1os.","og_url":"https:\/\/cet10.com\/es\/campus-y-casales\/","og_site_name":"CET10 - Col\u00b7lectiu d&#039;Esports per a Tothom 10","article_modified_time":"2026-03-27T07:18:18+00:00","twitter_card":"summary_large_image","twitter_misc":{"Tiempo de lectura":"6 minutos"},"schema":{"@context":"https:\/\/schema.org","@graph":[{"@type":"WebPage","@id":"https:\/\/cet10.com\/es\/campus-y-casales\/","url":"https:\/\/cet10.com\/es\/campus-y-casales\/","name":"Campus y Casales - CET10 - Colectivo de Deporte para Todos 10","isPartOf":{"@id":"https:\/\/cet10.com\/es\/#website"},"datePublished":"2018-05-16T10:24:47+00:00","dateModified":"2026-03-27T07:18:18+00:00","description":"Campus y casales: para CET10, el tiempo libre es un espacio educativo clave en la formaci\u00f3n y crecimiento de los ni\u00f1os.","breadcrumb":{"@id":"https:\/\/cet10.com\/es\/campus-y-casales\/#breadcrumb"},"inLanguage":"es","potentialAction":[{"@type":"ReadAction","target":["https:\/\/cet10.com\/es\/campus-y-casales\/"]}]},{"@type":"BreadcrumbList","@id":"https:\/\/cet10.com\/es\/campus-y-casales\/#breadcrumb","itemListElement":[{"@type":"ListItem","position":1,"name":"Portada","item":"https:\/\/cet10.com\/es\/"},{"@type":"ListItem","position":2,"name":"Campus y casales"}]},{"@type":"WebSite","@id":"https:\/\/cet10.com\/es\/#website","url":"https:\/\/cet10.com\/es\/","name":"CET10 - Col\u00b7lectiu d&#039;Esports per a Tothom 10","description":"CET10 Esport per a tothom","publisher":{"@id":"https:\/\/cet10.com\/es\/#organization"},"potentialAction":[{"@type":"SearchAction","target":{"@type":"EntryPoint","urlTemplate":"https:\/\/cet10.com\/es\/?s={search_term_string}"},"query-input":{"@type":"PropertyValueSpecification","valueRequired":true,"valueName":"search_term_string"}}],"inLanguage":"es"},{"@type":"Organization","@id":"https:\/\/cet10.com\/es\/#organization","name":"CET10","url":"https:\/\/cet10.com\/es\/","logo":{"@type":"ImageObject","inLanguage":"es","@id":"https:\/\/cet10.com\/es\/#\/schema\/logo\/image\/","url":"https:\/\/cet10.com\/wp-content\/uploads\/sites\/36\/2021\/06\/CET10.png","contentUrl":"https:\/\/cet10.com\/wp-content\/uploads\/sites\/36\/2021\/06\/CET10.png","width":210,"height":67,"caption":"CET10"},"image":{"@id":"https:\/\/cet10.com\/es\/#\/schema\/logo\/image\/"}}]}},"_links":{"self":[{"href":"https:\/\/cet10.com\/es\/wp-json\/wp\/v2\/pages\/6709","targetHints":{"allow":["GET"]}}],"collection":[{"href":"https:\/\/cet10.com\/es\/wp-json\/wp\/v2\/pages"}],"about":[{"href":"https:\/\/cet10.com\/es\/wp-json\/wp\/v2\/types\/page"}],"author":[{"embeddable":true,"href":"https:\/\/cet10.com\/es\/wp-json\/wp\/v2\/users\/4"}],"replies":[{"embeddable":true,"href":"https:\/\/cet10.com\/es\/wp-json\/wp\/v2\/comments?post=6709"}],"version-history":[{"count":6,"href":"https:\/\/cet10.com\/es\/wp-json\/wp\/v2\/pages\/6709\/revisions"}],"predecessor-version":[{"id":187938,"href":"https:\/\/cet10.com\/es\/wp-json\/wp\/v2\/pages\/6709\/revisions\/187938"}],"wp:attachment":[{"href":"https:\/\/cet10.com\/es\/wp-json\/wp\/v2\/media?parent=6709"}],"curies":[{"name":"wp","href":"https:\/\/api.w.org\/{rel}","templated":true}]}}