{"id":6715,"date":"2018-05-16T07:20:59","date_gmt":"2018-05-16T07:20:59","guid":{"rendered":"https:\/\/cet10.com\/colonies\/"},"modified":"2025-07-25T13:27:32","modified_gmt":"2025-07-25T11:27:32","slug":"colonias","status":"publish","type":"page","link":"https:\/\/cet10.com\/es\/colonias\/","title":{"rendered":"Colonias"},"content":{"rendered":"<div class=\"wpb-content-wrapper\"><p>[vc_row type=\u00bbvc_default\u00bb full_width=\u00bbstretch_row_content_no_spaces\u00bb css=\u00bb.vc_custom_1698391891943{margin-bottom: 35px !important;background-image: url(https:\/\/cet10.com\/wp-content\/uploads\/sites\/36\/2023\/10\/colonies-estiu.webp?id=86812) !important;background-position: center !important;background-repeat: no-repeat !important;background-size: cover !important;}\u00bb][vc_column offset=\u00bbvc_hidden-xs\u00bb][vc_custom_heading text=\u00bbColonias\u00bb font_container=\u00bbtag:h1|font_size:50px|text_align:center|color:%23ffffff|line_height:60px\u00bb use_theme_fonts=\u00bbyes\u00bb css=\u00bb.vc_custom_1698391055353{padding-top: 151px !important;padding-bottom: 160px !important;}\u00bb][\/vc_column][\/vc_row][vc_row type=\u00bbvc_default\u00bb full_width=\u00bbstretch_row_content_no_spaces\u00bb css=\u00bb.vc_custom_1698391920479{margin-bottom: -30px !important;background-image: url(https:\/\/cet10.com\/wp-content\/uploads\/sites\/36\/2023\/10\/colonies-estiu.webp?id=86812) !important;background-position: center !important;background-repeat: no-repeat !important;background-size: cover !important;}\u00bb][vc_column offset=\u00bbvc_hidden-lg vc_hidden-md vc_hidden-sm\u00bb css=\u00bb.vc_custom_1689929929147{margin-bottom: -30px !important;}\u00bb][vc_column_text css=\u00bb.vc_custom_1698391928669{padding-top: 90px !important;padding-bottom: 90px !important;}\u00bb]<\/p>\n<p style=\"text-align: center; font-family: Roboto; font-size: 35px; line-height: 40px;\"><span style=\"color: #ffffff;\"><strong>Colonias<br \/>\n<\/strong><\/span><\/p>\n<p>[\/vc_column_text][\/vc_column][\/vc_row][vc_row][vc_column]<div id=\"ultimate-heading-903769d70de3d37c3\" class=\"uvc-heading ult-adjust-bottom-margin ultimate-heading-903769d70de3d37c3 uvc-2344 colonias uvc-heading-default-font-sizes\" data-hspacer=\"no_spacer\"  data-halign=\"left\" style=\"text-align:left\"><div class=\"uvc-heading-spacer no_spacer\" style=\"top\"><\/div><div class=\"uvc-main-heading ult-responsive\"  data-ultimate-target='.uvc-heading.ultimate-heading-903769d70de3d37c3 h2'  data-responsive-json-new='{\"font-size\":\"\",\"line-height\":\"\"}' ><h2 style=\"--font-weight:theme;\">Colonias para infantil y primaria<\/h2><\/div><\/div>[vc_separator][\/vc_column][\/vc_row][vc_row type=\u00bbvc_default\u00bb disable_element=\u00bbyes\u00bb][vc_column offset=\u00bbvc_hidden-xs\u00bb][vc_single_image image=\u00bb59708&#8243; img_size=\u00bbfull\u00bb onclick=\u00bbcustom_link\u00bb link=\u00bbhttps:\/\/cet10.com\/es\/casal-barcelona-verano\/\u00bb][\/vc_column][\/vc_row][vc_row type=\u00bbvc_default\u00bb disable_element=\u00bbyes\u00bb][vc_column offset=\u00bbvc_hidden-lg vc_hidden-md vc_hidden-sm\u00bb][vc_single_image image=\u00bb59714&#8243; img_size=\u00bbfull\u00bb onclick=\u00bbcustom_link\u00bb link=\u00bbhttps:\/\/cet10.com\/es\/casal-barcelona-verano\/\u00bb][\/vc_column][\/vc_row][vc_row][vc_column][vc_column_text]<\/p>\n<div class=\"page\" title=\"Page 2\">\n<div class=\"layoutArea\">\n<div class=\"column\">\n<p>Las <strong>colonias<\/strong> engloban un modelo educativo formato por actividades de tiempo libre y actividades deportivas. Esta experiencia es una herramienta educativa que pone a disponibilidad de los monitores-educadores un espacio <strong>donde promover la curiosidad innata, el descubrimiento de la naturaleza y la aproximaci\u00f3n cient\u00edfica, experimental y vivencial<\/strong> a los principales ecosistemas naturales del territorio catal\u00e1n. Todas las actividades, que fomentan\u00a0la autonom\u00eda personal, el autoconocimiento y la manifestaci\u00f3n de todas las variantes de la personalidad de los ni\u00f1os, est\u00e1n vinculadas a la etapa educativa de cada grupo <strong>respetando su ritmo evolutivo y sus necesidades<\/strong>, es decir, diferenciando la tipolog\u00eda de actividad de educaci\u00f3n infantil con educaci\u00f3n primaria, adapt\u00e1ndonos con los intereses que manifiestan a cada etapa.<\/p>\n<\/div>\n<\/div>\n<\/div>\n<p>[\/vc_column_text][\/vc_column][\/vc_row][vc_row type=\u00bbvc_default\u00bb bg_type=\u00bbbg_color\u00bb bg_override=\u00bbfull\u00bb bg_color_value=\u00bb#f5f5f5&#8243;][vc_column][vc_row_inner][vc_column_inner width=\u00bb1\/3&#8243;]<div id=\"ultimate-heading-765769d70de3d3827\" class=\"uvc-heading ult-adjust-bottom-margin ultimate-heading-765769d70de3d3827 uvc-1411 \" data-hspacer=\"no_spacer\"  data-halign=\"left\" style=\"text-align:left\"><div class=\"uvc-heading-spacer no_spacer\" style=\"top\"><\/div><div class=\"uvc-main-heading ult-responsive\"  data-ultimate-target='.uvc-heading.ultimate-heading-765769d70de3d3827 h2'  data-responsive-json-new='{\"font-size\":\"desktop:20px;\",\"line-height\":\"\"}' ><h2 style=\"--font-weight:theme;\">Educaci\u00f3n Infantil<\/h2><\/div><\/div>[vc_empty_space height=\u00bb10px\u00bb][vc_column_text]Los ni\u00f1os centran sus actividades alrededor de un centro de inter\u00e9s enriquecedor donde el objetivo se enfoca en el conocimiento de las propias emociones y la de los que lo rodean. Adem\u00e1s, las actividades relacionadas con el centro de inter\u00e9s acercan a los ni\u00f1os y ni\u00f1as a disfrutar y cuidar de la natura, as\u00ed como descubrir diferentes culturas de todo el mundo.[\/vc_column_text][\/vc_column_inner][vc_column_inner width=\u00bb1\/3&#8243;]<div id=\"ultimate-heading-67269d70de3d3869\" class=\"uvc-heading ult-adjust-bottom-margin ultimate-heading-67269d70de3d3869 uvc-5752 \" data-hspacer=\"no_spacer\"  data-halign=\"left\" style=\"text-align:left\"><div class=\"uvc-heading-spacer no_spacer\" style=\"top\"><\/div><div class=\"uvc-main-heading ult-responsive\"  data-ultimate-target='.uvc-heading.ultimate-heading-67269d70de3d3869 h2'  data-responsive-json-new='{\"font-size\":\"desktop:20px;\",\"line-height\":\"\"}' ><h2 style=\"--font-weight:theme;\">Educaci\u00f3n Primaria<\/h2><\/div><\/div>[vc_empty_space height=\u00bb10px\u00bb][vc_column_text]Los ni\u00f1os y ni\u00f1as disfrutan de un amplio abanico de actividades como talleres de expresi\u00f3n y creatividad o deportes y din\u00e1micas alternativas con el objetivo que los ni\u00f1os de la escuela conozcan y aprendan diferentes tipos de actividades que dif\u00edcilmente est\u00e1n acostumbrados a realizar. Se organizan cursas de orientaci\u00f3n,\u00a0actividades a la piscina o tiro con arco para potenciar aspectos tal como la convivencia y el trabajo personal.[\/vc_column_text][\/vc_column_inner][vc_column_inner width=\u00bb1\/3&#8243;][vc_single_image image=\u00bb59720&#8243; img_size=\u00bbfull\u00bb][\/vc_column_inner][\/vc_row_inner][\/vc_column][\/vc_row][vc_row][vc_column]<div id=\"ultimate-heading-582069d70de3d389e\" class=\"uvc-heading ult-adjust-bottom-margin ultimate-heading-582069d70de3d389e uvc-5061  uvc-heading-default-font-sizes\" data-hspacer=\"no_spacer\"  data-halign=\"left\" style=\"text-align:left\"><div class=\"uvc-heading-spacer no_spacer\" style=\"top\"><\/div><div class=\"uvc-main-heading ult-responsive\"  data-ultimate-target='.uvc-heading.ultimate-heading-582069d70de3d389e h2'  data-responsive-json-new='{\"font-size\":\"\",\"line-height\":\"\"}' ><h2 style=\"--font-weight:theme;\">El entorno<\/h2><\/div><\/div>[vc_empty_space height=\u00bb15px\u00bb][vc_column_text]Las colonias se desarrollan en el complejo de <strong><a href=\"https:\/\/www.elcollell.cat\/\" target=\"_blank\" rel=\"noopener\">Santa Maria del Collell<\/a><\/strong>, a la poblaci\u00f3n de Sant Miquel de Campmajor (Girona). Este complejo colonial est\u00e1 construido en medio de la natura, a la confluencia entre las tierras volc\u00e1nicas de la Garrotxa y el Pla de l&#8217;Estany, donde estallan 150 hect\u00e1reas de verde y frondosidad, bosques y riachuelos, paz, de espacio amplios y magn\u00edficas instalaciones para poder llevar a cabo actividades deportivas y de tiempo libre.<\/p>\n<p>El complejo colonial est\u00e1 ubicado en una zona natural, con un clima propio de las tierras gironinas, muy cercano a lugares emblem\u00e1ticos como Banyoles, donde encontramos el famoso estanque y tambi\u00e9n el Parque Neol\u00edtico de la Draga. Aprovechando la proximidad de la poblaci\u00f3n de Banyoles, el hospital de referencia donde se acude en caso de que haya alg\u00fan accidente o enfermedad durante las colonias es la Cl\u00ednica Salus Infirmorum (a unos 12 km de distancia respecto Santa Maria del Collell).[\/vc_column_text][vc_row_inner][vc_column_inner width=\u00bb1\/3&#8243;][vc_single_image image=\u00bb59726&#8243; img_size=\u00bbfull\u00bb][\/vc_column_inner][vc_column_inner width=\u00bb1\/3&#8243;][vc_single_image image=\u00bb59724&#8243; img_size=\u00bbfull\u00bb][\/vc_column_inner][vc_column_inner width=\u00bb1\/3&#8243;][vc_single_image image=\u00bb59725&#8243; img_size=\u00bbfull\u00bb][\/vc_column_inner][\/vc_row_inner][\/vc_column][\/vc_row][vc_row type=\u00bbvc_default\u00bb bg_type=\u00bbbg_color\u00bb bg_override=\u00bbfull\u00bb bg_color_value=\u00bb#f5f5f5&#8243;][vc_column][vc_column_text]<\/p>\n<h2 style=\"text-align: center;\"><span style=\"font-size: 18pt;\">Favorecemos que los ni\u00f1os\/as vivan como ni\u00f1os\/as y crezcan como personas<\/span><\/h2>\n<p>[\/vc_column_text][\/vc_column][\/vc_row][vc_row][vc_column]<div id=\"ultimate-heading-161369d70de3d38d0\" class=\"uvc-heading ult-adjust-bottom-margin ultimate-heading-161369d70de3d38d0 uvc-7002  uvc-heading-default-font-sizes\" data-hspacer=\"no_spacer\"  data-halign=\"left\" style=\"text-align:left\"><div class=\"uvc-heading-spacer no_spacer\" style=\"top\"><\/div><div class=\"uvc-main-heading ult-responsive\"  data-ultimate-target='.uvc-heading.ultimate-heading-161369d70de3d38d0 h2'  data-responsive-json-new='{\"font-size\":\"\",\"line-height\":\"\"}' ><h2 style=\"--font-weight:theme;\">\u00bfQu\u00e9 hacemos en las colonias?<\/h2><\/div><\/div>[vc_empty_space height=\u00bb15px\u00bb]<div class=\"standard-arrow list-divider bullet-top\"><ul>\n<li><strong>Trabajos manuales<\/strong>: creaci\u00f3n, con diferentes t\u00e9cnicas y materiales de los personajes vinculados al centro de inter\u00e9s.<\/li>\n<li><strong>Juegos motrices cooperativos<\/strong>: con el objetivo de la mejora motriz del ni\u00f1o, disfrutaremos jugando con equipo para lograr un objetivo com\u00fan.<\/li>\n<li><strong>Juegos motrices pre-deportivos<\/strong>: para la mejora de las habilidades\u00a0y destrezas motrices, es imprescindible la utilizaci\u00f3n de juegos y actividades de iniciaci\u00f3n deportiva a diferentes deportes.<\/li>\n<li><strong>Juegos motrices tradicionales<\/strong>: juego de pistas y gincanas donde el trabajo en grupo y el respeto a la diferencia\u00a0interpersonal se trabaja mediante actividades donde se tenga que lograr un objetivo com\u00fan.<\/li>\n<li><strong>Din\u00e1micas de expresi\u00f3n corporales y musicales<\/strong>: las actividades art\u00edsticas y con la ayuda de elementos musicales toman importancia para que el ni\u00f1o pueda aprender a gestionar emociones, ritmos y bailes.<\/li>\n<li><strong>Salidas y excursiones<\/strong>: para poder disfrutar de la natura fuera del espacio de la casa de colonias. As\u00ed pues, nos remojamos en las piscinas para pasar el calor, hacemos rutas de orientaci\u00f3n y tratamos con los animales de la granja (Educaci\u00f3n Infantil) y haciendo h\u00edpica (Educaci\u00f3n Primaria).<\/li>\n<\/ul>\n<\/div>[vc_empty_space height=\u00bb10px\u00bb][\/vc_column][\/vc_row][vc_row type=\u00bbvc_default\u00bb bg_type=\u00bbbg_color\u00bb bg_override=\u00bbfull\u00bb bg_color_value=\u00bb#f5f5f5&#8243;][vc_column]<div id=\"ultimate-heading-983069d70de3d3999\" class=\"uvc-heading ult-adjust-bottom-margin ultimate-heading-983069d70de3d3999 uvc-4606  uvc-heading-default-font-sizes\" data-hspacer=\"no_spacer\"  data-halign=\"left\" style=\"text-align:left\"><div class=\"uvc-heading-spacer no_spacer\" style=\"top\"><\/div><div class=\"uvc-main-heading ult-responsive\"  data-ultimate-target='.uvc-heading.ultimate-heading-983069d70de3d3999 h2'  data-responsive-json-new='{\"font-size\":\"\",\"line-height\":\"\"}' ><h2 style=\"--font-weight:theme;\">Diversidad e inclusi\u00f3n<\/h2><\/div><\/div>[vc_empty_space height=\u00bb15px\u00bb][vc_column_text]L\u00e9xicamente inclusivo, incluir, significa poner una cosa dentro de otra, comprender una parte. Esta definici\u00f3n adaptada en el mundo educativo nos viene a decir que es un proyecto donde <strong>todos los alumnos, por diferentes que sean, pueden aprender juntos<\/strong>.\u00a0 Porque esto sea as\u00ed y porque la formaci\u00f3n sea fruct\u00edfera para todos los alumnos (los que no tienen ninguna dificultad y los que presentan alguna discapacidad) hay una figura clave: la del monitor de apoyo, aquella persona que est\u00e1 en todo momento con un alumno que por una serie de motivos necesita siempre alguien a su lado, ayud\u00e1ndola, apoy\u00e1ndole y gui\u00e1ndola.[\/vc_column_text][\/vc_column][\/vc_row][vc_row][vc_column]<div id=\"ultimate-heading-603569d70de3d39cc\" class=\"uvc-heading ult-adjust-bottom-margin ultimate-heading-603569d70de3d39cc uvc-5260  uvc-heading-default-font-sizes\" data-hspacer=\"no_spacer\"  data-halign=\"left\" style=\"text-align:left\"><div class=\"uvc-heading-spacer no_spacer\" style=\"top\"><\/div><div class=\"uvc-main-heading ult-responsive\"  data-ultimate-target='.uvc-heading.ultimate-heading-603569d70de3d39cc h2'  data-responsive-json-new='{\"font-size\":\"\",\"line-height\":\"\"}' ><h2 style=\"--font-weight:theme;\">Objetivos educativos<\/h2><\/div><\/div>[vc_empty_space height=\u00bb15px\u00bb][vc_row_inner][vc_column_inner width=\u00bb2\/3&#8243;]<div class=\"standard-arrow list-divider bullet-top\"><ul>\n<li>Crear un entorno donde a trav\u00e9s del juego y la actividad f\u00edsica se favorezca el desarrollo integral del ni\u00f1o.<\/li>\n<li>Fomentar los valores \u00fatiles para su crecimiento personal y la convivencia social.<\/li>\n<li>Favorecer la aceptaci\u00f3n y cumplimiento de unas normas b\u00e1sicas de convivencia.<\/li>\n<li>Respetar el derecho a la diferencia y la diversidad.<\/li>\n<li>Promover el respeto por nuestro entorno.<\/li>\n<li>Estimular la autoestima y las superaciones de las diferentes limitaciones.<\/li>\n<li>Utilizaci\u00f3n de la actividad f\u00edsica, el deporte y el tiempo libre como herramientas de aprendizaje.<\/li>\n<li>Potenciar habilidades sociales como la comunicaci\u00f3n, la comprensi\u00f3n, la canalizaci\u00f3n de sentimientos, la resoluci\u00f3n de conflictos a trav\u00e9s\u00a0 del di\u00e1logo; y valores sociales como la autoestima y la autosuperaci\u00f3n personal.<\/li>\n<li>Descubrir nuevas formas de entretenimiento a trav\u00e9s del juego, la expresi\u00f3n y la convivencia.<\/li>\n<\/ul>\n<\/div>[\/vc_column_inner][vc_column_inner width=\u00bb1\/3&#8243;][vc_single_image image=\u00bb6716&#8243; img_size=\u00bbfull\u00bb][\/vc_column_inner][\/vc_row_inner][\/vc_column][\/vc_row][vc_row type=\u00bbvc_default\u00bb disable_element=\u00bbyes\u00bb][vc_column][vc_raw_html css=\u00bb\u00bb]JTNDYSUyMGhyZWYlM0QlMjJodHRwcyUzQSUyRiUyRmFwaS53aGF0c2FwcC5jb20lMkZzZW5kJTNGcGhvbmUlM0QzNDY0NTE0Mzk5OSUyMiUyMGNsYXNzJTNEJTIyZmxvYXQtd2ElMjIlM0UlMEElM0NpbWclMjBzcmMlM0QlMjJodHRwcyUzQSUyRiUyRmNldDEwLmNvbSUyRndwLWNvbnRlbnQlMkZ1cGxvYWRzJTJGc2l0ZXMlMkYzNiUyRjIwMjUlMkYwNCUyRndoYXRzYXBwLTEuc3ZnJTIyJTIwJTNFJTBBJTNDJTJGYSUzRSUwQQ==[\/vc_raw_html][\/vc_column][\/vc_row]<\/p>\n<\/div>","protected":false},"excerpt":{"rendered":"<p>[vc_row type=\u00bbvc_default\u00bb full_width=\u00bbstretch_row_content_no_spaces\u00bb css=\u00bb.vc_custom_1698391891943{margin-bottom: 35px !important;background-image: url(https:\/\/cet10.com\/wp-content\/uploads\/sites\/36\/2023\/10\/colonies-estiu.webp?id=86812) !important;background-position: center !important;background-repeat: no-repeat !important;background-size: cover !important;}\u00bb][vc_column offset=\u00bbvc_hidden-xs\u00bb][vc_custom_heading text=\u00bbColonias\u00bb font_container=\u00bbtag:h1|font_size:50px|text_align:center|color:%23ffffff|line_height:60px\u00bb use_theme_fonts=\u00bbyes\u00bb css=\u00bb.vc_custom_1698391055353{padding-top: 151px !important;padding-bottom: 160px !important;}\u00bb][\/vc_column][\/vc_row][vc_row type=\u00bbvc_default\u00bb full_width=\u00bbstretch_row_content_no_spaces\u00bb css=\u00bb.vc_custom_1698391920479{margin-bottom: -30px !important;background-image: url(https:\/\/cet10.com\/wp-content\/uploads\/sites\/36\/2023\/10\/colonies-estiu.webp?id=86812) !important;background-position: center !important;background-repeat: no-repeat !important;background-size: cover !important;}\u00bb][vc_column offset=\u00bbvc_hidden-lg vc_hidden-md vc_hidden-sm\u00bb css=\u00bb.vc_custom_1689929929147{margin-bottom: -30px !important;}\u00bb][vc_column_text css=\u00bb.vc_custom_1698391928669{padding-top: 90px !important;padding-bottom: 90px !important;}\u00bb] Colonias [\/vc_column_text][\/vc_column][\/vc_row][vc_row][vc_column][vc_separator][\/vc_column][\/vc_row][vc_row type=\u00bbvc_default\u00bb disable_element=\u00bbyes\u00bb][vc_column offset=\u00bbvc_hidden-xs\u00bb][vc_single_image image=\u00bb59708&#8243; img_size=\u00bbfull\u00bb onclick=\u00bbcustom_link\u00bb&hellip;<\/p>\n","protected":false},"author":4,"featured_media":0,"parent":0,"menu_order":0,"comment_status":"closed","ping_status":"closed","template":"","meta":{"footnotes":""},"class_list":["post-6715","page","type-page","status-publish","hentry","description-off"],"yoast_head":"<!-- This site is optimized with the Yoast SEO plugin v26.8 - https:\/\/yoast.com\/product\/yoast-seo-wordpress\/ -->\n<title>Colonias de Verano - CET10 - Colectivo de Deporte para Todos 10<\/title>\n<meta name=\"description\" content=\"Las colonias de tiempo libre engloban un modelo educativo formado por actividades deportivas. Es una herramienta educativa que permite a los monitores un espacio donde promover la curiosidad innata.\" \/>\n<meta name=\"robots\" content=\"index, follow, max-snippet:-1, max-image-preview:large, max-video-preview:-1\" \/>\n<link rel=\"canonical\" href=\"https:\/\/cet10.com\/es\/colonias\/\" \/>\n<meta property=\"og:locale\" content=\"es_ES\" \/>\n<meta property=\"og:type\" content=\"article\" \/>\n<meta property=\"og:title\" content=\"Colonias de Verano - CET10 - Colectivo de Deporte para Todos 10\" \/>\n<meta property=\"og:description\" content=\"Las colonias de tiempo libre engloban un modelo educativo formado por actividades deportivas. Es una herramienta educativa que permite a los monitores un espacio donde promover la curiosidad innata.\" \/>\n<meta property=\"og:url\" content=\"https:\/\/cet10.com\/es\/colonias\/\" \/>\n<meta property=\"og:site_name\" content=\"CET10 - Col\u00b7lectiu d&#039;Esports per a Tothom 10\" \/>\n<meta property=\"article:modified_time\" content=\"2025-07-25T11:27:32+00:00\" \/>\n<meta name=\"twitter:card\" content=\"summary_large_image\" \/>\n<meta name=\"twitter:label1\" content=\"Tiempo de lectura\" \/>\n\t<meta name=\"twitter:data1\" content=\"5 minutos\" \/>\n<script type=\"application\/ld+json\" class=\"yoast-schema-graph\">{\"@context\":\"https:\/\/schema.org\",\"@graph\":[{\"@type\":\"WebPage\",\"@id\":\"https:\/\/cet10.com\/es\/colonias\/\",\"url\":\"https:\/\/cet10.com\/es\/colonias\/\",\"name\":\"Colonias de Verano - CET10 - Colectivo de Deporte para Todos 10\",\"isPartOf\":{\"@id\":\"https:\/\/cet10.com\/es\/#website\"},\"datePublished\":\"2018-05-16T07:20:59+00:00\",\"dateModified\":\"2025-07-25T11:27:32+00:00\",\"description\":\"Las colonias de tiempo libre engloban un modelo educativo formado por actividades deportivas. Es una herramienta educativa que permite a los monitores un espacio donde promover la curiosidad innata.\",\"breadcrumb\":{\"@id\":\"https:\/\/cet10.com\/es\/colonias\/#breadcrumb\"},\"inLanguage\":\"es\",\"potentialAction\":[{\"@type\":\"ReadAction\",\"target\":[\"https:\/\/cet10.com\/es\/colonias\/\"]}]},{\"@type\":\"BreadcrumbList\",\"@id\":\"https:\/\/cet10.com\/es\/colonias\/#breadcrumb\",\"itemListElement\":[{\"@type\":\"ListItem\",\"position\":1,\"name\":\"Portada\",\"item\":\"https:\/\/cet10.com\/es\/\"},{\"@type\":\"ListItem\",\"position\":2,\"name\":\"Colonias\"}]},{\"@type\":\"WebSite\",\"@id\":\"https:\/\/cet10.com\/es\/#website\",\"url\":\"https:\/\/cet10.com\/es\/\",\"name\":\"CET10 - Col\u00b7lectiu d&#039;Esports per a Tothom 10\",\"description\":\"CET10 Esport per a tothom\",\"publisher\":{\"@id\":\"https:\/\/cet10.com\/es\/#organization\"},\"potentialAction\":[{\"@type\":\"SearchAction\",\"target\":{\"@type\":\"EntryPoint\",\"urlTemplate\":\"https:\/\/cet10.com\/es\/?s={search_term_string}\"},\"query-input\":{\"@type\":\"PropertyValueSpecification\",\"valueRequired\":true,\"valueName\":\"search_term_string\"}}],\"inLanguage\":\"es\"},{\"@type\":\"Organization\",\"@id\":\"https:\/\/cet10.com\/es\/#organization\",\"name\":\"CET10\",\"url\":\"https:\/\/cet10.com\/es\/\",\"logo\":{\"@type\":\"ImageObject\",\"inLanguage\":\"es\",\"@id\":\"https:\/\/cet10.com\/es\/#\/schema\/logo\/image\/\",\"url\":\"https:\/\/cet10.com\/wp-content\/uploads\/sites\/36\/2021\/06\/CET10.png\",\"contentUrl\":\"https:\/\/cet10.com\/wp-content\/uploads\/sites\/36\/2021\/06\/CET10.png\",\"width\":210,\"height\":67,\"caption\":\"CET10\"},\"image\":{\"@id\":\"https:\/\/cet10.com\/es\/#\/schema\/logo\/image\/\"}}]}<\/script>\n<!-- \/ Yoast SEO plugin. -->","yoast_head_json":{"title":"Colonias de Verano - CET10 - Colectivo de Deporte para Todos 10","description":"Las colonias de tiempo libre engloban un modelo educativo formado por actividades deportivas. Es una herramienta educativa que permite a los monitores un espacio donde promover la curiosidad innata.","robots":{"index":"index","follow":"follow","max-snippet":"max-snippet:-1","max-image-preview":"max-image-preview:large","max-video-preview":"max-video-preview:-1"},"canonical":"https:\/\/cet10.com\/es\/colonias\/","og_locale":"es_ES","og_type":"article","og_title":"Colonias de Verano - CET10 - Colectivo de Deporte para Todos 10","og_description":"Las colonias de tiempo libre engloban un modelo educativo formado por actividades deportivas. Es una herramienta educativa que permite a los monitores un espacio donde promover la curiosidad innata.","og_url":"https:\/\/cet10.com\/es\/colonias\/","og_site_name":"CET10 - Col\u00b7lectiu d&#039;Esports per a Tothom 10","article_modified_time":"2025-07-25T11:27:32+00:00","twitter_card":"summary_large_image","twitter_misc":{"Tiempo de lectura":"5 minutos"},"schema":{"@context":"https:\/\/schema.org","@graph":[{"@type":"WebPage","@id":"https:\/\/cet10.com\/es\/colonias\/","url":"https:\/\/cet10.com\/es\/colonias\/","name":"Colonias de Verano - CET10 - Colectivo de Deporte para Todos 10","isPartOf":{"@id":"https:\/\/cet10.com\/es\/#website"},"datePublished":"2018-05-16T07:20:59+00:00","dateModified":"2025-07-25T11:27:32+00:00","description":"Las colonias de tiempo libre engloban un modelo educativo formado por actividades deportivas. Es una herramienta educativa que permite a los monitores un espacio donde promover la curiosidad innata.","breadcrumb":{"@id":"https:\/\/cet10.com\/es\/colonias\/#breadcrumb"},"inLanguage":"es","potentialAction":[{"@type":"ReadAction","target":["https:\/\/cet10.com\/es\/colonias\/"]}]},{"@type":"BreadcrumbList","@id":"https:\/\/cet10.com\/es\/colonias\/#breadcrumb","itemListElement":[{"@type":"ListItem","position":1,"name":"Portada","item":"https:\/\/cet10.com\/es\/"},{"@type":"ListItem","position":2,"name":"Colonias"}]},{"@type":"WebSite","@id":"https:\/\/cet10.com\/es\/#website","url":"https:\/\/cet10.com\/es\/","name":"CET10 - Col\u00b7lectiu d&#039;Esports per a Tothom 10","description":"CET10 Esport per a tothom","publisher":{"@id":"https:\/\/cet10.com\/es\/#organization"},"potentialAction":[{"@type":"SearchAction","target":{"@type":"EntryPoint","urlTemplate":"https:\/\/cet10.com\/es\/?s={search_term_string}"},"query-input":{"@type":"PropertyValueSpecification","valueRequired":true,"valueName":"search_term_string"}}],"inLanguage":"es"},{"@type":"Organization","@id":"https:\/\/cet10.com\/es\/#organization","name":"CET10","url":"https:\/\/cet10.com\/es\/","logo":{"@type":"ImageObject","inLanguage":"es","@id":"https:\/\/cet10.com\/es\/#\/schema\/logo\/image\/","url":"https:\/\/cet10.com\/wp-content\/uploads\/sites\/36\/2021\/06\/CET10.png","contentUrl":"https:\/\/cet10.com\/wp-content\/uploads\/sites\/36\/2021\/06\/CET10.png","width":210,"height":67,"caption":"CET10"},"image":{"@id":"https:\/\/cet10.com\/es\/#\/schema\/logo\/image\/"}}]}},"_links":{"self":[{"href":"https:\/\/cet10.com\/es\/wp-json\/wp\/v2\/pages\/6715","targetHints":{"allow":["GET"]}}],"collection":[{"href":"https:\/\/cet10.com\/es\/wp-json\/wp\/v2\/pages"}],"about":[{"href":"https:\/\/cet10.com\/es\/wp-json\/wp\/v2\/types\/page"}],"author":[{"embeddable":true,"href":"https:\/\/cet10.com\/es\/wp-json\/wp\/v2\/users\/4"}],"replies":[{"embeddable":true,"href":"https:\/\/cet10.com\/es\/wp-json\/wp\/v2\/comments?post=6715"}],"version-history":[{"count":0,"href":"https:\/\/cet10.com\/es\/wp-json\/wp\/v2\/pages\/6715\/revisions"}],"wp:attachment":[{"href":"https:\/\/cet10.com\/es\/wp-json\/wp\/v2\/media?parent=6715"}],"curies":[{"name":"wp","href":"https:\/\/api.w.org\/{rel}","templated":true}]}}