{"id":6741,"date":"2018-02-20T14:39:01","date_gmt":"2018-02-20T14:39:01","guid":{"rendered":"https:\/\/cet10.com\/centres-oci\/"},"modified":"2026-03-20T12:11:40","modified_gmt":"2026-03-20T11:11:40","slug":"centros-ocio","status":"publish","type":"page","link":"https:\/\/cet10.com\/es\/centros-ocio\/","title":{"rendered":"Centros de ocio"},"content":{"rendered":"<div class=\"wpb-content-wrapper\"><p>[vc_row][vc_column offset=\u00bbvc_hidden-xs\u00bb][vc_empty_space height=\u00bb25px\u00bb][\/vc_column][\/vc_row][vc_row][vc_column offset=\u00bbvc_hidden-lg vc_hidden-md vc_hidden-sm\u00bb][vc_empty_space height=\u00bb25px\u00bb][\/vc_column][\/vc_row][vc_row][vc_column]<div id=\"ultimate-heading-633869d25eca99144\" class=\"uvc-heading ult-adjust-bottom-margin ultimate-heading-633869d25eca99144 uvc-5332  uvc-heading-default-font-sizes\" data-hspacer=\"no_spacer\"  data-halign=\"left\" style=\"text-align:left\"><div class=\"uvc-heading-spacer no_spacer\" style=\"top\"><\/div><div class=\"uvc-main-heading ult-responsive\"  data-ultimate-target='.uvc-heading.ultimate-heading-633869d25eca99144 h1'  data-responsive-json-new='{\"font-size\":\"\",\"line-height\":\"\"}' ><h1 style=\"--font-weight:theme;\">Centros de ocio CET10<\/h1><\/div><\/div>[vc_separator][vc_column_text]Podr\u00e9is experimentar la adrenalina a m\u00e1s de 9 metros de altura o saltar sin cesar en m\u00e1s de 30 camas el\u00e1sticas. Tanto ni\u00f1os como adultos sentir\u00e9is la aventura en el\u00a0<a href=\"http:\/\/www.barcelonaboscurba.com\" target=\"_blank\" rel=\"noopener\">Barcelona Bosc Urb\u00e0<\/a>\u00a0y <a href=\"https:\/\/cet10.com\/indoorjumpingclub\/\" target=\"_blank\" rel=\"noopener\">The Indoor Jumping Club<\/a>.\u00a0\u00a1No os lo perd\u00e1is, la emoci\u00f3n y la diversi\u00f3n os esperan![\/vc_column_text][\/vc_column][\/vc_row][vc_row type=\u00bbvc_default\u00bb][vc_column width=\u00bb1\/2&#8243; css=\u00bb.vc_custom_1698248648740{margin-bottom: 40px !important;}\u00bb][vc_single_image image=\u00bb86689&#8243; img_size=\u00bbfull\u00bb onclick=\u00bbcustom_link\u00bb link=\u00bbhttps:\/\/www.barcelonaboscurba.com\/es\/\u00bb]<div class=\"standard-arrow list-divider bullet-top\"><ul>\n<li>Tirolinas, puente, troncos, lianas<\/li>\n<li>Circuitos de aventura para ni\u00f1os y adultos<\/li>\n<li>Team\u00a0Building<\/li>\n<li>Fiestas de aniversario<\/li>\n<li>Compra online de entradas<\/li>\n<li>\u00a1Y mucho m\u00e1s!<\/li>\n<\/ul>\n<\/div><style type=\"text\/css\" data-type=\"the7_shortcodes-inline-css\">#default-btn-058f3a218281125a95135bd963541f56 {\n  border-radius: 50px;\n  font-size: 15px;\n  line-height: 17px;\n}\n.btn-shadow#default-btn-058f3a218281125a95135bd963541f56 {\n  box-shadow: 0 1px 6px rgba(0,0,0,0.12);\n  transition: box-shadow 0.2s ease-out, opacity 0.45s;\n}\n.btn-shadow#default-btn-058f3a218281125a95135bd963541f56:hover {\n  box-shadow: 0 5px 11px 0 rgba(0,0,0,0.18), 0 4px 15px 0 rgba(0,0,0,0.15);\n}\n.btn-3d#default-btn-058f3a218281125a95135bd963541f56 {\n  box-shadow: 0px 2px 0px 0px #ae7013;\n}\n.btn-3d#default-btn-058f3a218281125a95135bd963541f56:hover {\n  box-shadow: 0px 2px 0px 0px #9e6112;\n}\n.btn-flat#default-btn-058f3a218281125a95135bd963541f56 {\n  box-shadow: none;\n}\n.btn-flat#default-btn-058f3a218281125a95135bd963541f56:hover {\n  box-shadow: none;\n}\n#default-btn-058f3a218281125a95135bd963541f56.ico-right-side > i {\n  margin-right: 0px;\n  margin-left: 8px;\n}\n#default-btn-058f3a218281125a95135bd963541f56 > i {\n  margin-right: 8px;\n  font-size: 0px;\n}\n#default-btn-058f3a218281125a95135bd963541f56:not(:hover) {\n  border-width: 0px;\n  color: #000000;\n  background: #ff9900 !important;\n  padding: 15px 18px 15px 18px;\n}\n#default-btn-058f3a218281125a95135bd963541f56:not(:hover) * {\n  color: #000000;\n}\n#default-btn-058f3a218281125a95135bd963541f56:hover {\n  border-width: 0px;\n  color: #000000;\n  background: #ed8600 !important;\n  padding: 15px 18px 15px 18px;\n}\n#default-btn-058f3a218281125a95135bd963541f56:hover * {\n  color: #000000;\n}\n#default-btn-058f3a218281125a95135bd963541f56.ico-right-side > i {\n  margin-right: 0px;\n  margin-left: 8px;\n}\n#default-btn-058f3a218281125a95135bd963541f56 > i {\n  margin-right: 8px;\n}<\/style><div class=\"btn-align-center\"><a href=\"https:\/\/www.barcelonaboscurba.com\/es\/\" class=\"default-btn-shortcode dt-btn link-hover-off btn-flat  vc_custom_1774005097775\" id=\"default-btn-058f3a218281125a95135bd963541f56\" style=\"width:550px;\"><span>\u00a1DESC\u00daBRELO!<\/span><\/a><\/div>[\/vc_column][vc_column width=\u00bb1\/2&#8243; css=\u00bb.vc_custom_1698248661010{margin-bottom: 40px !important;}\u00bb][vc_single_image image=\u00bb86692&#8243; img_size=\u00bbfull\u00bb onclick=\u00bbcustom_link\u00bb link=\u00bbhttps:\/\/theindoorjumpingclub.com\/es\/\u00bb]<div class=\"standard-arrow list-divider bullet-top\"><ul>\n<li>Camas el\u00e1sticas horizontales y verticales<\/li>\n<li>Pistas\u00a0Salting\u00a0Smash<\/li>\n<li>Cafeter\u00eda<\/li>\n<li>Foso de Salto<\/li>\n<li>Fiestas de aniversario<\/li>\n<li>\u00a1Y mucho m\u00e1s!<\/li>\n<\/ul>\n<\/div><style type=\"text\/css\" data-type=\"the7_shortcodes-inline-css\">#default-btn-e572fee5b0fe6f650533d88fc42ee40d {\n  border-radius: 50px;\n  font-size: 15px;\n  line-height: 17px;\n}\n.btn-shadow#default-btn-e572fee5b0fe6f650533d88fc42ee40d {\n  box-shadow: 0 1px 6px rgba(0,0,0,0.12);\n  transition: box-shadow 0.2s ease-out, opacity 0.45s;\n}\n.btn-shadow#default-btn-e572fee5b0fe6f650533d88fc42ee40d:hover {\n  box-shadow: 0 5px 11px 0 rgba(0,0,0,0.18), 0 4px 15px 0 rgba(0,0,0,0.15);\n}\n.btn-3d#default-btn-e572fee5b0fe6f650533d88fc42ee40d {\n  box-shadow: 0px 2px 0px 0px #ae7013;\n}\n.btn-3d#default-btn-e572fee5b0fe6f650533d88fc42ee40d:hover {\n  box-shadow: 0px 2px 0px 0px #9e6112;\n}\n.btn-flat#default-btn-e572fee5b0fe6f650533d88fc42ee40d {\n  box-shadow: none;\n}\n.btn-flat#default-btn-e572fee5b0fe6f650533d88fc42ee40d:hover {\n  box-shadow: none;\n}\n#default-btn-e572fee5b0fe6f650533d88fc42ee40d.ico-right-side > i {\n  margin-right: 0px;\n  margin-left: 8px;\n}\n#default-btn-e572fee5b0fe6f650533d88fc42ee40d > i {\n  margin-right: 8px;\n  font-size: 0px;\n}\n#default-btn-e572fee5b0fe6f650533d88fc42ee40d:not(:hover) {\n  border-width: 0px;\n  color: #000000;\n  background: #ff9900 !important;\n  padding: 15px 18px 15px 18px;\n}\n#default-btn-e572fee5b0fe6f650533d88fc42ee40d:not(:hover) * {\n  color: #000000;\n}\n#default-btn-e572fee5b0fe6f650533d88fc42ee40d:hover {\n  border-width: 0px;\n  color: #000000;\n  background: #ed8600 !important;\n  padding: 15px 18px 15px 18px;\n}\n#default-btn-e572fee5b0fe6f650533d88fc42ee40d:hover * {\n  color: #000000;\n}\n#default-btn-e572fee5b0fe6f650533d88fc42ee40d.ico-right-side > i {\n  margin-right: 0px;\n  margin-left: 8px;\n}\n#default-btn-e572fee5b0fe6f650533d88fc42ee40d > i {\n  margin-right: 8px;\n}<\/style><div class=\"btn-align-center\"><a href=\"https:\/\/theindoorjumpingclub.com\/es\/\" class=\"default-btn-shortcode dt-btn link-hover-off btn-flat  vc_custom_1774005084080\" id=\"default-btn-e572fee5b0fe6f650533d88fc42ee40d\" style=\"width:550px;\"><span>\u00a1VEN A SALTAR!<\/span><\/a><\/div>[\/vc_column][\/vc_row][vc_row type=\u00bbvc_default\u00bb bg_type=\u00bbbg_color\u00bb bg_override=\u00bbfull\u00bb bg_color_value=\u00bb#f5f5f5&#8243;][vc_column]<div id=\"ultimate-heading-222069d25eca99557\" class=\"uvc-heading ult-adjust-bottom-margin ultimate-heading-222069d25eca99557 uvc-2511 \" data-hspacer=\"no_spacer\"  data-halign=\"left\" style=\"text-align:left\"><div class=\"uvc-heading-spacer no_spacer\" style=\"top\"><\/div><div class=\"uvc-main-heading ult-responsive\"  data-ultimate-target='.uvc-heading.ultimate-heading-222069d25eca99557 h2'  data-responsive-json-new='{\"font-size\":\"desktop:20px;\",\"line-height\":\"\"}' ><h2 style=\"--font-weight:theme;\">\u00a1Mira los v\u00eddeos!<\/h2><\/div><\/div>[vc_empty_space height=\u00bb15px\u00bb][vc_row_inner][vc_column_inner width=\u00bb1\/2&#8243;][vc_video link=\u00bbhttps:\/\/www.youtube.com\/watch?v=hqcuVRtiBtk\u00bb align=\u00bbcenter\u00bb][\/vc_column_inner][vc_column_inner width=\u00bb1\/2&#8243;][vc_video link=\u00bbhttps:\/\/www.youtube.com\/watch?v=XOwRZyUzoYM&amp;t=6s\u00bb align=\u00bbcenter\u00bb][\/vc_column_inner][\/vc_row_inner][vc_empty_space height=\u00bb15px\u00bb][\/vc_column][\/vc_row]<\/p>\n<\/div>","protected":false},"excerpt":{"rendered":"<p>[vc_row][vc_column offset=\u00bbvc_hidden-xs\u00bb][vc_empty_space height=\u00bb25px\u00bb][\/vc_column][\/vc_row][vc_row][vc_column offset=\u00bbvc_hidden-lg vc_hidden-md vc_hidden-sm\u00bb][vc_empty_space height=\u00bb25px\u00bb][\/vc_column][\/vc_row][vc_row][vc_column][vc_separator][vc_column_text]Podr\u00e9is experimentar la adrenalina a m\u00e1s de 9 metros de altura o saltar sin cesar en m\u00e1s de 30 camas el\u00e1sticas. Tanto ni\u00f1os como adultos sentir\u00e9is la aventura en el\u00a0Barcelona Bosc Urb\u00e0\u00a0y The Indoor Jumping Club.\u00a0\u00a1No os lo perd\u00e1is, la emoci\u00f3n y la diversi\u00f3n os esperan![\/vc_column_text][\/vc_column][\/vc_row][vc_row type=\u00bbvc_default\u00bb][vc_column width=\u00bb1\/2&#8243; css=\u00bb.vc_custom_1698248648740{margin-bottom:&hellip;<\/p>\n","protected":false},"author":4,"featured_media":0,"parent":0,"menu_order":0,"comment_status":"closed","ping_status":"closed","template":"","meta":{"footnotes":""},"class_list":["post-6741","page","type-page","status-publish","hentry","description-off"],"yoast_head":"<!-- This site is optimized with the Yoast SEO plugin v26.8 - https:\/\/yoast.com\/product\/yoast-seo-wordpress\/ -->\n<title>Centros de ocio - CET10 - Col\u00b7lectiu d&#039;Esports per a Tothom 10<\/title>\n<meta name=\"robots\" content=\"index, follow, max-snippet:-1, max-image-preview:large, max-video-preview:-1\" \/>\n<link rel=\"canonical\" href=\"https:\/\/cet10.com\/es\/centros-ocio\/\" \/>\n<meta property=\"og:locale\" content=\"es_ES\" \/>\n<meta property=\"og:type\" content=\"article\" \/>\n<meta property=\"og:title\" content=\"Centros de ocio - CET10 - Col\u00b7lectiu d&#039;Esports per a Tothom 10\" \/>\n<meta property=\"og:description\" content=\"[vc_row][vc_column offset=\u00bbvc_hidden-xs\u00bb][vc_empty_space height=\u00bb25px\u00bb][\/vc_column][\/vc_row][vc_row][vc_column offset=\u00bbvc_hidden-lg vc_hidden-md vc_hidden-sm\u00bb][vc_empty_space height=\u00bb25px\u00bb][\/vc_column][\/vc_row][vc_row][vc_column][vc_separator][vc_column_text]Podr\u00e9is experimentar la adrenalina a m\u00e1s de 9 metros de altura o saltar sin cesar en m\u00e1s de 30 camas el\u00e1sticas. Tanto ni\u00f1os como adultos sentir\u00e9is la aventura en el\u00a0Barcelona Bosc Urb\u00e0\u00a0y The Indoor Jumping Club.\u00a0\u00a1No os lo perd\u00e1is, la emoci\u00f3n y la diversi\u00f3n os esperan![\/vc_column_text][\/vc_column][\/vc_row][vc_row type=\u00bbvc_default\u00bb][vc_column width=\u00bb1\/2&#8243; css=\u00bb.vc_custom_1698248648740{margin-bottom:&hellip;\" \/>\n<meta property=\"og:url\" content=\"https:\/\/cet10.com\/es\/centros-ocio\/\" \/>\n<meta property=\"og:site_name\" content=\"CET10 - Col\u00b7lectiu d&#039;Esports per a Tothom 10\" \/>\n<meta property=\"article:modified_time\" content=\"2026-03-20T11:11:40+00:00\" \/>\n<meta name=\"twitter:card\" content=\"summary_large_image\" \/>\n<meta name=\"twitter:label1\" content=\"Tiempo de lectura\" \/>\n\t<meta name=\"twitter:data1\" content=\"2 minutos\" \/>\n<script type=\"application\/ld+json\" class=\"yoast-schema-graph\">{\"@context\":\"https:\/\/schema.org\",\"@graph\":[{\"@type\":\"WebPage\",\"@id\":\"https:\/\/cet10.com\/es\/centros-ocio\/\",\"url\":\"https:\/\/cet10.com\/es\/centros-ocio\/\",\"name\":\"Centros de ocio - CET10 - Col\u00b7lectiu d&#039;Esports per a Tothom 10\",\"isPartOf\":{\"@id\":\"https:\/\/cet10.com\/es\/#website\"},\"datePublished\":\"2018-02-20T14:39:01+00:00\",\"dateModified\":\"2026-03-20T11:11:40+00:00\",\"breadcrumb\":{\"@id\":\"https:\/\/cet10.com\/es\/centros-ocio\/#breadcrumb\"},\"inLanguage\":\"es\",\"potentialAction\":[{\"@type\":\"ReadAction\",\"target\":[\"https:\/\/cet10.com\/es\/centros-ocio\/\"]}]},{\"@type\":\"BreadcrumbList\",\"@id\":\"https:\/\/cet10.com\/es\/centros-ocio\/#breadcrumb\",\"itemListElement\":[{\"@type\":\"ListItem\",\"position\":1,\"name\":\"Portada\",\"item\":\"https:\/\/cet10.com\/es\/\"},{\"@type\":\"ListItem\",\"position\":2,\"name\":\"Centros de ocio\"}]},{\"@type\":\"WebSite\",\"@id\":\"https:\/\/cet10.com\/es\/#website\",\"url\":\"https:\/\/cet10.com\/es\/\",\"name\":\"CET10 - Col\u00b7lectiu d&#039;Esports per a Tothom 10\",\"description\":\"CET10 Esport per a tothom\",\"publisher\":{\"@id\":\"https:\/\/cet10.com\/es\/#organization\"},\"potentialAction\":[{\"@type\":\"SearchAction\",\"target\":{\"@type\":\"EntryPoint\",\"urlTemplate\":\"https:\/\/cet10.com\/es\/?s={search_term_string}\"},\"query-input\":{\"@type\":\"PropertyValueSpecification\",\"valueRequired\":true,\"valueName\":\"search_term_string\"}}],\"inLanguage\":\"es\"},{\"@type\":\"Organization\",\"@id\":\"https:\/\/cet10.com\/es\/#organization\",\"name\":\"CET10\",\"url\":\"https:\/\/cet10.com\/es\/\",\"logo\":{\"@type\":\"ImageObject\",\"inLanguage\":\"es\",\"@id\":\"https:\/\/cet10.com\/es\/#\/schema\/logo\/image\/\",\"url\":\"https:\/\/cet10.com\/wp-content\/uploads\/sites\/36\/2021\/06\/CET10.png\",\"contentUrl\":\"https:\/\/cet10.com\/wp-content\/uploads\/sites\/36\/2021\/06\/CET10.png\",\"width\":210,\"height\":67,\"caption\":\"CET10\"},\"image\":{\"@id\":\"https:\/\/cet10.com\/es\/#\/schema\/logo\/image\/\"}}]}<\/script>\n<!-- \/ Yoast SEO plugin. -->","yoast_head_json":{"title":"Centros de ocio - CET10 - Col\u00b7lectiu d&#039;Esports per a Tothom 10","robots":{"index":"index","follow":"follow","max-snippet":"max-snippet:-1","max-image-preview":"max-image-preview:large","max-video-preview":"max-video-preview:-1"},"canonical":"https:\/\/cet10.com\/es\/centros-ocio\/","og_locale":"es_ES","og_type":"article","og_title":"Centros de ocio - CET10 - Col\u00b7lectiu d&#039;Esports per a Tothom 10","og_description":"[vc_row][vc_column offset=\u00bbvc_hidden-xs\u00bb][vc_empty_space height=\u00bb25px\u00bb][\/vc_column][\/vc_row][vc_row][vc_column offset=\u00bbvc_hidden-lg vc_hidden-md vc_hidden-sm\u00bb][vc_empty_space height=\u00bb25px\u00bb][\/vc_column][\/vc_row][vc_row][vc_column][vc_separator][vc_column_text]Podr\u00e9is experimentar la adrenalina a m\u00e1s de 9 metros de altura o saltar sin cesar en m\u00e1s de 30 camas el\u00e1sticas. Tanto ni\u00f1os como adultos sentir\u00e9is la aventura en el\u00a0Barcelona Bosc Urb\u00e0\u00a0y The Indoor Jumping Club.\u00a0\u00a1No os lo perd\u00e1is, la emoci\u00f3n y la diversi\u00f3n os esperan![\/vc_column_text][\/vc_column][\/vc_row][vc_row type=\u00bbvc_default\u00bb][vc_column width=\u00bb1\/2&#8243; css=\u00bb.vc_custom_1698248648740{margin-bottom:&hellip;","og_url":"https:\/\/cet10.com\/es\/centros-ocio\/","og_site_name":"CET10 - Col\u00b7lectiu d&#039;Esports per a Tothom 10","article_modified_time":"2026-03-20T11:11:40+00:00","twitter_card":"summary_large_image","twitter_misc":{"Tiempo de lectura":"2 minutos"},"schema":{"@context":"https:\/\/schema.org","@graph":[{"@type":"WebPage","@id":"https:\/\/cet10.com\/es\/centros-ocio\/","url":"https:\/\/cet10.com\/es\/centros-ocio\/","name":"Centros de ocio - CET10 - Col\u00b7lectiu d&#039;Esports per a Tothom 10","isPartOf":{"@id":"https:\/\/cet10.com\/es\/#website"},"datePublished":"2018-02-20T14:39:01+00:00","dateModified":"2026-03-20T11:11:40+00:00","breadcrumb":{"@id":"https:\/\/cet10.com\/es\/centros-ocio\/#breadcrumb"},"inLanguage":"es","potentialAction":[{"@type":"ReadAction","target":["https:\/\/cet10.com\/es\/centros-ocio\/"]}]},{"@type":"BreadcrumbList","@id":"https:\/\/cet10.com\/es\/centros-ocio\/#breadcrumb","itemListElement":[{"@type":"ListItem","position":1,"name":"Portada","item":"https:\/\/cet10.com\/es\/"},{"@type":"ListItem","position":2,"name":"Centros de ocio"}]},{"@type":"WebSite","@id":"https:\/\/cet10.com\/es\/#website","url":"https:\/\/cet10.com\/es\/","name":"CET10 - Col\u00b7lectiu d&#039;Esports per a Tothom 10","description":"CET10 Esport per a tothom","publisher":{"@id":"https:\/\/cet10.com\/es\/#organization"},"potentialAction":[{"@type":"SearchAction","target":{"@type":"EntryPoint","urlTemplate":"https:\/\/cet10.com\/es\/?s={search_term_string}"},"query-input":{"@type":"PropertyValueSpecification","valueRequired":true,"valueName":"search_term_string"}}],"inLanguage":"es"},{"@type":"Organization","@id":"https:\/\/cet10.com\/es\/#organization","name":"CET10","url":"https:\/\/cet10.com\/es\/","logo":{"@type":"ImageObject","inLanguage":"es","@id":"https:\/\/cet10.com\/es\/#\/schema\/logo\/image\/","url":"https:\/\/cet10.com\/wp-content\/uploads\/sites\/36\/2021\/06\/CET10.png","contentUrl":"https:\/\/cet10.com\/wp-content\/uploads\/sites\/36\/2021\/06\/CET10.png","width":210,"height":67,"caption":"CET10"},"image":{"@id":"https:\/\/cet10.com\/es\/#\/schema\/logo\/image\/"}}]}},"_links":{"self":[{"href":"https:\/\/cet10.com\/es\/wp-json\/wp\/v2\/pages\/6741","targetHints":{"allow":["GET"]}}],"collection":[{"href":"https:\/\/cet10.com\/es\/wp-json\/wp\/v2\/pages"}],"about":[{"href":"https:\/\/cet10.com\/es\/wp-json\/wp\/v2\/types\/page"}],"author":[{"embeddable":true,"href":"https:\/\/cet10.com\/es\/wp-json\/wp\/v2\/users\/4"}],"replies":[{"embeddable":true,"href":"https:\/\/cet10.com\/es\/wp-json\/wp\/v2\/comments?post=6741"}],"version-history":[{"count":1,"href":"https:\/\/cet10.com\/es\/wp-json\/wp\/v2\/pages\/6741\/revisions"}],"predecessor-version":[{"id":186968,"href":"https:\/\/cet10.com\/es\/wp-json\/wp\/v2\/pages\/6741\/revisions\/186968"}],"wp:attachment":[{"href":"https:\/\/cet10.com\/es\/wp-json\/wp\/v2\/media?parent=6741"}],"curies":[{"name":"wp","href":"https:\/\/api.w.org\/{rel}","templated":true}]}}