{"id":6746,"date":"2018-03-09T15:22:19","date_gmt":"2018-03-09T15:22:19","guid":{"rendered":"https:\/\/cet10.com\/contacte\/"},"modified":"2026-03-20T11:59:35","modified_gmt":"2026-03-20T10:59:35","slug":"contacto","status":"publish","type":"page","link":"https:\/\/cet10.com\/es\/contacto\/","title":{"rendered":"Contacto"},"content":{"rendered":"<div class=\"wpb-content-wrapper\"><p>[vc_row type=\u00bbvc_default\u00bb full_width=\u00bbstretch_row_content_no_spaces\u00bb css=\u00bb.vc_custom_1698162181415{margin-bottom: 35px !important;background-image: url(https:\/\/cet10.com\/wp-content\/uploads\/sites\/36\/2023\/10\/CET10-contacte.webp?id=86617) !important;background-position: center !important;background-repeat: no-repeat !important;background-size: cover !important;}\u00bb][vc_column offset=\u00bbvc_hidden-xs\u00bb][vc_custom_heading text=\u00bbContacta con nosotros\u00bb font_container=\u00bbtag:h1|font_size:50px|text_align:center|color:%23ffffff|line_height:60px\u00bb use_theme_fonts=\u00bbyes\u00bb css=\u00bb.vc_custom_1698162153870{padding-top: 151px !important;padding-bottom: 160px !important;}\u00bb][\/vc_column][\/vc_row][vc_row type=\u00bbvc_default\u00bb full_width=\u00bbstretch_row_content_no_spaces\u00bb css=\u00bb.vc_custom_1698162196299{margin-bottom: -30px !important;background-image: url(https:\/\/cet10.com\/wp-content\/uploads\/sites\/36\/2023\/10\/CET10-contacte.webp?id=86617) !important;background-position: center !important;background-repeat: no-repeat !important;background-size: cover !important;}\u00bb][vc_column offset=\u00bbvc_hidden-lg vc_hidden-md vc_hidden-sm\u00bb css=\u00bb.vc_custom_1689929929147{margin-bottom: -30px !important;}\u00bb][vc_column_text css=\u00bb.vc_custom_1698162165941{padding-top: 90px !important;padding-bottom: 90px !important;}\u00bb]<\/p>\n<p style=\"text-align: center; font-family: Roboto; font-size: 35px; line-height: 40px;\"><span style=\"color: #ffffff;\"><strong>Contacta con<br \/>\nnosotros<br \/>\n<\/strong><\/span><\/p>\n<p>[\/vc_column_text][\/vc_column][\/vc_row][vc_row][vc_column width=\u00bb1\/2&#8243;][vc_custom_heading text=\u00bbCET10 Esport i Lleure y Fundaci\u00f3 CET10&#8243; use_theme_fonts=\u00bbyes\u00bb el_id=\u00bboficinas\u00bb][vc_separator][vc_column_text css=\u00bb.vc_custom_1771520592345{margin-top: 5px !important;margin-bottom: 10px !important;}\u00bb]C\/ de l&#8217;Agricultura, 232 (esquina Andrade).<br \/>\n08020 Barcelona<br \/>\nTel. 932 78 31 35<br \/>\n<strong><a style=\"color: #1957df;\" href=\"mailto:info@cet10.com\">info@cet10.com<\/a><\/strong>[\/vc_column_text][vc_column_text css=\u00bb.vc_custom_1771520635640{margin-top: 30px !important;margin-bottom: 30px !important;}\u00bb]<span style=\"color: black;\"><strong>HORARIO DE ATENCI\u00d3N AL P\u00daBLICO<\/strong><\/span><\/p>\n<ul class=\"standard-arrow bullet-top\">\n<li><b>Laborables<\/b><br \/>\nLunes a jueves de 9:00 a 14:00 h y de 16:00 a 18:00 h.<br \/>\nViernes de 9:00 a 14:00 h.<\/li>\n<li><strong>S\u00e1bados y domingos<\/strong><br \/>\nCerrado.<\/li>\n<\/ul>\n<p>[\/vc_column_text][vc_custom_heading text=\u00bbCentre de Formaci\u00f3 CET10&#8243; use_theme_fonts=\u00bbyes\u00bb css=\u00bb\u00bb][vc_separator][vc_column_text css=\u00bb.vc_custom_1771520601032{margin-top: 5px !important;margin-bottom: 10px !important;}\u00bb]Nos encontrar\u00e1s en el\u00a0CEM J\u00fapiter<br \/>\nC\/ de l&#8217;Agricultura, 232<br \/>\n08020 Barcelona<br \/>\nTel. 933 13 79 76<br \/>\n<strong><a style=\"color: #1957df;\" href=\"mailto:info.formacio@cet10.com\">info.formacio@cet10.com<\/a><\/strong>[\/vc_column_text][vc_column_text css=\u00bb.vc_custom_1771520624840{margin-top: 30px !important;margin-bottom: 30px !important;}\u00bb]<span style=\"color: black;\"><strong>HORARIO DE ATENCI\u00d3N AL P\u00daBLICO<\/strong><\/span><\/p>\n<ul class=\"standard-arrow bullet-top\">\n<li><b>De lunes a jueves\u00a0<\/b><br \/>\nDe 9:00 a 18:00 h.<\/li>\n<li><b>Viernes\u00a0<\/b><br \/>\nDe 9:00 a 15:00 h.<\/li>\n<li><strong>S\u00e1bados y domingos<\/strong><br \/>\nCerrado.<\/li>\n<\/ul>\n<p>[\/vc_column_text][vc_custom_heading text=\u00bbCET10 oficinas\u00bb use_theme_fonts=\u00bbyes\u00bb css=\u00bb\u00bb][vc_separator][vc_column_text css=\u00bb.vc_custom_1729704827526{margin-top: 5px !important;margin-bottom: 10px !important;}\u00bb]Rambla Guip\u00fascoa, 23-25 baixos<br \/>\n08018 Barcelona<br \/>\nTel. 930 00 07 59[\/vc_column_text][\/vc_column][vc_column width=\u00bb1\/2&#8243;][vc_custom_heading text=\u00bbEnv\u00edanos un mensaje\u00bb use_theme_fonts=\u00bbyes\u00bb][vc_separator]\n<div class=\"wpcf7 no-js\" id=\"wpcf7-f6437-o1\" lang=\"es-ES\" dir=\"ltr\" data-wpcf7-id=\"6437\">\n<div class=\"screen-reader-response\"><p role=\"status\" aria-live=\"polite\" aria-atomic=\"true\"><\/p> <ul><\/ul><\/div>\n<form action=\"\/es\/wp-json\/wp\/v2\/pages\/6746#wpcf7-f6437-o1\" method=\"post\" class=\"wpcf7-form init wpcf7-acceptance-as-validation\" aria-label=\"Formulario de contacto\" novalidate=\"novalidate\" data-status=\"init\">\n<fieldset class=\"hidden-fields-container\"><input type=\"hidden\" name=\"_wpcf7\" value=\"6437\" \/><input type=\"hidden\" name=\"_wpcf7_version\" value=\"6.1.4\" \/><input type=\"hidden\" name=\"_wpcf7_locale\" value=\"es_ES\" \/><input type=\"hidden\" name=\"_wpcf7_unit_tag\" value=\"wpcf7-f6437-o1\" \/><input type=\"hidden\" name=\"_wpcf7_container_post\" value=\"0\" \/><input type=\"hidden\" name=\"_wpcf7_posted_data_hash\" value=\"\" \/>\n<\/fieldset>\n<p><label aria-label=\"Nombre y apellidos\">Nombre y apellidos<br \/>\n<span class=\"wpcf7-form-control-wrap\" data-name=\"your-name\"><input size=\"40\" maxlength=\"400\" class=\"wpcf7-form-control wpcf7-text wpcf7-validates-as-required\" aria-required=\"true\" aria-invalid=\"false\" value=\"\" type=\"text\" name=\"your-name\" \/><\/span> <\/label>\n<\/p>\n<p><label aria-label=\"Email\">Email<br \/>\n<span class=\"wpcf7-form-control-wrap\" data-name=\"your-email\"><input size=\"40\" maxlength=\"400\" class=\"wpcf7-form-control wpcf7-email wpcf7-validates-as-required wpcf7-text wpcf7-validates-as-email\" aria-required=\"true\" aria-invalid=\"false\" value=\"\" type=\"email\" name=\"your-email\" \/><\/span> <\/label>\n<\/p>\n<p><label aria-label=\"Tel\u00e9fono\">Tel\u00e9fono<br \/>\n<span class=\"wpcf7-form-control-wrap\" data-name=\"tel-433\"><input size=\"40\" maxlength=\"9\" minlength=\"9\" class=\"wpcf7-form-control wpcf7-tel wpcf7-validates-as-required wpcf7-text wpcf7-validates-as-tel\" aria-required=\"true\" aria-invalid=\"false\" value=\"\" type=\"tel\" name=\"tel-433\" \/><\/span><\/label>\n<\/p>\n<p><label aria-label=\"Mensaje\">Mensaje<br \/>\n<span class=\"wpcf7-form-control-wrap\" data-name=\"your-message\"><textarea cols=\"40\" rows=\"10\" maxlength=\"2000\" class=\"wpcf7-form-control wpcf7-textarea wpcf7-validates-as-required\" aria-required=\"true\" aria-invalid=\"false\" name=\"your-message\"><\/textarea><\/span> <\/label>\n<\/p>\n<input class=\"wpcf7-form-control wpcf7-hidden\" value=\"\" type=\"hidden\" name=\"utm_source\" \/>\n<input class=\"wpcf7-form-control wpcf7-hidden\" value=\"\" type=\"hidden\" name=\"utm_medium\" \/>\n<input class=\"wpcf7-form-control wpcf7-hidden\" value=\"\" type=\"hidden\" name=\"utm_campaign\" \/>\n<input class=\"wpcf7-form-control wpcf7-hidden\" value=\"\" type=\"hidden\" name=\"utm_term\" \/>\n<input class=\"wpcf7-form-control wpcf7-hidden\" value=\"\" type=\"hidden\" name=\"utm_content\" \/>\n<div class=\"cf7-cf-turnstile\" style=\"margin-top: 0px; margin-bottom: -15px;\"> <div id=\"cf-turnstile-cf7-3733553960\" class=\"cf-turnstile\" data-sitekey=\"0x4AAAAAAA7bqIvLzyhYZmPW\" data-theme=\"light\" data-language=\"auto\" data-size=\"normal\" data-retry=\"auto\" data-retry-interval=\"1000\" data-refresh-expired=\"auto\" data-action=\"contact-form-7\" data-appearance=\"interaction-only\"><\/div> <script>document.addEventListener(\"DOMContentLoaded\", function() { setTimeout(function(){ var e=document.getElementById(\"cf-turnstile-cf7-3733553960\"); e&&!e.innerHTML.trim()&&(turnstile.remove(\"#cf-turnstile-cf7-3733553960\"), turnstile.render(\"#cf-turnstile-cf7-3733553960\", {sitekey:\"0x4AAAAAAA7bqIvLzyhYZmPW\"})); }, 100); });<\/script> <style>#cf-turnstile-cf7-3733553960 iframe { margin-bottom: 15px; }<\/style> <style>#cf-turnstile-cf7-3733553960 { margin-left: -15px; }<\/style> <script>document.addEventListener(\"DOMContentLoaded\",function(){document.querySelectorAll('.wpcf7-form').forEach(function(e){e.addEventListener('submit',function(){if(document.getElementById('cf-turnstile-cf7-3733553960')){setTimeout(function(){turnstile.reset('#cf-turnstile-cf7-3733553960');},1000)}})})});<\/script> <\/div>\n<p><label aria-label=\"Pol\u00edtica de privacidad\"> <span class=\"wpcf7-form-control-wrap\" data-name=\"politica\"><span class=\"wpcf7-form-control wpcf7-acceptance\"><span class=\"wpcf7-list-item\"><label><input type=\"checkbox\" name=\"politica\" value=\"1\" aria-invalid=\"false\" \/><span class=\"wpcf7-list-item-label\"><b>He le\u00eddo y acepto la <a href=\"https:\/\/cet10.com\/es\/politica-de-privacidad\/\" style=\"color: #1957df\" target=\"blank\" rel=\"noopener noreferrer\">pol\u00edtica de privacidad<\/a><\/b><\/span><\/label><\/span><\/span><\/span><\/label>\n<\/p>\n<p><input class=\"wpcf7-form-control wpcf7-submit has-spinner\" type=\"submit\" value=\"ENVIAR\" \/>\n<\/p>\n<font size=\"1\">\n\t<p style=\"line-height:100%\" align=\"justify\">INFORMACI\u00d3N B\u00c1SICA SOBRE PROTECCI\u00d3N DE DATOS. Responsable: CET10 (CONSULTING I SERVEIS GRALS. BCN, S.L.) Finalidades: a) Actividades comerciales por diferentes medios y canales de comunicaci\u00f3n de iniciativas y servicios de entidades CET10 y colaboradores, b) Gestionar las solicitudes relacionadas con cualquier iniciativa de entidades de CET10 y colaboradores. Legitimaci\u00f3n: Consentimiento del interesado. Destinatarios: Se prev\u00e9, si es necesario, la comunicaci\u00f3n de los datos del interesado a la entidad de CET10 responsable de la actividad solicitada. Derechos: Tiene derecho a acceder, rectificar y suprimir los datos u oponerse al trato de los mismos o a una de las finalidades, as\u00ed como a otros derechos, como se explica en la informaci\u00f3n adicional. Informaci\u00f3n adicional: Puede consultar la informaci\u00f3n adicional y detallada sobre Protecci\u00f3n de Datos en el link de pol\u00edtica de privacidad. Esta web est\u00e1 protegida por Cloudflare Turnstile, herramienta con titularidad Cloudflare Inc., entidad que tratar\u00e1 determinados datos del usuario. M\u00e1s informaci\u00f3n sobre t\u00e9rminos y condiciones de Cloudflare en este <a href=\" https:\/\/www.cloudflare.com\/es-es\/website-terms\/\" style=\"color:black\"  target=\"blank\">enlace.<\/a> Ver c\u00f3mo Cloudflare trata tus datos disponibles <a href=\"https:\/\/www.cloudflare.com\/es-es\/privacypolicy\/\" style=\"color:black\"  target=\"blank\">aqu\u00ed.<\/a>\n\t<\/p>\n<\/font><div class=\"wpcf7-response-output\" aria-hidden=\"true\"><\/div>\n<\/form>\n<\/div>\n[vc_raw_js]JTNDc2NyaXB0JTNFJTBBZG9jdW1lbnQuYWRkRXZlbnRMaXN0ZW5lciUyOCUyMCUyN3dwY2Y3bWFpbHNlbnQlMjclMkMlMjBmdW5jdGlvbiUyOCUyMGV2ZW50JTIwJTI5JTIwJTdCJTBBJTIwJTIwbG9jYXRpb24lMjAlM0QlMjAlMjdodHRwcyUzQSUyRiUyRmNldDEwLmNvbSUyRmVzJTJGbXVjaGFzLWdyYWNpYXMtY29udGFjdG8lMkYlMjclM0IlMEElN0QlMkMlMjBmYWxzZSUyMCUyOSUzQiUwQSUzQyUyRnNjcmlwdCUzRSUwQSUwQSUwQSUwQQ==[\/vc_raw_js][\/vc_column][\/vc_row][vc_row][vc_column][vc_empty_space][\/vc_column][\/vc_row][vc_row type=\u00bbvc_default\u00bb bg_type=\u00bbbg_color\u00bb bg_override=\u00bbfull\u00bb bg_color_value=\u00bb#f5f5f5&#8243;][vc_column][vc_empty_space height=\u00bb20px\u00bb][vc_gmaps link=\u00bb#E-8_JTNDaWZyYW1lJTIwc3JjJTNEJTIyaHR0cHMlM0ElMkYlMkZ3d3cuZ29vZ2xlLmNvbSUyRm1hcHMlMkZkJTJGZW1iZWQlM0ZtaWQlM0QxeFdRSkdsczAwUWxCZ1lNaGJVc3M4dURMcGVrJTIyJTIwd2lkdGglM0QlMjI2MDAlMjIlMjBoZWlnaHQlM0QlMjI0NTAlMjIlM0UlM0MlMkZpZnJhbWUlM0U=\u00bb][vc_empty_space height=\u00bb20px\u00bb][\/vc_column][\/vc_row]<\/p>\n<\/div>","protected":false},"excerpt":{"rendered":"<p>[vc_row type=\u00bbvc_default\u00bb full_width=\u00bbstretch_row_content_no_spaces\u00bb css=\u00bb.vc_custom_1698162181415{margin-bottom: 35px !important;background-image: url(https:\/\/cet10.com\/wp-content\/uploads\/sites\/36\/2023\/10\/CET10-contacte.webp?id=86617) !important;background-position: center !important;background-repeat: no-repeat !important;background-size: cover !important;}\u00bb][vc_column offset=\u00bbvc_hidden-xs\u00bb][vc_custom_heading text=\u00bbContacta con nosotros\u00bb font_container=\u00bbtag:h1|font_size:50px|text_align:center|color:%23ffffff|line_height:60px\u00bb use_theme_fonts=\u00bbyes\u00bb css=\u00bb.vc_custom_1698162153870{padding-top: 151px !important;padding-bottom: 160px !important;}\u00bb][\/vc_column][\/vc_row][vc_row type=\u00bbvc_default\u00bb full_width=\u00bbstretch_row_content_no_spaces\u00bb css=\u00bb.vc_custom_1698162196299{margin-bottom: -30px !important;background-image: url(https:\/\/cet10.com\/wp-content\/uploads\/sites\/36\/2023\/10\/CET10-contacte.webp?id=86617) !important;background-position: center !important;background-repeat: no-repeat !important;background-size: cover !important;}\u00bb][vc_column offset=\u00bbvc_hidden-lg vc_hidden-md vc_hidden-sm\u00bb css=\u00bb.vc_custom_1689929929147{margin-bottom: -30px !important;}\u00bb][vc_column_text css=\u00bb.vc_custom_1698162165941{padding-top: 90px !important;padding-bottom: 90px !important;}\u00bb] Contacta con nosotros [\/vc_column_text][\/vc_column][\/vc_row][vc_row][vc_column width=\u00bb1\/2&#8243;][vc_custom_heading text=\u00bbCET10&hellip;<\/p>\n","protected":false},"author":4,"featured_media":0,"parent":0,"menu_order":0,"comment_status":"closed","ping_status":"closed","template":"","meta":{"footnotes":""},"class_list":["post-6746","page","type-page","status-publish","hentry","description-off"],"yoast_head":"<!-- This site is optimized with the Yoast SEO plugin v26.8 - https:\/\/yoast.com\/product\/yoast-seo-wordpress\/ -->\n<title>Contacto - CET10 - Somos deporte para todos - \u00a1Inf\u00f3rmate!<\/title>\n<meta name=\"description\" content=\"Nos encontrar\u00e1s en la C\/ de l\u2019Agricultura, 232 (cantonada Andrade) - 08020 Barcelona - Tel. 932 783 135 - info@cet10.com\" \/>\n<meta name=\"robots\" content=\"index, follow, max-snippet:-1, max-image-preview:large, max-video-preview:-1\" \/>\n<link rel=\"canonical\" href=\"https:\/\/cet10.com\/es\/contacto\/\" \/>\n<meta property=\"og:locale\" content=\"es_ES\" \/>\n<meta property=\"og:type\" content=\"article\" \/>\n<meta property=\"og:title\" content=\"Contacto - CET10 - Somos deporte para todos - \u00a1Inf\u00f3rmate!\" \/>\n<meta property=\"og:description\" content=\"Nos encontrar\u00e1s en la C\/ de l\u2019Agricultura, 232 (cantonada Andrade) - 08020 Barcelona - Tel. 932 783 135 - info@cet10.com\" \/>\n<meta property=\"og:url\" content=\"https:\/\/cet10.com\/es\/contacto\/\" \/>\n<meta property=\"og:site_name\" content=\"CET10 - Col\u00b7lectiu d&#039;Esports per a Tothom 10\" \/>\n<meta property=\"article:modified_time\" content=\"2026-03-20T10:59:35+00:00\" \/>\n<meta name=\"twitter:card\" content=\"summary_large_image\" \/>\n<meta name=\"twitter:label1\" content=\"Tiempo de lectura\" \/>\n\t<meta name=\"twitter:data1\" content=\"1 minuto\" \/>\n<script type=\"application\/ld+json\" class=\"yoast-schema-graph\">{\"@context\":\"https:\/\/schema.org\",\"@graph\":[{\"@type\":\"WebPage\",\"@id\":\"https:\/\/cet10.com\/es\/contacto\/\",\"url\":\"https:\/\/cet10.com\/es\/contacto\/\",\"name\":\"Contacto - CET10 - Somos deporte para todos - \u00a1Inf\u00f3rmate!\",\"isPartOf\":{\"@id\":\"https:\/\/cet10.com\/es\/#website\"},\"datePublished\":\"2018-03-09T15:22:19+00:00\",\"dateModified\":\"2026-03-20T10:59:35+00:00\",\"description\":\"Nos encontrar\u00e1s en la C\/ de l\u2019Agricultura, 232 (cantonada Andrade) - 08020 Barcelona - Tel. 932 783 135 - info@cet10.com\",\"breadcrumb\":{\"@id\":\"https:\/\/cet10.com\/es\/contacto\/#breadcrumb\"},\"inLanguage\":\"es\",\"potentialAction\":[{\"@type\":\"ReadAction\",\"target\":[\"https:\/\/cet10.com\/es\/contacto\/\"]}]},{\"@type\":\"BreadcrumbList\",\"@id\":\"https:\/\/cet10.com\/es\/contacto\/#breadcrumb\",\"itemListElement\":[{\"@type\":\"ListItem\",\"position\":1,\"name\":\"Portada\",\"item\":\"https:\/\/cet10.com\/es\/\"},{\"@type\":\"ListItem\",\"position\":2,\"name\":\"Contacto\"}]},{\"@type\":\"WebSite\",\"@id\":\"https:\/\/cet10.com\/es\/#website\",\"url\":\"https:\/\/cet10.com\/es\/\",\"name\":\"CET10 - Col\u00b7lectiu d&#039;Esports per a Tothom 10\",\"description\":\"CET10 Esport per a tothom\",\"publisher\":{\"@id\":\"https:\/\/cet10.com\/es\/#organization\"},\"potentialAction\":[{\"@type\":\"SearchAction\",\"target\":{\"@type\":\"EntryPoint\",\"urlTemplate\":\"https:\/\/cet10.com\/es\/?s={search_term_string}\"},\"query-input\":{\"@type\":\"PropertyValueSpecification\",\"valueRequired\":true,\"valueName\":\"search_term_string\"}}],\"inLanguage\":\"es\"},{\"@type\":\"Organization\",\"@id\":\"https:\/\/cet10.com\/es\/#organization\",\"name\":\"CET10\",\"url\":\"https:\/\/cet10.com\/es\/\",\"logo\":{\"@type\":\"ImageObject\",\"inLanguage\":\"es\",\"@id\":\"https:\/\/cet10.com\/es\/#\/schema\/logo\/image\/\",\"url\":\"https:\/\/cet10.com\/wp-content\/uploads\/sites\/36\/2021\/06\/CET10.png\",\"contentUrl\":\"https:\/\/cet10.com\/wp-content\/uploads\/sites\/36\/2021\/06\/CET10.png\",\"width\":210,\"height\":67,\"caption\":\"CET10\"},\"image\":{\"@id\":\"https:\/\/cet10.com\/es\/#\/schema\/logo\/image\/\"}}]}<\/script>\n<!-- \/ Yoast SEO plugin. -->","yoast_head_json":{"title":"Contacto - CET10 - Somos deporte para todos - \u00a1Inf\u00f3rmate!","description":"Nos encontrar\u00e1s en la C\/ de l\u2019Agricultura, 232 (cantonada Andrade) - 08020 Barcelona - Tel. 932 783 135 - info@cet10.com","robots":{"index":"index","follow":"follow","max-snippet":"max-snippet:-1","max-image-preview":"max-image-preview:large","max-video-preview":"max-video-preview:-1"},"canonical":"https:\/\/cet10.com\/es\/contacto\/","og_locale":"es_ES","og_type":"article","og_title":"Contacto - CET10 - Somos deporte para todos - \u00a1Inf\u00f3rmate!","og_description":"Nos encontrar\u00e1s en la C\/ de l\u2019Agricultura, 232 (cantonada Andrade) - 08020 Barcelona - Tel. 932 783 135 - info@cet10.com","og_url":"https:\/\/cet10.com\/es\/contacto\/","og_site_name":"CET10 - Col\u00b7lectiu d&#039;Esports per a Tothom 10","article_modified_time":"2026-03-20T10:59:35+00:00","twitter_card":"summary_large_image","twitter_misc":{"Tiempo de lectura":"1 minuto"},"schema":{"@context":"https:\/\/schema.org","@graph":[{"@type":"WebPage","@id":"https:\/\/cet10.com\/es\/contacto\/","url":"https:\/\/cet10.com\/es\/contacto\/","name":"Contacto - CET10 - Somos deporte para todos - \u00a1Inf\u00f3rmate!","isPartOf":{"@id":"https:\/\/cet10.com\/es\/#website"},"datePublished":"2018-03-09T15:22:19+00:00","dateModified":"2026-03-20T10:59:35+00:00","description":"Nos encontrar\u00e1s en la C\/ de l\u2019Agricultura, 232 (cantonada Andrade) - 08020 Barcelona - Tel. 932 783 135 - info@cet10.com","breadcrumb":{"@id":"https:\/\/cet10.com\/es\/contacto\/#breadcrumb"},"inLanguage":"es","potentialAction":[{"@type":"ReadAction","target":["https:\/\/cet10.com\/es\/contacto\/"]}]},{"@type":"BreadcrumbList","@id":"https:\/\/cet10.com\/es\/contacto\/#breadcrumb","itemListElement":[{"@type":"ListItem","position":1,"name":"Portada","item":"https:\/\/cet10.com\/es\/"},{"@type":"ListItem","position":2,"name":"Contacto"}]},{"@type":"WebSite","@id":"https:\/\/cet10.com\/es\/#website","url":"https:\/\/cet10.com\/es\/","name":"CET10 - Col\u00b7lectiu d&#039;Esports per a Tothom 10","description":"CET10 Esport per a tothom","publisher":{"@id":"https:\/\/cet10.com\/es\/#organization"},"potentialAction":[{"@type":"SearchAction","target":{"@type":"EntryPoint","urlTemplate":"https:\/\/cet10.com\/es\/?s={search_term_string}"},"query-input":{"@type":"PropertyValueSpecification","valueRequired":true,"valueName":"search_term_string"}}],"inLanguage":"es"},{"@type":"Organization","@id":"https:\/\/cet10.com\/es\/#organization","name":"CET10","url":"https:\/\/cet10.com\/es\/","logo":{"@type":"ImageObject","inLanguage":"es","@id":"https:\/\/cet10.com\/es\/#\/schema\/logo\/image\/","url":"https:\/\/cet10.com\/wp-content\/uploads\/sites\/36\/2021\/06\/CET10.png","contentUrl":"https:\/\/cet10.com\/wp-content\/uploads\/sites\/36\/2021\/06\/CET10.png","width":210,"height":67,"caption":"CET10"},"image":{"@id":"https:\/\/cet10.com\/es\/#\/schema\/logo\/image\/"}}]}},"_links":{"self":[{"href":"https:\/\/cet10.com\/es\/wp-json\/wp\/v2\/pages\/6746","targetHints":{"allow":["GET"]}}],"collection":[{"href":"https:\/\/cet10.com\/es\/wp-json\/wp\/v2\/pages"}],"about":[{"href":"https:\/\/cet10.com\/es\/wp-json\/wp\/v2\/types\/page"}],"author":[{"embeddable":true,"href":"https:\/\/cet10.com\/es\/wp-json\/wp\/v2\/users\/4"}],"replies":[{"embeddable":true,"href":"https:\/\/cet10.com\/es\/wp-json\/wp\/v2\/comments?post=6746"}],"version-history":[{"count":2,"href":"https:\/\/cet10.com\/es\/wp-json\/wp\/v2\/pages\/6746\/revisions"}],"predecessor-version":[{"id":181373,"href":"https:\/\/cet10.com\/es\/wp-json\/wp\/v2\/pages\/6746\/revisions\/181373"}],"wp:attachment":[{"href":"https:\/\/cet10.com\/es\/wp-json\/wp\/v2\/media?parent=6746"}],"curies":[{"name":"wp","href":"https:\/\/api.w.org\/{rel}","templated":true}]}}