{"id":6772,"date":"2018-05-28T16:39:55","date_gmt":"2018-05-28T14:39:55","guid":{"rendered":"https:\/\/cet10.com\/area-de-clients\/"},"modified":"2025-09-23T17:15:47","modified_gmt":"2025-09-23T15:15:47","slug":"area-de-clientes","status":"publish","type":"page","link":"https:\/\/cet10.com\/es\/area-de-clientes\/","title":{"rendered":"\u00c1rea de clientes \/ Zona personal"},"content":{"rendered":"<div class=\"wpb-content-wrapper\"><p>[vc_row type=\u00bbvc_default\u00bb full_width=\u00bbstretch_row_content_no_spaces\u00bb css=\u00bb.vc_custom_1698917011523{margin-bottom: 35px !important;background-image: url(https:\/\/cet10.com\/wp-content\/uploads\/sites\/36\/2023\/11\/CET10-area-client.webp?id=86962) !important;background-position: center !important;background-repeat: no-repeat !important;background-size: cover !important;}\u00bb][vc_column offset=\u00bbvc_hidden-xs\u00bb][vc_custom_heading text=\u00bb\u00c1rea de clientes \/ Zona personal\u00bb font_container=\u00bbtag:h1|font_size:50px|text_align:center|color:%23ffffff|line_height:60px\u00bb use_theme_fonts=\u00bbyes\u00bb css=\u00bb.vc_custom_1698917084519{padding-top: 151px !important;padding-bottom: 160px !important;}\u00bb][\/vc_column][\/vc_row][vc_row type=\u00bbvc_default\u00bb full_width=\u00bbstretch_row_content_no_spaces\u00bb css=\u00bb.vc_custom_1698917025125{margin-bottom: -30px !important;background-image: url(https:\/\/cet10.com\/wp-content\/uploads\/sites\/36\/2023\/11\/CET10-area-client.webp?id=86962) !important;background-position: center !important;background-repeat: no-repeat !important;background-size: cover !important;}\u00bb][vc_column offset=\u00bbvc_hidden-lg vc_hidden-md vc_hidden-sm\u00bb css=\u00bb.vc_custom_1689929929147{margin-bottom: -30px !important;}\u00bb][vc_column_text css=\u00bb.vc_custom_1698917178558{padding-top: 90px !important;padding-bottom: 90px !important;}\u00bb]<\/p>\n<p style=\"text-align: center; font-family: Roboto; font-size: 35px; line-height: 40px;\"><span style=\"color: #ffffff;\"><strong>\u00c1rea de clientes \/<br \/>\nZona personal<br \/>\n<\/strong><\/span><\/p>\n<p>[\/vc_column_text][\/vc_column][\/vc_row][vc_row][vc_column]<div id=\"ultimate-heading-13069f53235c2f75\" class=\"uvc-heading ult-adjust-bottom-margin ultimate-heading-13069f53235c2f75 uvc-7381 espai uvc-heading-default-font-sizes\" data-hspacer=\"no_spacer\"  data-halign=\"left\" style=\"text-align:left\"><div class=\"uvc-heading-spacer no_spacer\" style=\"top\"><\/div><div class=\"uvc-main-heading ult-responsive\"  data-ultimate-target='.uvc-heading.ultimate-heading-13069f53235c2f75 h2'  data-responsive-json-new='{\"font-size\":\"\",\"line-height\":\"\"}' ><h2 style=\"font-family:&#039;Roboto&#039;;font-weight:700;\">Realiza tus gestiones c\u00f3modamente<\/h2><\/div><\/div>[vc_empty_space height=\u00bb15px\u00bb][vc_column_text]Te damos la bienvenida en tu zona personal donde podr\u00e1s acceder a tus cursos de deporte o en el ocio educativo, apuntarte a los casales, campus y colonias de la temporada o realizar tus tr\u00e1mites de una manera r\u00e1pida y c\u00f3modo.[\/vc_column_text][\/vc_column][\/vc_row][vc_row type=\u00bbvc_default\u00bb bg_type=\u00bbbg_color\u00bb bg_override=\u00bbfull\u00bb bg_color_value=\u00bb#f5f5f5&#8243;][vc_column width=\u00bb1\/2&#8243;]<div id=\"ultimate-heading-114969f53235c2ff1\" class=\"uvc-heading ult-adjust-bottom-margin ultimate-heading-114969f53235c2ff1 uvc-8604 \" data-hspacer=\"no_spacer\"  data-halign=\"left\" style=\"text-align:left\"><div class=\"uvc-heading-spacer no_spacer\" style=\"top\"><\/div><div class=\"uvc-main-heading ult-responsive\"  data-ultimate-target='.uvc-heading.ultimate-heading-114969f53235c2ff1 h2'  data-responsive-json-new='{\"font-size\":\"desktop:28px;\",\"line-height\":\"\"}' ><h2 style=\"font-family:&#039;Roboto&#039;;font-weight:700;\">Actividades de ocio educativo para ni\u00f1os<\/h2><\/div><\/div>[vc_empty_space height=\u00bb15px\u00bb][vc_column_text css=\u00bb.vc_custom_1691585322995{margin-bottom: 15px !important;}\u00bb]Desde el \u00e1rea de clientes podr\u00e9is inscribir a vuestros ni\u00f1os y ni\u00f1as a nuestras actividades como <strong>casales, campus y colonias.<\/strong> Antes de entrar al \u00e1rea de usuarios de CET10 lee los puntos siguientes:[\/vc_column_text]<div class=\"standard-arrow list-divider bullet-top\"><div class=\"page\" title=\"Page 2\">\n<div class=\"layoutArea\">\n<div class=\"column\">\n<ul>\n<li>Os recomendamos utilizar el navegador Google Chrome.<\/li>\n<li>Lee el <a href=\"https:\/\/cet10.com\/wp-content\/uploads\/sites\/36\/2018\/05\/MANUAL-INSCRIPCIO-AREA-CLIENTS-CET10.pdf\">manual<\/a> para apuntarte a las actividades.<\/li>\n<li>Inscripciones en l\u00ednea excepto para el Campus Olimpia, que solo son presenciales.<\/li>\n<li>Para inscripciones de 3 ni\u00f1os se hace un 10% de descuento.<\/li>\n<\/ul>\n<\/div>\n<\/div>\n<\/div>\n<\/div><style type=\"text\/css\" data-type=\"the7_shortcodes-inline-css\">#default-btn-cbe73c5bead45d95e59325dd346ec44b {\n  border-radius: 0px;\n  font-size: 15px;\n  line-height: 17px;\n}\n.btn-shadow#default-btn-cbe73c5bead45d95e59325dd346ec44b {\n  box-shadow: 0 1px 6px rgba(0,0,0,0.12);\n  transition: box-shadow 0.2s ease-out, opacity 0.45s;\n}\n.btn-shadow#default-btn-cbe73c5bead45d95e59325dd346ec44b:hover {\n  box-shadow: 0 5px 11px 0 rgba(0,0,0,0.18), 0 4px 15px 0 rgba(0,0,0,0.15);\n}\n.btn-3d#default-btn-cbe73c5bead45d95e59325dd346ec44b {\n  box-shadow: 0px 2px 0px 0px #ae7013;\n}\n.btn-3d#default-btn-cbe73c5bead45d95e59325dd346ec44b:hover {\n  box-shadow: 0px 2px 0px 0px #9e6112;\n}\n.btn-flat#default-btn-cbe73c5bead45d95e59325dd346ec44b {\n  box-shadow: none;\n}\n.btn-flat#default-btn-cbe73c5bead45d95e59325dd346ec44b:hover {\n  box-shadow: none;\n}\n#default-btn-cbe73c5bead45d95e59325dd346ec44b.ico-right-side > i {\n  margin-right: 0px;\n  margin-left: 8px;\n}\n#default-btn-cbe73c5bead45d95e59325dd346ec44b > i {\n  margin-right: 8px;\n  font-size: 0px;\n}\n#default-btn-cbe73c5bead45d95e59325dd346ec44b:not(:hover) {\n  border-width: 0px;\n  background: #ff9900 !important;\n  padding: 15px 18px 15px 18px;\n}\n#default-btn-cbe73c5bead45d95e59325dd346ec44b:hover {\n  border-width: 0px;\n  background: #ed8600 !important;\n  padding: 15px 18px 15px 18px;\n}\n#default-btn-cbe73c5bead45d95e59325dd346ec44b.ico-right-side > i {\n  margin-right: 0px;\n  margin-left: 8px;\n}\n#default-btn-cbe73c5bead45d95e59325dd346ec44b > i {\n  margin-right: 8px;\n}<\/style><div class=\"btn-align-center\"><a href=\"https:\/\/cet10esportilleure.deporsite.net\/\" class=\"default-btn-shortcode dt-btn link-hover-off btn-flat  vc_custom_1691585774134\" id=\"default-btn-cbe73c5bead45d95e59325dd346ec44b\" style=\"width:550px;\"><span>ENTRA AL \u00c1REA DE CLIENTES<\/span><\/a><\/div>[\/vc_column][vc_column width=\u00bb1\/2&#8243;]<div id=\"ultimate-heading-716869f53235c31d6\" class=\"uvc-heading ult-adjust-bottom-margin ultimate-heading-716869f53235c31d6 uvc-9996 \" data-hspacer=\"no_spacer\"  data-halign=\"left\" style=\"text-align:left\"><div class=\"uvc-heading-spacer no_spacer\" style=\"top\"><\/div><div class=\"uvc-main-heading ult-responsive\"  data-ultimate-target='.uvc-heading.ultimate-heading-716869f53235c31d6 h2'  data-responsive-json-new='{\"font-size\":\"desktop:28px;\",\"line-height\":\"\"}' ><h2 style=\"font-family:&#039;Roboto&#039;;font-weight:700;\">Cursos de formaci\u00f3n<\/h2><\/div><\/div>[vc_empty_space height=\u00bb15px\u00bb][vc_column_text css=\u00bb.vc_custom_1691585868370{margin-bottom: 15px !important;}\u00bb]Si eres alumno, profesor, exalumno o si quieres realizar un curso en el ocio educativo o bien un ciclo formativo de deporte en el Centre de Formaci\u00f3 CET10, accede en la zona personal y podr\u00e1s:[\/vc_column_text]<div class=\"standard-arrow list-divider bullet-top\"><div class=\"page\" title=\"Page 2\">\n<div class=\"layoutArea\">\n<div class=\"column\">\n<ul>\n<li>Formalizar el pago de cursos en los cuales te has inscrito.<\/li>\n<li>Modificar tus datos personales y tu contrase\u00f1a.<\/li>\n<li>Asociar la factura de un curso a tu empresa.<\/li>\n<li>Subir documentos (DNI, justificantes de pago, tarjeta de demanda de ocupaci\u00f3n&#8230;).<\/li>\n<\/ul>\n<\/div>\n<\/div>\n<\/div>\n<\/div><style type=\"text\/css\" data-type=\"the7_shortcodes-inline-css\">#default-btn-1610a21c53c3b0e2331f3163ef221f3d {\n  border-radius: 0px;\n  font-size: 15px;\n  line-height: 17px;\n}\n.btn-shadow#default-btn-1610a21c53c3b0e2331f3163ef221f3d {\n  box-shadow: 0 1px 6px rgba(0,0,0,0.12);\n  transition: box-shadow 0.2s ease-out, opacity 0.45s;\n}\n.btn-shadow#default-btn-1610a21c53c3b0e2331f3163ef221f3d:hover {\n  box-shadow: 0 5px 11px 0 rgba(0,0,0,0.18), 0 4px 15px 0 rgba(0,0,0,0.15);\n}\n.btn-3d#default-btn-1610a21c53c3b0e2331f3163ef221f3d {\n  box-shadow: 0px 2px 0px 0px #ae7013;\n}\n.btn-3d#default-btn-1610a21c53c3b0e2331f3163ef221f3d:hover {\n  box-shadow: 0px 2px 0px 0px #9e6112;\n}\n.btn-flat#default-btn-1610a21c53c3b0e2331f3163ef221f3d {\n  box-shadow: none;\n}\n.btn-flat#default-btn-1610a21c53c3b0e2331f3163ef221f3d:hover {\n  box-shadow: none;\n}\n#default-btn-1610a21c53c3b0e2331f3163ef221f3d.ico-right-side > i {\n  margin-right: 0px;\n  margin-left: 8px;\n}\n#default-btn-1610a21c53c3b0e2331f3163ef221f3d > i {\n  margin-right: 8px;\n  font-size: 0px;\n}\n#default-btn-1610a21c53c3b0e2331f3163ef221f3d:not(:hover) {\n  border-width: 0px;\n  background: #ff9900 !important;\n  padding: 15px 18px 15px 18px;\n}\n#default-btn-1610a21c53c3b0e2331f3163ef221f3d:hover {\n  border-width: 0px;\n  background: #ed8600 !important;\n  padding: 15px 18px 15px 18px;\n}\n#default-btn-1610a21c53c3b0e2331f3163ef221f3d.ico-right-side > i {\n  margin-right: 0px;\n  margin-left: 8px;\n}\n#default-btn-1610a21c53c3b0e2331f3163ef221f3d > i {\n  margin-right: 8px;\n}<\/style><div class=\"btn-align-center\"><a href=\"https:\/\/cet10.classlife.education\/\" class=\"default-btn-shortcode dt-btn link-hover-off btn-flat  vc_custom_1691585826754\" id=\"default-btn-1610a21c53c3b0e2331f3163ef221f3d\" style=\"width:550px;\"><span>ENTRA A LA ZONA PERSONAL<\/span><\/a><\/div>[\/vc_column][\/vc_row]<\/p>\n<\/div>","protected":false},"excerpt":{"rendered":"<p>[vc_row type=\u00bbvc_default\u00bb full_width=\u00bbstretch_row_content_no_spaces\u00bb css=\u00bb.vc_custom_1698917011523{margin-bottom: 35px !important;background-image: url(https:\/\/cet10.com\/wp-content\/uploads\/sites\/36\/2023\/11\/CET10-area-client.webp?id=86962) !important;background-position: center !important;background-repeat: no-repeat !important;background-size: cover !important;}\u00bb][vc_column offset=\u00bbvc_hidden-xs\u00bb][vc_custom_heading text=\u00bb\u00c1rea de clientes \/ Zona personal\u00bb font_container=\u00bbtag:h1|font_size:50px|text_align:center|color:%23ffffff|line_height:60px\u00bb use_theme_fonts=\u00bbyes\u00bb css=\u00bb.vc_custom_1698917084519{padding-top: 151px !important;padding-bottom: 160px !important;}\u00bb][\/vc_column][\/vc_row][vc_row type=\u00bbvc_default\u00bb full_width=\u00bbstretch_row_content_no_spaces\u00bb css=\u00bb.vc_custom_1698917025125{margin-bottom: -30px !important;background-image: url(https:\/\/cet10.com\/wp-content\/uploads\/sites\/36\/2023\/11\/CET10-area-client.webp?id=86962) !important;background-position: center !important;background-repeat: no-repeat !important;background-size: cover !important;}\u00bb][vc_column offset=\u00bbvc_hidden-lg vc_hidden-md vc_hidden-sm\u00bb css=\u00bb.vc_custom_1689929929147{margin-bottom: -30px !important;}\u00bb][vc_column_text css=\u00bb.vc_custom_1698917178558{padding-top: 90px !important;padding-bottom: 90px !important;}\u00bb] \u00c1rea de clientes&hellip;<\/p>\n","protected":false},"author":4,"featured_media":0,"parent":0,"menu_order":0,"comment_status":"closed","ping_status":"closed","template":"","meta":{"footnotes":""},"class_list":["post-6772","page","type-page","status-publish","hentry","description-off"],"yoast_head":"<!-- This site is optimized with the Yoast SEO plugin v26.8 - https:\/\/yoast.com\/product\/yoast-seo-wordpress\/ -->\n<title>\u00c1rea de clientes \/ Zona personal - Realiza tus gestiones c\u00f3modamente<\/title>\n<meta name=\"description\" content=\"Te damos la bienvenida a tu zona personal donde podr\u00e1s acceder a tus cursos de deporte, apuntarte a campus y colonias o realizar tus tr\u00e1mites.\" \/>\n<meta name=\"robots\" content=\"index, follow, max-snippet:-1, max-image-preview:large, max-video-preview:-1\" \/>\n<link rel=\"canonical\" href=\"https:\/\/cet10.com\/es\/area-de-clientes\/\" \/>\n<meta property=\"og:locale\" content=\"es_ES\" \/>\n<meta property=\"og:type\" content=\"article\" \/>\n<meta property=\"og:title\" content=\"\u00c1rea de clientes \/ Zona personal - Realiza tus gestiones c\u00f3modamente\" \/>\n<meta property=\"og:description\" content=\"Te damos la bienvenida a tu zona personal donde podr\u00e1s acceder a tus cursos de deporte, apuntarte a campus y colonias o realizar tus tr\u00e1mites.\" \/>\n<meta property=\"og:url\" content=\"https:\/\/cet10.com\/es\/area-de-clientes\/\" \/>\n<meta property=\"og:site_name\" content=\"CET10 - Col\u00b7lectiu d&#039;Esports per a Tothom 10\" \/>\n<meta property=\"article:modified_time\" content=\"2025-09-23T15:15:47+00:00\" \/>\n<meta name=\"twitter:card\" content=\"summary_large_image\" \/>\n<meta name=\"twitter:label1\" content=\"Tiempo de lectura\" \/>\n\t<meta name=\"twitter:data1\" content=\"2 minutos\" \/>\n<script type=\"application\/ld+json\" class=\"yoast-schema-graph\">{\"@context\":\"https:\/\/schema.org\",\"@graph\":[{\"@type\":\"WebPage\",\"@id\":\"https:\/\/cet10.com\/es\/area-de-clientes\/\",\"url\":\"https:\/\/cet10.com\/es\/area-de-clientes\/\",\"name\":\"\u00c1rea de clientes \/ Zona personal - Realiza tus gestiones c\u00f3modamente\",\"isPartOf\":{\"@id\":\"https:\/\/cet10.com\/es\/#website\"},\"datePublished\":\"2018-05-28T14:39:55+00:00\",\"dateModified\":\"2025-09-23T15:15:47+00:00\",\"description\":\"Te damos la bienvenida a tu zona personal donde podr\u00e1s acceder a tus cursos de deporte, apuntarte a campus y colonias o realizar tus tr\u00e1mites.\",\"breadcrumb\":{\"@id\":\"https:\/\/cet10.com\/es\/area-de-clientes\/#breadcrumb\"},\"inLanguage\":\"es\",\"potentialAction\":[{\"@type\":\"ReadAction\",\"target\":[\"https:\/\/cet10.com\/es\/area-de-clientes\/\"]}]},{\"@type\":\"BreadcrumbList\",\"@id\":\"https:\/\/cet10.com\/es\/area-de-clientes\/#breadcrumb\",\"itemListElement\":[{\"@type\":\"ListItem\",\"position\":1,\"name\":\"Portada\",\"item\":\"https:\/\/cet10.com\/es\/\"},{\"@type\":\"ListItem\",\"position\":2,\"name\":\"\u00c1rea de clientes \/ Zona personal\"}]},{\"@type\":\"WebSite\",\"@id\":\"https:\/\/cet10.com\/es\/#website\",\"url\":\"https:\/\/cet10.com\/es\/\",\"name\":\"CET10 - Col\u00b7lectiu d&#039;Esports per a Tothom 10\",\"description\":\"CET10 Esport per a tothom\",\"publisher\":{\"@id\":\"https:\/\/cet10.com\/es\/#organization\"},\"potentialAction\":[{\"@type\":\"SearchAction\",\"target\":{\"@type\":\"EntryPoint\",\"urlTemplate\":\"https:\/\/cet10.com\/es\/?s={search_term_string}\"},\"query-input\":{\"@type\":\"PropertyValueSpecification\",\"valueRequired\":true,\"valueName\":\"search_term_string\"}}],\"inLanguage\":\"es\"},{\"@type\":\"Organization\",\"@id\":\"https:\/\/cet10.com\/es\/#organization\",\"name\":\"CET10\",\"url\":\"https:\/\/cet10.com\/es\/\",\"logo\":{\"@type\":\"ImageObject\",\"inLanguage\":\"es\",\"@id\":\"https:\/\/cet10.com\/es\/#\/schema\/logo\/image\/\",\"url\":\"https:\/\/cet10.com\/wp-content\/uploads\/sites\/36\/2021\/06\/CET10.png\",\"contentUrl\":\"https:\/\/cet10.com\/wp-content\/uploads\/sites\/36\/2021\/06\/CET10.png\",\"width\":210,\"height\":67,\"caption\":\"CET10\"},\"image\":{\"@id\":\"https:\/\/cet10.com\/es\/#\/schema\/logo\/image\/\"}}]}<\/script>\n<!-- \/ Yoast SEO plugin. -->","yoast_head_json":{"title":"\u00c1rea de clientes \/ Zona personal - Realiza tus gestiones c\u00f3modamente","description":"Te damos la bienvenida a tu zona personal donde podr\u00e1s acceder a tus cursos de deporte, apuntarte a campus y colonias o realizar tus tr\u00e1mites.","robots":{"index":"index","follow":"follow","max-snippet":"max-snippet:-1","max-image-preview":"max-image-preview:large","max-video-preview":"max-video-preview:-1"},"canonical":"https:\/\/cet10.com\/es\/area-de-clientes\/","og_locale":"es_ES","og_type":"article","og_title":"\u00c1rea de clientes \/ Zona personal - Realiza tus gestiones c\u00f3modamente","og_description":"Te damos la bienvenida a tu zona personal donde podr\u00e1s acceder a tus cursos de deporte, apuntarte a campus y colonias o realizar tus tr\u00e1mites.","og_url":"https:\/\/cet10.com\/es\/area-de-clientes\/","og_site_name":"CET10 - Col\u00b7lectiu d&#039;Esports per a Tothom 10","article_modified_time":"2025-09-23T15:15:47+00:00","twitter_card":"summary_large_image","twitter_misc":{"Tiempo de lectura":"2 minutos"},"schema":{"@context":"https:\/\/schema.org","@graph":[{"@type":"WebPage","@id":"https:\/\/cet10.com\/es\/area-de-clientes\/","url":"https:\/\/cet10.com\/es\/area-de-clientes\/","name":"\u00c1rea de clientes \/ Zona personal - Realiza tus gestiones c\u00f3modamente","isPartOf":{"@id":"https:\/\/cet10.com\/es\/#website"},"datePublished":"2018-05-28T14:39:55+00:00","dateModified":"2025-09-23T15:15:47+00:00","description":"Te damos la bienvenida a tu zona personal donde podr\u00e1s acceder a tus cursos de deporte, apuntarte a campus y colonias o realizar tus tr\u00e1mites.","breadcrumb":{"@id":"https:\/\/cet10.com\/es\/area-de-clientes\/#breadcrumb"},"inLanguage":"es","potentialAction":[{"@type":"ReadAction","target":["https:\/\/cet10.com\/es\/area-de-clientes\/"]}]},{"@type":"BreadcrumbList","@id":"https:\/\/cet10.com\/es\/area-de-clientes\/#breadcrumb","itemListElement":[{"@type":"ListItem","position":1,"name":"Portada","item":"https:\/\/cet10.com\/es\/"},{"@type":"ListItem","position":2,"name":"\u00c1rea de clientes \/ Zona personal"}]},{"@type":"WebSite","@id":"https:\/\/cet10.com\/es\/#website","url":"https:\/\/cet10.com\/es\/","name":"CET10 - Col\u00b7lectiu d&#039;Esports per a Tothom 10","description":"CET10 Esport per a tothom","publisher":{"@id":"https:\/\/cet10.com\/es\/#organization"},"potentialAction":[{"@type":"SearchAction","target":{"@type":"EntryPoint","urlTemplate":"https:\/\/cet10.com\/es\/?s={search_term_string}"},"query-input":{"@type":"PropertyValueSpecification","valueRequired":true,"valueName":"search_term_string"}}],"inLanguage":"es"},{"@type":"Organization","@id":"https:\/\/cet10.com\/es\/#organization","name":"CET10","url":"https:\/\/cet10.com\/es\/","logo":{"@type":"ImageObject","inLanguage":"es","@id":"https:\/\/cet10.com\/es\/#\/schema\/logo\/image\/","url":"https:\/\/cet10.com\/wp-content\/uploads\/sites\/36\/2021\/06\/CET10.png","contentUrl":"https:\/\/cet10.com\/wp-content\/uploads\/sites\/36\/2021\/06\/CET10.png","width":210,"height":67,"caption":"CET10"},"image":{"@id":"https:\/\/cet10.com\/es\/#\/schema\/logo\/image\/"}}]}},"_links":{"self":[{"href":"https:\/\/cet10.com\/es\/wp-json\/wp\/v2\/pages\/6772","targetHints":{"allow":["GET"]}}],"collection":[{"href":"https:\/\/cet10.com\/es\/wp-json\/wp\/v2\/pages"}],"about":[{"href":"https:\/\/cet10.com\/es\/wp-json\/wp\/v2\/types\/page"}],"author":[{"embeddable":true,"href":"https:\/\/cet10.com\/es\/wp-json\/wp\/v2\/users\/4"}],"replies":[{"embeddable":true,"href":"https:\/\/cet10.com\/es\/wp-json\/wp\/v2\/comments?post=6772"}],"version-history":[{"count":0,"href":"https:\/\/cet10.com\/es\/wp-json\/wp\/v2\/pages\/6772\/revisions"}],"wp:attachment":[{"href":"https:\/\/cet10.com\/es\/wp-json\/wp\/v2\/media?parent=6772"}],"curies":[{"name":"wp","href":"https:\/\/api.w.org\/{rel}","templated":true}]}}