{"id":70311,"date":"2023-01-13T12:10:23","date_gmt":"2023-01-13T11:10:23","guid":{"rendered":"https:\/\/cet10.com\/?page_id=70311"},"modified":"2024-12-05T12:26:55","modified_gmt":"2024-12-05T11:26:55","slug":"monitor-de-tiempo-libre-dll24fcc03","status":"publish","type":"page","link":"https:\/\/cet10.com\/es\/monitor-de-tiempo-libre-dll24fcc03\/","title":{"rendered":"SUBVENCIONADO: CP Dinamizaci\u00f3n de Actividades de Ocio Infantil y Juvenil (Monitor\/a de tiempo libre) &#8211; \ufeff\ufeffDLL23FCC03"},"content":{"rendered":"<div class=\"wpb-content-wrapper\"><p>[vc_row][vc_column][vc_column_text css=\u00bb.vc_custom_1703673607429{margin-bottom: 15px !important;}\u00bb el_id=\u00bbtitol\u00bb]<\/p>\n<h1 style=\"font-size: 38px; font-weight: 500;\"><span style=\"color: #ff9900;\">SUBVENCIONADO:<\/span> <span style=\"color: #61b4e4;\">CP Dinamizaci\u00f3n de Actividades de Ocio Infantil y Juvenil (Monitor\/a de tiempo libre)<\/span><\/h1>\n<p>[\/vc_column_text][vc_separator][\/vc_column][\/vc_row][vc_row][vc_column width=\u00bb1\/3&#8243;][vc_single_image image=\u00bb70342&#8243; img_size=\u00bbfull\u00bb][\/vc_column][vc_column width=\u00bb1\/3&#8243;]<div class=\"standard-arrow list-divider bullet-top\"><ul>\n<li><strong>C\u00f3digo:<\/strong> DLL24FCC03<\/li>\n<li><strong>Dirigido a: <\/strong>mayores de <strong>18 a\u00f1os, trabajadores\/as asalariados <\/strong>o<strong> aut\u00f3nomos\/as<\/strong> y personas en situaci\u00f3n de paro,<strong> inscritas al SOC<\/strong>.<\/li>\n<li><span class=\"check_content\"><strong>Modalidad: <\/strong>presencial<\/span><\/li>\n<li><strong>Inicio y final: <\/strong>21\/05\/2024 &#8211; 12\/07\/2024<\/li>\n<li><span class=\"fecha check_content\"><strong>Horas lectivas: <\/strong>150 h<\/span><\/li>\n<li><b>Horas pr\u00e1cticas<\/b>: 160 h<\/li>\n<li><strong>Ubicaci\u00f3n<\/strong>: C\/ Pallars 484, Barcelona<\/li>\n<\/ul>\n<\/div>[\/vc_column][vc_column width=\u00bb1\/3&#8243; css=\u00bb.vc_custom_1588864073890{margin-bottom: 20px !important;}\u00bb][vc_cta h2=\u00bb100% subvencionado\u00bb h2_font_container=\u00bbtag:h2|font_size:27|text_align:left|color:%234b4e53&#8243; h2_use_theme_fonts=\u00bbyes\u00bb h4_font_container=\u00bbtag:h2|font_size:20|text_align:left|color:%234b4e53&#8243; txt_align=\u00bbcenter\u00bb shape=\u00bbsquare\u00bb add_button=\u00bbbottom\u00bb btn_title=\u00bbMATRIC\u00daLATE AQU\u00cd\u00bb btn_style=\u00bbclassic\u00bb btn_shape=\u00bbsquare\u00bb btn_color=\u00bbwarning\u00bb btn_size=\u00bblg\u00bb btn_align=\u00bbcenter\u00bb btn_i_icon_fontawesome=\u00bbfas fa-credit-card\u00bb use_custom_fonts_h2=\u00bbtrue\u00bb use_custom_fonts_h4=\u00bbtrue\u00bb btn_button_block=\u00bbtrue\u00bb btn_add_icon=\u00bbtrue\u00bb btn_link=\u00bburl:https%3A%2F%2Fcet10.classlife.education%2Fcet10application.php%3Fgroup%3D1875&#8243;]<\/p>\n<p style=\"text-align: center;\"><span style=\"font-size: 14pt;\">Coste 0 \u20ac<\/span><\/p>\n<p>[\/vc_cta][\/vc_column][\/vc_row][vc_row][vc_column offset=\u00bbvc_hidden-xs\u00bb][vc_separator][\/vc_column][\/vc_row][vc_row type=\u00bbvc_default\u00bb][vc_column][vc_row_inner][vc_column_inner][vc_custom_heading text=\u00bbDescripci\u00f3n\u00bb css=\u00bb.vc_custom_1673881756320{margin-top: -5px !important;margin-bottom: 15px !important;}\u00bb][vc_column_text]El Certificado de profesionalidad de Dinamizaci\u00f3n de Actividades de Ocio y Tiempo Libre, que equivale \u00a0al curso de monitor\/a de actividades de educaci\u00f3n en el ocio infantil y juvenil expedido por la Direcci\u00f3n General de Juventud, prepara al alumnado para intervenir de manera educativa en actividades de ocio infantil y juvenil, capacit\u00e1ndolo para organizar, dinamizar y evaluar actividades de ocio y tiempo libre infantil y juvenil en el marco de la programaci\u00f3n general de una organizaci\u00f3n, mediante la aplicaci\u00f3n de las t\u00e9cnicas espec\u00edficas de animaci\u00f3n grupal, con una incidencia expl\u00edcita en la educaci\u00f3n en valores y con atenci\u00f3n a las medidas b\u00e1sicas de seguridad y prevenci\u00f3n de riesgos.[\/vc_column_text][vc_custom_heading text=\u00bbDirigido a\u00bb css=\u00bb.vc_custom_1678177904744{margin-bottom: 15px !important;}\u00bb]<div class=\"standard-arrow bullet-top\"><div class=\"standard-arrow list-divider bullet-top\">\n<ul>\n<li>Personas mayores de <strong>18 a\u00f1os, trabajadoras asalariadas <\/strong>o<strong> aut\u00f3nomas<\/strong>\u00a0y personas en situaci\u00f3n de paro, <strong>inscritas al SOC<\/strong>.<\/li>\n<li>Durante la inscripci\u00f3n <strong>se tendr\u00e1 que presentar la cabecera de la n\u00f3mina<\/strong>, el <strong>recibo de aut\u00f3nomos<\/strong> o el <strong>documento DARDO<\/strong>, seg\u00fan el caso.<\/li>\n<\/ul>\n<\/div>\n<\/div>[vc_custom_heading text=\u00bbRequisitos de acceso\u00bb css=\u00bb.vc_custom_1673881830047{margin-top: 25px !important;margin-bottom: 15px !important;}\u00bb]<div class=\"standard-arrow bullet-top\"><div class=\"standard-arrow list-divider bullet-top\">\n<p>Para acceder <strong>es necesario cumplir uno de los requisitos<\/strong> siguientes:<\/p>\n<\/div>\n<ul>\n<li>Tener el t\u00edtulo de graduado en educaci\u00f3n secundaria.<\/li>\n<li>Tener un certificado de profesionalidad de nivel 2.<\/li>\n<li>Tener un certificado de profesionalidad de nivel 1 de la misma familia y \u00e1rea profesional que el certificado al cual se quiere acceder.<\/li>\n<li>Cumplir el requisito acad\u00e9mico de acceso a los ciclos formativos de grado medio o bien haber superado las pruebas de acceso correspondientes reguladas por las administraciones educativas.<\/li>\n<li>Tener superada la prueba de acceso a la universidad para mayores de 25 a\u00f1os y\/o de 45 a\u00f1os.<\/li>\n<\/ul>\n<p><em>Si no se puede acreditar ninguno de los requisitos anteriores, ser\u00e1 necesario realizar una prueba de competencias para poder acceder al curso.<\/em><\/p>\n<\/div>[vc_custom_heading text=\u00bbContenidos\u00bb css=\u00bb.vc_custom_1673881860284{margin-top: 31px !important;margin-bottom: 15px !important;}\u00bb]<div class=\"standard-arrow list-divider bullet-top\"><ul>\n<li>M1: MF1866_2 Actividades de educaci\u00f3n en el ocio infantil y juvenil (60 horas)<\/li>\n<li>M2: MF1867_2 Procesos grupales y educativos en el ocio infantil y juvenil (30 horas)<\/li>\n<li>M3: MF1868_2 T\u00e9cnicas y recursos de animaci\u00f3n en actividades de ocio (60 horas)<\/li>\n<li>MP0270: M\u00f3dulo de pr\u00e1cticas profesionales no laborales (160 horas)<\/li>\n<\/ul>\n<\/div>[vc_custom_heading text=\u00bbTitulaci\u00f3n\u00bb css=\u00bb.vc_custom_1673881893035{margin-top: 25px !important;margin-bottom: 15px !important;}\u00bb]<div class=\"standard-arrow list-divider bullet-top\"><p>Una vez realizado y superado todo el proceso formativo, se obtiene una doble titulaci\u00f3n:<\/p>\n<ul>\n<li><strong>Certificado de Profesionalidad,<\/strong> que expide el SOC. Los certificados de profesionalidad son documentos oficiales que acreditan las competencias profesionales y garantizan que la persona que lo obtiene tiene los conocimientos, las habilidades y las aptitudes para desarrollar una actividad laboral.<br \/>\nLos certificados de profesionalidad son v\u00e1lidos en todo el territorio espa\u00f1ol y la normativa europea permite el reconocimiento de las calificaciones profesionales acreditadas en la Uni\u00f3n Europea, de forma que facilitan la movilidad geogr\u00e1fica. Aqu\u00ed puedes ver el <strong><a href=\"https:\/\/serveiocupacio.gencat.cat\/ca\/persones\/vull-formar-me\/certificats-professionalitat\/demanar-lexpedicio-del-certificat-de-professionalitat\/\">procedimiento de solicitud al SOC<\/a><\/strong>.<\/li>\n<li><strong>Carn\u00e9 de Monitor o Monitora de actividades de educaci\u00f3n en el ocio infantil y juvenil,<\/strong> expedido por la Direcci\u00f3n General de Juventud, que tramitar\u00e1 la Escuela de Educadores CET10 como escuela reconocida por la Direcci\u00f3n General de Juventud con el n\u00famero.<\/li>\n<\/ul>\n<\/div>[\/vc_column_inner][\/vc_row_inner][\/vc_column][\/vc_row][vc_row][vc_column css=\u00bb.vc_custom_1678179878189{margin-top: 10px !important;margin-bottom: -10px !important;}\u00bb offset=\u00bbvc_hidden-lg vc_hidden-md vc_hidden-sm\u00bb][vc_cta h2=\u00bb100% subvencionado\u00bb h2_font_container=\u00bbtag:h2|font_size:27|text_align:left|color:%234b4e53&#8243; h2_use_theme_fonts=\u00bbyes\u00bb h4_font_container=\u00bbtag:h2|font_size:20|text_align:left|color:%234b4e53&#8243; txt_align=\u00bbcenter\u00bb shape=\u00bbsquare\u00bb add_button=\u00bbbottom\u00bb btn_title=\u00bbMATRIC\u00daLATE AQU\u00cd\u00bb btn_style=\u00bbclassic\u00bb btn_shape=\u00bbsquare\u00bb btn_color=\u00bbwarning\u00bb btn_size=\u00bblg\u00bb btn_align=\u00bbcenter\u00bb btn_i_icon_fontawesome=\u00bbfas fa-credit-card\u00bb use_custom_fonts_h2=\u00bbtrue\u00bb use_custom_fonts_h4=\u00bbtrue\u00bb btn_button_block=\u00bbtrue\u00bb btn_add_icon=\u00bbtrue\u00bb btn_link=\u00bburl:https%3A%2F%2Fcet10.classlife.education%2Fcet10application.php%3Fgroup%3D1875&#8243;]<\/p>\n<p style=\"text-align: center;\"><span style=\"font-size: 14pt;\">Coste 0 \u20ac<\/span><\/p>\n<p>[\/vc_cta][\/vc_column][\/vc_row][vc_row][vc_column css=\u00bb.vc_custom_1678177926497{margin-top: -5px !important;}\u00bb][vc_custom_heading text=\u00bbCalendario\u00bb css=\u00bb.vc_custom_1673881919252{margin-top: 25px !important;margin-bottom: 15px !important;}\u00bb][vc_column_text css=\u00bb.vc_custom_1689595853474{margin-bottom: -6px !important;}\u00bb]D\u00edas de formaci\u00f3n presencial:[\/vc_column_text][vc_empty_space height=\u00bb20px\u00bb][\/vc_column][\/vc_row][vc_row][vc_column width=\u00bb1\/3&#8243;][vc_single_image image=\u00bb115005&#8243; img_size=\u00bbfull\u00bb][\/vc_column][vc_column width=\u00bb1\/3&#8243;][vc_single_image image=\u00bb114045&#8243; img_size=\u00bbfull\u00bb alignment=\u00bbcenter\u00bb][\/vc_column][vc_column width=\u00bb1\/3&#8243;][vc_single_image image=\u00bb115007&#8243; img_size=\u00bbfull\u00bb alignment=\u00bbcenter\u00bb][\/vc_column][\/vc_row][vc_row type=\u00bbvc_default\u00bb][vc_column offset=\u00bbvc_hidden-xs\u00bb][vc_row_inner][vc_column_inner width=\u00bb1\/2&#8243;][vc_column_text css=\u00bb.vc_custom_1673881943709{margin-bottom: -6px !important;}\u00bb]Subvencionado por:[\/vc_column_text][\/vc_column_inner][vc_column_inner width=\u00bb1\/2&#8243;][vc_column_text css=\u00bb.vc_custom_1673881964077{margin-bottom: -6px !important;}\u00bb]Con el soporte de:[\/vc_column_text][\/vc_column_inner][\/vc_row_inner][vc_row_inner][vc_column_inner width=\u00bb1\/4&#8243;][vc_single_image image=\u00bb70053&#8243; img_size=\u00bb280&#215;147&#8243;][\/vc_column_inner][vc_column_inner width=\u00bb1\/4&#8243;][vc_single_image image=\u00bb90335&#8243; img_size=\u00bb250&#215;69&#8243; css=\u00bb.vc_custom_1703667607410{margin-top: 35px !important;margin-bottom: -20px !important;}\u00bb][\/vc_column_inner][vc_column_inner width=\u00bb1\/4&#8243;][vc_single_image image=\u00bb70055&#8243; img_size=\u00bb250&#215;132&#8243; css=\u00bb.vc_custom_1673454411290{margin-bottom: -20px !important;}\u00bb][\/vc_column_inner][vc_column_inner width=\u00bb1\/4&#8243;][\/vc_column_inner][\/vc_row_inner][\/vc_column][\/vc_row][vc_row type=\u00bbvc_default\u00bb][vc_column offset=\u00bbvc_hidden-lg vc_hidden-md vc_hidden-sm\u00bb css=\u00bb.vc_custom_1678180205165{margin-bottom: 20px !important;}\u00bb][vc_row_inner][vc_column_inner][vc_column_text css=\u00bb.vc_custom_1703672371885{margin-bottom: -6px !important;}\u00bb]Subvencionado por:[\/vc_column_text][vc_single_image image=\u00bb70053&#8243; img_size=\u00bb280&#215;147&#8243;][vc_single_image image=\u00bb90335&#8243; img_size=\u00bbfull\u00bb css=\u00bb.vc_custom_1703667615602{margin-top: -40px !important;margin-bottom: 40px !important;}\u00bb][vc_column_text css=\u00bb.vc_custom_1703672386932{margin-bottom: -6px !important;}\u00bb]Con el soporte de:[\/vc_column_text][vc_single_image image=\u00bb70055&#8243; img_size=\u00bb250&#215;132&#8243; css=\u00bb.vc_custom_1673454411290{margin-bottom: -20px !important;}\u00bb][\/vc_column_inner][\/vc_row_inner][\/vc_column][\/vc_row]<\/p>\n<\/div>","protected":false},"excerpt":{"rendered":"<p>[vc_row][vc_column][vc_column_text css=\u00bb.vc_custom_1703673607429{margin-bottom: 15px !important;}\u00bb el_id=\u00bbtitol\u00bb] SUBVENCIONADO: CP Dinamizaci\u00f3n de Actividades de Ocio Infantil y Juvenil (Monitor\/a de tiempo libre) [\/vc_column_text][vc_separator][\/vc_column][\/vc_row][vc_row][vc_column width=\u00bb1\/3&#8243;][vc_single_image image=\u00bb70342&#8243; img_size=\u00bbfull\u00bb][\/vc_column][vc_column width=\u00bb1\/3&#8243;][\/vc_column][vc_column width=\u00bb1\/3&#8243; css=\u00bb.vc_custom_1588864073890{margin-bottom: 20px !important;}\u00bb][vc_cta h2=\u00bb100% subvencionado\u00bb h2_font_container=\u00bbtag:h2|font_size:27|text_align:left|color:%234b4e53&#8243; h2_use_theme_fonts=\u00bbyes\u00bb h4_font_container=\u00bbtag:h2|font_size:20|text_align:left|color:%234b4e53&#8243; txt_align=\u00bbcenter\u00bb shape=\u00bbsquare\u00bb add_button=\u00bbbottom\u00bb btn_title=\u00bbMATRIC\u00daLATE AQU\u00cd\u00bb btn_style=\u00bbclassic\u00bb btn_shape=\u00bbsquare\u00bb btn_color=\u00bbwarning\u00bb btn_size=\u00bblg\u00bb btn_align=\u00bbcenter\u00bb btn_i_icon_fontawesome=\u00bbfas fa-credit-card\u00bb use_custom_fonts_h2=\u00bbtrue\u00bb use_custom_fonts_h4=\u00bbtrue\u00bb btn_button_block=\u00bbtrue\u00bb btn_add_icon=\u00bbtrue\u00bb btn_link=\u00bburl:https%3A%2F%2Fcet10.classlife.education%2Fcet10application.php%3Fgroup%3D1875&#8243;] Coste 0 \u20ac [\/vc_cta][\/vc_column][\/vc_row][vc_row][vc_column offset=\u00bbvc_hidden-xs\u00bb][vc_separator][\/vc_column][\/vc_row][vc_row&hellip;<\/p>\n","protected":false},"author":4,"featured_media":0,"parent":0,"menu_order":0,"comment_status":"closed","ping_status":"closed","template":"","meta":{"footnotes":""},"class_list":["post-70311","page","type-page","status-publish","hentry","description-off"],"yoast_head":"<!-- This site is optimized with the Yoast SEO plugin v26.8 - https:\/\/yoast.com\/product\/yoast-seo-wordpress\/ -->\n<title>Curs de Monitor\/a de lleure - Centre de Formaci\u00f3 CET10<\/title>\n<meta name=\"description\" content=\"El curs de Monitor\/a de lleure et prepara per a intervenir de manera educativa en activitats de lleure infantil i juvenil. Inscriu-te ara!\" \/>\n<meta name=\"robots\" content=\"index, follow, max-snippet:-1, max-image-preview:large, max-video-preview:-1\" \/>\n<link rel=\"canonical\" href=\"https:\/\/cet10.com\/es\/monitor-de-tiempo-libre-dll24fcc03\/\" \/>\n<meta property=\"og:locale\" content=\"es_ES\" \/>\n<meta property=\"og:type\" content=\"article\" \/>\n<meta property=\"og:title\" content=\"Curs de Monitor\/a de lleure - Centre de Formaci\u00f3 CET10\" \/>\n<meta property=\"og:description\" content=\"El curs de Monitor\/a de lleure et prepara per a intervenir de manera educativa en activitats de lleure infantil i juvenil. Inscriu-te ara!\" \/>\n<meta property=\"og:url\" content=\"https:\/\/cet10.com\/es\/monitor-de-tiempo-libre-dll24fcc03\/\" \/>\n<meta property=\"og:site_name\" content=\"CET10 - Col\u00b7lectiu d&#039;Esports per a Tothom 10\" \/>\n<meta property=\"article:modified_time\" content=\"2024-12-05T11:26:55+00:00\" \/>\n<meta name=\"twitter:card\" content=\"summary_large_image\" \/>\n<meta name=\"twitter:label1\" content=\"Tiempo de lectura\" \/>\n\t<meta name=\"twitter:data1\" content=\"5 minutos\" \/>\n<script type=\"application\/ld+json\" class=\"yoast-schema-graph\">{\"@context\":\"https:\/\/schema.org\",\"@graph\":[{\"@type\":\"WebPage\",\"@id\":\"https:\/\/cet10.com\/es\/monitor-de-tiempo-libre-dll24fcc03\/\",\"url\":\"https:\/\/cet10.com\/es\/monitor-de-tiempo-libre-dll24fcc03\/\",\"name\":\"Curs de Monitor\/a de lleure - Centre de Formaci\u00f3 CET10\",\"isPartOf\":{\"@id\":\"https:\/\/cet10.com\/es\/#website\"},\"datePublished\":\"2023-01-13T11:10:23+00:00\",\"dateModified\":\"2024-12-05T11:26:55+00:00\",\"description\":\"El curs de Monitor\/a de lleure et prepara per a intervenir de manera educativa en activitats de lleure infantil i juvenil. Inscriu-te ara!\",\"breadcrumb\":{\"@id\":\"https:\/\/cet10.com\/es\/monitor-de-tiempo-libre-dll24fcc03\/#breadcrumb\"},\"inLanguage\":\"es\",\"potentialAction\":[{\"@type\":\"ReadAction\",\"target\":[\"https:\/\/cet10.com\/es\/monitor-de-tiempo-libre-dll24fcc03\/\"]}]},{\"@type\":\"BreadcrumbList\",\"@id\":\"https:\/\/cet10.com\/es\/monitor-de-tiempo-libre-dll24fcc03\/#breadcrumb\",\"itemListElement\":[{\"@type\":\"ListItem\",\"position\":1,\"name\":\"Portada\",\"item\":\"https:\/\/cet10.com\/es\/\"},{\"@type\":\"ListItem\",\"position\":2,\"name\":\"SUBVENCIONADO: CP Dinamizaci\u00f3n de Actividades de Ocio Infantil y Juvenil (Monitor\/a de tiempo libre) &#8211; \ufeff\ufeffDLL23FCC03\"}]},{\"@type\":\"WebSite\",\"@id\":\"https:\/\/cet10.com\/es\/#website\",\"url\":\"https:\/\/cet10.com\/es\/\",\"name\":\"CET10 - Col\u00b7lectiu d&#039;Esports per a Tothom 10\",\"description\":\"CET10 Esport per a tothom\",\"publisher\":{\"@id\":\"https:\/\/cet10.com\/es\/#organization\"},\"potentialAction\":[{\"@type\":\"SearchAction\",\"target\":{\"@type\":\"EntryPoint\",\"urlTemplate\":\"https:\/\/cet10.com\/es\/?s={search_term_string}\"},\"query-input\":{\"@type\":\"PropertyValueSpecification\",\"valueRequired\":true,\"valueName\":\"search_term_string\"}}],\"inLanguage\":\"es\"},{\"@type\":\"Organization\",\"@id\":\"https:\/\/cet10.com\/es\/#organization\",\"name\":\"CET10\",\"url\":\"https:\/\/cet10.com\/es\/\",\"logo\":{\"@type\":\"ImageObject\",\"inLanguage\":\"es\",\"@id\":\"https:\/\/cet10.com\/es\/#\/schema\/logo\/image\/\",\"url\":\"https:\/\/cet10.com\/wp-content\/uploads\/sites\/36\/2021\/06\/CET10.png\",\"contentUrl\":\"https:\/\/cet10.com\/wp-content\/uploads\/sites\/36\/2021\/06\/CET10.png\",\"width\":210,\"height\":67,\"caption\":\"CET10\"},\"image\":{\"@id\":\"https:\/\/cet10.com\/es\/#\/schema\/logo\/image\/\"}}]}<\/script>\n<!-- \/ Yoast SEO plugin. -->","yoast_head_json":{"title":"Curs de Monitor\/a de lleure - Centre de Formaci\u00f3 CET10","description":"El curs de Monitor\/a de lleure et prepara per a intervenir de manera educativa en activitats de lleure infantil i juvenil. Inscriu-te ara!","robots":{"index":"index","follow":"follow","max-snippet":"max-snippet:-1","max-image-preview":"max-image-preview:large","max-video-preview":"max-video-preview:-1"},"canonical":"https:\/\/cet10.com\/es\/monitor-de-tiempo-libre-dll24fcc03\/","og_locale":"es_ES","og_type":"article","og_title":"Curs de Monitor\/a de lleure - Centre de Formaci\u00f3 CET10","og_description":"El curs de Monitor\/a de lleure et prepara per a intervenir de manera educativa en activitats de lleure infantil i juvenil. Inscriu-te ara!","og_url":"https:\/\/cet10.com\/es\/monitor-de-tiempo-libre-dll24fcc03\/","og_site_name":"CET10 - Col\u00b7lectiu d&#039;Esports per a Tothom 10","article_modified_time":"2024-12-05T11:26:55+00:00","twitter_card":"summary_large_image","twitter_misc":{"Tiempo de lectura":"5 minutos"},"schema":{"@context":"https:\/\/schema.org","@graph":[{"@type":"WebPage","@id":"https:\/\/cet10.com\/es\/monitor-de-tiempo-libre-dll24fcc03\/","url":"https:\/\/cet10.com\/es\/monitor-de-tiempo-libre-dll24fcc03\/","name":"Curs de Monitor\/a de lleure - Centre de Formaci\u00f3 CET10","isPartOf":{"@id":"https:\/\/cet10.com\/es\/#website"},"datePublished":"2023-01-13T11:10:23+00:00","dateModified":"2024-12-05T11:26:55+00:00","description":"El curs de Monitor\/a de lleure et prepara per a intervenir de manera educativa en activitats de lleure infantil i juvenil. Inscriu-te ara!","breadcrumb":{"@id":"https:\/\/cet10.com\/es\/monitor-de-tiempo-libre-dll24fcc03\/#breadcrumb"},"inLanguage":"es","potentialAction":[{"@type":"ReadAction","target":["https:\/\/cet10.com\/es\/monitor-de-tiempo-libre-dll24fcc03\/"]}]},{"@type":"BreadcrumbList","@id":"https:\/\/cet10.com\/es\/monitor-de-tiempo-libre-dll24fcc03\/#breadcrumb","itemListElement":[{"@type":"ListItem","position":1,"name":"Portada","item":"https:\/\/cet10.com\/es\/"},{"@type":"ListItem","position":2,"name":"SUBVENCIONADO: CP Dinamizaci\u00f3n de Actividades de Ocio Infantil y Juvenil (Monitor\/a de tiempo libre) &#8211; \ufeff\ufeffDLL23FCC03"}]},{"@type":"WebSite","@id":"https:\/\/cet10.com\/es\/#website","url":"https:\/\/cet10.com\/es\/","name":"CET10 - Col\u00b7lectiu d&#039;Esports per a Tothom 10","description":"CET10 Esport per a tothom","publisher":{"@id":"https:\/\/cet10.com\/es\/#organization"},"potentialAction":[{"@type":"SearchAction","target":{"@type":"EntryPoint","urlTemplate":"https:\/\/cet10.com\/es\/?s={search_term_string}"},"query-input":{"@type":"PropertyValueSpecification","valueRequired":true,"valueName":"search_term_string"}}],"inLanguage":"es"},{"@type":"Organization","@id":"https:\/\/cet10.com\/es\/#organization","name":"CET10","url":"https:\/\/cet10.com\/es\/","logo":{"@type":"ImageObject","inLanguage":"es","@id":"https:\/\/cet10.com\/es\/#\/schema\/logo\/image\/","url":"https:\/\/cet10.com\/wp-content\/uploads\/sites\/36\/2021\/06\/CET10.png","contentUrl":"https:\/\/cet10.com\/wp-content\/uploads\/sites\/36\/2021\/06\/CET10.png","width":210,"height":67,"caption":"CET10"},"image":{"@id":"https:\/\/cet10.com\/es\/#\/schema\/logo\/image\/"}}]}},"_links":{"self":[{"href":"https:\/\/cet10.com\/es\/wp-json\/wp\/v2\/pages\/70311","targetHints":{"allow":["GET"]}}],"collection":[{"href":"https:\/\/cet10.com\/es\/wp-json\/wp\/v2\/pages"}],"about":[{"href":"https:\/\/cet10.com\/es\/wp-json\/wp\/v2\/types\/page"}],"author":[{"embeddable":true,"href":"https:\/\/cet10.com\/es\/wp-json\/wp\/v2\/users\/4"}],"replies":[{"embeddable":true,"href":"https:\/\/cet10.com\/es\/wp-json\/wp\/v2\/comments?post=70311"}],"version-history":[{"count":0,"href":"https:\/\/cet10.com\/es\/wp-json\/wp\/v2\/pages\/70311\/revisions"}],"wp:attachment":[{"href":"https:\/\/cet10.com\/es\/wp-json\/wp\/v2\/media?parent=70311"}],"curies":[{"name":"wp","href":"https:\/\/api.w.org\/{rel}","templated":true}]}}