{"id":9182,"date":"2018-11-20T08:45:57","date_gmt":"2018-11-20T08:45:57","guid":{"rendered":"https:\/\/cet10.com\/activitats-nadal\/"},"modified":"2020-03-04T07:31:03","modified_gmt":"2020-03-04T07:31:03","slug":"activitats-nadal","status":"publish","type":"page","link":"https:\/\/cet10.com\/es\/activitats-nadal\/","title":{"rendered":"Navidad 2018"},"content":{"rendered":"<div class=\"wpb-content-wrapper\"><p>[vc_row][vc_column offset=\u00bbvc_hidden-xs\u00bb][vc_empty_space height=\u00bb25px\u00bb][\/vc_column][\/vc_row][vc_row][vc_column]<div id=\"ultimate-heading-977469d6dfb5b35fe\" class=\"uvc-heading ult-adjust-bottom-margin ultimate-heading-977469d6dfb5b35fe uvc-7676  uvc-heading-default-font-sizes\" data-hspacer=\"no_spacer\"  data-halign=\"left\" style=\"text-align:left\"><div class=\"uvc-heading-spacer no_spacer\" style=\"top\"><\/div><div class=\"uvc-main-heading ult-responsive\"  data-ultimate-target='.uvc-heading.ultimate-heading-977469d6dfb5b35fe h1'  data-responsive-json-new='{\"font-size\":\"\",\"line-height\":\"\"}' ><h1 style=\"--font-weight:theme;\">Actividades de Navidad<\/h1><\/div><\/div>[vc_separator][\/vc_column][\/vc_row][vc_row][vc_column width=\u00bb2\/3&#8243;][vc_column_text]<strong>Esta Navidad, \u00a1prep\u00e1rate para la diversi\u00f3n del 24 de diciembre al 4 de enero!<\/strong><\/p>\n<p>Actividades de navidad: desde CET10 os presentamos la nueva campa\u00f1a de invierno 2018, donde todos los ni\u00f1os, ni\u00f1as y j\u00f3venes tienen sitio y podr\u00e1n vivir una navidad llena de deporte y ocio educativo: casales y campus deportivos llenos de sorpresas ;)[\/vc_column_text][vc_btn title=\u00bb\u00a1INSCRIPCIONES ONLINE ABIERTAS! Ap\u00fantate a nuestros campus y casales aqu\u00ed\u00bb style=\u00bbclassic\u00bb color=\u00bbinfo\u00bb align=\u00bbleft\u00bb i_icon_fontawesome=\u00bbfa fa-credit-card\u00bb button_block=\u00bbtrue\u00bb add_icon=\u00bbtrue\u00bb link=\u00bburl:https%3A%2F%2Fusuaris.fundaciocet10.org%2Fdeporweb%2F||target:%20_blank|\u00bb css=\u00bb.vc_custom_1542969975257{margin-top: -5px !important;margin-bottom: 5px !important;}\u00bb][vc_empty_space height=\u00bb15px\u00bb][vc_column_text]Inscripciones abiertas a partir del 24\/11. Si tienes cualquier duda ll\u00e1manos al 93 278 31 35 o env\u00edanos un correo a\u00a0<a href=\"mailto:info@cet10.com\">info@cet10.com<\/a><u><\/u>[\/vc_column_text]<div id=\"ultimate-heading-208669d6dfb5b365d\" class=\"uvc-heading ult-adjust-bottom-margin ultimate-heading-208669d6dfb5b365d uvc-141  uvc-heading-default-font-sizes\" data-hspacer=\"no_spacer\"  data-halign=\"left\" style=\"text-align:left\"><div class=\"uvc-heading-spacer no_spacer\" style=\"top\"><\/div><div class=\"uvc-main-heading ult-responsive\"  data-ultimate-target='.uvc-heading.ultimate-heading-208669d6dfb5b365d h2'  data-responsive-json-new='{\"font-size\":\"\",\"line-height\":\"\"}' ><h2 style=\"--font-weight:theme;\">Escoge tu Casal o Campus de Navidad<\/h2><\/div><\/div>[vc_row_inner][vc_column_inner][vc_empty_space height=\u00bb15px\u00bb][vc_column_text]<a target=\"_blank\" href=\"https:\/\/cet10.com\/wp-content\/uploads\/sites\/36\/2018\/11\/flyer_campus-bac-de-roda-ok.pdf\" rel=\"noopener noreferrer\">Campus de invierno 2018 &#8211; CEM Bac de Roda<\/a><\/p>\n<p><a href=\"https:\/\/cet10.com\/campus-futsal-nadal-2018\/\">Campus Futsal Total de Navidad &#8211;\u00a0 CEM Pista La Palmera<\/a>[\/vc_column_text][\/vc_column_inner][\/vc_row_inner][\/vc_column][vc_column width=\u00bb1\/3&#8243;][vc_single_image image=\u00bb9115&#8243; img_size=\u00bblarge\u00bb alignment=\u00bbright\u00bb onclick=\u00bbcustom_link\u00bb img_link_target=\u00bb_blank\u00bb link=\u00bbhttps:\/\/usuaris.fundaciocet10.org\/deporweb\/\u00bb][\/vc_column][\/vc_row][vc_row][vc_column]<div id=\"ultimate-heading-78869d6dfb5b3696\" class=\"uvc-heading ult-adjust-bottom-margin ultimate-heading-78869d6dfb5b3696 uvc-9934  uvc-heading-default-font-sizes\" data-hspacer=\"no_spacer\"  data-halign=\"left\" style=\"text-align:left\"><div class=\"uvc-heading-spacer no_spacer\" style=\"top\"><\/div><div class=\"uvc-main-heading ult-responsive\"  data-ultimate-target='.uvc-heading.ultimate-heading-78869d6dfb5b3696 h2'  data-responsive-json-new='{\"font-size\":\"\",\"line-height\":\"\"}' ><h2 style=\"--font-weight:theme;\">Aviso importante: documentaci\u00f3n obligatoria requerida<\/h2><\/div><\/div>[vc_empty_space height=\u00bb15px\u00bb][vc_column_text]Es necesario leer, rellenar y entregar cumplimentada toda la documentaci\u00f3n siguiente para poder realizar cualquier campus o casal:[\/vc_column_text][vc_row_inner][vc_column_inner width=\u00bb1\/2&#8243;][vc_column_text]<img decoding=\"async\" class=\"alignnone wp-image-3972 size-full\" style=\"margin-top: 0px; margin-bottom: 0px;\" src=\"https:\/\/cet10.com\/wp-content\/uploads\/sites\/36\/2018\/05\/pdf.png\" alt=\"PDF\" width=\"12\" height=\"12\" \/>\u00a0<a target=\"_blank\" href=\"https:\/\/cet10.com\/wp-content\/uploads\/sites\/36\/2018\/11\/Llistat-DOCUMENTACI\u00d3-OBLIGAT\u00d2RIA-fam\u00edlies-CAMPUS.pdf\" rel=\"noopener noreferrer\">Listado documentaci\u00f3n obligatoria &#8211; CAMPUS<\/a>[\/vc_column_text][\/vc_column_inner][vc_column_inner width=\u00bb1\/2&#8243;][vc_column_text]<img decoding=\"async\" class=\"alignnone wp-image-3972 size-full\" style=\"margin-top: 0px; margin-bottom: 0px;\" src=\"https:\/\/cet10.com\/wp-content\/uploads\/sites\/36\/2018\/05\/pdf.png\" alt=\"PDF\" width=\"12\" height=\"12\" \/>\u00a0<a target=\"_blank\" href=\"https:\/\/cet10.com\/wp-content\/uploads\/sites\/36\/2018\/11\/DRETS-IMATGE-novembre-18.pdf\" rel=\"noopener noreferrer\">Cesi\u00f3n Derechos de Imagen<\/a><br \/>\n<img decoding=\"async\" class=\"alignnone wp-image-3972 size-full\" style=\"margin-top: 0px; margin-bottom: 0px;\" src=\"https:\/\/cet10.com\/wp-content\/uploads\/sites\/36\/2018\/05\/pdf.png\" alt=\"PDF\" width=\"12\" height=\"12\" \/>\u00a0<a target=\"_blank\" href=\"https:\/\/cet10.com\/wp-content\/uploads\/sites\/36\/2018\/11\/FITXA-DE-SALUT-novembre-18.pdf\" rel=\"noopener noreferrer\">Ficha de Salud<\/a><br \/>\n<img decoding=\"async\" class=\"alignnone wp-image-3972 size-full\" style=\"margin-top: 0px; margin-bottom: 0px;\" src=\"https:\/\/cet10.com\/wp-content\/uploads\/sites\/36\/2018\/05\/pdf.png\" alt=\"PDF\" width=\"12\" height=\"12\" \/>\u00a0<a target=\"_blank\" href=\"https:\/\/cet10.com\/wp-content\/uploads\/sites\/36\/2018\/11\/Autoritzaci\u00f3-CAMPUS-SORTIDES-i-M\u00c8DICA-novembre-18.pdf\" rel=\"noopener noreferrer\">Autorizaci\u00f3n CAMPUS Salidas y Atenci\u00f3n M\u00e9dica<\/a>[\/vc_column_text][\/vc_column_inner][\/vc_row_inner][vc_row_inner][vc_column_inner][\/vc_column_inner][\/vc_row_inner][\/vc_column][\/vc_row]<\/p>\n<\/div>","protected":false},"excerpt":{"rendered":"<p>[vc_row][vc_column offset=\u00bbvc_hidden-xs\u00bb][vc_empty_space height=\u00bb25px\u00bb][\/vc_column][\/vc_row][vc_row][vc_column][vc_separator][\/vc_column][\/vc_row][vc_row][vc_column width=\u00bb2\/3&#8243;][vc_column_text]Esta Navidad, \u00a1prep\u00e1rate para la diversi\u00f3n del 24 de diciembre al 4 de enero! Actividades de navidad: desde CET10 os presentamos la nueva campa\u00f1a de invierno 2018, donde todos los ni\u00f1os, ni\u00f1as y j\u00f3venes tienen sitio y podr\u00e1n vivir una navidad llena de deporte y ocio educativo: casales y campus deportivos llenos&hellip;<\/p>\n","protected":false},"author":4,"featured_media":0,"parent":0,"menu_order":0,"comment_status":"closed","ping_status":"closed","template":"","meta":{"footnotes":""},"class_list":["post-9182","page","type-page","status-publish","hentry","description-off"],"yoast_head":"<!-- This site is optimized with the Yoast SEO plugin v26.8 - https:\/\/yoast.com\/product\/yoast-seo-wordpress\/ -->\n<title>Actividades de Navidad - Campus y casales para todos - CET10<\/title>\n<meta name=\"description\" content=\"Actividades de Navidad: En CET10 todos y todas podr\u00e1n vivir un invierno lleno de deporte y ocio educativo con nuestros casales y campus\" \/>\n<meta name=\"robots\" content=\"noindex, nofollow\" \/>\n<meta property=\"og:locale\" content=\"es_ES\" \/>\n<meta property=\"og:type\" content=\"article\" \/>\n<meta property=\"og:title\" content=\"Actividades de Navidad - Campus y casales para todos - CET10\" \/>\n<meta property=\"og:description\" content=\"Actividades de Navidad: En CET10 todos y todas podr\u00e1n vivir un invierno lleno de deporte y ocio educativo con nuestros casales y campus\" \/>\n<meta property=\"og:url\" content=\"https:\/\/cet10.com\/es\/activitats-nadal\/\" \/>\n<meta property=\"og:site_name\" content=\"CET10 - Col\u00b7lectiu d&#039;Esports per a Tothom 10\" \/>\n<meta property=\"article:modified_time\" content=\"2020-03-04T07:31:03+00:00\" \/>\n<meta property=\"og:image\" content=\"https:\/\/cet10.com\/wp-content\/uploads\/sites\/36\/2018\/05\/pdf.png\" \/>\n<meta name=\"twitter:card\" content=\"summary_large_image\" \/>\n<meta name=\"twitter:label1\" content=\"Tiempo de lectura\" \/>\n\t<meta name=\"twitter:data1\" content=\"2 minutos\" \/>\n<script type=\"application\/ld+json\" class=\"yoast-schema-graph\">{\"@context\":\"https:\/\/schema.org\",\"@graph\":[{\"@type\":\"WebPage\",\"@id\":\"https:\/\/cet10.com\/es\/activitats-nadal\/\",\"url\":\"https:\/\/cet10.com\/es\/activitats-nadal\/\",\"name\":\"Actividades de Navidad - Campus y casales para todos - CET10\",\"isPartOf\":{\"@id\":\"https:\/\/cet10.com\/es\/#website\"},\"primaryImageOfPage\":{\"@id\":\"https:\/\/cet10.com\/es\/activitats-nadal\/#primaryimage\"},\"image\":{\"@id\":\"https:\/\/cet10.com\/es\/activitats-nadal\/#primaryimage\"},\"thumbnailUrl\":\"https:\/\/cet10.com\/wp-content\/uploads\/sites\/36\/2018\/05\/pdf.png\",\"datePublished\":\"2018-11-20T08:45:57+00:00\",\"dateModified\":\"2020-03-04T07:31:03+00:00\",\"description\":\"Actividades de Navidad: En CET10 todos y todas podr\u00e1n vivir un invierno lleno de deporte y ocio educativo con nuestros casales y campus\",\"breadcrumb\":{\"@id\":\"https:\/\/cet10.com\/es\/activitats-nadal\/#breadcrumb\"},\"inLanguage\":\"es\",\"potentialAction\":[{\"@type\":\"ReadAction\",\"target\":[\"https:\/\/cet10.com\/es\/activitats-nadal\/\"]}]},{\"@type\":\"ImageObject\",\"inLanguage\":\"es\",\"@id\":\"https:\/\/cet10.com\/es\/activitats-nadal\/#primaryimage\",\"url\":\"https:\/\/cet10.com\/wp-content\/uploads\/sites\/36\/2018\/05\/pdf.png\",\"contentUrl\":\"https:\/\/cet10.com\/wp-content\/uploads\/sites\/36\/2018\/05\/pdf.png\"},{\"@type\":\"BreadcrumbList\",\"@id\":\"https:\/\/cet10.com\/es\/activitats-nadal\/#breadcrumb\",\"itemListElement\":[{\"@type\":\"ListItem\",\"position\":1,\"name\":\"Portada\",\"item\":\"https:\/\/cet10.com\/es\/\"},{\"@type\":\"ListItem\",\"position\":2,\"name\":\"Navidad 2018\"}]},{\"@type\":\"WebSite\",\"@id\":\"https:\/\/cet10.com\/es\/#website\",\"url\":\"https:\/\/cet10.com\/es\/\",\"name\":\"CET10 - Col\u00b7lectiu d&#039;Esports per a Tothom 10\",\"description\":\"CET10 Esport per a tothom\",\"publisher\":{\"@id\":\"https:\/\/cet10.com\/es\/#organization\"},\"potentialAction\":[{\"@type\":\"SearchAction\",\"target\":{\"@type\":\"EntryPoint\",\"urlTemplate\":\"https:\/\/cet10.com\/es\/?s={search_term_string}\"},\"query-input\":{\"@type\":\"PropertyValueSpecification\",\"valueRequired\":true,\"valueName\":\"search_term_string\"}}],\"inLanguage\":\"es\"},{\"@type\":\"Organization\",\"@id\":\"https:\/\/cet10.com\/es\/#organization\",\"name\":\"CET10\",\"url\":\"https:\/\/cet10.com\/es\/\",\"logo\":{\"@type\":\"ImageObject\",\"inLanguage\":\"es\",\"@id\":\"https:\/\/cet10.com\/es\/#\/schema\/logo\/image\/\",\"url\":\"https:\/\/cet10.com\/wp-content\/uploads\/sites\/36\/2021\/06\/CET10.png\",\"contentUrl\":\"https:\/\/cet10.com\/wp-content\/uploads\/sites\/36\/2021\/06\/CET10.png\",\"width\":210,\"height\":67,\"caption\":\"CET10\"},\"image\":{\"@id\":\"https:\/\/cet10.com\/es\/#\/schema\/logo\/image\/\"}}]}<\/script>\n<!-- \/ Yoast SEO plugin. -->","yoast_head_json":{"title":"Actividades de Navidad - Campus y casales para todos - CET10","description":"Actividades de Navidad: En CET10 todos y todas podr\u00e1n vivir un invierno lleno de deporte y ocio educativo con nuestros casales y campus","robots":{"index":"noindex","follow":"nofollow"},"og_locale":"es_ES","og_type":"article","og_title":"Actividades de Navidad - Campus y casales para todos - CET10","og_description":"Actividades de Navidad: En CET10 todos y todas podr\u00e1n vivir un invierno lleno de deporte y ocio educativo con nuestros casales y campus","og_url":"https:\/\/cet10.com\/es\/activitats-nadal\/","og_site_name":"CET10 - Col\u00b7lectiu d&#039;Esports per a Tothom 10","article_modified_time":"2020-03-04T07:31:03+00:00","og_image":[{"url":"https:\/\/cet10.com\/wp-content\/uploads\/sites\/36\/2018\/05\/pdf.png","type":"","width":"","height":""}],"twitter_card":"summary_large_image","twitter_misc":{"Tiempo de lectura":"2 minutos"},"schema":{"@context":"https:\/\/schema.org","@graph":[{"@type":"WebPage","@id":"https:\/\/cet10.com\/es\/activitats-nadal\/","url":"https:\/\/cet10.com\/es\/activitats-nadal\/","name":"Actividades de Navidad - Campus y casales para todos - CET10","isPartOf":{"@id":"https:\/\/cet10.com\/es\/#website"},"primaryImageOfPage":{"@id":"https:\/\/cet10.com\/es\/activitats-nadal\/#primaryimage"},"image":{"@id":"https:\/\/cet10.com\/es\/activitats-nadal\/#primaryimage"},"thumbnailUrl":"https:\/\/cet10.com\/wp-content\/uploads\/sites\/36\/2018\/05\/pdf.png","datePublished":"2018-11-20T08:45:57+00:00","dateModified":"2020-03-04T07:31:03+00:00","description":"Actividades de Navidad: En CET10 todos y todas podr\u00e1n vivir un invierno lleno de deporte y ocio educativo con nuestros casales y campus","breadcrumb":{"@id":"https:\/\/cet10.com\/es\/activitats-nadal\/#breadcrumb"},"inLanguage":"es","potentialAction":[{"@type":"ReadAction","target":["https:\/\/cet10.com\/es\/activitats-nadal\/"]}]},{"@type":"ImageObject","inLanguage":"es","@id":"https:\/\/cet10.com\/es\/activitats-nadal\/#primaryimage","url":"https:\/\/cet10.com\/wp-content\/uploads\/sites\/36\/2018\/05\/pdf.png","contentUrl":"https:\/\/cet10.com\/wp-content\/uploads\/sites\/36\/2018\/05\/pdf.png"},{"@type":"BreadcrumbList","@id":"https:\/\/cet10.com\/es\/activitats-nadal\/#breadcrumb","itemListElement":[{"@type":"ListItem","position":1,"name":"Portada","item":"https:\/\/cet10.com\/es\/"},{"@type":"ListItem","position":2,"name":"Navidad 2018"}]},{"@type":"WebSite","@id":"https:\/\/cet10.com\/es\/#website","url":"https:\/\/cet10.com\/es\/","name":"CET10 - Col\u00b7lectiu d&#039;Esports per a Tothom 10","description":"CET10 Esport per a tothom","publisher":{"@id":"https:\/\/cet10.com\/es\/#organization"},"potentialAction":[{"@type":"SearchAction","target":{"@type":"EntryPoint","urlTemplate":"https:\/\/cet10.com\/es\/?s={search_term_string}"},"query-input":{"@type":"PropertyValueSpecification","valueRequired":true,"valueName":"search_term_string"}}],"inLanguage":"es"},{"@type":"Organization","@id":"https:\/\/cet10.com\/es\/#organization","name":"CET10","url":"https:\/\/cet10.com\/es\/","logo":{"@type":"ImageObject","inLanguage":"es","@id":"https:\/\/cet10.com\/es\/#\/schema\/logo\/image\/","url":"https:\/\/cet10.com\/wp-content\/uploads\/sites\/36\/2021\/06\/CET10.png","contentUrl":"https:\/\/cet10.com\/wp-content\/uploads\/sites\/36\/2021\/06\/CET10.png","width":210,"height":67,"caption":"CET10"},"image":{"@id":"https:\/\/cet10.com\/es\/#\/schema\/logo\/image\/"}}]}},"_links":{"self":[{"href":"https:\/\/cet10.com\/es\/wp-json\/wp\/v2\/pages\/9182","targetHints":{"allow":["GET"]}}],"collection":[{"href":"https:\/\/cet10.com\/es\/wp-json\/wp\/v2\/pages"}],"about":[{"href":"https:\/\/cet10.com\/es\/wp-json\/wp\/v2\/types\/page"}],"author":[{"embeddable":true,"href":"https:\/\/cet10.com\/es\/wp-json\/wp\/v2\/users\/4"}],"replies":[{"embeddable":true,"href":"https:\/\/cet10.com\/es\/wp-json\/wp\/v2\/comments?post=9182"}],"version-history":[{"count":0,"href":"https:\/\/cet10.com\/es\/wp-json\/wp\/v2\/pages\/9182\/revisions"}],"wp:attachment":[{"href":"https:\/\/cet10.com\/es\/wp-json\/wp\/v2\/media?parent=9182"}],"curies":[{"name":"wp","href":"https:\/\/api.w.org\/{rel}","templated":true}]}}